{"id":6525,"date":"2022-04-26T09:26:20","date_gmt":"2022-04-26T09:26:20","guid":{"rendered":"https:\/\/proventuss.eu\/produkt\/6525\/"},"modified":"2022-04-26T09:26:20","modified_gmt":"2022-04-26T09:26:20","slug":"6525","status":"publish","type":"product","link":"https:\/\/proventuss.eu\/cs\/produkt\/6525\/","title":{"rendered":""},"content":{"rendered":"<p><strong>HYDROIZOLA\u010cN\u00cd F\u00d3LIE PREPRUFE\u00ae JE F\u00d3LIE Z MODIFIKOVAN\u00c9HO HDPE<\/strong> pokryt\u00e1 na jedn\u00e9 stran\u011b lepidlem citliv\u00fdm na tlak, kter\u00e9 se integr\u00e1ln\u011b spoj\u00ed s vylit\u00fdm struktur\u00e1ln\u00edm betonem. Tento unik\u00e1tn\u00ed integr\u00e1ln\u00ed spoj je speci\u00e1ln\u011b vyvinut pro prevenci vniknutn\u00ed nebo migrace vody kolem konstrukce hydrostatick\u00fdm tlakem nebo kontaminaci spodn\u00ed vody.<\/p>\n<p>V\u00ddHODY:<br \/>\n\u2022 Roz\u0161\u00ed\u0159en\u00e1 doba expozice &#8211; m\u016f\u017ee b\u00fdt vystaven prost\u0159ed\u00ed a\u017e 40 dn\u00ed po aplikaci a p\u0159ed nanesen\u00edm betonu bez \u0161kodliv\u00e9ho \u00fa\u010dinku<br \/>\n\u2022 Poskytuje \u00fa\u010dinnou izolaci od vody, vlhkosti, radonu a methanu<br \/>\n\u2022 Skv\u011bl\u00e1 chemick\u00e1 odolnost v\u016f\u010di soli, sulf\u00e1t\u016fm a chlorid\u016fm<br \/>\n\u2022 Odol\u00e1v\u00e1 postrann\u00edmu toku vody p\u0159i extr\u00e9mn\u011b vysok\u00fdch tlac\u00edch a\u017e do tlaku 70 m vodn\u00edho sloupce<br \/>\n\u2022 Samo-ochrann\u00fd: nen\u00ed pot\u0159eba \u017e\u00e1dn\u00e9ho pot\u011bru ani ochrann\u00e9 vrstvy po instalaci f\u00f3lie a p\u0159ed vylit\u00edm betonu<br \/>\n\u2022 CE zna\u010dka amezin\u00e1rodn\u00ed certifik\u00e1ty v\u010detn\u011b BBA, IBDiM, COBR, EOTA, ICITE, CSTB\u201d<\/p>\n<p>Syst\u00e9m Preprufe\u00ae pro rychlou a snadnou aplikaci ve v\u0161ech ro\u010dn\u00edch obdob\u00edch a klimatick\u00fdch podm\u00ednk\u00e1ch sni\u017euje riziko chyb a z\u00e1rove\u0148 \u0161et\u0159\u00ed \u010das a mzdov\u00e9 n\u00e1klady.<\/p>\n","protected":false},"excerpt":{"rendered":"<p>HYDROIZOLA\u010cN\u00cd F\u00d3LIE PREPRUFE\u00ae JE F\u00d3LIE Z MODIFIKOVAN\u00c9HO HDPE pokryt\u00e1 na jedn\u00e9 stran\u011b lepidlem citliv\u00fdm na tlak, kter\u00e9 se integr\u00e1ln\u011b spoj\u00ed s vylit\u00fdm struktur\u00e1ln\u00edm betonem. Tento unik\u00e1tn\u00ed integr\u00e1ln\u00ed spoj je speci\u00e1ln\u011b vyvinut pro prevenci vniknutn\u00ed nebo migrace vody kolem konstrukce hydrostatick\u00fdm tlakem nebo kontaminaci spodn\u00ed vody. V\u00ddHODY: \u2022 Roz\u0161\u00ed\u0159en\u00e1 doba expozice &#8211; m\u016f\u017ee b\u00fdt vystaven prost\u0159ed\u00ed [&hellip;]<\/p>\n","protected":false},"featured_media":12573,"comment_status":"open","ping_status":"closed","template":"","meta":{"_acf_changed":false},"product_cat":[15],"product_tag":[],"acf":[],"yoast_head":"<!-- This site is optimized with the Yoast SEO plugin v22.9 - https:\/\/yoast.com\/wordpress\/plugins\/seo\/ -->\n<title>- Proventuss<\/title>\n<meta name=\"robots\" content=\"index, follow, max-snippet:-1, max-image-preview:large, max-video-preview:-1\" \/>\n<link rel=\"canonical\" href=\"https:\/\/proventuss.eu\/cs\/produkt\/6525\/\" \/>\n<meta property=\"og:locale\" content=\"cs_CZ\" \/>\n<meta property=\"og:type\" content=\"article\" \/>\n<meta property=\"og:title\" content=\"- Proventuss\" \/>\n<meta property=\"og:description\" content=\"HYDROIZOLA\u010cN\u00cd F\u00d3LIE PREPRUFE\u00ae JE F\u00d3LIE Z MODIFIKOVAN\u00c9HO HDPE pokryt\u00e1 na jedn\u00e9 stran\u011b lepidlem citliv\u00fdm na tlak, kter\u00e9 se integr\u00e1ln\u011b spoj\u00ed s vylit\u00fdm struktur\u00e1ln\u00edm betonem. Tento unik\u00e1tn\u00ed integr\u00e1ln\u00ed spoj je speci\u00e1ln\u011b vyvinut pro prevenci vniknutn\u00ed nebo migrace vody kolem konstrukce hydrostatick\u00fdm tlakem nebo kontaminaci spodn\u00ed vody. V\u00ddHODY: \u2022 Roz\u0161\u00ed\u0159en\u00e1 doba expozice &#8211; m\u016f\u017ee b\u00fdt vystaven prost\u0159ed\u00ed [&hellip;]\" \/>\n<meta property=\"og:url\" content=\"https:\/\/proventuss.eu\/cs\/produkt\/6525\/\" \/>\n<meta property=\"og:site_name\" content=\"Proventuss\" \/>\n<meta property=\"og:image\" content=\"https:\/\/proventuss.eu\/wp-content\/uploads\/2022\/04\/hydro-preprufe.jpg\" \/>\n\t<meta property=\"og:image:width\" content=\"1024\" \/>\n\t<meta property=\"og:image:height\" content=\"683\" \/>\n\t<meta property=\"og:image:type\" content=\"image\/jpeg\" \/>\n<meta name=\"twitter:card\" content=\"summary_large_image\" \/>\n<meta name=\"twitter:label1\" content=\"Odhadovan\u00e1 doba \u010dten\u00ed\" \/>\n\t<meta name=\"twitter:data1\" content=\"1 minuta\" \/>\n<script type=\"application\/ld+json\" class=\"yoast-schema-graph\">{\"@context\":\"https:\/\/schema.org\",\"@graph\":[{\"@type\":\"WebPage\",\"@id\":\"https:\/\/proventuss.eu\/cs\/produkt\/6525\/\",\"url\":\"https:\/\/proventuss.eu\/cs\/produkt\/6525\/\",\"name\":\"- Proventuss\",\"isPartOf\":{\"@id\":\"https:\/\/proventuss.eu\/#website\"},\"primaryImageOfPage\":{\"@id\":\"https:\/\/proventuss.eu\/cs\/produkt\/6525\/#primaryimage\"},\"image\":{\"@id\":\"https:\/\/proventuss.eu\/cs\/produkt\/6525\/#primaryimage\"},\"thumbnailUrl\":\"https:\/\/proventuss.eu\/wp-content\/uploads\/2022\/04\/SystemPreprufeFoliaHDPE--scaled.jpg\",\"datePublished\":\"2022-04-26T09:26:20+00:00\",\"dateModified\":\"2022-04-26T09:26:20+00:00\",\"breadcrumb\":{\"@id\":\"https:\/\/proventuss.eu\/cs\/produkt\/6525\/#breadcrumb\"},\"inLanguage\":\"cs\",\"potentialAction\":[{\"@type\":\"ReadAction\",\"target\":[\"https:\/\/proventuss.eu\/cs\/produkt\/6525\/\"]}]},{\"@type\":\"ImageObject\",\"inLanguage\":\"cs\",\"@id\":\"https:\/\/proventuss.eu\/cs\/produkt\/6525\/#primaryimage\",\"url\":\"https:\/\/proventuss.eu\/wp-content\/uploads\/2022\/04\/SystemPreprufeFoliaHDPE--scaled.jpg\",\"contentUrl\":\"https:\/\/proventuss.eu\/wp-content\/uploads\/2022\/04\/SystemPreprufeFoliaHDPE--scaled.jpg\",\"width\":2560,\"height\":1920},{\"@type\":\"BreadcrumbList\",\"@id\":\"https:\/\/proventuss.eu\/cs\/produkt\/6525\/#breadcrumb\",\"itemListElement\":[{\"@type\":\"ListItem\",\"position\":1,\"name\":\"Home\",\"item\":\"https:\/\/proventuss.eu\/\"},{\"@type\":\"ListItem\",\"position\":2,\"name\":\"Produkty\",\"item\":\"https:\/\/proventuss.eu\/produkty\/\"}]},{\"@type\":\"WebSite\",\"@id\":\"https:\/\/proventuss.eu\/#website\",\"url\":\"https:\/\/proventuss.eu\/\",\"name\":\"Proventuss\",\"description\":\"\",\"potentialAction\":[{\"@type\":\"SearchAction\",\"target\":{\"@type\":\"EntryPoint\",\"urlTemplate\":\"https:\/\/proventuss.eu\/?s={search_term_string}\"},\"query-input\":\"required name=search_term_string\"}],\"inLanguage\":\"cs\"}]}<\/script>\n<!-- \/ Yoast SEO plugin. -->","yoast_head_json":{"title":"- Proventuss","robots":{"index":"index","follow":"follow","max-snippet":"max-snippet:-1","max-image-preview":"max-image-preview:large","max-video-preview":"max-video-preview:-1"},"canonical":"https:\/\/proventuss.eu\/cs\/produkt\/6525\/","og_locale":"cs_CZ","og_type":"article","og_title":"- Proventuss","og_description":"HYDROIZOLA\u010cN\u00cd F\u00d3LIE PREPRUFE\u00ae JE F\u00d3LIE Z MODIFIKOVAN\u00c9HO HDPE pokryt\u00e1 na jedn\u00e9 stran\u011b lepidlem citliv\u00fdm na tlak, kter\u00e9 se integr\u00e1ln\u011b spoj\u00ed s vylit\u00fdm struktur\u00e1ln\u00edm betonem. Tento unik\u00e1tn\u00ed integr\u00e1ln\u00ed spoj je speci\u00e1ln\u011b vyvinut pro prevenci vniknutn\u00ed nebo migrace vody kolem konstrukce hydrostatick\u00fdm tlakem nebo kontaminaci spodn\u00ed vody. V\u00ddHODY: \u2022 Roz\u0161\u00ed\u0159en\u00e1 doba expozice &#8211; m\u016f\u017ee b\u00fdt vystaven prost\u0159ed\u00ed [&hellip;]","og_url":"https:\/\/proventuss.eu\/cs\/produkt\/6525\/","og_site_name":"Proventuss","og_image":[{"width":1024,"height":683,"url":"https:\/\/proventuss.eu\/wp-content\/uploads\/2022\/04\/hydro-preprufe.jpg","type":"image\/jpeg"}],"twitter_card":"summary_large_image","twitter_misc":{"Odhadovan\u00e1 doba \u010dten\u00ed":"1 minuta"},"schema":{"@context":"https:\/\/schema.org","@graph":[{"@type":"WebPage","@id":"https:\/\/proventuss.eu\/cs\/produkt\/6525\/","url":"https:\/\/proventuss.eu\/cs\/produkt\/6525\/","name":"- Proventuss","isPartOf":{"@id":"https:\/\/proventuss.eu\/#website"},"primaryImageOfPage":{"@id":"https:\/\/proventuss.eu\/cs\/produkt\/6525\/#primaryimage"},"image":{"@id":"https:\/\/proventuss.eu\/cs\/produkt\/6525\/#primaryimage"},"thumbnailUrl":"https:\/\/proventuss.eu\/wp-content\/uploads\/2022\/04\/SystemPreprufeFoliaHDPE--scaled.jpg","datePublished":"2022-04-26T09:26:20+00:00","dateModified":"2022-04-26T09:26:20+00:00","breadcrumb":{"@id":"https:\/\/proventuss.eu\/cs\/produkt\/6525\/#breadcrumb"},"inLanguage":"cs","potentialAction":[{"@type":"ReadAction","target":["https:\/\/proventuss.eu\/cs\/produkt\/6525\/"]}]},{"@type":"ImageObject","inLanguage":"cs","@id":"https:\/\/proventuss.eu\/cs\/produkt\/6525\/#primaryimage","url":"https:\/\/proventuss.eu\/wp-content\/uploads\/2022\/04\/SystemPreprufeFoliaHDPE--scaled.jpg","contentUrl":"https:\/\/proventuss.eu\/wp-content\/uploads\/2022\/04\/SystemPreprufeFoliaHDPE--scaled.jpg","width":2560,"height":1920},{"@type":"BreadcrumbList","@id":"https:\/\/proventuss.eu\/cs\/produkt\/6525\/#breadcrumb","itemListElement":[{"@type":"ListItem","position":1,"name":"Home","item":"https:\/\/proventuss.eu\/"},{"@type":"ListItem","position":2,"name":"Produkty","item":"https:\/\/proventuss.eu\/produkty\/"}]},{"@type":"WebSite","@id":"https:\/\/proventuss.eu\/#website","url":"https:\/\/proventuss.eu\/","name":"Proventuss","description":"","potentialAction":[{"@type":"SearchAction","target":{"@type":"EntryPoint","urlTemplate":"https:\/\/proventuss.eu\/?s={search_term_string}"},"query-input":"required name=search_term_string"}],"inLanguage":"cs"}]}},"_links":{"self":[{"href":"https:\/\/proventuss.eu\/cs\/wp-json\/wp\/v2\/product\/6525"}],"collection":[{"href":"https:\/\/proventuss.eu\/cs\/wp-json\/wp\/v2\/product"}],"about":[{"href":"https:\/\/proventuss.eu\/cs\/wp-json\/wp\/v2\/types\/product"}],"replies":[{"embeddable":true,"href":"https:\/\/proventuss.eu\/cs\/wp-json\/wp\/v2\/comments?post=6525"}],"wp:featuredmedia":[{"embeddable":true,"href":"https:\/\/proventuss.eu\/cs\/wp-json\/wp\/v2\/media\/12573"}],"wp:attachment":[{"href":"https:\/\/proventuss.eu\/cs\/wp-json\/wp\/v2\/media?parent=6525"}],"wp:term":[{"taxonomy":"product_cat","embeddable":true,"href":"https:\/\/proventuss.eu\/cs\/wp-json\/wp\/v2\/product_cat?post=6525"},{"taxonomy":"product_tag","embeddable":true,"href":"https:\/\/proventuss.eu\/cs\/wp-json\/wp\/v2\/product_tag?post=6525"}],"curies":[{"name":"wp","href":"https:\/\/api.w.org\/{rel}","templated":true}]}}