{"id":6524,"date":"2022-04-26T09:22:25","date_gmt":"2022-04-26T09:22:25","guid":{"rendered":"https:\/\/proventuss.eu\/produkt\/dowsil-375\/"},"modified":"2022-08-18T10:31:36","modified_gmt":"2022-08-18T10:31:36","slug":"dowsil-375","status":"publish","type":"product","link":"https:\/\/proventuss.eu\/cs\/produkt\/dowsil-375\/","title":{"rendered":"DOWSIL 375"},"content":{"rendered":"<p><strong>DOWSIL\u2122 375 Construction &amp; Glass Embedding<\/strong> byl vyvinut pro bezpe\u010dnou mont\u00e1\u017e ploch\u00fdch a oh\u00fdban\u00fdch monolitick\u00fdch a laminovan\u00fdch sklen\u011bn\u00fdch panel\u016f do U-profil\u016f pou\u017e\u00edvan\u00fdch v bezr\u00e1mov\u00fdch syst\u00e9mech balustr\u00e1d a v jin\u00fdch aplikac\u00edch kotven\u00ed v interi\u00e9rech i exteri\u00e9rech. Snadn\u00e1 manipulace a m\u00edch\u00e1n\u00ed na m\u00edst\u011b, spolu se skv\u011blou tekutost\u00ed<\/p>\n<p>DOWSIL\u2122 375 Construction &amp; Glass Embedding pom\u00e1haj\u00ed efektivn\u00ed aplikaci a rych\u00e9mu vybudov\u00e1n\u00ed pevnosti, \u010d\u00edm\u017e zvy\u0161uje bezpe\u010dnost. Trvanliv\u00fd syst\u00e9m se z\u00e1rukami &#8211; mont\u00e1\u017ee balustr\u00e1d proveden\u00e9 s DOWSIL\u2122 375 Construction &amp; Glass Embedding pro\u0161ly zkou\u0161kami n\u00e1razem kyvadla dle DIN 18008-4 v nez\u00e1visl\u00e9 instituci.<\/p>\n<p><strong>POU\u017dIT\u00cd A V\u00ddHODY:<\/strong><br \/>\n\u2022 Kotven\u00ed sklen\u011bn\u00fdch panel\u016f do U-profil\u016f ve sklen\u011bn\u00fdch z\u00e1bradl\u00edch<br \/>\n\u2022 Vhodn\u00e9 pro vnit\u0159n\u00ed i vn\u011bj\u0161\u00ed pou\u017eit\u00ed<br \/>\n\u2022 Estetika \u010dist\u00e9ho skla s neviditeln\u00fdm ukotven\u00edm<br \/>\n\u2022 Skv\u011bl\u00e1 tekutost pro efektivn\u00ed aplikaci<br \/>\n\u2022 Lehk\u00e9 balen\u00ed pro snadnou manipulaci<br \/>\n\u2022 Efektivn\u00ed a rychl\u00e1 aplikace pro zv\u00fd\u0161en\u00ed produktivity<br \/>\n\u2022 Velmi tuh\u00fd pro minimalizaci ohybu panelu<br \/>\n\u2022 Dlouh\u00e1 doba zpracovatelnosti<br \/>\n\u2022 Velmi rychl\u00e9 vytvrzen\u00ed p\u0159i pokojov\u00e9 teplot\u011b<br \/>\n\u2022 Mo\u017en\u00e9 barvy na zak\u00e1zku pro slad\u011bn\u00ed s profilem<\/p>\n","protected":false},"excerpt":{"rendered":"<p>DOWSIL\u2122 375 Construction &amp; Glass Embedding byl vyvinut pro bezpe\u010dnou mont\u00e1\u017e ploch\u00fdch a oh\u00fdban\u00fdch monolitick\u00fdch a laminovan\u00fdch sklen\u011bn\u00fdch panel\u016f do U-profil\u016f pou\u017e\u00edvan\u00fdch v bezr\u00e1mov\u00fdch syst\u00e9mech balustr\u00e1d a v jin\u00fdch aplikac\u00edch kotven\u00ed v interi\u00e9rech i exteri\u00e9rech. Snadn\u00e1 manipulace a m\u00edch\u00e1n\u00ed na m\u00edst\u011b, spolu se skv\u011blou tekutost\u00ed DOWSIL\u2122 375 Construction &amp; Glass Embedding pom\u00e1haj\u00ed efektivn\u00ed aplikaci a [&hellip;]<\/p>\n","protected":false},"featured_media":4818,"comment_status":"open","ping_status":"closed","template":"","meta":{"_acf_changed":false},"product_cat":[317],"product_tag":[],"acf":[],"yoast_head":"<!-- This site is optimized with the Yoast SEO plugin v22.9 - https:\/\/yoast.com\/wordpress\/plugins\/seo\/ -->\n<title>DOWSIL 375 - Proventuss<\/title>\n<meta name=\"robots\" content=\"index, follow, max-snippet:-1, max-image-preview:large, max-video-preview:-1\" \/>\n<link rel=\"canonical\" href=\"https:\/\/proventuss.eu\/cs\/produkt\/dowsil-375\/\" \/>\n<meta property=\"og:locale\" content=\"cs_CZ\" \/>\n<meta property=\"og:type\" content=\"article\" \/>\n<meta property=\"og:title\" content=\"DOWSIL 375 - Proventuss\" \/>\n<meta property=\"og:description\" content=\"DOWSIL\u2122 375 Construction &amp; Glass Embedding byl vyvinut pro bezpe\u010dnou mont\u00e1\u017e ploch\u00fdch a oh\u00fdban\u00fdch monolitick\u00fdch a laminovan\u00fdch sklen\u011bn\u00fdch panel\u016f do U-profil\u016f pou\u017e\u00edvan\u00fdch v bezr\u00e1mov\u00fdch syst\u00e9mech balustr\u00e1d a v jin\u00fdch aplikac\u00edch kotven\u00ed v interi\u00e9rech i exteri\u00e9rech. Snadn\u00e1 manipulace a m\u00edch\u00e1n\u00ed na m\u00edst\u011b, spolu se skv\u011blou tekutost\u00ed DOWSIL\u2122 375 Construction &amp; Glass Embedding pom\u00e1haj\u00ed efektivn\u00ed aplikaci a [&hellip;]\" \/>\n<meta property=\"og:url\" content=\"https:\/\/proventuss.eu\/cs\/produkt\/dowsil-375\/\" \/>\n<meta property=\"og:site_name\" content=\"Proventuss\" \/>\n<meta property=\"article:modified_time\" content=\"2022-08-18T10:31:36+00:00\" \/>\n<meta property=\"og:image\" content=\"https:\/\/proventuss.eu\/wp-content\/uploads\/2022\/04\/375.png\" \/>\n\t<meta property=\"og:image:width\" content=\"338\" \/>\n\t<meta property=\"og:image:height\" content=\"433\" \/>\n\t<meta property=\"og:image:type\" content=\"image\/png\" \/>\n<meta name=\"twitter:card\" content=\"summary_large_image\" \/>\n<meta name=\"twitter:label1\" content=\"Odhadovan\u00e1 doba \u010dten\u00ed\" \/>\n\t<meta name=\"twitter:data1\" content=\"1 minuta\" \/>\n<script type=\"application\/ld+json\" class=\"yoast-schema-graph\">{\"@context\":\"https:\/\/schema.org\",\"@graph\":[{\"@type\":\"WebPage\",\"@id\":\"https:\/\/proventuss.eu\/cs\/produkt\/dowsil-375\/\",\"url\":\"https:\/\/proventuss.eu\/cs\/produkt\/dowsil-375\/\",\"name\":\"DOWSIL 375 - Proventuss\",\"isPartOf\":{\"@id\":\"https:\/\/proventuss.eu\/#website\"},\"primaryImageOfPage\":{\"@id\":\"https:\/\/proventuss.eu\/cs\/produkt\/dowsil-375\/#primaryimage\"},\"image\":{\"@id\":\"https:\/\/proventuss.eu\/cs\/produkt\/dowsil-375\/#primaryimage\"},\"thumbnailUrl\":\"https:\/\/proventuss.eu\/wp-content\/uploads\/2022\/04\/375.png\",\"datePublished\":\"2022-04-26T09:22:25+00:00\",\"dateModified\":\"2022-08-18T10:31:36+00:00\",\"breadcrumb\":{\"@id\":\"https:\/\/proventuss.eu\/cs\/produkt\/dowsil-375\/#breadcrumb\"},\"inLanguage\":\"cs\",\"potentialAction\":[{\"@type\":\"ReadAction\",\"target\":[\"https:\/\/proventuss.eu\/cs\/produkt\/dowsil-375\/\"]}]},{\"@type\":\"ImageObject\",\"inLanguage\":\"cs\",\"@id\":\"https:\/\/proventuss.eu\/cs\/produkt\/dowsil-375\/#primaryimage\",\"url\":\"https:\/\/proventuss.eu\/wp-content\/uploads\/2022\/04\/375.png\",\"contentUrl\":\"https:\/\/proventuss.eu\/wp-content\/uploads\/2022\/04\/375.png\",\"width\":338,\"height\":433},{\"@type\":\"BreadcrumbList\",\"@id\":\"https:\/\/proventuss.eu\/cs\/produkt\/dowsil-375\/#breadcrumb\",\"itemListElement\":[{\"@type\":\"ListItem\",\"position\":1,\"name\":\"Home\",\"item\":\"https:\/\/proventuss.eu\/\"},{\"@type\":\"ListItem\",\"position\":2,\"name\":\"Produkty\",\"item\":\"https:\/\/proventuss.eu\/produkty\/\"},{\"@type\":\"ListItem\",\"position\":3,\"name\":\"DOWSIL 375\"}]},{\"@type\":\"WebSite\",\"@id\":\"https:\/\/proventuss.eu\/#website\",\"url\":\"https:\/\/proventuss.eu\/\",\"name\":\"Proventuss\",\"description\":\"\",\"potentialAction\":[{\"@type\":\"SearchAction\",\"target\":{\"@type\":\"EntryPoint\",\"urlTemplate\":\"https:\/\/proventuss.eu\/?s={search_term_string}\"},\"query-input\":\"required name=search_term_string\"}],\"inLanguage\":\"cs\"}]}<\/script>\n<!-- \/ Yoast SEO plugin. -->","yoast_head_json":{"title":"DOWSIL 375 - Proventuss","robots":{"index":"index","follow":"follow","max-snippet":"max-snippet:-1","max-image-preview":"max-image-preview:large","max-video-preview":"max-video-preview:-1"},"canonical":"https:\/\/proventuss.eu\/cs\/produkt\/dowsil-375\/","og_locale":"cs_CZ","og_type":"article","og_title":"DOWSIL 375 - Proventuss","og_description":"DOWSIL\u2122 375 Construction &amp; Glass Embedding byl vyvinut pro bezpe\u010dnou mont\u00e1\u017e ploch\u00fdch a oh\u00fdban\u00fdch monolitick\u00fdch a laminovan\u00fdch sklen\u011bn\u00fdch panel\u016f do U-profil\u016f pou\u017e\u00edvan\u00fdch v bezr\u00e1mov\u00fdch syst\u00e9mech balustr\u00e1d a v jin\u00fdch aplikac\u00edch kotven\u00ed v interi\u00e9rech i exteri\u00e9rech. Snadn\u00e1 manipulace a m\u00edch\u00e1n\u00ed na m\u00edst\u011b, spolu se skv\u011blou tekutost\u00ed DOWSIL\u2122 375 Construction &amp; Glass Embedding pom\u00e1haj\u00ed efektivn\u00ed aplikaci a [&hellip;]","og_url":"https:\/\/proventuss.eu\/cs\/produkt\/dowsil-375\/","og_site_name":"Proventuss","article_modified_time":"2022-08-18T10:31:36+00:00","og_image":[{"width":338,"height":433,"url":"https:\/\/proventuss.eu\/wp-content\/uploads\/2022\/04\/375.png","type":"image\/png"}],"twitter_card":"summary_large_image","twitter_misc":{"Odhadovan\u00e1 doba \u010dten\u00ed":"1 minuta"},"schema":{"@context":"https:\/\/schema.org","@graph":[{"@type":"WebPage","@id":"https:\/\/proventuss.eu\/cs\/produkt\/dowsil-375\/","url":"https:\/\/proventuss.eu\/cs\/produkt\/dowsil-375\/","name":"DOWSIL 375 - Proventuss","isPartOf":{"@id":"https:\/\/proventuss.eu\/#website"},"primaryImageOfPage":{"@id":"https:\/\/proventuss.eu\/cs\/produkt\/dowsil-375\/#primaryimage"},"image":{"@id":"https:\/\/proventuss.eu\/cs\/produkt\/dowsil-375\/#primaryimage"},"thumbnailUrl":"https:\/\/proventuss.eu\/wp-content\/uploads\/2022\/04\/375.png","datePublished":"2022-04-26T09:22:25+00:00","dateModified":"2022-08-18T10:31:36+00:00","breadcrumb":{"@id":"https:\/\/proventuss.eu\/cs\/produkt\/dowsil-375\/#breadcrumb"},"inLanguage":"cs","potentialAction":[{"@type":"ReadAction","target":["https:\/\/proventuss.eu\/cs\/produkt\/dowsil-375\/"]}]},{"@type":"ImageObject","inLanguage":"cs","@id":"https:\/\/proventuss.eu\/cs\/produkt\/dowsil-375\/#primaryimage","url":"https:\/\/proventuss.eu\/wp-content\/uploads\/2022\/04\/375.png","contentUrl":"https:\/\/proventuss.eu\/wp-content\/uploads\/2022\/04\/375.png","width":338,"height":433},{"@type":"BreadcrumbList","@id":"https:\/\/proventuss.eu\/cs\/produkt\/dowsil-375\/#breadcrumb","itemListElement":[{"@type":"ListItem","position":1,"name":"Home","item":"https:\/\/proventuss.eu\/"},{"@type":"ListItem","position":2,"name":"Produkty","item":"https:\/\/proventuss.eu\/produkty\/"},{"@type":"ListItem","position":3,"name":"DOWSIL 375"}]},{"@type":"WebSite","@id":"https:\/\/proventuss.eu\/#website","url":"https:\/\/proventuss.eu\/","name":"Proventuss","description":"","potentialAction":[{"@type":"SearchAction","target":{"@type":"EntryPoint","urlTemplate":"https:\/\/proventuss.eu\/?s={search_term_string}"},"query-input":"required name=search_term_string"}],"inLanguage":"cs"}]}},"_links":{"self":[{"href":"https:\/\/proventuss.eu\/cs\/wp-json\/wp\/v2\/product\/6524"}],"collection":[{"href":"https:\/\/proventuss.eu\/cs\/wp-json\/wp\/v2\/product"}],"about":[{"href":"https:\/\/proventuss.eu\/cs\/wp-json\/wp\/v2\/types\/product"}],"replies":[{"embeddable":true,"href":"https:\/\/proventuss.eu\/cs\/wp-json\/wp\/v2\/comments?post=6524"}],"wp:featuredmedia":[{"embeddable":true,"href":"https:\/\/proventuss.eu\/cs\/wp-json\/wp\/v2\/media\/4818"}],"wp:attachment":[{"href":"https:\/\/proventuss.eu\/cs\/wp-json\/wp\/v2\/media?parent=6524"}],"wp:term":[{"taxonomy":"product_cat","embeddable":true,"href":"https:\/\/proventuss.eu\/cs\/wp-json\/wp\/v2\/product_cat?post=6524"},{"taxonomy":"product_tag","embeddable":true,"href":"https:\/\/proventuss.eu\/cs\/wp-json\/wp\/v2\/product_tag?post=6524"}],"curies":[{"name":"wp","href":"https:\/\/api.w.org\/{rel}","templated":true}]}}