{"id":6523,"date":"2022-05-09T08:15:10","date_gmt":"2022-05-09T08:15:10","guid":{"rendered":"https:\/\/proventuss.eu\/produkt\/sadev-decor\/"},"modified":"2022-05-09T08:15:10","modified_gmt":"2022-05-09T08:15:10","slug":"sadev-decor","status":"publish","type":"product","link":"https:\/\/proventuss.eu\/cs\/produkt\/sadev-decor\/","title":{"rendered":"Sadev Decor"},"content":{"rendered":"<p><strong>SYST\u00c9M BODOV\u00c9HO KOTVEN\u00cd SKEL<\/strong><\/p>\n<p><strong>Syst\u00e9mov\u00e9 prvky:<\/strong><br \/>\n\u2022 Balustr\u00e1dy a z\u00e1bradl\u00ed<br \/>\n\u2022 Posuvn\u00e9 dve\u0159e<br \/>\n\u2022 Oto\u010dn\u00e9 dve\u0159e<br \/>\n\u2022 Madla a panty<br \/>\n\u2022 Sprchov\u00e9 syst\u00e9my<br \/>\n\u2022 Spojen\u00ed skel<br \/>\n\u2022 Dekorativn\u00ed prvky<br \/>\n\u2022 St\u011bnov\u00e9 body<\/p>\n<p><strong>Aplikace:<\/strong><br \/>\n\u2022 Dve\u0159e<br \/>\n\u2022 Balustr\u00e1dy<br \/>\n\u2022 Sprchov\u00e9 kouty<br \/>\n\u2022 Balk\u00f3ny<br \/>\n\u2022 Interi\u00e9rov\u00e9 p\u0159\u00ed\u010dky<\/p>\n","protected":false},"excerpt":{"rendered":"<p>SYST\u00c9M BODOV\u00c9HO KOTVEN\u00cd SKEL Syst\u00e9mov\u00e9 prvky: \u2022 Balustr\u00e1dy a z\u00e1bradl\u00ed \u2022 Posuvn\u00e9 dve\u0159e \u2022 Oto\u010dn\u00e9 dve\u0159e \u2022 Madla a panty \u2022 Sprchov\u00e9 syst\u00e9my \u2022 Spojen\u00ed skel \u2022 Dekorativn\u00ed prvky \u2022 St\u011bnov\u00e9 body Aplikace: \u2022 Dve\u0159e \u2022 Balustr\u00e1dy \u2022 Sprchov\u00e9 kouty \u2022 Balk\u00f3ny \u2022 Interi\u00e9rov\u00e9 p\u0159\u00ed\u010dky<\/p>\n","protected":false},"featured_media":4959,"comment_status":"open","ping_status":"closed","template":"","meta":{"_acf_changed":false},"product_cat":[317],"product_tag":[],"acf":[],"yoast_head":"<!-- This site is optimized with the Yoast SEO plugin v22.9 - https:\/\/yoast.com\/wordpress\/plugins\/seo\/ -->\n<title>Sadev Decor - Proventuss<\/title>\n<meta name=\"robots\" content=\"index, follow, max-snippet:-1, max-image-preview:large, max-video-preview:-1\" \/>\n<link rel=\"canonical\" href=\"https:\/\/proventuss.eu\/cs\/produkt\/sadev-decor\/\" \/>\n<meta property=\"og:locale\" content=\"cs_CZ\" \/>\n<meta property=\"og:type\" content=\"article\" \/>\n<meta property=\"og:title\" content=\"Sadev Decor - Proventuss\" \/>\n<meta property=\"og:description\" content=\"SYST\u00c9M BODOV\u00c9HO KOTVEN\u00cd SKEL Syst\u00e9mov\u00e9 prvky: \u2022 Balustr\u00e1dy a z\u00e1bradl\u00ed \u2022 Posuvn\u00e9 dve\u0159e \u2022 Oto\u010dn\u00e9 dve\u0159e \u2022 Madla a panty \u2022 Sprchov\u00e9 syst\u00e9my \u2022 Spojen\u00ed skel \u2022 Dekorativn\u00ed prvky \u2022 St\u011bnov\u00e9 body Aplikace: \u2022 Dve\u0159e \u2022 Balustr\u00e1dy \u2022 Sprchov\u00e9 kouty \u2022 Balk\u00f3ny \u2022 Interi\u00e9rov\u00e9 p\u0159\u00ed\u010dky\" \/>\n<meta property=\"og:url\" content=\"https:\/\/proventuss.eu\/cs\/produkt\/sadev-decor\/\" \/>\n<meta property=\"og:site_name\" content=\"Proventuss\" \/>\n<meta property=\"og:image\" content=\"https:\/\/proventuss.eu\/wp-content\/uploads\/2022\/05\/sadev-decor.jpg\" \/>\n\t<meta property=\"og:image:width\" content=\"900\" \/>\n\t<meta property=\"og:image:height\" content=\"900\" \/>\n\t<meta property=\"og:image:type\" content=\"image\/jpeg\" \/>\n<meta name=\"twitter:card\" content=\"summary_large_image\" \/>\n<script type=\"application\/ld+json\" class=\"yoast-schema-graph\">{\"@context\":\"https:\/\/schema.org\",\"@graph\":[{\"@type\":\"WebPage\",\"@id\":\"https:\/\/proventuss.eu\/cs\/produkt\/sadev-decor\/\",\"url\":\"https:\/\/proventuss.eu\/cs\/produkt\/sadev-decor\/\",\"name\":\"Sadev Decor - Proventuss\",\"isPartOf\":{\"@id\":\"https:\/\/proventuss.eu\/#website\"},\"primaryImageOfPage\":{\"@id\":\"https:\/\/proventuss.eu\/cs\/produkt\/sadev-decor\/#primaryimage\"},\"image\":{\"@id\":\"https:\/\/proventuss.eu\/cs\/produkt\/sadev-decor\/#primaryimage\"},\"thumbnailUrl\":\"https:\/\/proventuss.eu\/wp-content\/uploads\/2022\/05\/sadev-decor.jpg\",\"datePublished\":\"2022-05-09T08:15:10+00:00\",\"dateModified\":\"2022-05-09T08:15:10+00:00\",\"breadcrumb\":{\"@id\":\"https:\/\/proventuss.eu\/cs\/produkt\/sadev-decor\/#breadcrumb\"},\"inLanguage\":\"cs\",\"potentialAction\":[{\"@type\":\"ReadAction\",\"target\":[\"https:\/\/proventuss.eu\/cs\/produkt\/sadev-decor\/\"]}]},{\"@type\":\"ImageObject\",\"inLanguage\":\"cs\",\"@id\":\"https:\/\/proventuss.eu\/cs\/produkt\/sadev-decor\/#primaryimage\",\"url\":\"https:\/\/proventuss.eu\/wp-content\/uploads\/2022\/05\/sadev-decor.jpg\",\"contentUrl\":\"https:\/\/proventuss.eu\/wp-content\/uploads\/2022\/05\/sadev-decor.jpg\",\"width\":900,\"height\":900},{\"@type\":\"BreadcrumbList\",\"@id\":\"https:\/\/proventuss.eu\/cs\/produkt\/sadev-decor\/#breadcrumb\",\"itemListElement\":[{\"@type\":\"ListItem\",\"position\":1,\"name\":\"Home\",\"item\":\"https:\/\/proventuss.eu\/\"},{\"@type\":\"ListItem\",\"position\":2,\"name\":\"Produkty\",\"item\":\"https:\/\/proventuss.eu\/produkty\/\"},{\"@type\":\"ListItem\",\"position\":3,\"name\":\"Sadev Decor\"}]},{\"@type\":\"WebSite\",\"@id\":\"https:\/\/proventuss.eu\/#website\",\"url\":\"https:\/\/proventuss.eu\/\",\"name\":\"Proventuss\",\"description\":\"\",\"potentialAction\":[{\"@type\":\"SearchAction\",\"target\":{\"@type\":\"EntryPoint\",\"urlTemplate\":\"https:\/\/proventuss.eu\/?s={search_term_string}\"},\"query-input\":\"required name=search_term_string\"}],\"inLanguage\":\"cs\"}]}<\/script>\n<!-- \/ Yoast SEO plugin. -->","yoast_head_json":{"title":"Sadev Decor - Proventuss","robots":{"index":"index","follow":"follow","max-snippet":"max-snippet:-1","max-image-preview":"max-image-preview:large","max-video-preview":"max-video-preview:-1"},"canonical":"https:\/\/proventuss.eu\/cs\/produkt\/sadev-decor\/","og_locale":"cs_CZ","og_type":"article","og_title":"Sadev Decor - Proventuss","og_description":"SYST\u00c9M BODOV\u00c9HO KOTVEN\u00cd SKEL Syst\u00e9mov\u00e9 prvky: \u2022 Balustr\u00e1dy a z\u00e1bradl\u00ed \u2022 Posuvn\u00e9 dve\u0159e \u2022 Oto\u010dn\u00e9 dve\u0159e \u2022 Madla a panty \u2022 Sprchov\u00e9 syst\u00e9my \u2022 Spojen\u00ed skel \u2022 Dekorativn\u00ed prvky \u2022 St\u011bnov\u00e9 body Aplikace: \u2022 Dve\u0159e \u2022 Balustr\u00e1dy \u2022 Sprchov\u00e9 kouty \u2022 Balk\u00f3ny \u2022 Interi\u00e9rov\u00e9 p\u0159\u00ed\u010dky","og_url":"https:\/\/proventuss.eu\/cs\/produkt\/sadev-decor\/","og_site_name":"Proventuss","og_image":[{"width":900,"height":900,"url":"https:\/\/proventuss.eu\/wp-content\/uploads\/2022\/05\/sadev-decor.jpg","type":"image\/jpeg"}],"twitter_card":"summary_large_image","schema":{"@context":"https:\/\/schema.org","@graph":[{"@type":"WebPage","@id":"https:\/\/proventuss.eu\/cs\/produkt\/sadev-decor\/","url":"https:\/\/proventuss.eu\/cs\/produkt\/sadev-decor\/","name":"Sadev Decor - Proventuss","isPartOf":{"@id":"https:\/\/proventuss.eu\/#website"},"primaryImageOfPage":{"@id":"https:\/\/proventuss.eu\/cs\/produkt\/sadev-decor\/#primaryimage"},"image":{"@id":"https:\/\/proventuss.eu\/cs\/produkt\/sadev-decor\/#primaryimage"},"thumbnailUrl":"https:\/\/proventuss.eu\/wp-content\/uploads\/2022\/05\/sadev-decor.jpg","datePublished":"2022-05-09T08:15:10+00:00","dateModified":"2022-05-09T08:15:10+00:00","breadcrumb":{"@id":"https:\/\/proventuss.eu\/cs\/produkt\/sadev-decor\/#breadcrumb"},"inLanguage":"cs","potentialAction":[{"@type":"ReadAction","target":["https:\/\/proventuss.eu\/cs\/produkt\/sadev-decor\/"]}]},{"@type":"ImageObject","inLanguage":"cs","@id":"https:\/\/proventuss.eu\/cs\/produkt\/sadev-decor\/#primaryimage","url":"https:\/\/proventuss.eu\/wp-content\/uploads\/2022\/05\/sadev-decor.jpg","contentUrl":"https:\/\/proventuss.eu\/wp-content\/uploads\/2022\/05\/sadev-decor.jpg","width":900,"height":900},{"@type":"BreadcrumbList","@id":"https:\/\/proventuss.eu\/cs\/produkt\/sadev-decor\/#breadcrumb","itemListElement":[{"@type":"ListItem","position":1,"name":"Home","item":"https:\/\/proventuss.eu\/"},{"@type":"ListItem","position":2,"name":"Produkty","item":"https:\/\/proventuss.eu\/produkty\/"},{"@type":"ListItem","position":3,"name":"Sadev Decor"}]},{"@type":"WebSite","@id":"https:\/\/proventuss.eu\/#website","url":"https:\/\/proventuss.eu\/","name":"Proventuss","description":"","potentialAction":[{"@type":"SearchAction","target":{"@type":"EntryPoint","urlTemplate":"https:\/\/proventuss.eu\/?s={search_term_string}"},"query-input":"required name=search_term_string"}],"inLanguage":"cs"}]}},"_links":{"self":[{"href":"https:\/\/proventuss.eu\/cs\/wp-json\/wp\/v2\/product\/6523"}],"collection":[{"href":"https:\/\/proventuss.eu\/cs\/wp-json\/wp\/v2\/product"}],"about":[{"href":"https:\/\/proventuss.eu\/cs\/wp-json\/wp\/v2\/types\/product"}],"replies":[{"embeddable":true,"href":"https:\/\/proventuss.eu\/cs\/wp-json\/wp\/v2\/comments?post=6523"}],"wp:featuredmedia":[{"embeddable":true,"href":"https:\/\/proventuss.eu\/cs\/wp-json\/wp\/v2\/media\/4959"}],"wp:attachment":[{"href":"https:\/\/proventuss.eu\/cs\/wp-json\/wp\/v2\/media?parent=6523"}],"wp:term":[{"taxonomy":"product_cat","embeddable":true,"href":"https:\/\/proventuss.eu\/cs\/wp-json\/wp\/v2\/product_cat?post=6523"},{"taxonomy":"product_tag","embeddable":true,"href":"https:\/\/proventuss.eu\/cs\/wp-json\/wp\/v2\/product_tag?post=6523"}],"curies":[{"name":"wp","href":"https:\/\/api.w.org\/{rel}","templated":true}]}}