{"id":6522,"date":"2022-05-09T08:13:24","date_gmt":"2022-05-09T08:13:24","guid":{"rendered":"https:\/\/proventuss.eu\/produkt\/sadev-classic\/"},"modified":"2022-08-18T10:29:17","modified_gmt":"2022-08-18T10:29:17","slug":"sadev-classic","status":"publish","type":"product","link":"https:\/\/proventuss.eu\/cs\/produkt\/sadev-classic\/","title":{"rendered":"Sadev Classic"},"content":{"rendered":"<p><strong>SYST\u00c9M BODOV\u00c9HO KOTVEN\u00cd SKEL<\/strong><\/p>\n<p><strong>Aplikace:<\/strong><br \/>\n\u2022 Zaskl\u00edv\u00e1n\u00ed fas\u00e1d<br \/>\n\u2022 Obvodov\u00e9 pl\u00e1\u0161t\u011b<br \/>\n\u2022 V\u00fdtahov\u00e9 \u0161achty<br \/>\n\u2022 P\u0159\u00edst\u0159e\u0161ky<br \/>\n\u2022 Sv\u011btl\u00edky<\/p>\n<p><strong>Syst\u00e9mov\u00e9 prvky:<\/strong><br \/>\n\u2022 Oto\u010dn\u00e9 rotule<br \/>\n\u2022 Pevn\u00e9 prvky<br \/>\n\u2022 Konzole<br \/>\n\u2022 Kotvy a dr\u00e1ty<\/p>\n","protected":false},"excerpt":{"rendered":"<p>SYST\u00c9M BODOV\u00c9HO KOTVEN\u00cd SKEL Aplikace: \u2022 Zaskl\u00edv\u00e1n\u00ed fas\u00e1d \u2022 Obvodov\u00e9 pl\u00e1\u0161t\u011b \u2022 V\u00fdtahov\u00e9 \u0161achty \u2022 P\u0159\u00edst\u0159e\u0161ky \u2022 Sv\u011btl\u00edky Syst\u00e9mov\u00e9 prvky: \u2022 Oto\u010dn\u00e9 rotule \u2022 Pevn\u00e9 prvky \u2022 Konzole \u2022 Kotvy a dr\u00e1ty<\/p>\n","protected":false},"featured_media":4956,"comment_status":"open","ping_status":"closed","template":"","meta":{"_acf_changed":false},"product_cat":[317],"product_tag":[],"acf":[],"yoast_head":"<!-- This site is optimized with the Yoast SEO plugin v22.9 - https:\/\/yoast.com\/wordpress\/plugins\/seo\/ -->\n<title>Sadev Classic - Proventuss<\/title>\n<meta name=\"robots\" content=\"index, follow, max-snippet:-1, max-image-preview:large, max-video-preview:-1\" \/>\n<link rel=\"canonical\" href=\"https:\/\/proventuss.eu\/cs\/produkt\/sadev-classic\/\" \/>\n<meta property=\"og:locale\" content=\"cs_CZ\" \/>\n<meta property=\"og:type\" content=\"article\" \/>\n<meta property=\"og:title\" content=\"Sadev Classic - Proventuss\" \/>\n<meta property=\"og:description\" content=\"SYST\u00c9M BODOV\u00c9HO KOTVEN\u00cd SKEL Aplikace: \u2022 Zaskl\u00edv\u00e1n\u00ed fas\u00e1d \u2022 Obvodov\u00e9 pl\u00e1\u0161t\u011b \u2022 V\u00fdtahov\u00e9 \u0161achty \u2022 P\u0159\u00edst\u0159e\u0161ky \u2022 Sv\u011btl\u00edky Syst\u00e9mov\u00e9 prvky: \u2022 Oto\u010dn\u00e9 rotule \u2022 Pevn\u00e9 prvky \u2022 Konzole \u2022 Kotvy a dr\u00e1ty\" \/>\n<meta property=\"og:url\" content=\"https:\/\/proventuss.eu\/cs\/produkt\/sadev-classic\/\" \/>\n<meta property=\"og:site_name\" content=\"Proventuss\" \/>\n<meta property=\"article:modified_time\" content=\"2022-08-18T10:29:17+00:00\" \/>\n<meta property=\"og:image\" content=\"https:\/\/proventuss.eu\/wp-content\/uploads\/2022\/05\/sadev-classic.jpg\" \/>\n\t<meta property=\"og:image:width\" content=\"900\" \/>\n\t<meta property=\"og:image:height\" content=\"900\" \/>\n\t<meta property=\"og:image:type\" content=\"image\/jpeg\" \/>\n<meta name=\"twitter:card\" content=\"summary_large_image\" \/>\n<script type=\"application\/ld+json\" class=\"yoast-schema-graph\">{\"@context\":\"https:\/\/schema.org\",\"@graph\":[{\"@type\":\"WebPage\",\"@id\":\"https:\/\/proventuss.eu\/cs\/produkt\/sadev-classic\/\",\"url\":\"https:\/\/proventuss.eu\/cs\/produkt\/sadev-classic\/\",\"name\":\"Sadev Classic - Proventuss\",\"isPartOf\":{\"@id\":\"https:\/\/proventuss.eu\/#website\"},\"primaryImageOfPage\":{\"@id\":\"https:\/\/proventuss.eu\/cs\/produkt\/sadev-classic\/#primaryimage\"},\"image\":{\"@id\":\"https:\/\/proventuss.eu\/cs\/produkt\/sadev-classic\/#primaryimage\"},\"thumbnailUrl\":\"https:\/\/proventuss.eu\/wp-content\/uploads\/2022\/05\/sadev-classic.jpg\",\"datePublished\":\"2022-05-09T08:13:24+00:00\",\"dateModified\":\"2022-08-18T10:29:17+00:00\",\"breadcrumb\":{\"@id\":\"https:\/\/proventuss.eu\/cs\/produkt\/sadev-classic\/#breadcrumb\"},\"inLanguage\":\"cs\",\"potentialAction\":[{\"@type\":\"ReadAction\",\"target\":[\"https:\/\/proventuss.eu\/cs\/produkt\/sadev-classic\/\"]}]},{\"@type\":\"ImageObject\",\"inLanguage\":\"cs\",\"@id\":\"https:\/\/proventuss.eu\/cs\/produkt\/sadev-classic\/#primaryimage\",\"url\":\"https:\/\/proventuss.eu\/wp-content\/uploads\/2022\/05\/sadev-classic.jpg\",\"contentUrl\":\"https:\/\/proventuss.eu\/wp-content\/uploads\/2022\/05\/sadev-classic.jpg\",\"width\":900,\"height\":900},{\"@type\":\"BreadcrumbList\",\"@id\":\"https:\/\/proventuss.eu\/cs\/produkt\/sadev-classic\/#breadcrumb\",\"itemListElement\":[{\"@type\":\"ListItem\",\"position\":1,\"name\":\"Home\",\"item\":\"https:\/\/proventuss.eu\/\"},{\"@type\":\"ListItem\",\"position\":2,\"name\":\"Produkty\",\"item\":\"https:\/\/proventuss.eu\/produkty\/\"},{\"@type\":\"ListItem\",\"position\":3,\"name\":\"Sadev Classic\"}]},{\"@type\":\"WebSite\",\"@id\":\"https:\/\/proventuss.eu\/#website\",\"url\":\"https:\/\/proventuss.eu\/\",\"name\":\"Proventuss\",\"description\":\"\",\"potentialAction\":[{\"@type\":\"SearchAction\",\"target\":{\"@type\":\"EntryPoint\",\"urlTemplate\":\"https:\/\/proventuss.eu\/?s={search_term_string}\"},\"query-input\":\"required name=search_term_string\"}],\"inLanguage\":\"cs\"}]}<\/script>\n<!-- \/ Yoast SEO plugin. -->","yoast_head_json":{"title":"Sadev Classic - Proventuss","robots":{"index":"index","follow":"follow","max-snippet":"max-snippet:-1","max-image-preview":"max-image-preview:large","max-video-preview":"max-video-preview:-1"},"canonical":"https:\/\/proventuss.eu\/cs\/produkt\/sadev-classic\/","og_locale":"cs_CZ","og_type":"article","og_title":"Sadev Classic - Proventuss","og_description":"SYST\u00c9M BODOV\u00c9HO KOTVEN\u00cd SKEL Aplikace: \u2022 Zaskl\u00edv\u00e1n\u00ed fas\u00e1d \u2022 Obvodov\u00e9 pl\u00e1\u0161t\u011b \u2022 V\u00fdtahov\u00e9 \u0161achty \u2022 P\u0159\u00edst\u0159e\u0161ky \u2022 Sv\u011btl\u00edky Syst\u00e9mov\u00e9 prvky: \u2022 Oto\u010dn\u00e9 rotule \u2022 Pevn\u00e9 prvky \u2022 Konzole \u2022 Kotvy a dr\u00e1ty","og_url":"https:\/\/proventuss.eu\/cs\/produkt\/sadev-classic\/","og_site_name":"Proventuss","article_modified_time":"2022-08-18T10:29:17+00:00","og_image":[{"width":900,"height":900,"url":"https:\/\/proventuss.eu\/wp-content\/uploads\/2022\/05\/sadev-classic.jpg","type":"image\/jpeg"}],"twitter_card":"summary_large_image","schema":{"@context":"https:\/\/schema.org","@graph":[{"@type":"WebPage","@id":"https:\/\/proventuss.eu\/cs\/produkt\/sadev-classic\/","url":"https:\/\/proventuss.eu\/cs\/produkt\/sadev-classic\/","name":"Sadev Classic - Proventuss","isPartOf":{"@id":"https:\/\/proventuss.eu\/#website"},"primaryImageOfPage":{"@id":"https:\/\/proventuss.eu\/cs\/produkt\/sadev-classic\/#primaryimage"},"image":{"@id":"https:\/\/proventuss.eu\/cs\/produkt\/sadev-classic\/#primaryimage"},"thumbnailUrl":"https:\/\/proventuss.eu\/wp-content\/uploads\/2022\/05\/sadev-classic.jpg","datePublished":"2022-05-09T08:13:24+00:00","dateModified":"2022-08-18T10:29:17+00:00","breadcrumb":{"@id":"https:\/\/proventuss.eu\/cs\/produkt\/sadev-classic\/#breadcrumb"},"inLanguage":"cs","potentialAction":[{"@type":"ReadAction","target":["https:\/\/proventuss.eu\/cs\/produkt\/sadev-classic\/"]}]},{"@type":"ImageObject","inLanguage":"cs","@id":"https:\/\/proventuss.eu\/cs\/produkt\/sadev-classic\/#primaryimage","url":"https:\/\/proventuss.eu\/wp-content\/uploads\/2022\/05\/sadev-classic.jpg","contentUrl":"https:\/\/proventuss.eu\/wp-content\/uploads\/2022\/05\/sadev-classic.jpg","width":900,"height":900},{"@type":"BreadcrumbList","@id":"https:\/\/proventuss.eu\/cs\/produkt\/sadev-classic\/#breadcrumb","itemListElement":[{"@type":"ListItem","position":1,"name":"Home","item":"https:\/\/proventuss.eu\/"},{"@type":"ListItem","position":2,"name":"Produkty","item":"https:\/\/proventuss.eu\/produkty\/"},{"@type":"ListItem","position":3,"name":"Sadev Classic"}]},{"@type":"WebSite","@id":"https:\/\/proventuss.eu\/#website","url":"https:\/\/proventuss.eu\/","name":"Proventuss","description":"","potentialAction":[{"@type":"SearchAction","target":{"@type":"EntryPoint","urlTemplate":"https:\/\/proventuss.eu\/?s={search_term_string}"},"query-input":"required name=search_term_string"}],"inLanguage":"cs"}]}},"_links":{"self":[{"href":"https:\/\/proventuss.eu\/cs\/wp-json\/wp\/v2\/product\/6522"}],"collection":[{"href":"https:\/\/proventuss.eu\/cs\/wp-json\/wp\/v2\/product"}],"about":[{"href":"https:\/\/proventuss.eu\/cs\/wp-json\/wp\/v2\/types\/product"}],"replies":[{"embeddable":true,"href":"https:\/\/proventuss.eu\/cs\/wp-json\/wp\/v2\/comments?post=6522"}],"wp:featuredmedia":[{"embeddable":true,"href":"https:\/\/proventuss.eu\/cs\/wp-json\/wp\/v2\/media\/4956"}],"wp:attachment":[{"href":"https:\/\/proventuss.eu\/cs\/wp-json\/wp\/v2\/media?parent=6522"}],"wp:term":[{"taxonomy":"product_cat","embeddable":true,"href":"https:\/\/proventuss.eu\/cs\/wp-json\/wp\/v2\/product_cat?post=6522"},{"taxonomy":"product_tag","embeddable":true,"href":"https:\/\/proventuss.eu\/cs\/wp-json\/wp\/v2\/product_tag?post=6522"}],"curies":[{"name":"wp","href":"https:\/\/api.w.org\/{rel}","templated":true}]}}