{"id":6520,"date":"2022-04-26T09:17:16","date_gmt":"2022-04-26T09:17:16","guid":{"rendered":"https:\/\/proventuss.eu\/produkt\/vi-pro-epdm-primer-908\/"},"modified":"2022-08-18T10:24:14","modified_gmt":"2022-08-18T10:24:14","slug":"vi-pro-epdm-primer-908","status":"publish","type":"product","link":"https:\/\/proventuss.eu\/cs\/produkt\/vi-pro-epdm-primer-908\/","title":{"rendered":"Vi-Pro\u00ae EPDM PRIMER 908"},"content":{"rendered":"<p><strong>S PODKLADOV\u00ddM N\u00c1T\u011aREM Vi-Pro\u00ae EPDM Primer 908<\/strong> m\u016f\u017eete spr\u00e1vn\u011b p\u0159ipravit povrch p\u0159ed nanesen\u00edm f\u00f3lie EPDM. Podkladov\u00fd n\u00e1t\u011br je vysoce jakostn\u00ed v\u00fdrobek na b\u00e1zi silikonu s n\u00edzk\u00fdm obsahem rozpou\u0161t\u011bdel. M\u016f\u017ee b\u00fdt pou\u017eit na beton, porobeton, k\u00e1men, perlit, stejn\u011b jako na desky a miner\u00e1ln\u00ed povrchy. \u00da\u010dinn\u011b posiluje a vyrovn\u00e1n\u00e1 nas\u00e1kavost<br \/>\npovrchu.<\/p>\n<p><strong>V\u00ddHODY:<\/strong><br \/>\n\u2022 Sjednocuje a zlep\u0161uje p\u0159ilnavost povrchu<br \/>\n\u2022 Na r\u016fzn\u00e9 druhy por\u00e9zn\u00edch povrch\u016f<br \/>\n\u2022 Dostupn\u00fd v \u010derven\u00e9 barv\u011b<\/p>\n","protected":false},"excerpt":{"rendered":"<p>S PODKLADOV\u00ddM N\u00c1T\u011aREM Vi-Pro\u00ae EPDM Primer 908 m\u016f\u017eete spr\u00e1vn\u011b p\u0159ipravit povrch p\u0159ed nanesen\u00edm f\u00f3lie EPDM. Podkladov\u00fd n\u00e1t\u011br je vysoce jakostn\u00ed v\u00fdrobek na b\u00e1zi silikonu s n\u00edzk\u00fdm obsahem rozpou\u0161t\u011bdel. M\u016f\u017ee b\u00fdt pou\u017eit na beton, porobeton, k\u00e1men, perlit, stejn\u011b jako na desky a miner\u00e1ln\u00ed povrchy. \u00da\u010dinn\u011b posiluje a vyrovn\u00e1n\u00e1 nas\u00e1kavost povrchu. V\u00ddHODY: \u2022 Sjednocuje a zlep\u0161uje p\u0159ilnavost [&hellip;]<\/p>\n","protected":false},"featured_media":4653,"comment_status":"open","ping_status":"closed","template":"","meta":{"_acf_changed":false},"product_cat":[316],"product_tag":[],"acf":[],"yoast_head":"<!-- This site is optimized with the Yoast SEO plugin v22.9 - https:\/\/yoast.com\/wordpress\/plugins\/seo\/ -->\n<title>Vi-Pro\u00ae EPDM PRIMER 908 - Proventuss<\/title>\n<meta name=\"robots\" content=\"index, follow, max-snippet:-1, max-image-preview:large, max-video-preview:-1\" \/>\n<link rel=\"canonical\" href=\"https:\/\/proventuss.eu\/cs\/produkt\/vi-pro-epdm-primer-908\/\" \/>\n<meta property=\"og:locale\" content=\"cs_CZ\" \/>\n<meta property=\"og:type\" content=\"article\" \/>\n<meta property=\"og:title\" content=\"Vi-Pro\u00ae EPDM PRIMER 908 - Proventuss\" \/>\n<meta property=\"og:description\" content=\"S PODKLADOV\u00ddM N\u00c1T\u011aREM Vi-Pro\u00ae EPDM Primer 908 m\u016f\u017eete spr\u00e1vn\u011b p\u0159ipravit povrch p\u0159ed nanesen\u00edm f\u00f3lie EPDM. Podkladov\u00fd n\u00e1t\u011br je vysoce jakostn\u00ed v\u00fdrobek na b\u00e1zi silikonu s n\u00edzk\u00fdm obsahem rozpou\u0161t\u011bdel. M\u016f\u017ee b\u00fdt pou\u017eit na beton, porobeton, k\u00e1men, perlit, stejn\u011b jako na desky a miner\u00e1ln\u00ed povrchy. \u00da\u010dinn\u011b posiluje a vyrovn\u00e1n\u00e1 nas\u00e1kavost povrchu. V\u00ddHODY: \u2022 Sjednocuje a zlep\u0161uje p\u0159ilnavost [&hellip;]\" \/>\n<meta property=\"og:url\" content=\"https:\/\/proventuss.eu\/cs\/produkt\/vi-pro-epdm-primer-908\/\" \/>\n<meta property=\"og:site_name\" content=\"Proventuss\" \/>\n<meta property=\"article:modified_time\" content=\"2022-08-18T10:24:14+00:00\" \/>\n<meta property=\"og:image\" content=\"https:\/\/proventuss.eu\/wp-content\/uploads\/2022\/04\/Vi-Pro-EPDM-Primer-908_2.png\" \/>\n\t<meta property=\"og:image:width\" content=\"640\" \/>\n\t<meta property=\"og:image:height\" content=\"640\" \/>\n\t<meta property=\"og:image:type\" content=\"image\/png\" \/>\n<meta name=\"twitter:card\" content=\"summary_large_image\" \/>\n<script type=\"application\/ld+json\" class=\"yoast-schema-graph\">{\"@context\":\"https:\/\/schema.org\",\"@graph\":[{\"@type\":\"WebPage\",\"@id\":\"https:\/\/proventuss.eu\/cs\/produkt\/vi-pro-epdm-primer-908\/\",\"url\":\"https:\/\/proventuss.eu\/cs\/produkt\/vi-pro-epdm-primer-908\/\",\"name\":\"Vi-Pro\u00ae EPDM PRIMER 908 - Proventuss\",\"isPartOf\":{\"@id\":\"https:\/\/proventuss.eu\/#website\"},\"primaryImageOfPage\":{\"@id\":\"https:\/\/proventuss.eu\/cs\/produkt\/vi-pro-epdm-primer-908\/#primaryimage\"},\"image\":{\"@id\":\"https:\/\/proventuss.eu\/cs\/produkt\/vi-pro-epdm-primer-908\/#primaryimage\"},\"thumbnailUrl\":\"https:\/\/proventuss.eu\/wp-content\/uploads\/2022\/04\/Vi-Pro-EPDM-Primer-908_2.png\",\"datePublished\":\"2022-04-26T09:17:16+00:00\",\"dateModified\":\"2022-08-18T10:24:14+00:00\",\"breadcrumb\":{\"@id\":\"https:\/\/proventuss.eu\/cs\/produkt\/vi-pro-epdm-primer-908\/#breadcrumb\"},\"inLanguage\":\"cs\",\"potentialAction\":[{\"@type\":\"ReadAction\",\"target\":[\"https:\/\/proventuss.eu\/cs\/produkt\/vi-pro-epdm-primer-908\/\"]}]},{\"@type\":\"ImageObject\",\"inLanguage\":\"cs\",\"@id\":\"https:\/\/proventuss.eu\/cs\/produkt\/vi-pro-epdm-primer-908\/#primaryimage\",\"url\":\"https:\/\/proventuss.eu\/wp-content\/uploads\/2022\/04\/Vi-Pro-EPDM-Primer-908_2.png\",\"contentUrl\":\"https:\/\/proventuss.eu\/wp-content\/uploads\/2022\/04\/Vi-Pro-EPDM-Primer-908_2.png\",\"width\":640,\"height\":640,\"caption\":\"Na zdj\u0119ciu podk\u0142ad na bazie silikonu o niskiej zawarto\u015bci rozpuszczalnik\u00f3w stosowany na r\u00f3\u017cnego rodzaju pod\u0142o\u017ca porowate. Ujednolica i poprawia przyczepno\u015b\u0107 pod\u0142o\u017ca.\"},{\"@type\":\"BreadcrumbList\",\"@id\":\"https:\/\/proventuss.eu\/cs\/produkt\/vi-pro-epdm-primer-908\/#breadcrumb\",\"itemListElement\":[{\"@type\":\"ListItem\",\"position\":1,\"name\":\"Home\",\"item\":\"https:\/\/proventuss.eu\/\"},{\"@type\":\"ListItem\",\"position\":2,\"name\":\"Produkty\",\"item\":\"https:\/\/proventuss.eu\/produkty\/\"},{\"@type\":\"ListItem\",\"position\":3,\"name\":\"Vi-Pro\u00ae EPDM PRIMER 908\"}]},{\"@type\":\"WebSite\",\"@id\":\"https:\/\/proventuss.eu\/#website\",\"url\":\"https:\/\/proventuss.eu\/\",\"name\":\"Proventuss\",\"description\":\"\",\"potentialAction\":[{\"@type\":\"SearchAction\",\"target\":{\"@type\":\"EntryPoint\",\"urlTemplate\":\"https:\/\/proventuss.eu\/?s={search_term_string}\"},\"query-input\":\"required name=search_term_string\"}],\"inLanguage\":\"cs\"}]}<\/script>\n<!-- \/ Yoast SEO plugin. -->","yoast_head_json":{"title":"Vi-Pro\u00ae EPDM PRIMER 908 - Proventuss","robots":{"index":"index","follow":"follow","max-snippet":"max-snippet:-1","max-image-preview":"max-image-preview:large","max-video-preview":"max-video-preview:-1"},"canonical":"https:\/\/proventuss.eu\/cs\/produkt\/vi-pro-epdm-primer-908\/","og_locale":"cs_CZ","og_type":"article","og_title":"Vi-Pro\u00ae EPDM PRIMER 908 - Proventuss","og_description":"S PODKLADOV\u00ddM N\u00c1T\u011aREM Vi-Pro\u00ae EPDM Primer 908 m\u016f\u017eete spr\u00e1vn\u011b p\u0159ipravit povrch p\u0159ed nanesen\u00edm f\u00f3lie EPDM. Podkladov\u00fd n\u00e1t\u011br je vysoce jakostn\u00ed v\u00fdrobek na b\u00e1zi silikonu s n\u00edzk\u00fdm obsahem rozpou\u0161t\u011bdel. M\u016f\u017ee b\u00fdt pou\u017eit na beton, porobeton, k\u00e1men, perlit, stejn\u011b jako na desky a miner\u00e1ln\u00ed povrchy. \u00da\u010dinn\u011b posiluje a vyrovn\u00e1n\u00e1 nas\u00e1kavost povrchu. V\u00ddHODY: \u2022 Sjednocuje a zlep\u0161uje p\u0159ilnavost [&hellip;]","og_url":"https:\/\/proventuss.eu\/cs\/produkt\/vi-pro-epdm-primer-908\/","og_site_name":"Proventuss","article_modified_time":"2022-08-18T10:24:14+00:00","og_image":[{"width":640,"height":640,"url":"https:\/\/proventuss.eu\/wp-content\/uploads\/2022\/04\/Vi-Pro-EPDM-Primer-908_2.png","type":"image\/png"}],"twitter_card":"summary_large_image","schema":{"@context":"https:\/\/schema.org","@graph":[{"@type":"WebPage","@id":"https:\/\/proventuss.eu\/cs\/produkt\/vi-pro-epdm-primer-908\/","url":"https:\/\/proventuss.eu\/cs\/produkt\/vi-pro-epdm-primer-908\/","name":"Vi-Pro\u00ae EPDM PRIMER 908 - Proventuss","isPartOf":{"@id":"https:\/\/proventuss.eu\/#website"},"primaryImageOfPage":{"@id":"https:\/\/proventuss.eu\/cs\/produkt\/vi-pro-epdm-primer-908\/#primaryimage"},"image":{"@id":"https:\/\/proventuss.eu\/cs\/produkt\/vi-pro-epdm-primer-908\/#primaryimage"},"thumbnailUrl":"https:\/\/proventuss.eu\/wp-content\/uploads\/2022\/04\/Vi-Pro-EPDM-Primer-908_2.png","datePublished":"2022-04-26T09:17:16+00:00","dateModified":"2022-08-18T10:24:14+00:00","breadcrumb":{"@id":"https:\/\/proventuss.eu\/cs\/produkt\/vi-pro-epdm-primer-908\/#breadcrumb"},"inLanguage":"cs","potentialAction":[{"@type":"ReadAction","target":["https:\/\/proventuss.eu\/cs\/produkt\/vi-pro-epdm-primer-908\/"]}]},{"@type":"ImageObject","inLanguage":"cs","@id":"https:\/\/proventuss.eu\/cs\/produkt\/vi-pro-epdm-primer-908\/#primaryimage","url":"https:\/\/proventuss.eu\/wp-content\/uploads\/2022\/04\/Vi-Pro-EPDM-Primer-908_2.png","contentUrl":"https:\/\/proventuss.eu\/wp-content\/uploads\/2022\/04\/Vi-Pro-EPDM-Primer-908_2.png","width":640,"height":640,"caption":"Na zdj\u0119ciu podk\u0142ad na bazie silikonu o niskiej zawarto\u015bci rozpuszczalnik\u00f3w stosowany na r\u00f3\u017cnego rodzaju pod\u0142o\u017ca porowate. Ujednolica i poprawia przyczepno\u015b\u0107 pod\u0142o\u017ca."},{"@type":"BreadcrumbList","@id":"https:\/\/proventuss.eu\/cs\/produkt\/vi-pro-epdm-primer-908\/#breadcrumb","itemListElement":[{"@type":"ListItem","position":1,"name":"Home","item":"https:\/\/proventuss.eu\/"},{"@type":"ListItem","position":2,"name":"Produkty","item":"https:\/\/proventuss.eu\/produkty\/"},{"@type":"ListItem","position":3,"name":"Vi-Pro\u00ae EPDM PRIMER 908"}]},{"@type":"WebSite","@id":"https:\/\/proventuss.eu\/#website","url":"https:\/\/proventuss.eu\/","name":"Proventuss","description":"","potentialAction":[{"@type":"SearchAction","target":{"@type":"EntryPoint","urlTemplate":"https:\/\/proventuss.eu\/?s={search_term_string}"},"query-input":"required name=search_term_string"}],"inLanguage":"cs"}]}},"_links":{"self":[{"href":"https:\/\/proventuss.eu\/cs\/wp-json\/wp\/v2\/product\/6520"}],"collection":[{"href":"https:\/\/proventuss.eu\/cs\/wp-json\/wp\/v2\/product"}],"about":[{"href":"https:\/\/proventuss.eu\/cs\/wp-json\/wp\/v2\/types\/product"}],"replies":[{"embeddable":true,"href":"https:\/\/proventuss.eu\/cs\/wp-json\/wp\/v2\/comments?post=6520"}],"wp:featuredmedia":[{"embeddable":true,"href":"https:\/\/proventuss.eu\/cs\/wp-json\/wp\/v2\/media\/4653"}],"wp:attachment":[{"href":"https:\/\/proventuss.eu\/cs\/wp-json\/wp\/v2\/media?parent=6520"}],"wp:term":[{"taxonomy":"product_cat","embeddable":true,"href":"https:\/\/proventuss.eu\/cs\/wp-json\/wp\/v2\/product_cat?post=6520"},{"taxonomy":"product_tag","embeddable":true,"href":"https:\/\/proventuss.eu\/cs\/wp-json\/wp\/v2\/product_tag?post=6520"}],"curies":[{"name":"wp","href":"https:\/\/api.w.org\/{rel}","templated":true}]}}