{"id":6519,"date":"2022-04-26T09:15:43","date_gmt":"2022-04-26T09:15:43","guid":{"rendered":"https:\/\/proventuss.eu\/produkt\/vi-pro-epdm-wash-cleaner-907\/"},"modified":"2022-04-26T09:15:43","modified_gmt":"2022-04-26T09:15:43","slug":"vi-pro-epdm-wash-cleaner-907","status":"publish","type":"product","link":"https:\/\/proventuss.eu\/cs\/produkt\/vi-pro-epdm-wash-cleaner-907\/","title":{"rendered":"Vi-Pro\u00ae EPDM WASH CLEANER 907"},"content":{"rendered":"<p><strong>\u00da\u010cINN\u00c9 VY\u010cI\u0160T\u011aN\u00cd POVRCH\u016e<\/strong> p\u0159ed aplikac\u00ed f\u00f3lie EPDM zajist\u00ed Vi-Pro\u00ae EPDM \u010cISTIDLO 907. Jedn\u00e1 se o \u010d\u00e1ste\u010dn\u011b hydrogenovan\u00fd kerosen, kter\u00fd umo\u017en\u00ed vhodnou p\u0159\u00edpravu povrch\u016f vystaven\u00fdm atmosf\u00e9rick\u00fdm podm\u00ednk\u00e1m p\u0159ed aplikac\u00ed f\u00f3lie. Nepostradateln\u00fd p\u0159i instalaci oken, dve\u0159\u00ed a fas\u00e1d, stejn\u011b jako p\u0159i jin\u00fdch renova\u010dn\u00edch a stavebn\u00edch prac\u00edch.<\/p>\n<p>V\u00ddHODY:<br \/>\n\u2022 Bezbarv\u00fd<br \/>\n\u2022 Pro EPDM, hlin\u00edk, ocel, galvanizovanou ocel, asfalt (krom\u011b APP) beton, porobeton, d\u0159evo a butyl<\/p>\n","protected":false},"excerpt":{"rendered":"<p>\u00da\u010cINN\u00c9 VY\u010cI\u0160T\u011aN\u00cd POVRCH\u016e p\u0159ed aplikac\u00ed f\u00f3lie EPDM zajist\u00ed Vi-Pro\u00ae EPDM \u010cISTIDLO 907. Jedn\u00e1 se o \u010d\u00e1ste\u010dn\u011b hydrogenovan\u00fd kerosen, kter\u00fd umo\u017en\u00ed vhodnou p\u0159\u00edpravu povrch\u016f vystaven\u00fdm atmosf\u00e9rick\u00fdm podm\u00ednk\u00e1m p\u0159ed aplikac\u00ed f\u00f3lie. Nepostradateln\u00fd p\u0159i instalaci oken, dve\u0159\u00ed a fas\u00e1d, stejn\u011b jako p\u0159i jin\u00fdch renova\u010dn\u00edch a stavebn\u00edch prac\u00edch. V\u00ddHODY: \u2022 Bezbarv\u00fd \u2022 Pro EPDM, hlin\u00edk, ocel, galvanizovanou ocel, asfalt [&hellip;]<\/p>\n","protected":false},"featured_media":4650,"comment_status":"open","ping_status":"closed","template":"","meta":{"_acf_changed":false},"product_cat":[316],"product_tag":[],"acf":[],"yoast_head":"<!-- This site is optimized with the Yoast SEO plugin v22.9 - https:\/\/yoast.com\/wordpress\/plugins\/seo\/ -->\n<title>Vi-Pro\u00ae EPDM WASH CLEANER 907 - Proventuss<\/title>\n<meta name=\"robots\" content=\"index, follow, max-snippet:-1, max-image-preview:large, max-video-preview:-1\" \/>\n<link rel=\"canonical\" href=\"https:\/\/proventuss.eu\/cs\/produkt\/vi-pro-epdm-wash-cleaner-907\/\" \/>\n<meta property=\"og:locale\" content=\"cs_CZ\" \/>\n<meta property=\"og:type\" content=\"article\" \/>\n<meta property=\"og:title\" content=\"Vi-Pro\u00ae EPDM WASH CLEANER 907 - Proventuss\" \/>\n<meta property=\"og:description\" content=\"\u00da\u010cINN\u00c9 VY\u010cI\u0160T\u011aN\u00cd POVRCH\u016e p\u0159ed aplikac\u00ed f\u00f3lie EPDM zajist\u00ed Vi-Pro\u00ae EPDM \u010cISTIDLO 907. Jedn\u00e1 se o \u010d\u00e1ste\u010dn\u011b hydrogenovan\u00fd kerosen, kter\u00fd umo\u017en\u00ed vhodnou p\u0159\u00edpravu povrch\u016f vystaven\u00fdm atmosf\u00e9rick\u00fdm podm\u00ednk\u00e1m p\u0159ed aplikac\u00ed f\u00f3lie. Nepostradateln\u00fd p\u0159i instalaci oken, dve\u0159\u00ed a fas\u00e1d, stejn\u011b jako p\u0159i jin\u00fdch renova\u010dn\u00edch a stavebn\u00edch prac\u00edch. V\u00ddHODY: \u2022 Bezbarv\u00fd \u2022 Pro EPDM, hlin\u00edk, ocel, galvanizovanou ocel, asfalt [&hellip;]\" \/>\n<meta property=\"og:url\" content=\"https:\/\/proventuss.eu\/cs\/produkt\/vi-pro-epdm-wash-cleaner-907\/\" \/>\n<meta property=\"og:site_name\" content=\"Proventuss\" \/>\n<meta property=\"og:image\" content=\"https:\/\/proventuss.eu\/wp-content\/uploads\/2022\/04\/Vi-Pro-EPDM-Wash-Cleaner-907_1.png\" \/>\n\t<meta property=\"og:image:width\" content=\"640\" \/>\n\t<meta property=\"og:image:height\" content=\"640\" \/>\n\t<meta property=\"og:image:type\" content=\"image\/png\" \/>\n<meta name=\"twitter:card\" content=\"summary_large_image\" \/>\n<script type=\"application\/ld+json\" class=\"yoast-schema-graph\">{\"@context\":\"https:\/\/schema.org\",\"@graph\":[{\"@type\":\"WebPage\",\"@id\":\"https:\/\/proventuss.eu\/cs\/produkt\/vi-pro-epdm-wash-cleaner-907\/\",\"url\":\"https:\/\/proventuss.eu\/cs\/produkt\/vi-pro-epdm-wash-cleaner-907\/\",\"name\":\"Vi-Pro\u00ae EPDM WASH CLEANER 907 - Proventuss\",\"isPartOf\":{\"@id\":\"https:\/\/proventuss.eu\/#website\"},\"primaryImageOfPage\":{\"@id\":\"https:\/\/proventuss.eu\/cs\/produkt\/vi-pro-epdm-wash-cleaner-907\/#primaryimage\"},\"image\":{\"@id\":\"https:\/\/proventuss.eu\/cs\/produkt\/vi-pro-epdm-wash-cleaner-907\/#primaryimage\"},\"thumbnailUrl\":\"https:\/\/proventuss.eu\/wp-content\/uploads\/2022\/04\/Vi-Pro-EPDM-Wash-Cleaner-907_1.png\",\"datePublished\":\"2022-04-26T09:15:43+00:00\",\"dateModified\":\"2022-04-26T09:15:43+00:00\",\"breadcrumb\":{\"@id\":\"https:\/\/proventuss.eu\/cs\/produkt\/vi-pro-epdm-wash-cleaner-907\/#breadcrumb\"},\"inLanguage\":\"cs\",\"potentialAction\":[{\"@type\":\"ReadAction\",\"target\":[\"https:\/\/proventuss.eu\/cs\/produkt\/vi-pro-epdm-wash-cleaner-907\/\"]}]},{\"@type\":\"ImageObject\",\"inLanguage\":\"cs\",\"@id\":\"https:\/\/proventuss.eu\/cs\/produkt\/vi-pro-epdm-wash-cleaner-907\/#primaryimage\",\"url\":\"https:\/\/proventuss.eu\/wp-content\/uploads\/2022\/04\/Vi-Pro-EPDM-Wash-Cleaner-907_1.png\",\"contentUrl\":\"https:\/\/proventuss.eu\/wp-content\/uploads\/2022\/04\/Vi-Pro-EPDM-Wash-Cleaner-907_1.png\",\"width\":640,\"height\":640,\"caption\":\"Na zdj\u0119ciu kanister. Skuteczne oczyszczenie powierzchni zapewnia EPDM Vi-Pro\u00ae EPDM WASH CLEANER 907. Niezast\u0105piony przy instalacji okien, drzwi i fasad.\"},{\"@type\":\"BreadcrumbList\",\"@id\":\"https:\/\/proventuss.eu\/cs\/produkt\/vi-pro-epdm-wash-cleaner-907\/#breadcrumb\",\"itemListElement\":[{\"@type\":\"ListItem\",\"position\":1,\"name\":\"Home\",\"item\":\"https:\/\/proventuss.eu\/\"},{\"@type\":\"ListItem\",\"position\":2,\"name\":\"Produkty\",\"item\":\"https:\/\/proventuss.eu\/produkty\/\"},{\"@type\":\"ListItem\",\"position\":3,\"name\":\"Vi-Pro\u00ae EPDM WASH CLEANER 907\"}]},{\"@type\":\"WebSite\",\"@id\":\"https:\/\/proventuss.eu\/#website\",\"url\":\"https:\/\/proventuss.eu\/\",\"name\":\"Proventuss\",\"description\":\"\",\"potentialAction\":[{\"@type\":\"SearchAction\",\"target\":{\"@type\":\"EntryPoint\",\"urlTemplate\":\"https:\/\/proventuss.eu\/?s={search_term_string}\"},\"query-input\":\"required name=search_term_string\"}],\"inLanguage\":\"cs\"}]}<\/script>\n<!-- \/ Yoast SEO plugin. -->","yoast_head_json":{"title":"Vi-Pro\u00ae EPDM WASH CLEANER 907 - Proventuss","robots":{"index":"index","follow":"follow","max-snippet":"max-snippet:-1","max-image-preview":"max-image-preview:large","max-video-preview":"max-video-preview:-1"},"canonical":"https:\/\/proventuss.eu\/cs\/produkt\/vi-pro-epdm-wash-cleaner-907\/","og_locale":"cs_CZ","og_type":"article","og_title":"Vi-Pro\u00ae EPDM WASH CLEANER 907 - Proventuss","og_description":"\u00da\u010cINN\u00c9 VY\u010cI\u0160T\u011aN\u00cd POVRCH\u016e p\u0159ed aplikac\u00ed f\u00f3lie EPDM zajist\u00ed Vi-Pro\u00ae EPDM \u010cISTIDLO 907. Jedn\u00e1 se o \u010d\u00e1ste\u010dn\u011b hydrogenovan\u00fd kerosen, kter\u00fd umo\u017en\u00ed vhodnou p\u0159\u00edpravu povrch\u016f vystaven\u00fdm atmosf\u00e9rick\u00fdm podm\u00ednk\u00e1m p\u0159ed aplikac\u00ed f\u00f3lie. Nepostradateln\u00fd p\u0159i instalaci oken, dve\u0159\u00ed a fas\u00e1d, stejn\u011b jako p\u0159i jin\u00fdch renova\u010dn\u00edch a stavebn\u00edch prac\u00edch. V\u00ddHODY: \u2022 Bezbarv\u00fd \u2022 Pro EPDM, hlin\u00edk, ocel, galvanizovanou ocel, asfalt [&hellip;]","og_url":"https:\/\/proventuss.eu\/cs\/produkt\/vi-pro-epdm-wash-cleaner-907\/","og_site_name":"Proventuss","og_image":[{"width":640,"height":640,"url":"https:\/\/proventuss.eu\/wp-content\/uploads\/2022\/04\/Vi-Pro-EPDM-Wash-Cleaner-907_1.png","type":"image\/png"}],"twitter_card":"summary_large_image","schema":{"@context":"https:\/\/schema.org","@graph":[{"@type":"WebPage","@id":"https:\/\/proventuss.eu\/cs\/produkt\/vi-pro-epdm-wash-cleaner-907\/","url":"https:\/\/proventuss.eu\/cs\/produkt\/vi-pro-epdm-wash-cleaner-907\/","name":"Vi-Pro\u00ae EPDM WASH CLEANER 907 - Proventuss","isPartOf":{"@id":"https:\/\/proventuss.eu\/#website"},"primaryImageOfPage":{"@id":"https:\/\/proventuss.eu\/cs\/produkt\/vi-pro-epdm-wash-cleaner-907\/#primaryimage"},"image":{"@id":"https:\/\/proventuss.eu\/cs\/produkt\/vi-pro-epdm-wash-cleaner-907\/#primaryimage"},"thumbnailUrl":"https:\/\/proventuss.eu\/wp-content\/uploads\/2022\/04\/Vi-Pro-EPDM-Wash-Cleaner-907_1.png","datePublished":"2022-04-26T09:15:43+00:00","dateModified":"2022-04-26T09:15:43+00:00","breadcrumb":{"@id":"https:\/\/proventuss.eu\/cs\/produkt\/vi-pro-epdm-wash-cleaner-907\/#breadcrumb"},"inLanguage":"cs","potentialAction":[{"@type":"ReadAction","target":["https:\/\/proventuss.eu\/cs\/produkt\/vi-pro-epdm-wash-cleaner-907\/"]}]},{"@type":"ImageObject","inLanguage":"cs","@id":"https:\/\/proventuss.eu\/cs\/produkt\/vi-pro-epdm-wash-cleaner-907\/#primaryimage","url":"https:\/\/proventuss.eu\/wp-content\/uploads\/2022\/04\/Vi-Pro-EPDM-Wash-Cleaner-907_1.png","contentUrl":"https:\/\/proventuss.eu\/wp-content\/uploads\/2022\/04\/Vi-Pro-EPDM-Wash-Cleaner-907_1.png","width":640,"height":640,"caption":"Na zdj\u0119ciu kanister. Skuteczne oczyszczenie powierzchni zapewnia EPDM Vi-Pro\u00ae EPDM WASH CLEANER 907. Niezast\u0105piony przy instalacji okien, drzwi i fasad."},{"@type":"BreadcrumbList","@id":"https:\/\/proventuss.eu\/cs\/produkt\/vi-pro-epdm-wash-cleaner-907\/#breadcrumb","itemListElement":[{"@type":"ListItem","position":1,"name":"Home","item":"https:\/\/proventuss.eu\/"},{"@type":"ListItem","position":2,"name":"Produkty","item":"https:\/\/proventuss.eu\/produkty\/"},{"@type":"ListItem","position":3,"name":"Vi-Pro\u00ae EPDM WASH CLEANER 907"}]},{"@type":"WebSite","@id":"https:\/\/proventuss.eu\/#website","url":"https:\/\/proventuss.eu\/","name":"Proventuss","description":"","potentialAction":[{"@type":"SearchAction","target":{"@type":"EntryPoint","urlTemplate":"https:\/\/proventuss.eu\/?s={search_term_string}"},"query-input":"required name=search_term_string"}],"inLanguage":"cs"}]}},"_links":{"self":[{"href":"https:\/\/proventuss.eu\/cs\/wp-json\/wp\/v2\/product\/6519"}],"collection":[{"href":"https:\/\/proventuss.eu\/cs\/wp-json\/wp\/v2\/product"}],"about":[{"href":"https:\/\/proventuss.eu\/cs\/wp-json\/wp\/v2\/types\/product"}],"replies":[{"embeddable":true,"href":"https:\/\/proventuss.eu\/cs\/wp-json\/wp\/v2\/comments?post=6519"}],"wp:featuredmedia":[{"embeddable":true,"href":"https:\/\/proventuss.eu\/cs\/wp-json\/wp\/v2\/media\/4650"}],"wp:attachment":[{"href":"https:\/\/proventuss.eu\/cs\/wp-json\/wp\/v2\/media?parent=6519"}],"wp:term":[{"taxonomy":"product_cat","embeddable":true,"href":"https:\/\/proventuss.eu\/cs\/wp-json\/wp\/v2\/product_cat?post=6519"},{"taxonomy":"product_tag","embeddable":true,"href":"https:\/\/proventuss.eu\/cs\/wp-json\/wp\/v2\/product_tag?post=6519"}],"curies":[{"name":"wp","href":"https:\/\/api.w.org\/{rel}","templated":true}]}}