{"id":6518,"date":"2022-04-26T09:14:22","date_gmt":"2022-04-26T09:14:22","guid":{"rendered":"https:\/\/proventuss.eu\/produkt\/vi-pro-epdm-contact-adhesive-904\/"},"modified":"2024-09-04T07:04:18","modified_gmt":"2024-09-04T07:04:18","slug":"vi-pro-epdm-contact-adhesive-904","status":"publish","type":"product","link":"https:\/\/proventuss.eu\/cs\/produkt\/vi-pro-epdm-contact-adhesive-904\/","title":{"rendered":"Vi-Pro\u00ae EPDM CONTACT ADHESIVE 904"},"content":{"rendered":"<p>U\u010dinn\u00e9 a rychl\u00e9 spojen\u00ed EPDM f\u00f3lie s podkladem je zaji\u0161t\u011bno kontaktn\u00edm lepidlem<br \/>\nEPDM Vi-Pro\u00ae EPDM Kontaktn\u00ed lepidlo 904. Je to <strong>VYSOCE KVALITN\u00cd, JEDNOSLO\u017dKOV\u00c9 LEPIDLO NA B\u00c1ZI SYNTETICK\u00c9 PRY\u017dE A SYNTETICK\u00ddCH PRYSKY\u0158IC<\/strong>, navr\u017een\u00e9 pro aplikaci na obou lepen\u00fdch ploch\u00e1ch (EPDM p\u00e1s a podklad). D\u00edky sv\u00e9 skv\u011bl\u00e9 p\u0159ilnavosti m\u016f\u017ee b\u00fdt pou\u017eito i na materi\u00e1lech jako: asfalt, butylovan\u00fd hlin\u00edk, d\u0159evo, ocel, beton a porobeton.<\/p>\n<p><strong>V\u00ddHODY:<\/strong><br \/>\n\u2022 Lep\u00ed na prvn\u00ed dotek<br \/>\n\u2022 Snadn\u00e1 aplikace v\u00e1le\u010dkem nebo \u0161t\u011btcem<br \/>\n\u2022 M\u016f\u017ee b\u00fdt pou\u017eit jako podkladov\u00fd n\u00e1t\u011br<\/p>\n","protected":false},"excerpt":{"rendered":"<p>U\u010dinn\u00e9 a rychl\u00e9 spojen\u00ed EPDM f\u00f3lie s podkladem je zaji\u0161t\u011bno kontaktn\u00edm lepidlem EPDM Vi-Pro\u00ae EPDM Kontaktn\u00ed lepidlo 904. Je to VYSOCE KVALITN\u00cd, JEDNOSLO\u017dKOV\u00c9 LEPIDLO NA B\u00c1ZI SYNTETICK\u00c9 PRY\u017dE A SYNTETICK\u00ddCH PRYSKY\u0158IC, navr\u017een\u00e9 pro aplikaci na obou lepen\u00fdch ploch\u00e1ch (EPDM p\u00e1s a podklad). D\u00edky sv\u00e9 skv\u011bl\u00e9 p\u0159ilnavosti m\u016f\u017ee b\u00fdt pou\u017eito i na materi\u00e1lech jako: asfalt, butylovan\u00fd [&hellip;]<\/p>\n","protected":false},"featured_media":4935,"comment_status":"open","ping_status":"closed","template":"","meta":{"_acf_changed":false},"product_cat":[316],"product_tag":[],"acf":[],"yoast_head":"<!-- This site is optimized with the Yoast SEO plugin v22.9 - https:\/\/yoast.com\/wordpress\/plugins\/seo\/ -->\n<title>Vi-Pro\u00ae EPDM CONTACT ADHESIVE 904 - Proventuss<\/title>\n<meta name=\"robots\" content=\"index, follow, max-snippet:-1, max-image-preview:large, max-video-preview:-1\" \/>\n<link rel=\"canonical\" href=\"https:\/\/proventuss.eu\/cs\/produkt\/vi-pro-epdm-contact-adhesive-904\/\" \/>\n<meta property=\"og:locale\" content=\"cs_CZ\" \/>\n<meta property=\"og:type\" content=\"article\" \/>\n<meta property=\"og:title\" content=\"Vi-Pro\u00ae EPDM CONTACT ADHESIVE 904 - Proventuss\" \/>\n<meta property=\"og:description\" content=\"U\u010dinn\u00e9 a rychl\u00e9 spojen\u00ed EPDM f\u00f3lie s podkladem je zaji\u0161t\u011bno kontaktn\u00edm lepidlem EPDM Vi-Pro\u00ae EPDM Kontaktn\u00ed lepidlo 904. Je to VYSOCE KVALITN\u00cd, JEDNOSLO\u017dKOV\u00c9 LEPIDLO NA B\u00c1ZI SYNTETICK\u00c9 PRY\u017dE A SYNTETICK\u00ddCH PRYSKY\u0158IC, navr\u017een\u00e9 pro aplikaci na obou lepen\u00fdch ploch\u00e1ch (EPDM p\u00e1s a podklad). D\u00edky sv\u00e9 skv\u011bl\u00e9 p\u0159ilnavosti m\u016f\u017ee b\u00fdt pou\u017eito i na materi\u00e1lech jako: asfalt, butylovan\u00fd [&hellip;]\" \/>\n<meta property=\"og:url\" content=\"https:\/\/proventuss.eu\/cs\/produkt\/vi-pro-epdm-contact-adhesive-904\/\" \/>\n<meta property=\"og:site_name\" content=\"Proventuss\" \/>\n<meta property=\"article:modified_time\" content=\"2024-09-04T07:04:18+00:00\" \/>\n<meta property=\"og:image\" content=\"https:\/\/proventuss.eu\/wp-content\/uploads\/2022\/04\/Vi-Pro-EPDM-Contact-Adhesive-904.png\" \/>\n\t<meta property=\"og:image:width\" content=\"640\" \/>\n\t<meta property=\"og:image:height\" content=\"640\" \/>\n\t<meta property=\"og:image:type\" content=\"image\/png\" \/>\n<meta name=\"twitter:card\" content=\"summary_large_image\" \/>\n<meta name=\"twitter:label1\" content=\"Odhadovan\u00e1 doba \u010dten\u00ed\" \/>\n\t<meta name=\"twitter:data1\" content=\"1 minuta\" \/>\n<script type=\"application\/ld+json\" class=\"yoast-schema-graph\">{\"@context\":\"https:\/\/schema.org\",\"@graph\":[{\"@type\":\"WebPage\",\"@id\":\"https:\/\/proventuss.eu\/cs\/produkt\/vi-pro-epdm-contact-adhesive-904\/\",\"url\":\"https:\/\/proventuss.eu\/cs\/produkt\/vi-pro-epdm-contact-adhesive-904\/\",\"name\":\"Vi-Pro\u00ae EPDM CONTACT ADHESIVE 904 - Proventuss\",\"isPartOf\":{\"@id\":\"https:\/\/proventuss.eu\/#website\"},\"primaryImageOfPage\":{\"@id\":\"https:\/\/proventuss.eu\/cs\/produkt\/vi-pro-epdm-contact-adhesive-904\/#primaryimage\"},\"image\":{\"@id\":\"https:\/\/proventuss.eu\/cs\/produkt\/vi-pro-epdm-contact-adhesive-904\/#primaryimage\"},\"thumbnailUrl\":\"https:\/\/proventuss.eu\/wp-content\/uploads\/2022\/04\/Vi-Pro-EPDM-Contact-Adhesive-904.png\",\"datePublished\":\"2022-04-26T09:14:22+00:00\",\"dateModified\":\"2024-09-04T07:04:18+00:00\",\"breadcrumb\":{\"@id\":\"https:\/\/proventuss.eu\/cs\/produkt\/vi-pro-epdm-contact-adhesive-904\/#breadcrumb\"},\"inLanguage\":\"cs\",\"potentialAction\":[{\"@type\":\"ReadAction\",\"target\":[\"https:\/\/proventuss.eu\/cs\/produkt\/vi-pro-epdm-contact-adhesive-904\/\"]}]},{\"@type\":\"ImageObject\",\"inLanguage\":\"cs\",\"@id\":\"https:\/\/proventuss.eu\/cs\/produkt\/vi-pro-epdm-contact-adhesive-904\/#primaryimage\",\"url\":\"https:\/\/proventuss.eu\/wp-content\/uploads\/2022\/04\/Vi-Pro-EPDM-Contact-Adhesive-904.png\",\"contentUrl\":\"https:\/\/proventuss.eu\/wp-content\/uploads\/2022\/04\/Vi-Pro-EPDM-Contact-Adhesive-904.png\",\"width\":640,\"height\":640,\"caption\":\"Na zdj\u0119ciu jednosk\u0142adnikowy klej kontaktowy na bazie syntetycznego kauczuku i syntetycznych \u017cywic, przeznaczony do aplikacji na obie klejone powierzchnie.\"},{\"@type\":\"BreadcrumbList\",\"@id\":\"https:\/\/proventuss.eu\/cs\/produkt\/vi-pro-epdm-contact-adhesive-904\/#breadcrumb\",\"itemListElement\":[{\"@type\":\"ListItem\",\"position\":1,\"name\":\"Home\",\"item\":\"https:\/\/proventuss.eu\/\"},{\"@type\":\"ListItem\",\"position\":2,\"name\":\"Produkty\",\"item\":\"https:\/\/proventuss.eu\/produkty\/\"},{\"@type\":\"ListItem\",\"position\":3,\"name\":\"Vi-Pro\u00ae EPDM CONTACT ADHESIVE 904\"}]},{\"@type\":\"WebSite\",\"@id\":\"https:\/\/proventuss.eu\/#website\",\"url\":\"https:\/\/proventuss.eu\/\",\"name\":\"Proventuss\",\"description\":\"\",\"potentialAction\":[{\"@type\":\"SearchAction\",\"target\":{\"@type\":\"EntryPoint\",\"urlTemplate\":\"https:\/\/proventuss.eu\/?s={search_term_string}\"},\"query-input\":\"required name=search_term_string\"}],\"inLanguage\":\"cs\"}]}<\/script>\n<!-- \/ Yoast SEO plugin. -->","yoast_head_json":{"title":"Vi-Pro\u00ae EPDM CONTACT ADHESIVE 904 - Proventuss","robots":{"index":"index","follow":"follow","max-snippet":"max-snippet:-1","max-image-preview":"max-image-preview:large","max-video-preview":"max-video-preview:-1"},"canonical":"https:\/\/proventuss.eu\/cs\/produkt\/vi-pro-epdm-contact-adhesive-904\/","og_locale":"cs_CZ","og_type":"article","og_title":"Vi-Pro\u00ae EPDM CONTACT ADHESIVE 904 - Proventuss","og_description":"U\u010dinn\u00e9 a rychl\u00e9 spojen\u00ed EPDM f\u00f3lie s podkladem je zaji\u0161t\u011bno kontaktn\u00edm lepidlem EPDM Vi-Pro\u00ae EPDM Kontaktn\u00ed lepidlo 904. Je to VYSOCE KVALITN\u00cd, JEDNOSLO\u017dKOV\u00c9 LEPIDLO NA B\u00c1ZI SYNTETICK\u00c9 PRY\u017dE A SYNTETICK\u00ddCH PRYSKY\u0158IC, navr\u017een\u00e9 pro aplikaci na obou lepen\u00fdch ploch\u00e1ch (EPDM p\u00e1s a podklad). D\u00edky sv\u00e9 skv\u011bl\u00e9 p\u0159ilnavosti m\u016f\u017ee b\u00fdt pou\u017eito i na materi\u00e1lech jako: asfalt, butylovan\u00fd [&hellip;]","og_url":"https:\/\/proventuss.eu\/cs\/produkt\/vi-pro-epdm-contact-adhesive-904\/","og_site_name":"Proventuss","article_modified_time":"2024-09-04T07:04:18+00:00","og_image":[{"width":640,"height":640,"url":"https:\/\/proventuss.eu\/wp-content\/uploads\/2022\/04\/Vi-Pro-EPDM-Contact-Adhesive-904.png","type":"image\/png"}],"twitter_card":"summary_large_image","twitter_misc":{"Odhadovan\u00e1 doba \u010dten\u00ed":"1 minuta"},"schema":{"@context":"https:\/\/schema.org","@graph":[{"@type":"WebPage","@id":"https:\/\/proventuss.eu\/cs\/produkt\/vi-pro-epdm-contact-adhesive-904\/","url":"https:\/\/proventuss.eu\/cs\/produkt\/vi-pro-epdm-contact-adhesive-904\/","name":"Vi-Pro\u00ae EPDM CONTACT ADHESIVE 904 - Proventuss","isPartOf":{"@id":"https:\/\/proventuss.eu\/#website"},"primaryImageOfPage":{"@id":"https:\/\/proventuss.eu\/cs\/produkt\/vi-pro-epdm-contact-adhesive-904\/#primaryimage"},"image":{"@id":"https:\/\/proventuss.eu\/cs\/produkt\/vi-pro-epdm-contact-adhesive-904\/#primaryimage"},"thumbnailUrl":"https:\/\/proventuss.eu\/wp-content\/uploads\/2022\/04\/Vi-Pro-EPDM-Contact-Adhesive-904.png","datePublished":"2022-04-26T09:14:22+00:00","dateModified":"2024-09-04T07:04:18+00:00","breadcrumb":{"@id":"https:\/\/proventuss.eu\/cs\/produkt\/vi-pro-epdm-contact-adhesive-904\/#breadcrumb"},"inLanguage":"cs","potentialAction":[{"@type":"ReadAction","target":["https:\/\/proventuss.eu\/cs\/produkt\/vi-pro-epdm-contact-adhesive-904\/"]}]},{"@type":"ImageObject","inLanguage":"cs","@id":"https:\/\/proventuss.eu\/cs\/produkt\/vi-pro-epdm-contact-adhesive-904\/#primaryimage","url":"https:\/\/proventuss.eu\/wp-content\/uploads\/2022\/04\/Vi-Pro-EPDM-Contact-Adhesive-904.png","contentUrl":"https:\/\/proventuss.eu\/wp-content\/uploads\/2022\/04\/Vi-Pro-EPDM-Contact-Adhesive-904.png","width":640,"height":640,"caption":"Na zdj\u0119ciu jednosk\u0142adnikowy klej kontaktowy na bazie syntetycznego kauczuku i syntetycznych \u017cywic, przeznaczony do aplikacji na obie klejone powierzchnie."},{"@type":"BreadcrumbList","@id":"https:\/\/proventuss.eu\/cs\/produkt\/vi-pro-epdm-contact-adhesive-904\/#breadcrumb","itemListElement":[{"@type":"ListItem","position":1,"name":"Home","item":"https:\/\/proventuss.eu\/"},{"@type":"ListItem","position":2,"name":"Produkty","item":"https:\/\/proventuss.eu\/produkty\/"},{"@type":"ListItem","position":3,"name":"Vi-Pro\u00ae EPDM CONTACT ADHESIVE 904"}]},{"@type":"WebSite","@id":"https:\/\/proventuss.eu\/#website","url":"https:\/\/proventuss.eu\/","name":"Proventuss","description":"","potentialAction":[{"@type":"SearchAction","target":{"@type":"EntryPoint","urlTemplate":"https:\/\/proventuss.eu\/?s={search_term_string}"},"query-input":"required name=search_term_string"}],"inLanguage":"cs"}]}},"_links":{"self":[{"href":"https:\/\/proventuss.eu\/cs\/wp-json\/wp\/v2\/product\/6518"}],"collection":[{"href":"https:\/\/proventuss.eu\/cs\/wp-json\/wp\/v2\/product"}],"about":[{"href":"https:\/\/proventuss.eu\/cs\/wp-json\/wp\/v2\/types\/product"}],"replies":[{"embeddable":true,"href":"https:\/\/proventuss.eu\/cs\/wp-json\/wp\/v2\/comments?post=6518"}],"wp:featuredmedia":[{"embeddable":true,"href":"https:\/\/proventuss.eu\/cs\/wp-json\/wp\/v2\/media\/4935"}],"wp:attachment":[{"href":"https:\/\/proventuss.eu\/cs\/wp-json\/wp\/v2\/media?parent=6518"}],"wp:term":[{"taxonomy":"product_cat","embeddable":true,"href":"https:\/\/proventuss.eu\/cs\/wp-json\/wp\/v2\/product_cat?post=6518"},{"taxonomy":"product_tag","embeddable":true,"href":"https:\/\/proventuss.eu\/cs\/wp-json\/wp\/v2\/product_tag?post=6518"}],"curies":[{"name":"wp","href":"https:\/\/api.w.org\/{rel}","templated":true}]}}