{"id":6517,"date":"2022-04-26T09:09:49","date_gmt":"2022-04-26T09:09:49","guid":{"rendered":"https:\/\/proventuss.eu\/produkt\/vi-pro-epdm-paste-adhesive-903\/"},"modified":"2024-09-04T06:25:59","modified_gmt":"2024-09-04T06:25:59","slug":"vi-pro-epdm-paste-adhesive-903","status":"publish","type":"product","link":"https:\/\/proventuss.eu\/cs\/produkt\/vi-pro-epdm-paste-adhesive-903\/","title":{"rendered":"Vi-Pro\u00ae EPDM PASTE ADHESIVE 903"},"content":{"rendered":"<p><strong>JEDNOSLO\u017dKOV\u00c9 LEPIDLO NA B\u00c1ZI VISK\u00d3ZN\u00cdHO POLYMERU<\/strong> s mal\u00fdm p\u0159\u00eddavkem rozpou\u0161t\u011bdla, aplikovan\u00e9 ru\u010dn\u00ed pistol\u00ed. Navr\u017eeno pro jednostrann\u00e9 lepen\u00ed EPDM p\u00e1s\u016f a butylov\u00fdch f\u00f3li\u00ed k podkladu. S Vi-Pro\u00ae Pastov\u00e9 lepidlo 903 lze pozici EPDM p\u00e1su upravit, na rozd\u00edl od Vi-Pro\u00ae Kontaktn\u00edho lepidla 904, kter\u00e9 lep\u00ed od prvnho doteku a nen\u00ed mo\u017en\u00e9 upravit pozici p\u00e1su. Poskytuje skv\u011blou p\u0159ilnavost k n\u00e1sleduj\u00edc\u00edm materi\u00e1l\u016fm: EPDM, asfalt, butyl, hlin\u00edk, PVC, d\u0159evo, ocel, akrylov\u00e9 sklo, beton, porobeton.<\/p>\n","protected":false},"excerpt":{"rendered":"<p>JEDNOSLO\u017dKOV\u00c9 LEPIDLO NA B\u00c1ZI VISK\u00d3ZN\u00cdHO POLYMERU s mal\u00fdm p\u0159\u00eddavkem rozpou\u0161t\u011bdla, aplikovan\u00e9 ru\u010dn\u00ed pistol\u00ed. Navr\u017eeno pro jednostrann\u00e9 lepen\u00ed EPDM p\u00e1s\u016f a butylov\u00fdch f\u00f3li\u00ed k podkladu. S Vi-Pro\u00ae Pastov\u00e9 lepidlo 903 lze pozici EPDM p\u00e1su upravit, na rozd\u00edl od Vi-Pro\u00ae Kontaktn\u00edho lepidla 904, kter\u00e9 lep\u00ed od prvnho doteku a nen\u00ed mo\u017en\u00e9 upravit pozici p\u00e1su. Poskytuje skv\u011blou p\u0159ilnavost [&hellip;]<\/p>\n","protected":false},"featured_media":4647,"comment_status":"open","ping_status":"closed","template":"","meta":{"_acf_changed":false},"product_cat":[316],"product_tag":[],"acf":[],"yoast_head":"<!-- This site is optimized with the Yoast SEO plugin v22.9 - https:\/\/yoast.com\/wordpress\/plugins\/seo\/ -->\n<title>Vi-Pro\u00ae EPDM PASTE ADHESIVE 903 - Proventuss<\/title>\n<meta name=\"robots\" content=\"index, follow, max-snippet:-1, max-image-preview:large, max-video-preview:-1\" \/>\n<link rel=\"canonical\" href=\"https:\/\/proventuss.eu\/cs\/produkt\/vi-pro-epdm-paste-adhesive-903\/\" \/>\n<meta property=\"og:locale\" content=\"cs_CZ\" \/>\n<meta property=\"og:type\" content=\"article\" \/>\n<meta property=\"og:title\" content=\"Vi-Pro\u00ae EPDM PASTE ADHESIVE 903 - Proventuss\" \/>\n<meta property=\"og:description\" content=\"JEDNOSLO\u017dKOV\u00c9 LEPIDLO NA B\u00c1ZI VISK\u00d3ZN\u00cdHO POLYMERU s mal\u00fdm p\u0159\u00eddavkem rozpou\u0161t\u011bdla, aplikovan\u00e9 ru\u010dn\u00ed pistol\u00ed. Navr\u017eeno pro jednostrann\u00e9 lepen\u00ed EPDM p\u00e1s\u016f a butylov\u00fdch f\u00f3li\u00ed k podkladu. S Vi-Pro\u00ae Pastov\u00e9 lepidlo 903 lze pozici EPDM p\u00e1su upravit, na rozd\u00edl od Vi-Pro\u00ae Kontaktn\u00edho lepidla 904, kter\u00e9 lep\u00ed od prvnho doteku a nen\u00ed mo\u017en\u00e9 upravit pozici p\u00e1su. Poskytuje skv\u011blou p\u0159ilnavost [&hellip;]\" \/>\n<meta property=\"og:url\" content=\"https:\/\/proventuss.eu\/cs\/produkt\/vi-pro-epdm-paste-adhesive-903\/\" \/>\n<meta property=\"og:site_name\" content=\"Proventuss\" \/>\n<meta property=\"article:modified_time\" content=\"2024-09-04T06:25:59+00:00\" \/>\n<meta property=\"og:image\" content=\"https:\/\/proventuss.eu\/wp-content\/uploads\/2022\/04\/Vi-Pro-EPDM-Paste-Adhesive-903-e1650964440581.png\" \/>\n\t<meta property=\"og:image:width\" content=\"177\" \/>\n\t<meta property=\"og:image:height\" content=\"506\" \/>\n\t<meta property=\"og:image:type\" content=\"image\/png\" \/>\n<meta name=\"twitter:card\" content=\"summary_large_image\" \/>\n<meta name=\"twitter:label1\" content=\"Odhadovan\u00e1 doba \u010dten\u00ed\" \/>\n\t<meta name=\"twitter:data1\" content=\"1 minuta\" \/>\n<script type=\"application\/ld+json\" class=\"yoast-schema-graph\">{\"@context\":\"https:\/\/schema.org\",\"@graph\":[{\"@type\":\"WebPage\",\"@id\":\"https:\/\/proventuss.eu\/cs\/produkt\/vi-pro-epdm-paste-adhesive-903\/\",\"url\":\"https:\/\/proventuss.eu\/cs\/produkt\/vi-pro-epdm-paste-adhesive-903\/\",\"name\":\"Vi-Pro\u00ae EPDM PASTE ADHESIVE 903 - Proventuss\",\"isPartOf\":{\"@id\":\"https:\/\/proventuss.eu\/#website\"},\"primaryImageOfPage\":{\"@id\":\"https:\/\/proventuss.eu\/cs\/produkt\/vi-pro-epdm-paste-adhesive-903\/#primaryimage\"},\"image\":{\"@id\":\"https:\/\/proventuss.eu\/cs\/produkt\/vi-pro-epdm-paste-adhesive-903\/#primaryimage\"},\"thumbnailUrl\":\"https:\/\/proventuss.eu\/wp-content\/uploads\/2022\/04\/Vi-Pro-EPDM-Paste-Adhesive-903-e1650964440581.png\",\"datePublished\":\"2022-04-26T09:09:49+00:00\",\"dateModified\":\"2024-09-04T06:25:59+00:00\",\"breadcrumb\":{\"@id\":\"https:\/\/proventuss.eu\/cs\/produkt\/vi-pro-epdm-paste-adhesive-903\/#breadcrumb\"},\"inLanguage\":\"cs\",\"potentialAction\":[{\"@type\":\"ReadAction\",\"target\":[\"https:\/\/proventuss.eu\/cs\/produkt\/vi-pro-epdm-paste-adhesive-903\/\"]}]},{\"@type\":\"ImageObject\",\"inLanguage\":\"cs\",\"@id\":\"https:\/\/proventuss.eu\/cs\/produkt\/vi-pro-epdm-paste-adhesive-903\/#primaryimage\",\"url\":\"https:\/\/proventuss.eu\/wp-content\/uploads\/2022\/04\/Vi-Pro-EPDM-Paste-Adhesive-903-e1650964440581.png\",\"contentUrl\":\"https:\/\/proventuss.eu\/wp-content\/uploads\/2022\/04\/Vi-Pro-EPDM-Paste-Adhesive-903-e1650964440581.png\",\"width\":177,\"height\":506,\"caption\":\"Na zdj\u0119ciu klej na bazie polimeru o du\u017cej lepko\u015bci z niewielk\u0105 domieszk\u0105 rozpuszczalnika przeznaczony do jednostronnego klejenia pas\u00f3w EPDM i butyl do pod\u0142o\u017ca.\"},{\"@type\":\"BreadcrumbList\",\"@id\":\"https:\/\/proventuss.eu\/cs\/produkt\/vi-pro-epdm-paste-adhesive-903\/#breadcrumb\",\"itemListElement\":[{\"@type\":\"ListItem\",\"position\":1,\"name\":\"Home\",\"item\":\"https:\/\/proventuss.eu\/\"},{\"@type\":\"ListItem\",\"position\":2,\"name\":\"Produkty\",\"item\":\"https:\/\/proventuss.eu\/produkty\/\"},{\"@type\":\"ListItem\",\"position\":3,\"name\":\"Vi-Pro\u00ae EPDM PASTE ADHESIVE 903\"}]},{\"@type\":\"WebSite\",\"@id\":\"https:\/\/proventuss.eu\/#website\",\"url\":\"https:\/\/proventuss.eu\/\",\"name\":\"Proventuss\",\"description\":\"\",\"potentialAction\":[{\"@type\":\"SearchAction\",\"target\":{\"@type\":\"EntryPoint\",\"urlTemplate\":\"https:\/\/proventuss.eu\/?s={search_term_string}\"},\"query-input\":\"required name=search_term_string\"}],\"inLanguage\":\"cs\"}]}<\/script>\n<!-- \/ Yoast SEO plugin. -->","yoast_head_json":{"title":"Vi-Pro\u00ae EPDM PASTE ADHESIVE 903 - Proventuss","robots":{"index":"index","follow":"follow","max-snippet":"max-snippet:-1","max-image-preview":"max-image-preview:large","max-video-preview":"max-video-preview:-1"},"canonical":"https:\/\/proventuss.eu\/cs\/produkt\/vi-pro-epdm-paste-adhesive-903\/","og_locale":"cs_CZ","og_type":"article","og_title":"Vi-Pro\u00ae EPDM PASTE ADHESIVE 903 - Proventuss","og_description":"JEDNOSLO\u017dKOV\u00c9 LEPIDLO NA B\u00c1ZI VISK\u00d3ZN\u00cdHO POLYMERU s mal\u00fdm p\u0159\u00eddavkem rozpou\u0161t\u011bdla, aplikovan\u00e9 ru\u010dn\u00ed pistol\u00ed. Navr\u017eeno pro jednostrann\u00e9 lepen\u00ed EPDM p\u00e1s\u016f a butylov\u00fdch f\u00f3li\u00ed k podkladu. S Vi-Pro\u00ae Pastov\u00e9 lepidlo 903 lze pozici EPDM p\u00e1su upravit, na rozd\u00edl od Vi-Pro\u00ae Kontaktn\u00edho lepidla 904, kter\u00e9 lep\u00ed od prvnho doteku a nen\u00ed mo\u017en\u00e9 upravit pozici p\u00e1su. Poskytuje skv\u011blou p\u0159ilnavost [&hellip;]","og_url":"https:\/\/proventuss.eu\/cs\/produkt\/vi-pro-epdm-paste-adhesive-903\/","og_site_name":"Proventuss","article_modified_time":"2024-09-04T06:25:59+00:00","og_image":[{"width":177,"height":506,"url":"https:\/\/proventuss.eu\/wp-content\/uploads\/2022\/04\/Vi-Pro-EPDM-Paste-Adhesive-903-e1650964440581.png","type":"image\/png"}],"twitter_card":"summary_large_image","twitter_misc":{"Odhadovan\u00e1 doba \u010dten\u00ed":"1 minuta"},"schema":{"@context":"https:\/\/schema.org","@graph":[{"@type":"WebPage","@id":"https:\/\/proventuss.eu\/cs\/produkt\/vi-pro-epdm-paste-adhesive-903\/","url":"https:\/\/proventuss.eu\/cs\/produkt\/vi-pro-epdm-paste-adhesive-903\/","name":"Vi-Pro\u00ae EPDM PASTE ADHESIVE 903 - Proventuss","isPartOf":{"@id":"https:\/\/proventuss.eu\/#website"},"primaryImageOfPage":{"@id":"https:\/\/proventuss.eu\/cs\/produkt\/vi-pro-epdm-paste-adhesive-903\/#primaryimage"},"image":{"@id":"https:\/\/proventuss.eu\/cs\/produkt\/vi-pro-epdm-paste-adhesive-903\/#primaryimage"},"thumbnailUrl":"https:\/\/proventuss.eu\/wp-content\/uploads\/2022\/04\/Vi-Pro-EPDM-Paste-Adhesive-903-e1650964440581.png","datePublished":"2022-04-26T09:09:49+00:00","dateModified":"2024-09-04T06:25:59+00:00","breadcrumb":{"@id":"https:\/\/proventuss.eu\/cs\/produkt\/vi-pro-epdm-paste-adhesive-903\/#breadcrumb"},"inLanguage":"cs","potentialAction":[{"@type":"ReadAction","target":["https:\/\/proventuss.eu\/cs\/produkt\/vi-pro-epdm-paste-adhesive-903\/"]}]},{"@type":"ImageObject","inLanguage":"cs","@id":"https:\/\/proventuss.eu\/cs\/produkt\/vi-pro-epdm-paste-adhesive-903\/#primaryimage","url":"https:\/\/proventuss.eu\/wp-content\/uploads\/2022\/04\/Vi-Pro-EPDM-Paste-Adhesive-903-e1650964440581.png","contentUrl":"https:\/\/proventuss.eu\/wp-content\/uploads\/2022\/04\/Vi-Pro-EPDM-Paste-Adhesive-903-e1650964440581.png","width":177,"height":506,"caption":"Na zdj\u0119ciu klej na bazie polimeru o du\u017cej lepko\u015bci z niewielk\u0105 domieszk\u0105 rozpuszczalnika przeznaczony do jednostronnego klejenia pas\u00f3w EPDM i butyl do pod\u0142o\u017ca."},{"@type":"BreadcrumbList","@id":"https:\/\/proventuss.eu\/cs\/produkt\/vi-pro-epdm-paste-adhesive-903\/#breadcrumb","itemListElement":[{"@type":"ListItem","position":1,"name":"Home","item":"https:\/\/proventuss.eu\/"},{"@type":"ListItem","position":2,"name":"Produkty","item":"https:\/\/proventuss.eu\/produkty\/"},{"@type":"ListItem","position":3,"name":"Vi-Pro\u00ae EPDM PASTE ADHESIVE 903"}]},{"@type":"WebSite","@id":"https:\/\/proventuss.eu\/#website","url":"https:\/\/proventuss.eu\/","name":"Proventuss","description":"","potentialAction":[{"@type":"SearchAction","target":{"@type":"EntryPoint","urlTemplate":"https:\/\/proventuss.eu\/?s={search_term_string}"},"query-input":"required name=search_term_string"}],"inLanguage":"cs"}]}},"_links":{"self":[{"href":"https:\/\/proventuss.eu\/cs\/wp-json\/wp\/v2\/product\/6517"}],"collection":[{"href":"https:\/\/proventuss.eu\/cs\/wp-json\/wp\/v2\/product"}],"about":[{"href":"https:\/\/proventuss.eu\/cs\/wp-json\/wp\/v2\/types\/product"}],"replies":[{"embeddable":true,"href":"https:\/\/proventuss.eu\/cs\/wp-json\/wp\/v2\/comments?post=6517"}],"wp:featuredmedia":[{"embeddable":true,"href":"https:\/\/proventuss.eu\/cs\/wp-json\/wp\/v2\/media\/4647"}],"wp:attachment":[{"href":"https:\/\/proventuss.eu\/cs\/wp-json\/wp\/v2\/media?parent=6517"}],"wp:term":[{"taxonomy":"product_cat","embeddable":true,"href":"https:\/\/proventuss.eu\/cs\/wp-json\/wp\/v2\/product_cat?post=6517"},{"taxonomy":"product_tag","embeddable":true,"href":"https:\/\/proventuss.eu\/cs\/wp-json\/wp\/v2\/product_tag?post=6517"}],"curies":[{"name":"wp","href":"https:\/\/api.w.org\/{rel}","templated":true}]}}