{"id":6516,"date":"2022-04-26T09:07:48","date_gmt":"2022-04-26T09:07:48","guid":{"rendered":"https:\/\/proventuss.eu\/produkt\/vi-pro-epdm-membrane-butyl-layer\/"},"modified":"2023-06-23T09:34:19","modified_gmt":"2023-06-23T09:34:19","slug":"vi-pro-epdm-membrane-butyl-layer","status":"publish","type":"product","link":"https:\/\/proventuss.eu\/cs\/produkt\/vi-pro-epdm-membrane-butyl-layer\/","title":{"rendered":"Vi-Pro\u00ae EPDM MEMBRANE BUTYL LAYER"},"content":{"rendered":"<p><strong>SAMOLEP\u00cdC\u00cd HYDROIZOLA\u010cN\u00cd P\u00c1SY<\/strong> na b\u00e1zi pry\u017eov\u00e9ho polymeru EPDM. V\u00fdrobek sest\u00e1v\u00e1 z 1,0 mm tlust\u00e9 EPDM f\u00f3lie vyztu\u017een\u00e9 tkaninou s nanesenou vrstvou 0,6 mm lepiv\u00e9ho butylu, kter\u00fd je pokryt ochrannou p\u00e1skou. EPDM a samolep\u00edc\u00ed butyl spolu poskytuj\u00ed v\u00fdrobek s vysok\u00fdm sou\u010dinitelem propustnosti vodn\u00ed p\u00e1ry. Vi-Pro EPDM Butyl Layerje dostupn\u00fd v \u010dern\u00e9 barv\u011b.<\/p>\n","protected":false},"excerpt":{"rendered":"<p>SAMOLEP\u00cdC\u00cd HYDROIZOLA\u010cN\u00cd P\u00c1SY na b\u00e1zi pry\u017eov\u00e9ho polymeru EPDM. V\u00fdrobek sest\u00e1v\u00e1 z 1,0 mm tlust\u00e9 EPDM f\u00f3lie vyztu\u017een\u00e9 tkaninou s nanesenou vrstvou 0,6 mm lepiv\u00e9ho butylu, kter\u00fd je pokryt ochrannou p\u00e1skou. EPDM a samolep\u00edc\u00ed butyl spolu poskytuj\u00ed v\u00fdrobek s vysok\u00fdm sou\u010dinitelem propustnosti vodn\u00ed p\u00e1ry. Vi-Pro EPDM Butyl Layerje dostupn\u00fd v \u010dern\u00e9 barv\u011b.<\/p>\n","protected":false},"featured_media":4644,"comment_status":"open","ping_status":"closed","template":"","meta":{"_acf_changed":false},"product_cat":[316],"product_tag":[],"acf":[],"yoast_head":"<!-- This site is optimized with the Yoast SEO plugin v22.9 - https:\/\/yoast.com\/wordpress\/plugins\/seo\/ -->\n<title>Vi-Pro\u00ae EPDM MEMBRANE BUTYL LAYER - Proventuss<\/title>\n<meta name=\"robots\" content=\"index, follow, max-snippet:-1, max-image-preview:large, max-video-preview:-1\" \/>\n<link rel=\"canonical\" href=\"https:\/\/proventuss.eu\/cs\/produkt\/vi-pro-epdm-membrane-butyl-layer\/\" \/>\n<meta property=\"og:locale\" content=\"cs_CZ\" \/>\n<meta property=\"og:type\" content=\"article\" \/>\n<meta property=\"og:title\" content=\"Vi-Pro\u00ae EPDM MEMBRANE BUTYL LAYER - Proventuss\" \/>\n<meta property=\"og:description\" content=\"SAMOLEP\u00cdC\u00cd HYDROIZOLA\u010cN\u00cd P\u00c1SY na b\u00e1zi pry\u017eov\u00e9ho polymeru EPDM. V\u00fdrobek sest\u00e1v\u00e1 z 1,0 mm tlust\u00e9 EPDM f\u00f3lie vyztu\u017een\u00e9 tkaninou s nanesenou vrstvou 0,6 mm lepiv\u00e9ho butylu, kter\u00fd je pokryt ochrannou p\u00e1skou. EPDM a samolep\u00edc\u00ed butyl spolu poskytuj\u00ed v\u00fdrobek s vysok\u00fdm sou\u010dinitelem propustnosti vodn\u00ed p\u00e1ry. Vi-Pro EPDM Butyl Layerje dostupn\u00fd v \u010dern\u00e9 barv\u011b.\" \/>\n<meta property=\"og:url\" content=\"https:\/\/proventuss.eu\/cs\/produkt\/vi-pro-epdm-membrane-butyl-layer\/\" \/>\n<meta property=\"og:site_name\" content=\"Proventuss\" \/>\n<meta property=\"article:modified_time\" content=\"2023-06-23T09:34:19+00:00\" \/>\n<meta property=\"og:image\" content=\"https:\/\/proventuss.eu\/wp-content\/uploads\/2022\/04\/EPDM-Butyl-Layer.jpg\" \/>\n\t<meta property=\"og:image:width\" content=\"832\" \/>\n\t<meta property=\"og:image:height\" content=\"640\" \/>\n\t<meta property=\"og:image:type\" content=\"image\/jpeg\" \/>\n<meta name=\"twitter:card\" content=\"summary_large_image\" \/>\n<meta name=\"twitter:label1\" content=\"Odhadovan\u00e1 doba \u010dten\u00ed\" \/>\n\t<meta name=\"twitter:data1\" content=\"1 minuta\" \/>\n<script type=\"application\/ld+json\" class=\"yoast-schema-graph\">{\"@context\":\"https:\/\/schema.org\",\"@graph\":[{\"@type\":\"WebPage\",\"@id\":\"https:\/\/proventuss.eu\/cs\/produkt\/vi-pro-epdm-membrane-butyl-layer\/\",\"url\":\"https:\/\/proventuss.eu\/cs\/produkt\/vi-pro-epdm-membrane-butyl-layer\/\",\"name\":\"Vi-Pro\u00ae EPDM MEMBRANE BUTYL LAYER - Proventuss\",\"isPartOf\":{\"@id\":\"https:\/\/proventuss.eu\/#website\"},\"primaryImageOfPage\":{\"@id\":\"https:\/\/proventuss.eu\/cs\/produkt\/vi-pro-epdm-membrane-butyl-layer\/#primaryimage\"},\"image\":{\"@id\":\"https:\/\/proventuss.eu\/cs\/produkt\/vi-pro-epdm-membrane-butyl-layer\/#primaryimage\"},\"thumbnailUrl\":\"https:\/\/proventuss.eu\/wp-content\/uploads\/2022\/04\/EPDM-Butyl-Layer.jpg\",\"datePublished\":\"2022-04-26T09:07:48+00:00\",\"dateModified\":\"2023-06-23T09:34:19+00:00\",\"breadcrumb\":{\"@id\":\"https:\/\/proventuss.eu\/cs\/produkt\/vi-pro-epdm-membrane-butyl-layer\/#breadcrumb\"},\"inLanguage\":\"cs\",\"potentialAction\":[{\"@type\":\"ReadAction\",\"target\":[\"https:\/\/proventuss.eu\/cs\/produkt\/vi-pro-epdm-membrane-butyl-layer\/\"]}]},{\"@type\":\"ImageObject\",\"inLanguage\":\"cs\",\"@id\":\"https:\/\/proventuss.eu\/cs\/produkt\/vi-pro-epdm-membrane-butyl-layer\/#primaryimage\",\"url\":\"https:\/\/proventuss.eu\/wp-content\/uploads\/2022\/04\/EPDM-Butyl-Layer.jpg\",\"contentUrl\":\"https:\/\/proventuss.eu\/wp-content\/uploads\/2022\/04\/EPDM-Butyl-Layer.jpg\",\"width\":832,\"height\":640,\"caption\":\"Na zdj\u0119ciu samoprzylepny, fasadowy pas uszczelniaj\u0105cy z EPDM o grubo\u015bci 1,6 mm o niskim wsp\u00f3\u0142czynniku oporu na dyfuzje pary wodnej. Kolor czarny. Rolka.\"},{\"@type\":\"BreadcrumbList\",\"@id\":\"https:\/\/proventuss.eu\/cs\/produkt\/vi-pro-epdm-membrane-butyl-layer\/#breadcrumb\",\"itemListElement\":[{\"@type\":\"ListItem\",\"position\":1,\"name\":\"Home\",\"item\":\"https:\/\/proventuss.eu\/\"},{\"@type\":\"ListItem\",\"position\":2,\"name\":\"Produkty\",\"item\":\"https:\/\/proventuss.eu\/produkty\/\"},{\"@type\":\"ListItem\",\"position\":3,\"name\":\"Vi-Pro\u00ae EPDM MEMBRANE BUTYL LAYER\"}]},{\"@type\":\"WebSite\",\"@id\":\"https:\/\/proventuss.eu\/#website\",\"url\":\"https:\/\/proventuss.eu\/\",\"name\":\"Proventuss\",\"description\":\"\",\"potentialAction\":[{\"@type\":\"SearchAction\",\"target\":{\"@type\":\"EntryPoint\",\"urlTemplate\":\"https:\/\/proventuss.eu\/?s={search_term_string}\"},\"query-input\":\"required name=search_term_string\"}],\"inLanguage\":\"cs\"}]}<\/script>\n<!-- \/ Yoast SEO plugin. -->","yoast_head_json":{"title":"Vi-Pro\u00ae EPDM MEMBRANE BUTYL LAYER - Proventuss","robots":{"index":"index","follow":"follow","max-snippet":"max-snippet:-1","max-image-preview":"max-image-preview:large","max-video-preview":"max-video-preview:-1"},"canonical":"https:\/\/proventuss.eu\/cs\/produkt\/vi-pro-epdm-membrane-butyl-layer\/","og_locale":"cs_CZ","og_type":"article","og_title":"Vi-Pro\u00ae EPDM MEMBRANE BUTYL LAYER - Proventuss","og_description":"SAMOLEP\u00cdC\u00cd HYDROIZOLA\u010cN\u00cd P\u00c1SY na b\u00e1zi pry\u017eov\u00e9ho polymeru EPDM. V\u00fdrobek sest\u00e1v\u00e1 z 1,0 mm tlust\u00e9 EPDM f\u00f3lie vyztu\u017een\u00e9 tkaninou s nanesenou vrstvou 0,6 mm lepiv\u00e9ho butylu, kter\u00fd je pokryt ochrannou p\u00e1skou. EPDM a samolep\u00edc\u00ed butyl spolu poskytuj\u00ed v\u00fdrobek s vysok\u00fdm sou\u010dinitelem propustnosti vodn\u00ed p\u00e1ry. Vi-Pro EPDM Butyl Layerje dostupn\u00fd v \u010dern\u00e9 barv\u011b.","og_url":"https:\/\/proventuss.eu\/cs\/produkt\/vi-pro-epdm-membrane-butyl-layer\/","og_site_name":"Proventuss","article_modified_time":"2023-06-23T09:34:19+00:00","og_image":[{"width":832,"height":640,"url":"https:\/\/proventuss.eu\/wp-content\/uploads\/2022\/04\/EPDM-Butyl-Layer.jpg","type":"image\/jpeg"}],"twitter_card":"summary_large_image","twitter_misc":{"Odhadovan\u00e1 doba \u010dten\u00ed":"1 minuta"},"schema":{"@context":"https:\/\/schema.org","@graph":[{"@type":"WebPage","@id":"https:\/\/proventuss.eu\/cs\/produkt\/vi-pro-epdm-membrane-butyl-layer\/","url":"https:\/\/proventuss.eu\/cs\/produkt\/vi-pro-epdm-membrane-butyl-layer\/","name":"Vi-Pro\u00ae EPDM MEMBRANE BUTYL LAYER - Proventuss","isPartOf":{"@id":"https:\/\/proventuss.eu\/#website"},"primaryImageOfPage":{"@id":"https:\/\/proventuss.eu\/cs\/produkt\/vi-pro-epdm-membrane-butyl-layer\/#primaryimage"},"image":{"@id":"https:\/\/proventuss.eu\/cs\/produkt\/vi-pro-epdm-membrane-butyl-layer\/#primaryimage"},"thumbnailUrl":"https:\/\/proventuss.eu\/wp-content\/uploads\/2022\/04\/EPDM-Butyl-Layer.jpg","datePublished":"2022-04-26T09:07:48+00:00","dateModified":"2023-06-23T09:34:19+00:00","breadcrumb":{"@id":"https:\/\/proventuss.eu\/cs\/produkt\/vi-pro-epdm-membrane-butyl-layer\/#breadcrumb"},"inLanguage":"cs","potentialAction":[{"@type":"ReadAction","target":["https:\/\/proventuss.eu\/cs\/produkt\/vi-pro-epdm-membrane-butyl-layer\/"]}]},{"@type":"ImageObject","inLanguage":"cs","@id":"https:\/\/proventuss.eu\/cs\/produkt\/vi-pro-epdm-membrane-butyl-layer\/#primaryimage","url":"https:\/\/proventuss.eu\/wp-content\/uploads\/2022\/04\/EPDM-Butyl-Layer.jpg","contentUrl":"https:\/\/proventuss.eu\/wp-content\/uploads\/2022\/04\/EPDM-Butyl-Layer.jpg","width":832,"height":640,"caption":"Na zdj\u0119ciu samoprzylepny, fasadowy pas uszczelniaj\u0105cy z EPDM o grubo\u015bci 1,6 mm o niskim wsp\u00f3\u0142czynniku oporu na dyfuzje pary wodnej. Kolor czarny. Rolka."},{"@type":"BreadcrumbList","@id":"https:\/\/proventuss.eu\/cs\/produkt\/vi-pro-epdm-membrane-butyl-layer\/#breadcrumb","itemListElement":[{"@type":"ListItem","position":1,"name":"Home","item":"https:\/\/proventuss.eu\/"},{"@type":"ListItem","position":2,"name":"Produkty","item":"https:\/\/proventuss.eu\/produkty\/"},{"@type":"ListItem","position":3,"name":"Vi-Pro\u00ae EPDM MEMBRANE BUTYL LAYER"}]},{"@type":"WebSite","@id":"https:\/\/proventuss.eu\/#website","url":"https:\/\/proventuss.eu\/","name":"Proventuss","description":"","potentialAction":[{"@type":"SearchAction","target":{"@type":"EntryPoint","urlTemplate":"https:\/\/proventuss.eu\/?s={search_term_string}"},"query-input":"required name=search_term_string"}],"inLanguage":"cs"}]}},"_links":{"self":[{"href":"https:\/\/proventuss.eu\/cs\/wp-json\/wp\/v2\/product\/6516"}],"collection":[{"href":"https:\/\/proventuss.eu\/cs\/wp-json\/wp\/v2\/product"}],"about":[{"href":"https:\/\/proventuss.eu\/cs\/wp-json\/wp\/v2\/types\/product"}],"replies":[{"embeddable":true,"href":"https:\/\/proventuss.eu\/cs\/wp-json\/wp\/v2\/comments?post=6516"}],"wp:featuredmedia":[{"embeddable":true,"href":"https:\/\/proventuss.eu\/cs\/wp-json\/wp\/v2\/media\/4644"}],"wp:attachment":[{"href":"https:\/\/proventuss.eu\/cs\/wp-json\/wp\/v2\/media?parent=6516"}],"wp:term":[{"taxonomy":"product_cat","embeddable":true,"href":"https:\/\/proventuss.eu\/cs\/wp-json\/wp\/v2\/product_cat?post=6516"},{"taxonomy":"product_tag","embeddable":true,"href":"https:\/\/proventuss.eu\/cs\/wp-json\/wp\/v2\/product_tag?post=6516"}],"curies":[{"name":"wp","href":"https:\/\/api.w.org\/{rel}","templated":true}]}}