{"id":6515,"date":"2022-04-26T09:06:32","date_gmt":"2022-04-26T09:06:32","guid":{"rendered":"https:\/\/proventuss.eu\/produkt\/vi-pro-epdm-membrane-butyl-strips\/"},"modified":"2022-04-26T09:06:32","modified_gmt":"2022-04-26T09:06:32","slug":"vi-pro-epdm-membrane-butyl-strips","status":"publish","type":"product","link":"https:\/\/proventuss.eu\/cs\/produkt\/vi-pro-epdm-membrane-butyl-strips\/","title":{"rendered":"Vi-Pro\u00ae EPDM MEMBRANE BUTYL STRIPS"},"content":{"rendered":"<p><strong>HYDROIZOLA\u010cN\u00cd P\u00c1S<\/strong> na b\u00e1zi pry\u017eov\u00e9ho butylu s vysok\u00fdm sou\u010dinitelem pr\u016fchodu vodn\u00ed p\u00e1ry a je \u010d\u00e1ste\u010dn\u011b pokryt samolep\u00edc\u00edm butylov\u00fdm p\u00e1skem. V\u00fdrobek je dod\u00e1v\u00e1n v \u010dern\u00e9 barv\u011b a je z obou stran vzorovan\u00fd pro maxim\u00e1ln\u00ed p\u0159ilnavost.<\/p>\n","protected":false},"excerpt":{"rendered":"<p>HYDROIZOLA\u010cN\u00cd P\u00c1S na b\u00e1zi pry\u017eov\u00e9ho butylu s vysok\u00fdm sou\u010dinitelem pr\u016fchodu vodn\u00ed p\u00e1ry a je \u010d\u00e1ste\u010dn\u011b pokryt samolep\u00edc\u00edm butylov\u00fdm p\u00e1skem. V\u00fdrobek je dod\u00e1v\u00e1n v \u010dern\u00e9 barv\u011b a je z obou stran vzorovan\u00fd pro maxim\u00e1ln\u00ed p\u0159ilnavost.<\/p>\n","protected":false},"featured_media":4641,"comment_status":"open","ping_status":"closed","template":"","meta":{"_acf_changed":false},"product_cat":[316],"product_tag":[],"acf":[],"yoast_head":"<!-- This site is optimized with the Yoast SEO plugin v22.9 - https:\/\/yoast.com\/wordpress\/plugins\/seo\/ -->\n<title>Vi-Pro\u00ae EPDM MEMBRANE BUTYL STRIPS - Proventuss<\/title>\n<meta name=\"robots\" content=\"index, follow, max-snippet:-1, max-image-preview:large, max-video-preview:-1\" \/>\n<link rel=\"canonical\" href=\"https:\/\/proventuss.eu\/cs\/produkt\/vi-pro-epdm-membrane-butyl-strips\/\" \/>\n<meta property=\"og:locale\" content=\"cs_CZ\" \/>\n<meta property=\"og:type\" content=\"article\" \/>\n<meta property=\"og:title\" content=\"Vi-Pro\u00ae EPDM MEMBRANE BUTYL STRIPS - Proventuss\" \/>\n<meta property=\"og:description\" content=\"HYDROIZOLA\u010cN\u00cd P\u00c1S na b\u00e1zi pry\u017eov\u00e9ho butylu s vysok\u00fdm sou\u010dinitelem pr\u016fchodu vodn\u00ed p\u00e1ry a je \u010d\u00e1ste\u010dn\u011b pokryt samolep\u00edc\u00edm butylov\u00fdm p\u00e1skem. V\u00fdrobek je dod\u00e1v\u00e1n v \u010dern\u00e9 barv\u011b a je z obou stran vzorovan\u00fd pro maxim\u00e1ln\u00ed p\u0159ilnavost.\" \/>\n<meta property=\"og:url\" content=\"https:\/\/proventuss.eu\/cs\/produkt\/vi-pro-epdm-membrane-butyl-strips\/\" \/>\n<meta property=\"og:site_name\" content=\"Proventuss\" \/>\n<meta property=\"og:image\" content=\"https:\/\/proventuss.eu\/wp-content\/uploads\/2022\/04\/Vi-Pro-EPDM-Membrane.png\" \/>\n\t<meta property=\"og:image:width\" content=\"640\" \/>\n\t<meta property=\"og:image:height\" content=\"640\" \/>\n\t<meta property=\"og:image:type\" content=\"image\/png\" \/>\n<meta name=\"twitter:card\" content=\"summary_large_image\" \/>\n<script type=\"application\/ld+json\" class=\"yoast-schema-graph\">{\"@context\":\"https:\/\/schema.org\",\"@graph\":[{\"@type\":\"WebPage\",\"@id\":\"https:\/\/proventuss.eu\/cs\/produkt\/vi-pro-epdm-membrane-butyl-strips\/\",\"url\":\"https:\/\/proventuss.eu\/cs\/produkt\/vi-pro-epdm-membrane-butyl-strips\/\",\"name\":\"Vi-Pro\u00ae EPDM MEMBRANE BUTYL STRIPS - Proventuss\",\"isPartOf\":{\"@id\":\"https:\/\/proventuss.eu\/#website\"},\"primaryImageOfPage\":{\"@id\":\"https:\/\/proventuss.eu\/cs\/produkt\/vi-pro-epdm-membrane-butyl-strips\/#primaryimage\"},\"image\":{\"@id\":\"https:\/\/proventuss.eu\/cs\/produkt\/vi-pro-epdm-membrane-butyl-strips\/#primaryimage\"},\"thumbnailUrl\":\"https:\/\/proventuss.eu\/wp-content\/uploads\/2022\/04\/Vi-Pro-EPDM-Membrane.png\",\"datePublished\":\"2022-04-26T09:06:32+00:00\",\"dateModified\":\"2022-04-26T09:06:32+00:00\",\"breadcrumb\":{\"@id\":\"https:\/\/proventuss.eu\/cs\/produkt\/vi-pro-epdm-membrane-butyl-strips\/#breadcrumb\"},\"inLanguage\":\"cs\",\"potentialAction\":[{\"@type\":\"ReadAction\",\"target\":[\"https:\/\/proventuss.eu\/cs\/produkt\/vi-pro-epdm-membrane-butyl-strips\/\"]}]},{\"@type\":\"ImageObject\",\"inLanguage\":\"cs\",\"@id\":\"https:\/\/proventuss.eu\/cs\/produkt\/vi-pro-epdm-membrane-butyl-strips\/#primaryimage\",\"url\":\"https:\/\/proventuss.eu\/wp-content\/uploads\/2022\/04\/Vi-Pro-EPDM-Membrane.png\",\"contentUrl\":\"https:\/\/proventuss.eu\/wp-content\/uploads\/2022\/04\/Vi-Pro-EPDM-Membrane.png\",\"width\":640,\"height\":640,\"caption\":\"Na zdj\u0119ciu membrana EPDM z paskiem butylu wykonana na bazie kauczuku syntetycznego o niskim wsp\u00f3\u0142czynniku oporu na dyfuzje pary wodnej. Kolor rolki czarny.\"},{\"@type\":\"BreadcrumbList\",\"@id\":\"https:\/\/proventuss.eu\/cs\/produkt\/vi-pro-epdm-membrane-butyl-strips\/#breadcrumb\",\"itemListElement\":[{\"@type\":\"ListItem\",\"position\":1,\"name\":\"Home\",\"item\":\"https:\/\/proventuss.eu\/\"},{\"@type\":\"ListItem\",\"position\":2,\"name\":\"Produkty\",\"item\":\"https:\/\/proventuss.eu\/produkty\/\"},{\"@type\":\"ListItem\",\"position\":3,\"name\":\"Vi-Pro\u00ae EPDM MEMBRANE BUTYL STRIPS\"}]},{\"@type\":\"WebSite\",\"@id\":\"https:\/\/proventuss.eu\/#website\",\"url\":\"https:\/\/proventuss.eu\/\",\"name\":\"Proventuss\",\"description\":\"\",\"potentialAction\":[{\"@type\":\"SearchAction\",\"target\":{\"@type\":\"EntryPoint\",\"urlTemplate\":\"https:\/\/proventuss.eu\/?s={search_term_string}\"},\"query-input\":\"required name=search_term_string\"}],\"inLanguage\":\"cs\"}]}<\/script>\n<!-- \/ Yoast SEO plugin. -->","yoast_head_json":{"title":"Vi-Pro\u00ae EPDM MEMBRANE BUTYL STRIPS - Proventuss","robots":{"index":"index","follow":"follow","max-snippet":"max-snippet:-1","max-image-preview":"max-image-preview:large","max-video-preview":"max-video-preview:-1"},"canonical":"https:\/\/proventuss.eu\/cs\/produkt\/vi-pro-epdm-membrane-butyl-strips\/","og_locale":"cs_CZ","og_type":"article","og_title":"Vi-Pro\u00ae EPDM MEMBRANE BUTYL STRIPS - Proventuss","og_description":"HYDROIZOLA\u010cN\u00cd P\u00c1S na b\u00e1zi pry\u017eov\u00e9ho butylu s vysok\u00fdm sou\u010dinitelem pr\u016fchodu vodn\u00ed p\u00e1ry a je \u010d\u00e1ste\u010dn\u011b pokryt samolep\u00edc\u00edm butylov\u00fdm p\u00e1skem. V\u00fdrobek je dod\u00e1v\u00e1n v \u010dern\u00e9 barv\u011b a je z obou stran vzorovan\u00fd pro maxim\u00e1ln\u00ed p\u0159ilnavost.","og_url":"https:\/\/proventuss.eu\/cs\/produkt\/vi-pro-epdm-membrane-butyl-strips\/","og_site_name":"Proventuss","og_image":[{"width":640,"height":640,"url":"https:\/\/proventuss.eu\/wp-content\/uploads\/2022\/04\/Vi-Pro-EPDM-Membrane.png","type":"image\/png"}],"twitter_card":"summary_large_image","schema":{"@context":"https:\/\/schema.org","@graph":[{"@type":"WebPage","@id":"https:\/\/proventuss.eu\/cs\/produkt\/vi-pro-epdm-membrane-butyl-strips\/","url":"https:\/\/proventuss.eu\/cs\/produkt\/vi-pro-epdm-membrane-butyl-strips\/","name":"Vi-Pro\u00ae EPDM MEMBRANE BUTYL STRIPS - Proventuss","isPartOf":{"@id":"https:\/\/proventuss.eu\/#website"},"primaryImageOfPage":{"@id":"https:\/\/proventuss.eu\/cs\/produkt\/vi-pro-epdm-membrane-butyl-strips\/#primaryimage"},"image":{"@id":"https:\/\/proventuss.eu\/cs\/produkt\/vi-pro-epdm-membrane-butyl-strips\/#primaryimage"},"thumbnailUrl":"https:\/\/proventuss.eu\/wp-content\/uploads\/2022\/04\/Vi-Pro-EPDM-Membrane.png","datePublished":"2022-04-26T09:06:32+00:00","dateModified":"2022-04-26T09:06:32+00:00","breadcrumb":{"@id":"https:\/\/proventuss.eu\/cs\/produkt\/vi-pro-epdm-membrane-butyl-strips\/#breadcrumb"},"inLanguage":"cs","potentialAction":[{"@type":"ReadAction","target":["https:\/\/proventuss.eu\/cs\/produkt\/vi-pro-epdm-membrane-butyl-strips\/"]}]},{"@type":"ImageObject","inLanguage":"cs","@id":"https:\/\/proventuss.eu\/cs\/produkt\/vi-pro-epdm-membrane-butyl-strips\/#primaryimage","url":"https:\/\/proventuss.eu\/wp-content\/uploads\/2022\/04\/Vi-Pro-EPDM-Membrane.png","contentUrl":"https:\/\/proventuss.eu\/wp-content\/uploads\/2022\/04\/Vi-Pro-EPDM-Membrane.png","width":640,"height":640,"caption":"Na zdj\u0119ciu membrana EPDM z paskiem butylu wykonana na bazie kauczuku syntetycznego o niskim wsp\u00f3\u0142czynniku oporu na dyfuzje pary wodnej. Kolor rolki czarny."},{"@type":"BreadcrumbList","@id":"https:\/\/proventuss.eu\/cs\/produkt\/vi-pro-epdm-membrane-butyl-strips\/#breadcrumb","itemListElement":[{"@type":"ListItem","position":1,"name":"Home","item":"https:\/\/proventuss.eu\/"},{"@type":"ListItem","position":2,"name":"Produkty","item":"https:\/\/proventuss.eu\/produkty\/"},{"@type":"ListItem","position":3,"name":"Vi-Pro\u00ae EPDM MEMBRANE BUTYL STRIPS"}]},{"@type":"WebSite","@id":"https:\/\/proventuss.eu\/#website","url":"https:\/\/proventuss.eu\/","name":"Proventuss","description":"","potentialAction":[{"@type":"SearchAction","target":{"@type":"EntryPoint","urlTemplate":"https:\/\/proventuss.eu\/?s={search_term_string}"},"query-input":"required name=search_term_string"}],"inLanguage":"cs"}]}},"_links":{"self":[{"href":"https:\/\/proventuss.eu\/cs\/wp-json\/wp\/v2\/product\/6515"}],"collection":[{"href":"https:\/\/proventuss.eu\/cs\/wp-json\/wp\/v2\/product"}],"about":[{"href":"https:\/\/proventuss.eu\/cs\/wp-json\/wp\/v2\/types\/product"}],"replies":[{"embeddable":true,"href":"https:\/\/proventuss.eu\/cs\/wp-json\/wp\/v2\/comments?post=6515"}],"wp:featuredmedia":[{"embeddable":true,"href":"https:\/\/proventuss.eu\/cs\/wp-json\/wp\/v2\/media\/4641"}],"wp:attachment":[{"href":"https:\/\/proventuss.eu\/cs\/wp-json\/wp\/v2\/media?parent=6515"}],"wp:term":[{"taxonomy":"product_cat","embeddable":true,"href":"https:\/\/proventuss.eu\/cs\/wp-json\/wp\/v2\/product_cat?post=6515"},{"taxonomy":"product_tag","embeddable":true,"href":"https:\/\/proventuss.eu\/cs\/wp-json\/wp\/v2\/product_tag?post=6515"}],"curies":[{"name":"wp","href":"https:\/\/api.w.org\/{rel}","templated":true}]}}