{"id":6514,"date":"2022-04-26T09:04:37","date_gmt":"2022-04-26T09:04:37","guid":{"rendered":"https:\/\/proventuss.eu\/produkt\/vi-pro-epdm-membrane-click\/"},"modified":"2022-04-26T09:04:37","modified_gmt":"2022-04-26T09:04:37","slug":"vi-pro-epdm-membrane-click","status":"publish","type":"product","link":"https:\/\/proventuss.eu\/cs\/produkt\/vi-pro-epdm-membrane-click\/","title":{"rendered":"Vi-Pro\u00ae EPDM MEMBRANE CLICK"},"content":{"rendered":"<p><strong>VN\u011aJ\u0160\u00cd F\u00d3LIE SE SYST\u00c9MOV\u00ddM UZ\u00c1V\u011aREM<\/strong> pro instalaci ve fas\u00e1dn\u00edch syst\u00e9mech oken a dve\u0159\u00ed. EPDM je montov\u00e1no na hlin\u00edkov\u00fd nebo PVC profil pomoc\u00ed p\u0159\u00edslu\u0161n\u00e9ho syst\u00e9mov\u00e9ho klipu. \u0160\u00ed\u0159ka f\u00f3lie od 100 mm do 1000 mm, dod\u00e1v\u00e1no v rol\u00edch po 25 m.<\/p>\n","protected":false},"excerpt":{"rendered":"<p>VN\u011aJ\u0160\u00cd F\u00d3LIE SE SYST\u00c9MOV\u00ddM UZ\u00c1V\u011aREM pro instalaci ve fas\u00e1dn\u00edch syst\u00e9mech oken a dve\u0159\u00ed. EPDM je montov\u00e1no na hlin\u00edkov\u00fd nebo PVC profil pomoc\u00ed p\u0159\u00edslu\u0161n\u00e9ho syst\u00e9mov\u00e9ho klipu. \u0160\u00ed\u0159ka f\u00f3lie od 100 mm do 1000 mm, dod\u00e1v\u00e1no v rol\u00edch po 25 m.<\/p>\n","protected":false},"featured_media":4638,"comment_status":"open","ping_status":"closed","template":"","meta":{"_acf_changed":false},"product_cat":[316],"product_tag":[],"acf":[],"yoast_head":"<!-- This site is optimized with the Yoast SEO plugin v22.9 - https:\/\/yoast.com\/wordpress\/plugins\/seo\/ -->\n<title>Vi-Pro\u00ae EPDM MEMBRANE CLICK - Proventuss<\/title>\n<meta name=\"robots\" content=\"index, follow, max-snippet:-1, max-image-preview:large, max-video-preview:-1\" \/>\n<link rel=\"canonical\" href=\"https:\/\/proventuss.eu\/cs\/produkt\/vi-pro-epdm-membrane-click\/\" \/>\n<meta property=\"og:locale\" content=\"cs_CZ\" \/>\n<meta property=\"og:type\" content=\"article\" \/>\n<meta property=\"og:title\" content=\"Vi-Pro\u00ae EPDM MEMBRANE CLICK - Proventuss\" \/>\n<meta property=\"og:description\" content=\"VN\u011aJ\u0160\u00cd F\u00d3LIE SE SYST\u00c9MOV\u00ddM UZ\u00c1V\u011aREM pro instalaci ve fas\u00e1dn\u00edch syst\u00e9mech oken a dve\u0159\u00ed. EPDM je montov\u00e1no na hlin\u00edkov\u00fd nebo PVC profil pomoc\u00ed p\u0159\u00edslu\u0161n\u00e9ho syst\u00e9mov\u00e9ho klipu. \u0160\u00ed\u0159ka f\u00f3lie od 100 mm do 1000 mm, dod\u00e1v\u00e1no v rol\u00edch po 25 m.\" \/>\n<meta property=\"og:url\" content=\"https:\/\/proventuss.eu\/cs\/produkt\/vi-pro-epdm-membrane-click\/\" \/>\n<meta property=\"og:site_name\" content=\"Proventuss\" \/>\n<meta property=\"og:image\" content=\"https:\/\/proventuss.eu\/wp-content\/uploads\/2022\/04\/EPDM-rozne-rodzaje-montazu2.jpg\" \/>\n\t<meta property=\"og:image:width\" content=\"1136\" \/>\n\t<meta property=\"og:image:height\" content=\"275\" \/>\n\t<meta property=\"og:image:type\" content=\"image\/jpeg\" \/>\n<meta name=\"twitter:card\" content=\"summary_large_image\" \/>\n<script type=\"application\/ld+json\" class=\"yoast-schema-graph\">{\"@context\":\"https:\/\/schema.org\",\"@graph\":[{\"@type\":\"WebPage\",\"@id\":\"https:\/\/proventuss.eu\/cs\/produkt\/vi-pro-epdm-membrane-click\/\",\"url\":\"https:\/\/proventuss.eu\/cs\/produkt\/vi-pro-epdm-membrane-click\/\",\"name\":\"Vi-Pro\u00ae EPDM MEMBRANE CLICK - Proventuss\",\"isPartOf\":{\"@id\":\"https:\/\/proventuss.eu\/#website\"},\"primaryImageOfPage\":{\"@id\":\"https:\/\/proventuss.eu\/cs\/produkt\/vi-pro-epdm-membrane-click\/#primaryimage\"},\"image\":{\"@id\":\"https:\/\/proventuss.eu\/cs\/produkt\/vi-pro-epdm-membrane-click\/#primaryimage\"},\"thumbnailUrl\":\"https:\/\/proventuss.eu\/wp-content\/uploads\/2022\/04\/EPDM-rozne-rodzaje-montazu2.jpg\",\"datePublished\":\"2022-04-26T09:04:37+00:00\",\"dateModified\":\"2022-04-26T09:04:37+00:00\",\"breadcrumb\":{\"@id\":\"https:\/\/proventuss.eu\/cs\/produkt\/vi-pro-epdm-membrane-click\/#breadcrumb\"},\"inLanguage\":\"cs\",\"potentialAction\":[{\"@type\":\"ReadAction\",\"target\":[\"https:\/\/proventuss.eu\/cs\/produkt\/vi-pro-epdm-membrane-click\/\"]}]},{\"@type\":\"ImageObject\",\"inLanguage\":\"cs\",\"@id\":\"https:\/\/proventuss.eu\/cs\/produkt\/vi-pro-epdm-membrane-click\/#primaryimage\",\"url\":\"https:\/\/proventuss.eu\/wp-content\/uploads\/2022\/04\/EPDM-rozne-rodzaje-montazu2.jpg\",\"contentUrl\":\"https:\/\/proventuss.eu\/wp-content\/uploads\/2022\/04\/EPDM-rozne-rodzaje-montazu2.jpg\",\"width\":1136,\"height\":275,\"caption\":\"Na zdj\u0119ciu membrana zewn\u0119trzna z uszczelk\u0105 systemow\u0105 do monta\u017cu w systemach fasadowych montowana za pomoc\u0105 odpowiedniego rodzaju klipsa systemowego.\"},{\"@type\":\"BreadcrumbList\",\"@id\":\"https:\/\/proventuss.eu\/cs\/produkt\/vi-pro-epdm-membrane-click\/#breadcrumb\",\"itemListElement\":[{\"@type\":\"ListItem\",\"position\":1,\"name\":\"Home\",\"item\":\"https:\/\/proventuss.eu\/\"},{\"@type\":\"ListItem\",\"position\":2,\"name\":\"Produkty\",\"item\":\"https:\/\/proventuss.eu\/produkty\/\"},{\"@type\":\"ListItem\",\"position\":3,\"name\":\"Vi-Pro\u00ae EPDM MEMBRANE CLICK\"}]},{\"@type\":\"WebSite\",\"@id\":\"https:\/\/proventuss.eu\/#website\",\"url\":\"https:\/\/proventuss.eu\/\",\"name\":\"Proventuss\",\"description\":\"\",\"potentialAction\":[{\"@type\":\"SearchAction\",\"target\":{\"@type\":\"EntryPoint\",\"urlTemplate\":\"https:\/\/proventuss.eu\/?s={search_term_string}\"},\"query-input\":\"required name=search_term_string\"}],\"inLanguage\":\"cs\"}]}<\/script>\n<!-- \/ Yoast SEO plugin. -->","yoast_head_json":{"title":"Vi-Pro\u00ae EPDM MEMBRANE CLICK - Proventuss","robots":{"index":"index","follow":"follow","max-snippet":"max-snippet:-1","max-image-preview":"max-image-preview:large","max-video-preview":"max-video-preview:-1"},"canonical":"https:\/\/proventuss.eu\/cs\/produkt\/vi-pro-epdm-membrane-click\/","og_locale":"cs_CZ","og_type":"article","og_title":"Vi-Pro\u00ae EPDM MEMBRANE CLICK - Proventuss","og_description":"VN\u011aJ\u0160\u00cd F\u00d3LIE SE SYST\u00c9MOV\u00ddM UZ\u00c1V\u011aREM pro instalaci ve fas\u00e1dn\u00edch syst\u00e9mech oken a dve\u0159\u00ed. EPDM je montov\u00e1no na hlin\u00edkov\u00fd nebo PVC profil pomoc\u00ed p\u0159\u00edslu\u0161n\u00e9ho syst\u00e9mov\u00e9ho klipu. \u0160\u00ed\u0159ka f\u00f3lie od 100 mm do 1000 mm, dod\u00e1v\u00e1no v rol\u00edch po 25 m.","og_url":"https:\/\/proventuss.eu\/cs\/produkt\/vi-pro-epdm-membrane-click\/","og_site_name":"Proventuss","og_image":[{"width":1136,"height":275,"url":"https:\/\/proventuss.eu\/wp-content\/uploads\/2022\/04\/EPDM-rozne-rodzaje-montazu2.jpg","type":"image\/jpeg"}],"twitter_card":"summary_large_image","schema":{"@context":"https:\/\/schema.org","@graph":[{"@type":"WebPage","@id":"https:\/\/proventuss.eu\/cs\/produkt\/vi-pro-epdm-membrane-click\/","url":"https:\/\/proventuss.eu\/cs\/produkt\/vi-pro-epdm-membrane-click\/","name":"Vi-Pro\u00ae EPDM MEMBRANE CLICK - Proventuss","isPartOf":{"@id":"https:\/\/proventuss.eu\/#website"},"primaryImageOfPage":{"@id":"https:\/\/proventuss.eu\/cs\/produkt\/vi-pro-epdm-membrane-click\/#primaryimage"},"image":{"@id":"https:\/\/proventuss.eu\/cs\/produkt\/vi-pro-epdm-membrane-click\/#primaryimage"},"thumbnailUrl":"https:\/\/proventuss.eu\/wp-content\/uploads\/2022\/04\/EPDM-rozne-rodzaje-montazu2.jpg","datePublished":"2022-04-26T09:04:37+00:00","dateModified":"2022-04-26T09:04:37+00:00","breadcrumb":{"@id":"https:\/\/proventuss.eu\/cs\/produkt\/vi-pro-epdm-membrane-click\/#breadcrumb"},"inLanguage":"cs","potentialAction":[{"@type":"ReadAction","target":["https:\/\/proventuss.eu\/cs\/produkt\/vi-pro-epdm-membrane-click\/"]}]},{"@type":"ImageObject","inLanguage":"cs","@id":"https:\/\/proventuss.eu\/cs\/produkt\/vi-pro-epdm-membrane-click\/#primaryimage","url":"https:\/\/proventuss.eu\/wp-content\/uploads\/2022\/04\/EPDM-rozne-rodzaje-montazu2.jpg","contentUrl":"https:\/\/proventuss.eu\/wp-content\/uploads\/2022\/04\/EPDM-rozne-rodzaje-montazu2.jpg","width":1136,"height":275,"caption":"Na zdj\u0119ciu membrana zewn\u0119trzna z uszczelk\u0105 systemow\u0105 do monta\u017cu w systemach fasadowych montowana za pomoc\u0105 odpowiedniego rodzaju klipsa systemowego."},{"@type":"BreadcrumbList","@id":"https:\/\/proventuss.eu\/cs\/produkt\/vi-pro-epdm-membrane-click\/#breadcrumb","itemListElement":[{"@type":"ListItem","position":1,"name":"Home","item":"https:\/\/proventuss.eu\/"},{"@type":"ListItem","position":2,"name":"Produkty","item":"https:\/\/proventuss.eu\/produkty\/"},{"@type":"ListItem","position":3,"name":"Vi-Pro\u00ae EPDM MEMBRANE CLICK"}]},{"@type":"WebSite","@id":"https:\/\/proventuss.eu\/#website","url":"https:\/\/proventuss.eu\/","name":"Proventuss","description":"","potentialAction":[{"@type":"SearchAction","target":{"@type":"EntryPoint","urlTemplate":"https:\/\/proventuss.eu\/?s={search_term_string}"},"query-input":"required name=search_term_string"}],"inLanguage":"cs"}]}},"_links":{"self":[{"href":"https:\/\/proventuss.eu\/cs\/wp-json\/wp\/v2\/product\/6514"}],"collection":[{"href":"https:\/\/proventuss.eu\/cs\/wp-json\/wp\/v2\/product"}],"about":[{"href":"https:\/\/proventuss.eu\/cs\/wp-json\/wp\/v2\/types\/product"}],"replies":[{"embeddable":true,"href":"https:\/\/proventuss.eu\/cs\/wp-json\/wp\/v2\/comments?post=6514"}],"wp:featuredmedia":[{"embeddable":true,"href":"https:\/\/proventuss.eu\/cs\/wp-json\/wp\/v2\/media\/4638"}],"wp:attachment":[{"href":"https:\/\/proventuss.eu\/cs\/wp-json\/wp\/v2\/media?parent=6514"}],"wp:term":[{"taxonomy":"product_cat","embeddable":true,"href":"https:\/\/proventuss.eu\/cs\/wp-json\/wp\/v2\/product_cat?post=6514"},{"taxonomy":"product_tag","embeddable":true,"href":"https:\/\/proventuss.eu\/cs\/wp-json\/wp\/v2\/product_tag?post=6514"}],"curies":[{"name":"wp","href":"https:\/\/api.w.org\/{rel}","templated":true}]}}