{"id":6510,"date":"2022-04-26T08:51:11","date_gmt":"2022-04-26T08:51:11","guid":{"rendered":"https:\/\/proventuss.eu\/produkt\/vi-pro-wns\/"},"modified":"2022-04-26T08:51:11","modified_gmt":"2022-04-26T08:51:11","slug":"vi-pro-wns","status":"publish","type":"product","link":"https:\/\/proventuss.eu\/cs\/produkt\/vi-pro-wns\/","title":{"rendered":"Vi-Pro\u00ae WNS"},"content":{"rendered":"<p><strong>JEDNOSLO\u017dKOV\u00dd, N\u00cdZKOMODULOV\u00dd, NEUTR\u00c1LN\u011a VYTVRZOVAN\u00dd TMEL<\/strong> speci\u00e1ln\u011b formlovan\u00fd pro zaskl\u00edv\u00e1n\u00ed a tmelen\u00ed proti pov\u011btrnosti. Obzvl\u00e1\u0161\u0165 vhodn\u00fd pro zaskl\u00edv\u00e1n\u00ed a obvodov\u00e9 tmelen\u00ed oken a dve\u0159\u00ed ze d\u0159eva, PVC nebo hlin\u00edku.<\/p>\n<p><strong>V\u00ddHODY:<\/strong><br \/>\n\u2022 Syst\u00e9m neutr\u00e1ln\u00edho vytvrzov\u00e1n\u00ed<br \/>\n\u2022 N\u00edzk\u00fd modulus, vysok\u00e1 pru\u017enost<br \/>\n\u2022 Dobr\u00e1 p\u0159ilnavost k v\u011bt\u0161in\u011b materi\u00e1l\u016f bez primeru<br \/>\n\u2022 Nekorozivn\u00ed ke kov\u016fm<br \/>\n\u2022 Snadn\u00e1 aplikace a pou\u017eit\u00ed<br \/>\n\u2022 Slab\u00fd z\u00e1pach<br \/>\n\u2022 Odolnost v\u016f\u010di UV z\u00e1\u0159en\u00ed a pov\u011btrnosti<\/p>\n<p><strong>BALEN\u00cd:<\/strong><br \/>\n600 ml sal\u00e1my, 20 ks\/karton<\/p>\n","protected":false},"excerpt":{"rendered":"<p>JEDNOSLO\u017dKOV\u00dd, N\u00cdZKOMODULOV\u00dd, NEUTR\u00c1LN\u011a VYTVRZOVAN\u00dd TMEL speci\u00e1ln\u011b formlovan\u00fd pro zaskl\u00edv\u00e1n\u00ed a tmelen\u00ed proti pov\u011btrnosti. Obzvl\u00e1\u0161\u0165 vhodn\u00fd pro zaskl\u00edv\u00e1n\u00ed a obvodov\u00e9 tmelen\u00ed oken a dve\u0159\u00ed ze d\u0159eva, PVC nebo hlin\u00edku. V\u00ddHODY: \u2022 Syst\u00e9m neutr\u00e1ln\u00edho vytvrzov\u00e1n\u00ed \u2022 N\u00edzk\u00fd modulus, vysok\u00e1 pru\u017enost \u2022 Dobr\u00e1 p\u0159ilnavost k v\u011bt\u0161in\u011b materi\u00e1l\u016f bez primeru \u2022 Nekorozivn\u00ed ke kov\u016fm \u2022 Snadn\u00e1 aplikace a pou\u017eit\u00ed [&hellip;]<\/p>\n","protected":false},"featured_media":4941,"comment_status":"open","ping_status":"closed","template":"","meta":{"_acf_changed":false},"product_cat":[315],"product_tag":[],"acf":[],"yoast_head":"<!-- This site is optimized with the Yoast SEO plugin v22.9 - https:\/\/yoast.com\/wordpress\/plugins\/seo\/ -->\n<title>Vi-Pro\u00ae WNS - Proventuss<\/title>\n<meta name=\"robots\" content=\"index, follow, max-snippet:-1, max-image-preview:large, max-video-preview:-1\" \/>\n<link rel=\"canonical\" href=\"https:\/\/proventuss.eu\/cs\/produkt\/vi-pro-wns\/\" \/>\n<meta property=\"og:locale\" content=\"cs_CZ\" \/>\n<meta property=\"og:type\" content=\"article\" \/>\n<meta property=\"og:title\" content=\"Vi-Pro\u00ae WNS - Proventuss\" \/>\n<meta property=\"og:description\" content=\"JEDNOSLO\u017dKOV\u00dd, N\u00cdZKOMODULOV\u00dd, NEUTR\u00c1LN\u011a VYTVRZOVAN\u00dd TMEL speci\u00e1ln\u011b formlovan\u00fd pro zaskl\u00edv\u00e1n\u00ed a tmelen\u00ed proti pov\u011btrnosti. Obzvl\u00e1\u0161\u0165 vhodn\u00fd pro zaskl\u00edv\u00e1n\u00ed a obvodov\u00e9 tmelen\u00ed oken a dve\u0159\u00ed ze d\u0159eva, PVC nebo hlin\u00edku. V\u00ddHODY: \u2022 Syst\u00e9m neutr\u00e1ln\u00edho vytvrzov\u00e1n\u00ed \u2022 N\u00edzk\u00fd modulus, vysok\u00e1 pru\u017enost \u2022 Dobr\u00e1 p\u0159ilnavost k v\u011bt\u0161in\u011b materi\u00e1l\u016f bez primeru \u2022 Nekorozivn\u00ed ke kov\u016fm \u2022 Snadn\u00e1 aplikace a pou\u017eit\u00ed [&hellip;]\" \/>\n<meta property=\"og:url\" content=\"https:\/\/proventuss.eu\/cs\/produkt\/vi-pro-wns\/\" \/>\n<meta property=\"og:site_name\" content=\"Proventuss\" \/>\n<meta property=\"og:image\" content=\"https:\/\/proventuss.eu\/wp-content\/uploads\/2022\/04\/Vi-Pro-WNS.png\" \/>\n\t<meta property=\"og:image:width\" content=\"153\" \/>\n\t<meta property=\"og:image:height\" content=\"921\" \/>\n\t<meta property=\"og:image:type\" content=\"image\/png\" \/>\n<meta name=\"twitter:card\" content=\"summary_large_image\" \/>\n<script type=\"application\/ld+json\" class=\"yoast-schema-graph\">{\"@context\":\"https:\/\/schema.org\",\"@graph\":[{\"@type\":\"WebPage\",\"@id\":\"https:\/\/proventuss.eu\/cs\/produkt\/vi-pro-wns\/\",\"url\":\"https:\/\/proventuss.eu\/cs\/produkt\/vi-pro-wns\/\",\"name\":\"Vi-Pro\u00ae WNS - Proventuss\",\"isPartOf\":{\"@id\":\"https:\/\/proventuss.eu\/#website\"},\"primaryImageOfPage\":{\"@id\":\"https:\/\/proventuss.eu\/cs\/produkt\/vi-pro-wns\/#primaryimage\"},\"image\":{\"@id\":\"https:\/\/proventuss.eu\/cs\/produkt\/vi-pro-wns\/#primaryimage\"},\"thumbnailUrl\":\"https:\/\/proventuss.eu\/wp-content\/uploads\/2022\/04\/Vi-Pro-WNS.png\",\"datePublished\":\"2022-04-26T08:51:11+00:00\",\"dateModified\":\"2022-04-26T08:51:11+00:00\",\"breadcrumb\":{\"@id\":\"https:\/\/proventuss.eu\/cs\/produkt\/vi-pro-wns\/#breadcrumb\"},\"inLanguage\":\"cs\",\"potentialAction\":[{\"@type\":\"ReadAction\",\"target\":[\"https:\/\/proventuss.eu\/cs\/produkt\/vi-pro-wns\/\"]}]},{\"@type\":\"ImageObject\",\"inLanguage\":\"cs\",\"@id\":\"https:\/\/proventuss.eu\/cs\/produkt\/vi-pro-wns\/#primaryimage\",\"url\":\"https:\/\/proventuss.eu\/wp-content\/uploads\/2022\/04\/Vi-Pro-WNS.png\",\"contentUrl\":\"https:\/\/proventuss.eu\/wp-content\/uploads\/2022\/04\/Vi-Pro-WNS.png\",\"width\":153,\"height\":921,\"caption\":\"Na zdj\u0119ciu jednosk\u0142adnikowe szczeliwo do szklenia oraz uszczelniania obwod\u00f3w futryn okiennych i drzwiowych wykonanych z drewna, PVC lub aluminium.\"},{\"@type\":\"BreadcrumbList\",\"@id\":\"https:\/\/proventuss.eu\/cs\/produkt\/vi-pro-wns\/#breadcrumb\",\"itemListElement\":[{\"@type\":\"ListItem\",\"position\":1,\"name\":\"Home\",\"item\":\"https:\/\/proventuss.eu\/\"},{\"@type\":\"ListItem\",\"position\":2,\"name\":\"Produkty\",\"item\":\"https:\/\/proventuss.eu\/produkty\/\"},{\"@type\":\"ListItem\",\"position\":3,\"name\":\"Vi-Pro\u00ae WNS\"}]},{\"@type\":\"WebSite\",\"@id\":\"https:\/\/proventuss.eu\/#website\",\"url\":\"https:\/\/proventuss.eu\/\",\"name\":\"Proventuss\",\"description\":\"\",\"potentialAction\":[{\"@type\":\"SearchAction\",\"target\":{\"@type\":\"EntryPoint\",\"urlTemplate\":\"https:\/\/proventuss.eu\/?s={search_term_string}\"},\"query-input\":\"required name=search_term_string\"}],\"inLanguage\":\"cs\"}]}<\/script>\n<!-- \/ Yoast SEO plugin. -->","yoast_head_json":{"title":"Vi-Pro\u00ae WNS - Proventuss","robots":{"index":"index","follow":"follow","max-snippet":"max-snippet:-1","max-image-preview":"max-image-preview:large","max-video-preview":"max-video-preview:-1"},"canonical":"https:\/\/proventuss.eu\/cs\/produkt\/vi-pro-wns\/","og_locale":"cs_CZ","og_type":"article","og_title":"Vi-Pro\u00ae WNS - Proventuss","og_description":"JEDNOSLO\u017dKOV\u00dd, N\u00cdZKOMODULOV\u00dd, NEUTR\u00c1LN\u011a VYTVRZOVAN\u00dd TMEL speci\u00e1ln\u011b formlovan\u00fd pro zaskl\u00edv\u00e1n\u00ed a tmelen\u00ed proti pov\u011btrnosti. Obzvl\u00e1\u0161\u0165 vhodn\u00fd pro zaskl\u00edv\u00e1n\u00ed a obvodov\u00e9 tmelen\u00ed oken a dve\u0159\u00ed ze d\u0159eva, PVC nebo hlin\u00edku. V\u00ddHODY: \u2022 Syst\u00e9m neutr\u00e1ln\u00edho vytvrzov\u00e1n\u00ed \u2022 N\u00edzk\u00fd modulus, vysok\u00e1 pru\u017enost \u2022 Dobr\u00e1 p\u0159ilnavost k v\u011bt\u0161in\u011b materi\u00e1l\u016f bez primeru \u2022 Nekorozivn\u00ed ke kov\u016fm \u2022 Snadn\u00e1 aplikace a pou\u017eit\u00ed [&hellip;]","og_url":"https:\/\/proventuss.eu\/cs\/produkt\/vi-pro-wns\/","og_site_name":"Proventuss","og_image":[{"width":153,"height":921,"url":"https:\/\/proventuss.eu\/wp-content\/uploads\/2022\/04\/Vi-Pro-WNS.png","type":"image\/png"}],"twitter_card":"summary_large_image","schema":{"@context":"https:\/\/schema.org","@graph":[{"@type":"WebPage","@id":"https:\/\/proventuss.eu\/cs\/produkt\/vi-pro-wns\/","url":"https:\/\/proventuss.eu\/cs\/produkt\/vi-pro-wns\/","name":"Vi-Pro\u00ae WNS - Proventuss","isPartOf":{"@id":"https:\/\/proventuss.eu\/#website"},"primaryImageOfPage":{"@id":"https:\/\/proventuss.eu\/cs\/produkt\/vi-pro-wns\/#primaryimage"},"image":{"@id":"https:\/\/proventuss.eu\/cs\/produkt\/vi-pro-wns\/#primaryimage"},"thumbnailUrl":"https:\/\/proventuss.eu\/wp-content\/uploads\/2022\/04\/Vi-Pro-WNS.png","datePublished":"2022-04-26T08:51:11+00:00","dateModified":"2022-04-26T08:51:11+00:00","breadcrumb":{"@id":"https:\/\/proventuss.eu\/cs\/produkt\/vi-pro-wns\/#breadcrumb"},"inLanguage":"cs","potentialAction":[{"@type":"ReadAction","target":["https:\/\/proventuss.eu\/cs\/produkt\/vi-pro-wns\/"]}]},{"@type":"ImageObject","inLanguage":"cs","@id":"https:\/\/proventuss.eu\/cs\/produkt\/vi-pro-wns\/#primaryimage","url":"https:\/\/proventuss.eu\/wp-content\/uploads\/2022\/04\/Vi-Pro-WNS.png","contentUrl":"https:\/\/proventuss.eu\/wp-content\/uploads\/2022\/04\/Vi-Pro-WNS.png","width":153,"height":921,"caption":"Na zdj\u0119ciu jednosk\u0142adnikowe szczeliwo do szklenia oraz uszczelniania obwod\u00f3w futryn okiennych i drzwiowych wykonanych z drewna, PVC lub aluminium."},{"@type":"BreadcrumbList","@id":"https:\/\/proventuss.eu\/cs\/produkt\/vi-pro-wns\/#breadcrumb","itemListElement":[{"@type":"ListItem","position":1,"name":"Home","item":"https:\/\/proventuss.eu\/"},{"@type":"ListItem","position":2,"name":"Produkty","item":"https:\/\/proventuss.eu\/produkty\/"},{"@type":"ListItem","position":3,"name":"Vi-Pro\u00ae WNS"}]},{"@type":"WebSite","@id":"https:\/\/proventuss.eu\/#website","url":"https:\/\/proventuss.eu\/","name":"Proventuss","description":"","potentialAction":[{"@type":"SearchAction","target":{"@type":"EntryPoint","urlTemplate":"https:\/\/proventuss.eu\/?s={search_term_string}"},"query-input":"required name=search_term_string"}],"inLanguage":"cs"}]}},"_links":{"self":[{"href":"https:\/\/proventuss.eu\/cs\/wp-json\/wp\/v2\/product\/6510"}],"collection":[{"href":"https:\/\/proventuss.eu\/cs\/wp-json\/wp\/v2\/product"}],"about":[{"href":"https:\/\/proventuss.eu\/cs\/wp-json\/wp\/v2\/types\/product"}],"replies":[{"embeddable":true,"href":"https:\/\/proventuss.eu\/cs\/wp-json\/wp\/v2\/comments?post=6510"}],"wp:featuredmedia":[{"embeddable":true,"href":"https:\/\/proventuss.eu\/cs\/wp-json\/wp\/v2\/media\/4941"}],"wp:attachment":[{"href":"https:\/\/proventuss.eu\/cs\/wp-json\/wp\/v2\/media?parent=6510"}],"wp:term":[{"taxonomy":"product_cat","embeddable":true,"href":"https:\/\/proventuss.eu\/cs\/wp-json\/wp\/v2\/product_cat?post=6510"},{"taxonomy":"product_tag","embeddable":true,"href":"https:\/\/proventuss.eu\/cs\/wp-json\/wp\/v2\/product_tag?post=6510"}],"curies":[{"name":"wp","href":"https:\/\/api.w.org\/{rel}","templated":true}]}}