{"id":6508,"date":"2022-07-28T13:45:50","date_gmt":"2022-07-28T13:45:50","guid":{"rendered":"https:\/\/proventuss.eu\/produkt\/dowsil-799\/"},"modified":"2022-09-13T07:16:09","modified_gmt":"2022-09-13T07:16:09","slug":"dowsil-799","status":"publish","type":"product","link":"https:\/\/proventuss.eu\/cs\/produkt\/dowsil-799\/","title":{"rendered":"DOWSIL 799"},"content":{"rendered":"<p><strong>NEUTR\u00c1LN\u00cd SILIKONOV\u00dd TMEL<\/strong>, n\u00edzkomodulov\u00fd jednoslo\u017ekov\u00fd tmel, speci\u00e1ln\u011b vyvinut\u00fd pro zaskl\u00edv\u00e1n\u00ed a obvodov\u00e9 tmelen\u00ed oken a dve\u0159\u00ed. Tato formulace poskytuje skv\u011blou p\u0159ilnavost ke sklu, zasklen\u00fdm povrch\u016fm, PVC, hlin\u00edku, d\u0159evu, zdivu a kameni. Odoln\u00fd v\u016f\u010di pl\u00edsn\u00edm.<\/p>\n<p><strong>V\u00ddHODY:<\/strong><br \/>\n\u2022 Neutr\u00e1ln\u00ed syst\u00e9m vytvrzov\u00e1n\u00ed<br \/>\n\u2022 Skv\u011bl\u00e1 p\u0159ilnavost bez primeru k v\u011bt\u0161in\u011b povrch\u016f<br \/>\n\u2022 Vysok\u00e1 pru\u017enost<br \/>\n\u2022 Nekorozivn\u00ed v\u016f\u010di kov\u016fm<br \/>\n\u2022 N\u00edzk\u00fd z\u00e1pach<br \/>\n\u2022 Snadn\u00e1 aplikace a zapracov\u00e1n\u00ed<br \/>\n\u2022 Odoln\u00fd k ozonu, UV z\u00e1\u0159en\u00ed a teplotn\u00edm extr\u00e9m\u016fm<br \/>\n\u2022 Odoln\u00fd v\u016f\u010di pl\u00edsn\u00edm<br \/>\n\u2022 Vyhovuje EN ISO11600-F&amp;G-25LM<\/p>\n<p><strong>BALEN\u00cd\/BARVY:<\/strong><br \/>\nSal\u00e1m: 600 ml, Kartu\u0161e: 310 ml<br \/>\nBArvy: \u010dir\u00e1, b\u00edl\u00e1, \u010dern\u00e1, \u0161ed\u00e1, anthracitov\u00e1, hn\u011bd\u00e1,<br \/>\ntmav\u011b hn\u011bd\u00e1, barvy na zak\u00e1zku<\/p>\n","protected":false},"excerpt":{"rendered":"<p>NEUTR\u00c1LN\u00cd SILIKONOV\u00dd TMEL, n\u00edzkomodulov\u00fd jednoslo\u017ekov\u00fd tmel, speci\u00e1ln\u011b vyvinut\u00fd pro zaskl\u00edv\u00e1n\u00ed a obvodov\u00e9 tmelen\u00ed oken a dve\u0159\u00ed. Tato formulace poskytuje skv\u011blou p\u0159ilnavost ke sklu, zasklen\u00fdm povrch\u016fm, PVC, hlin\u00edku, d\u0159evu, zdivu a kameni. Odoln\u00fd v\u016f\u010di pl\u00edsn\u00edm. V\u00ddHODY: \u2022 Neutr\u00e1ln\u00ed syst\u00e9m vytvrzov\u00e1n\u00ed \u2022 Skv\u011bl\u00e1 p\u0159ilnavost bez primeru k v\u011bt\u0161in\u011b povrch\u016f \u2022 Vysok\u00e1 pru\u017enost \u2022 Nekorozivn\u00ed v\u016f\u010di kov\u016fm \u2022 [&hellip;]<\/p>\n","protected":false},"featured_media":6140,"comment_status":"open","ping_status":"closed","template":"","meta":{"_acf_changed":false},"product_cat":[315],"product_tag":[],"acf":[],"yoast_head":"<!-- This site is optimized with the Yoast SEO plugin v22.9 - https:\/\/yoast.com\/wordpress\/plugins\/seo\/ -->\n<title>DOWSIL 799 - Proventuss<\/title>\n<meta name=\"robots\" content=\"index, follow, max-snippet:-1, max-image-preview:large, max-video-preview:-1\" \/>\n<link rel=\"canonical\" href=\"https:\/\/proventuss.eu\/cs\/produkt\/dowsil-799\/\" \/>\n<meta property=\"og:locale\" content=\"cs_CZ\" \/>\n<meta property=\"og:type\" content=\"article\" \/>\n<meta property=\"og:title\" content=\"DOWSIL 799 - Proventuss\" \/>\n<meta property=\"og:description\" content=\"NEUTR\u00c1LN\u00cd SILIKONOV\u00dd TMEL, n\u00edzkomodulov\u00fd jednoslo\u017ekov\u00fd tmel, speci\u00e1ln\u011b vyvinut\u00fd pro zaskl\u00edv\u00e1n\u00ed a obvodov\u00e9 tmelen\u00ed oken a dve\u0159\u00ed. Tato formulace poskytuje skv\u011blou p\u0159ilnavost ke sklu, zasklen\u00fdm povrch\u016fm, PVC, hlin\u00edku, d\u0159evu, zdivu a kameni. Odoln\u00fd v\u016f\u010di pl\u00edsn\u00edm. V\u00ddHODY: \u2022 Neutr\u00e1ln\u00ed syst\u00e9m vytvrzov\u00e1n\u00ed \u2022 Skv\u011bl\u00e1 p\u0159ilnavost bez primeru k v\u011bt\u0161in\u011b povrch\u016f \u2022 Vysok\u00e1 pru\u017enost \u2022 Nekorozivn\u00ed v\u016f\u010di kov\u016fm \u2022 [&hellip;]\" \/>\n<meta property=\"og:url\" content=\"https:\/\/proventuss.eu\/cs\/produkt\/dowsil-799\/\" \/>\n<meta property=\"og:site_name\" content=\"Proventuss\" \/>\n<meta property=\"article:modified_time\" content=\"2022-09-13T07:16:09+00:00\" \/>\n<meta property=\"og:image\" content=\"https:\/\/proventuss.eu\/wp-content\/uploads\/2022\/07\/799.jpg\" \/>\n\t<meta property=\"og:image:width\" content=\"690\" \/>\n\t<meta property=\"og:image:height\" content=\"1920\" \/>\n\t<meta property=\"og:image:type\" content=\"image\/jpeg\" \/>\n<meta name=\"twitter:card\" content=\"summary_large_image\" \/>\n<meta name=\"twitter:label1\" content=\"Odhadovan\u00e1 doba \u010dten\u00ed\" \/>\n\t<meta name=\"twitter:data1\" content=\"1 minuta\" \/>\n<script type=\"application\/ld+json\" class=\"yoast-schema-graph\">{\"@context\":\"https:\/\/schema.org\",\"@graph\":[{\"@type\":\"WebPage\",\"@id\":\"https:\/\/proventuss.eu\/cs\/produkt\/dowsil-799\/\",\"url\":\"https:\/\/proventuss.eu\/cs\/produkt\/dowsil-799\/\",\"name\":\"DOWSIL 799 - Proventuss\",\"isPartOf\":{\"@id\":\"https:\/\/proventuss.eu\/#website\"},\"primaryImageOfPage\":{\"@id\":\"https:\/\/proventuss.eu\/cs\/produkt\/dowsil-799\/#primaryimage\"},\"image\":{\"@id\":\"https:\/\/proventuss.eu\/cs\/produkt\/dowsil-799\/#primaryimage\"},\"thumbnailUrl\":\"https:\/\/proventuss.eu\/wp-content\/uploads\/2022\/07\/799.jpg\",\"datePublished\":\"2022-07-28T13:45:50+00:00\",\"dateModified\":\"2022-09-13T07:16:09+00:00\",\"breadcrumb\":{\"@id\":\"https:\/\/proventuss.eu\/cs\/produkt\/dowsil-799\/#breadcrumb\"},\"inLanguage\":\"cs\",\"potentialAction\":[{\"@type\":\"ReadAction\",\"target\":[\"https:\/\/proventuss.eu\/cs\/produkt\/dowsil-799\/\"]}]},{\"@type\":\"ImageObject\",\"inLanguage\":\"cs\",\"@id\":\"https:\/\/proventuss.eu\/cs\/produkt\/dowsil-799\/#primaryimage\",\"url\":\"https:\/\/proventuss.eu\/wp-content\/uploads\/2022\/07\/799.jpg\",\"contentUrl\":\"https:\/\/proventuss.eu\/wp-content\/uploads\/2022\/07\/799.jpg\",\"width\":690,\"height\":1920},{\"@type\":\"BreadcrumbList\",\"@id\":\"https:\/\/proventuss.eu\/cs\/produkt\/dowsil-799\/#breadcrumb\",\"itemListElement\":[{\"@type\":\"ListItem\",\"position\":1,\"name\":\"Home\",\"item\":\"https:\/\/proventuss.eu\/\"},{\"@type\":\"ListItem\",\"position\":2,\"name\":\"Produkty\",\"item\":\"https:\/\/proventuss.eu\/produkty\/\"},{\"@type\":\"ListItem\",\"position\":3,\"name\":\"DOWSIL 799\"}]},{\"@type\":\"WebSite\",\"@id\":\"https:\/\/proventuss.eu\/#website\",\"url\":\"https:\/\/proventuss.eu\/\",\"name\":\"Proventuss\",\"description\":\"\",\"potentialAction\":[{\"@type\":\"SearchAction\",\"target\":{\"@type\":\"EntryPoint\",\"urlTemplate\":\"https:\/\/proventuss.eu\/?s={search_term_string}\"},\"query-input\":\"required name=search_term_string\"}],\"inLanguage\":\"cs\"}]}<\/script>\n<!-- \/ Yoast SEO plugin. -->","yoast_head_json":{"title":"DOWSIL 799 - Proventuss","robots":{"index":"index","follow":"follow","max-snippet":"max-snippet:-1","max-image-preview":"max-image-preview:large","max-video-preview":"max-video-preview:-1"},"canonical":"https:\/\/proventuss.eu\/cs\/produkt\/dowsil-799\/","og_locale":"cs_CZ","og_type":"article","og_title":"DOWSIL 799 - Proventuss","og_description":"NEUTR\u00c1LN\u00cd SILIKONOV\u00dd TMEL, n\u00edzkomodulov\u00fd jednoslo\u017ekov\u00fd tmel, speci\u00e1ln\u011b vyvinut\u00fd pro zaskl\u00edv\u00e1n\u00ed a obvodov\u00e9 tmelen\u00ed oken a dve\u0159\u00ed. Tato formulace poskytuje skv\u011blou p\u0159ilnavost ke sklu, zasklen\u00fdm povrch\u016fm, PVC, hlin\u00edku, d\u0159evu, zdivu a kameni. Odoln\u00fd v\u016f\u010di pl\u00edsn\u00edm. V\u00ddHODY: \u2022 Neutr\u00e1ln\u00ed syst\u00e9m vytvrzov\u00e1n\u00ed \u2022 Skv\u011bl\u00e1 p\u0159ilnavost bez primeru k v\u011bt\u0161in\u011b povrch\u016f \u2022 Vysok\u00e1 pru\u017enost \u2022 Nekorozivn\u00ed v\u016f\u010di kov\u016fm \u2022 [&hellip;]","og_url":"https:\/\/proventuss.eu\/cs\/produkt\/dowsil-799\/","og_site_name":"Proventuss","article_modified_time":"2022-09-13T07:16:09+00:00","og_image":[{"width":690,"height":1920,"url":"https:\/\/proventuss.eu\/wp-content\/uploads\/2022\/07\/799.jpg","type":"image\/jpeg"}],"twitter_card":"summary_large_image","twitter_misc":{"Odhadovan\u00e1 doba \u010dten\u00ed":"1 minuta"},"schema":{"@context":"https:\/\/schema.org","@graph":[{"@type":"WebPage","@id":"https:\/\/proventuss.eu\/cs\/produkt\/dowsil-799\/","url":"https:\/\/proventuss.eu\/cs\/produkt\/dowsil-799\/","name":"DOWSIL 799 - Proventuss","isPartOf":{"@id":"https:\/\/proventuss.eu\/#website"},"primaryImageOfPage":{"@id":"https:\/\/proventuss.eu\/cs\/produkt\/dowsil-799\/#primaryimage"},"image":{"@id":"https:\/\/proventuss.eu\/cs\/produkt\/dowsil-799\/#primaryimage"},"thumbnailUrl":"https:\/\/proventuss.eu\/wp-content\/uploads\/2022\/07\/799.jpg","datePublished":"2022-07-28T13:45:50+00:00","dateModified":"2022-09-13T07:16:09+00:00","breadcrumb":{"@id":"https:\/\/proventuss.eu\/cs\/produkt\/dowsil-799\/#breadcrumb"},"inLanguage":"cs","potentialAction":[{"@type":"ReadAction","target":["https:\/\/proventuss.eu\/cs\/produkt\/dowsil-799\/"]}]},{"@type":"ImageObject","inLanguage":"cs","@id":"https:\/\/proventuss.eu\/cs\/produkt\/dowsil-799\/#primaryimage","url":"https:\/\/proventuss.eu\/wp-content\/uploads\/2022\/07\/799.jpg","contentUrl":"https:\/\/proventuss.eu\/wp-content\/uploads\/2022\/07\/799.jpg","width":690,"height":1920},{"@type":"BreadcrumbList","@id":"https:\/\/proventuss.eu\/cs\/produkt\/dowsil-799\/#breadcrumb","itemListElement":[{"@type":"ListItem","position":1,"name":"Home","item":"https:\/\/proventuss.eu\/"},{"@type":"ListItem","position":2,"name":"Produkty","item":"https:\/\/proventuss.eu\/produkty\/"},{"@type":"ListItem","position":3,"name":"DOWSIL 799"}]},{"@type":"WebSite","@id":"https:\/\/proventuss.eu\/#website","url":"https:\/\/proventuss.eu\/","name":"Proventuss","description":"","potentialAction":[{"@type":"SearchAction","target":{"@type":"EntryPoint","urlTemplate":"https:\/\/proventuss.eu\/?s={search_term_string}"},"query-input":"required name=search_term_string"}],"inLanguage":"cs"}]}},"_links":{"self":[{"href":"https:\/\/proventuss.eu\/cs\/wp-json\/wp\/v2\/product\/6508"}],"collection":[{"href":"https:\/\/proventuss.eu\/cs\/wp-json\/wp\/v2\/product"}],"about":[{"href":"https:\/\/proventuss.eu\/cs\/wp-json\/wp\/v2\/types\/product"}],"replies":[{"embeddable":true,"href":"https:\/\/proventuss.eu\/cs\/wp-json\/wp\/v2\/comments?post=6508"}],"wp:featuredmedia":[{"embeddable":true,"href":"https:\/\/proventuss.eu\/cs\/wp-json\/wp\/v2\/media\/6140"}],"wp:attachment":[{"href":"https:\/\/proventuss.eu\/cs\/wp-json\/wp\/v2\/media?parent=6508"}],"wp:term":[{"taxonomy":"product_cat","embeddable":true,"href":"https:\/\/proventuss.eu\/cs\/wp-json\/wp\/v2\/product_cat?post=6508"},{"taxonomy":"product_tag","embeddable":true,"href":"https:\/\/proventuss.eu\/cs\/wp-json\/wp\/v2\/product_tag?post=6508"}],"curies":[{"name":"wp","href":"https:\/\/api.w.org\/{rel}","templated":true}]}}