{"id":6503,"date":"2022-04-26T08:34:28","date_gmt":"2022-04-26T08:34:28","guid":{"rendered":"https:\/\/proventuss.eu\/produkt\/igk-911\/"},"modified":"2022-04-26T08:34:28","modified_gmt":"2022-04-26T08:34:28","slug":"igk-911","status":"publish","type":"product","link":"https:\/\/proventuss.eu\/cs\/produkt\/igk-911\/","title":{"rendered":"IGK 911"},"content":{"rendered":"<p><strong>ROZTOK K PROPLACHOV\u00c1N\u00cd \u010cERPADEL A D\u00c1VKOVAC\u00cdCH ZA\u0158\u00cdZEN\u00cd 911<\/strong> je sm\u011bs\u00ed bezchlorov\u00fdch rozpou\u0161t\u011bdel, kter\u00e1 byla speci\u00e1ln\u011b vyvinuta pro proplachov\u00e1n\u00ed sm\u011b\u0161ova\u010d\u016f ru\u010dn\u00edch a robotick\u00fdch m\u00eds\u00edc\u00edch a d\u00e1vkovac\u00edch stroj\u016f od zbytk\u016f dvouslo\u017ekov\u00fdch organick\u00fdch tmel\u016f (polyurethan, polysulfid) v procesu v\u00fdroby izola\u010dn\u00edch skel.<\/p>\n<p>P\u0159i pou\u017eit\u00ed v uzav\u0159en\u00e9m okruhu znateln\u011b zvy\u0161uje \u017eivotnost m\u00eds\u00edc\u00edho a d\u00e1vkovac\u00edho<br \/>\nza\u0159\u00edzen\u00ed a zvy\u0161uje servisn\u00ed a kontroln\u00ed intervaly, \u010d\u00edm\u017e p\u0159in\u00e1\u0161\u00ed vy\u0161\u0161\u00ed produktivitu a sni\u017euje n\u00e1klady na \u00fadr\u017ebu.<\/p>\n<p><strong>V\u00ddHODY:<\/strong><br \/>\n\u2022 Rozpou\u0161t\u00ed a vyplachuje organick\u00e9 tmely<br \/>\n\u2022 Neobsahuje rozpou\u0161t\u011bdla na b\u00e1zi chloru<br \/>\n\u2022 Vyhovuje ekologick\u00fdm na\u0159\u00edzen\u00edm EU<\/p>\n<p><strong>BALEN\u00cd:<\/strong><br \/>\nSud: 200 kg<br \/>\nV\u00e1lec: 7,4 kg<br \/>\nBarva: black<\/p>\n","protected":false},"excerpt":{"rendered":"<p>ROZTOK K PROPLACHOV\u00c1N\u00cd \u010cERPADEL A D\u00c1VKOVAC\u00cdCH ZA\u0158\u00cdZEN\u00cd 911 je sm\u011bs\u00ed bezchlorov\u00fdch rozpou\u0161t\u011bdel, kter\u00e1 byla speci\u00e1ln\u011b vyvinuta pro proplachov\u00e1n\u00ed sm\u011b\u0161ova\u010d\u016f ru\u010dn\u00edch a robotick\u00fdch m\u00eds\u00edc\u00edch a d\u00e1vkovac\u00edch stroj\u016f od zbytk\u016f dvouslo\u017ekov\u00fdch organick\u00fdch tmel\u016f (polyurethan, polysulfid) v procesu v\u00fdroby izola\u010dn\u00edch skel. P\u0159i pou\u017eit\u00ed v uzav\u0159en\u00e9m okruhu znateln\u011b zvy\u0161uje \u017eivotnost m\u00eds\u00edc\u00edho a d\u00e1vkovac\u00edho za\u0159\u00edzen\u00ed a zvy\u0161uje servisn\u00ed a kontroln\u00ed [&hellip;]<\/p>\n","protected":false},"featured_media":5824,"comment_status":"open","ping_status":"closed","template":"","meta":{"_acf_changed":false},"product_cat":[314],"product_tag":[],"acf":[],"yoast_head":"<!-- This site is optimized with the Yoast SEO plugin v22.9 - https:\/\/yoast.com\/wordpress\/plugins\/seo\/ -->\n<title>IGK 911 - Proventuss<\/title>\n<meta name=\"robots\" content=\"index, follow, max-snippet:-1, max-image-preview:large, max-video-preview:-1\" \/>\n<link rel=\"canonical\" href=\"https:\/\/proventuss.eu\/cs\/produkt\/igk-911\/\" \/>\n<meta property=\"og:locale\" content=\"cs_CZ\" \/>\n<meta property=\"og:type\" content=\"article\" \/>\n<meta property=\"og:title\" content=\"IGK 911 - Proventuss\" \/>\n<meta property=\"og:description\" content=\"ROZTOK K PROPLACHOV\u00c1N\u00cd \u010cERPADEL A D\u00c1VKOVAC\u00cdCH ZA\u0158\u00cdZEN\u00cd 911 je sm\u011bs\u00ed bezchlorov\u00fdch rozpou\u0161t\u011bdel, kter\u00e1 byla speci\u00e1ln\u011b vyvinuta pro proplachov\u00e1n\u00ed sm\u011b\u0161ova\u010d\u016f ru\u010dn\u00edch a robotick\u00fdch m\u00eds\u00edc\u00edch a d\u00e1vkovac\u00edch stroj\u016f od zbytk\u016f dvouslo\u017ekov\u00fdch organick\u00fdch tmel\u016f (polyurethan, polysulfid) v procesu v\u00fdroby izola\u010dn\u00edch skel. P\u0159i pou\u017eit\u00ed v uzav\u0159en\u00e9m okruhu znateln\u011b zvy\u0161uje \u017eivotnost m\u00eds\u00edc\u00edho a d\u00e1vkovac\u00edho za\u0159\u00edzen\u00ed a zvy\u0161uje servisn\u00ed a kontroln\u00ed [&hellip;]\" \/>\n<meta property=\"og:url\" content=\"https:\/\/proventuss.eu\/cs\/produkt\/igk-911\/\" \/>\n<meta property=\"og:site_name\" content=\"Proventuss\" \/>\n<meta property=\"og:image\" content=\"https:\/\/proventuss.eu\/wp-content\/uploads\/2022\/04\/IGK-911-1.jpg\" \/>\n\t<meta property=\"og:image:width\" content=\"200\" \/>\n\t<meta property=\"og:image:height\" content=\"245\" \/>\n\t<meta property=\"og:image:type\" content=\"image\/jpeg\" \/>\n<meta name=\"twitter:card\" content=\"summary_large_image\" \/>\n<meta name=\"twitter:label1\" content=\"Odhadovan\u00e1 doba \u010dten\u00ed\" \/>\n\t<meta name=\"twitter:data1\" content=\"1 minuta\" \/>\n<script type=\"application\/ld+json\" class=\"yoast-schema-graph\">{\"@context\":\"https:\/\/schema.org\",\"@graph\":[{\"@type\":\"WebPage\",\"@id\":\"https:\/\/proventuss.eu\/cs\/produkt\/igk-911\/\",\"url\":\"https:\/\/proventuss.eu\/cs\/produkt\/igk-911\/\",\"name\":\"IGK 911 - Proventuss\",\"isPartOf\":{\"@id\":\"https:\/\/proventuss.eu\/#website\"},\"primaryImageOfPage\":{\"@id\":\"https:\/\/proventuss.eu\/cs\/produkt\/igk-911\/#primaryimage\"},\"image\":{\"@id\":\"https:\/\/proventuss.eu\/cs\/produkt\/igk-911\/#primaryimage\"},\"thumbnailUrl\":\"https:\/\/proventuss.eu\/wp-content\/uploads\/2022\/04\/IGK-911-1.jpg\",\"datePublished\":\"2022-04-26T08:34:28+00:00\",\"dateModified\":\"2022-04-26T08:34:28+00:00\",\"breadcrumb\":{\"@id\":\"https:\/\/proventuss.eu\/cs\/produkt\/igk-911\/#breadcrumb\"},\"inLanguage\":\"cs\",\"potentialAction\":[{\"@type\":\"ReadAction\",\"target\":[\"https:\/\/proventuss.eu\/cs\/produkt\/igk-911\/\"]}]},{\"@type\":\"ImageObject\",\"inLanguage\":\"cs\",\"@id\":\"https:\/\/proventuss.eu\/cs\/produkt\/igk-911\/#primaryimage\",\"url\":\"https:\/\/proventuss.eu\/wp-content\/uploads\/2022\/04\/IGK-911-1.jpg\",\"contentUrl\":\"https:\/\/proventuss.eu\/wp-content\/uploads\/2022\/04\/IGK-911-1.jpg\",\"width\":200,\"height\":245},{\"@type\":\"BreadcrumbList\",\"@id\":\"https:\/\/proventuss.eu\/cs\/produkt\/igk-911\/#breadcrumb\",\"itemListElement\":[{\"@type\":\"ListItem\",\"position\":1,\"name\":\"Home\",\"item\":\"https:\/\/proventuss.eu\/\"},{\"@type\":\"ListItem\",\"position\":2,\"name\":\"Produkty\",\"item\":\"https:\/\/proventuss.eu\/produkty\/\"},{\"@type\":\"ListItem\",\"position\":3,\"name\":\"IGK 911\"}]},{\"@type\":\"WebSite\",\"@id\":\"https:\/\/proventuss.eu\/#website\",\"url\":\"https:\/\/proventuss.eu\/\",\"name\":\"Proventuss\",\"description\":\"\",\"potentialAction\":[{\"@type\":\"SearchAction\",\"target\":{\"@type\":\"EntryPoint\",\"urlTemplate\":\"https:\/\/proventuss.eu\/?s={search_term_string}\"},\"query-input\":\"required name=search_term_string\"}],\"inLanguage\":\"cs\"}]}<\/script>\n<!-- \/ Yoast SEO plugin. -->","yoast_head_json":{"title":"IGK 911 - Proventuss","robots":{"index":"index","follow":"follow","max-snippet":"max-snippet:-1","max-image-preview":"max-image-preview:large","max-video-preview":"max-video-preview:-1"},"canonical":"https:\/\/proventuss.eu\/cs\/produkt\/igk-911\/","og_locale":"cs_CZ","og_type":"article","og_title":"IGK 911 - Proventuss","og_description":"ROZTOK K PROPLACHOV\u00c1N\u00cd \u010cERPADEL A D\u00c1VKOVAC\u00cdCH ZA\u0158\u00cdZEN\u00cd 911 je sm\u011bs\u00ed bezchlorov\u00fdch rozpou\u0161t\u011bdel, kter\u00e1 byla speci\u00e1ln\u011b vyvinuta pro proplachov\u00e1n\u00ed sm\u011b\u0161ova\u010d\u016f ru\u010dn\u00edch a robotick\u00fdch m\u00eds\u00edc\u00edch a d\u00e1vkovac\u00edch stroj\u016f od zbytk\u016f dvouslo\u017ekov\u00fdch organick\u00fdch tmel\u016f (polyurethan, polysulfid) v procesu v\u00fdroby izola\u010dn\u00edch skel. P\u0159i pou\u017eit\u00ed v uzav\u0159en\u00e9m okruhu znateln\u011b zvy\u0161uje \u017eivotnost m\u00eds\u00edc\u00edho a d\u00e1vkovac\u00edho za\u0159\u00edzen\u00ed a zvy\u0161uje servisn\u00ed a kontroln\u00ed [&hellip;]","og_url":"https:\/\/proventuss.eu\/cs\/produkt\/igk-911\/","og_site_name":"Proventuss","og_image":[{"width":200,"height":245,"url":"https:\/\/proventuss.eu\/wp-content\/uploads\/2022\/04\/IGK-911-1.jpg","type":"image\/jpeg"}],"twitter_card":"summary_large_image","twitter_misc":{"Odhadovan\u00e1 doba \u010dten\u00ed":"1 minuta"},"schema":{"@context":"https:\/\/schema.org","@graph":[{"@type":"WebPage","@id":"https:\/\/proventuss.eu\/cs\/produkt\/igk-911\/","url":"https:\/\/proventuss.eu\/cs\/produkt\/igk-911\/","name":"IGK 911 - Proventuss","isPartOf":{"@id":"https:\/\/proventuss.eu\/#website"},"primaryImageOfPage":{"@id":"https:\/\/proventuss.eu\/cs\/produkt\/igk-911\/#primaryimage"},"image":{"@id":"https:\/\/proventuss.eu\/cs\/produkt\/igk-911\/#primaryimage"},"thumbnailUrl":"https:\/\/proventuss.eu\/wp-content\/uploads\/2022\/04\/IGK-911-1.jpg","datePublished":"2022-04-26T08:34:28+00:00","dateModified":"2022-04-26T08:34:28+00:00","breadcrumb":{"@id":"https:\/\/proventuss.eu\/cs\/produkt\/igk-911\/#breadcrumb"},"inLanguage":"cs","potentialAction":[{"@type":"ReadAction","target":["https:\/\/proventuss.eu\/cs\/produkt\/igk-911\/"]}]},{"@type":"ImageObject","inLanguage":"cs","@id":"https:\/\/proventuss.eu\/cs\/produkt\/igk-911\/#primaryimage","url":"https:\/\/proventuss.eu\/wp-content\/uploads\/2022\/04\/IGK-911-1.jpg","contentUrl":"https:\/\/proventuss.eu\/wp-content\/uploads\/2022\/04\/IGK-911-1.jpg","width":200,"height":245},{"@type":"BreadcrumbList","@id":"https:\/\/proventuss.eu\/cs\/produkt\/igk-911\/#breadcrumb","itemListElement":[{"@type":"ListItem","position":1,"name":"Home","item":"https:\/\/proventuss.eu\/"},{"@type":"ListItem","position":2,"name":"Produkty","item":"https:\/\/proventuss.eu\/produkty\/"},{"@type":"ListItem","position":3,"name":"IGK 911"}]},{"@type":"WebSite","@id":"https:\/\/proventuss.eu\/#website","url":"https:\/\/proventuss.eu\/","name":"Proventuss","description":"","potentialAction":[{"@type":"SearchAction","target":{"@type":"EntryPoint","urlTemplate":"https:\/\/proventuss.eu\/?s={search_term_string}"},"query-input":"required name=search_term_string"}],"inLanguage":"cs"}]}},"_links":{"self":[{"href":"https:\/\/proventuss.eu\/cs\/wp-json\/wp\/v2\/product\/6503"}],"collection":[{"href":"https:\/\/proventuss.eu\/cs\/wp-json\/wp\/v2\/product"}],"about":[{"href":"https:\/\/proventuss.eu\/cs\/wp-json\/wp\/v2\/types\/product"}],"replies":[{"embeddable":true,"href":"https:\/\/proventuss.eu\/cs\/wp-json\/wp\/v2\/comments?post=6503"}],"wp:featuredmedia":[{"embeddable":true,"href":"https:\/\/proventuss.eu\/cs\/wp-json\/wp\/v2\/media\/5824"}],"wp:attachment":[{"href":"https:\/\/proventuss.eu\/cs\/wp-json\/wp\/v2\/media?parent=6503"}],"wp:term":[{"taxonomy":"product_cat","embeddable":true,"href":"https:\/\/proventuss.eu\/cs\/wp-json\/wp\/v2\/product_cat?post=6503"},{"taxonomy":"product_tag","embeddable":true,"href":"https:\/\/proventuss.eu\/cs\/wp-json\/wp\/v2\/product_tag?post=6503"}],"curies":[{"name":"wp","href":"https:\/\/api.w.org\/{rel}","templated":true}]}}