{"id":6502,"date":"2022-04-26T08:33:04","date_gmt":"2022-04-26T08:33:04","guid":{"rendered":"https:\/\/proventuss.eu\/produkt\/igk-511\/"},"modified":"2022-04-26T08:33:04","modified_gmt":"2022-04-26T08:33:04","slug":"igk-511","status":"publish","type":"product","link":"https:\/\/proventuss.eu\/cs\/produkt\/igk-511\/","title":{"rendered":"IGK 511"},"content":{"rendered":"<p><strong>PRIM\u00c1RN\u00cd BUTYLOV\u00dd TMEL<\/strong> jednoslo\u017ekov\u00fd, termoplastick\u00fd tmel bez rozpou\u0161t\u011bdel na b\u00e1zi polyisobutelenu, speci\u00e1ln\u011b vyvinut\u00fd jako prim\u00e1rn\u00ed tmel izola\u010dn\u00edch skel.<\/p>\n<p><strong>V\u00ddHODY:<\/strong><br \/>\n\u2022 V\u00fdborn\u00fd faktor propustnosti par<br \/>\n\u2022 Provot\u0159\u00eddn\u00ed p\u0159ilnavost ke sklu, hlin\u00edku, vysoce kvalitn\u00ed oceli a pozinkovan\u00e9 oceli i k plastick\u00fdm distan\u010dn\u00edm r\u00e1me\u010dk\u016fm<br \/>\n\u2022 Bez rozpou\u0161t\u011bdel<br \/>\n\u2022 Skv\u011bl\u00e1 odolnost v\u016f\u010di ozonu a UV z\u00e1\u0159en\u00ed<br \/>\n\u2022 Bez z\u00e1pachu<\/p>\n<p><strong>BALEN\u00cd\/BARVY<\/strong><br \/>\nSud: 200 kg<br \/>\nV\u00e1lec: 7,4 kg<br \/>\nBarva: \u010dern\u00e1<\/p>\n","protected":false},"excerpt":{"rendered":"<p>PRIM\u00c1RN\u00cd BUTYLOV\u00dd TMEL jednoslo\u017ekov\u00fd, termoplastick\u00fd tmel bez rozpou\u0161t\u011bdel na b\u00e1zi polyisobutelenu, speci\u00e1ln\u011b vyvinut\u00fd jako prim\u00e1rn\u00ed tmel izola\u010dn\u00edch skel. V\u00ddHODY: \u2022 V\u00fdborn\u00fd faktor propustnosti par \u2022 Provot\u0159\u00eddn\u00ed p\u0159ilnavost ke sklu, hlin\u00edku, vysoce kvalitn\u00ed oceli a pozinkovan\u00e9 oceli i k plastick\u00fdm distan\u010dn\u00edm r\u00e1me\u010dk\u016fm \u2022 Bez rozpou\u0161t\u011bdel \u2022 Skv\u011bl\u00e1 odolnost v\u016f\u010di ozonu a UV z\u00e1\u0159en\u00ed \u2022 Bez z\u00e1pachu [&hellip;]<\/p>\n","protected":false},"featured_media":5827,"comment_status":"open","ping_status":"closed","template":"","meta":{"_acf_changed":false},"product_cat":[314],"product_tag":[],"acf":[],"yoast_head":"<!-- This site is optimized with the Yoast SEO plugin v22.9 - https:\/\/yoast.com\/wordpress\/plugins\/seo\/ -->\n<title>IGK 511 - Proventuss<\/title>\n<meta name=\"robots\" content=\"index, follow, max-snippet:-1, max-image-preview:large, max-video-preview:-1\" \/>\n<link rel=\"canonical\" href=\"https:\/\/proventuss.eu\/cs\/produkt\/igk-511\/\" \/>\n<meta property=\"og:locale\" content=\"cs_CZ\" \/>\n<meta property=\"og:type\" content=\"article\" \/>\n<meta property=\"og:title\" content=\"IGK 511 - Proventuss\" \/>\n<meta property=\"og:description\" content=\"PRIM\u00c1RN\u00cd BUTYLOV\u00dd TMEL jednoslo\u017ekov\u00fd, termoplastick\u00fd tmel bez rozpou\u0161t\u011bdel na b\u00e1zi polyisobutelenu, speci\u00e1ln\u011b vyvinut\u00fd jako prim\u00e1rn\u00ed tmel izola\u010dn\u00edch skel. V\u00ddHODY: \u2022 V\u00fdborn\u00fd faktor propustnosti par \u2022 Provot\u0159\u00eddn\u00ed p\u0159ilnavost ke sklu, hlin\u00edku, vysoce kvalitn\u00ed oceli a pozinkovan\u00e9 oceli i k plastick\u00fdm distan\u010dn\u00edm r\u00e1me\u010dk\u016fm \u2022 Bez rozpou\u0161t\u011bdel \u2022 Skv\u011bl\u00e1 odolnost v\u016f\u010di ozonu a UV z\u00e1\u0159en\u00ed \u2022 Bez z\u00e1pachu [&hellip;]\" \/>\n<meta property=\"og:url\" content=\"https:\/\/proventuss.eu\/cs\/produkt\/igk-511\/\" \/>\n<meta property=\"og:site_name\" content=\"Proventuss\" \/>\n<meta property=\"og:image\" content=\"https:\/\/proventuss.eu\/wp-content\/uploads\/2022\/04\/IGK511.jpg\" \/>\n\t<meta property=\"og:image:width\" content=\"640\" \/>\n\t<meta property=\"og:image:height\" content=\"960\" \/>\n\t<meta property=\"og:image:type\" content=\"image\/jpeg\" \/>\n<meta name=\"twitter:card\" content=\"summary_large_image\" \/>\n<script type=\"application\/ld+json\" class=\"yoast-schema-graph\">{\"@context\":\"https:\/\/schema.org\",\"@graph\":[{\"@type\":\"WebPage\",\"@id\":\"https:\/\/proventuss.eu\/cs\/produkt\/igk-511\/\",\"url\":\"https:\/\/proventuss.eu\/cs\/produkt\/igk-511\/\",\"name\":\"IGK 511 - Proventuss\",\"isPartOf\":{\"@id\":\"https:\/\/proventuss.eu\/#website\"},\"primaryImageOfPage\":{\"@id\":\"https:\/\/proventuss.eu\/cs\/produkt\/igk-511\/#primaryimage\"},\"image\":{\"@id\":\"https:\/\/proventuss.eu\/cs\/produkt\/igk-511\/#primaryimage\"},\"thumbnailUrl\":\"https:\/\/proventuss.eu\/wp-content\/uploads\/2022\/04\/IGK511.jpg\",\"datePublished\":\"2022-04-26T08:33:04+00:00\",\"dateModified\":\"2022-04-26T08:33:04+00:00\",\"breadcrumb\":{\"@id\":\"https:\/\/proventuss.eu\/cs\/produkt\/igk-511\/#breadcrumb\"},\"inLanguage\":\"cs\",\"potentialAction\":[{\"@type\":\"ReadAction\",\"target\":[\"https:\/\/proventuss.eu\/cs\/produkt\/igk-511\/\"]}]},{\"@type\":\"ImageObject\",\"inLanguage\":\"cs\",\"@id\":\"https:\/\/proventuss.eu\/cs\/produkt\/igk-511\/#primaryimage\",\"url\":\"https:\/\/proventuss.eu\/wp-content\/uploads\/2022\/04\/IGK511.jpg\",\"contentUrl\":\"https:\/\/proventuss.eu\/wp-content\/uploads\/2022\/04\/IGK511.jpg\",\"width\":640,\"height\":960},{\"@type\":\"BreadcrumbList\",\"@id\":\"https:\/\/proventuss.eu\/cs\/produkt\/igk-511\/#breadcrumb\",\"itemListElement\":[{\"@type\":\"ListItem\",\"position\":1,\"name\":\"Home\",\"item\":\"https:\/\/proventuss.eu\/\"},{\"@type\":\"ListItem\",\"position\":2,\"name\":\"Produkty\",\"item\":\"https:\/\/proventuss.eu\/produkty\/\"},{\"@type\":\"ListItem\",\"position\":3,\"name\":\"IGK 511\"}]},{\"@type\":\"WebSite\",\"@id\":\"https:\/\/proventuss.eu\/#website\",\"url\":\"https:\/\/proventuss.eu\/\",\"name\":\"Proventuss\",\"description\":\"\",\"potentialAction\":[{\"@type\":\"SearchAction\",\"target\":{\"@type\":\"EntryPoint\",\"urlTemplate\":\"https:\/\/proventuss.eu\/?s={search_term_string}\"},\"query-input\":\"required name=search_term_string\"}],\"inLanguage\":\"cs\"}]}<\/script>\n<!-- \/ Yoast SEO plugin. -->","yoast_head_json":{"title":"IGK 511 - Proventuss","robots":{"index":"index","follow":"follow","max-snippet":"max-snippet:-1","max-image-preview":"max-image-preview:large","max-video-preview":"max-video-preview:-1"},"canonical":"https:\/\/proventuss.eu\/cs\/produkt\/igk-511\/","og_locale":"cs_CZ","og_type":"article","og_title":"IGK 511 - Proventuss","og_description":"PRIM\u00c1RN\u00cd BUTYLOV\u00dd TMEL jednoslo\u017ekov\u00fd, termoplastick\u00fd tmel bez rozpou\u0161t\u011bdel na b\u00e1zi polyisobutelenu, speci\u00e1ln\u011b vyvinut\u00fd jako prim\u00e1rn\u00ed tmel izola\u010dn\u00edch skel. V\u00ddHODY: \u2022 V\u00fdborn\u00fd faktor propustnosti par \u2022 Provot\u0159\u00eddn\u00ed p\u0159ilnavost ke sklu, hlin\u00edku, vysoce kvalitn\u00ed oceli a pozinkovan\u00e9 oceli i k plastick\u00fdm distan\u010dn\u00edm r\u00e1me\u010dk\u016fm \u2022 Bez rozpou\u0161t\u011bdel \u2022 Skv\u011bl\u00e1 odolnost v\u016f\u010di ozonu a UV z\u00e1\u0159en\u00ed \u2022 Bez z\u00e1pachu [&hellip;]","og_url":"https:\/\/proventuss.eu\/cs\/produkt\/igk-511\/","og_site_name":"Proventuss","og_image":[{"width":640,"height":960,"url":"https:\/\/proventuss.eu\/wp-content\/uploads\/2022\/04\/IGK511.jpg","type":"image\/jpeg"}],"twitter_card":"summary_large_image","schema":{"@context":"https:\/\/schema.org","@graph":[{"@type":"WebPage","@id":"https:\/\/proventuss.eu\/cs\/produkt\/igk-511\/","url":"https:\/\/proventuss.eu\/cs\/produkt\/igk-511\/","name":"IGK 511 - Proventuss","isPartOf":{"@id":"https:\/\/proventuss.eu\/#website"},"primaryImageOfPage":{"@id":"https:\/\/proventuss.eu\/cs\/produkt\/igk-511\/#primaryimage"},"image":{"@id":"https:\/\/proventuss.eu\/cs\/produkt\/igk-511\/#primaryimage"},"thumbnailUrl":"https:\/\/proventuss.eu\/wp-content\/uploads\/2022\/04\/IGK511.jpg","datePublished":"2022-04-26T08:33:04+00:00","dateModified":"2022-04-26T08:33:04+00:00","breadcrumb":{"@id":"https:\/\/proventuss.eu\/cs\/produkt\/igk-511\/#breadcrumb"},"inLanguage":"cs","potentialAction":[{"@type":"ReadAction","target":["https:\/\/proventuss.eu\/cs\/produkt\/igk-511\/"]}]},{"@type":"ImageObject","inLanguage":"cs","@id":"https:\/\/proventuss.eu\/cs\/produkt\/igk-511\/#primaryimage","url":"https:\/\/proventuss.eu\/wp-content\/uploads\/2022\/04\/IGK511.jpg","contentUrl":"https:\/\/proventuss.eu\/wp-content\/uploads\/2022\/04\/IGK511.jpg","width":640,"height":960},{"@type":"BreadcrumbList","@id":"https:\/\/proventuss.eu\/cs\/produkt\/igk-511\/#breadcrumb","itemListElement":[{"@type":"ListItem","position":1,"name":"Home","item":"https:\/\/proventuss.eu\/"},{"@type":"ListItem","position":2,"name":"Produkty","item":"https:\/\/proventuss.eu\/produkty\/"},{"@type":"ListItem","position":3,"name":"IGK 511"}]},{"@type":"WebSite","@id":"https:\/\/proventuss.eu\/#website","url":"https:\/\/proventuss.eu\/","name":"Proventuss","description":"","potentialAction":[{"@type":"SearchAction","target":{"@type":"EntryPoint","urlTemplate":"https:\/\/proventuss.eu\/?s={search_term_string}"},"query-input":"required name=search_term_string"}],"inLanguage":"cs"}]}},"_links":{"self":[{"href":"https:\/\/proventuss.eu\/cs\/wp-json\/wp\/v2\/product\/6502"}],"collection":[{"href":"https:\/\/proventuss.eu\/cs\/wp-json\/wp\/v2\/product"}],"about":[{"href":"https:\/\/proventuss.eu\/cs\/wp-json\/wp\/v2\/types\/product"}],"replies":[{"embeddable":true,"href":"https:\/\/proventuss.eu\/cs\/wp-json\/wp\/v2\/comments?post=6502"}],"wp:featuredmedia":[{"embeddable":true,"href":"https:\/\/proventuss.eu\/cs\/wp-json\/wp\/v2\/media\/5827"}],"wp:attachment":[{"href":"https:\/\/proventuss.eu\/cs\/wp-json\/wp\/v2\/media?parent=6502"}],"wp:term":[{"taxonomy":"product_cat","embeddable":true,"href":"https:\/\/proventuss.eu\/cs\/wp-json\/wp\/v2\/product_cat?post=6502"},{"taxonomy":"product_tag","embeddable":true,"href":"https:\/\/proventuss.eu\/cs\/wp-json\/wp\/v2\/product_tag?post=6502"}],"curies":[{"name":"wp","href":"https:\/\/api.w.org\/{rel}","templated":true}]}}