{"id":6500,"date":"2022-04-26T08:29:26","date_gmt":"2022-04-26T08:29:26","guid":{"rendered":"https:\/\/proventuss.eu\/produkt\/igk-130\/"},"modified":"2022-04-26T08:29:26","modified_gmt":"2022-04-26T08:29:26","slug":"igk-130","status":"publish","type":"product","link":"https:\/\/proventuss.eu\/cs\/produkt\/igk-130\/","title":{"rendered":"IGK 130"},"content":{"rendered":"<p><strong>EKOLOGICK\u00dd, DVOUSLO\u017dKOV\u00dd LEP\u00cdC\u00cd TMEL NA B\u00c1ZI POLYURETHANU<\/strong> speci\u00e1ln\u011b vyvinut\u00fd pro sekund\u00e1rn\u00ed tmelen\u00ed a lepen\u00ed izola\u010dn\u00edch skel. IGK 130 je bez rozpou\u0161t\u011bdel a neobsahuje katalyz\u00e1tor s obsahem rtuti.<\/p>\n<p><strong>V\u00ddHODY:<\/strong><br \/>\n\u2022 Skv\u011bl\u00e9 mechanick\u00e9 vlastnosti<br \/>\n\u2022 Optim\u00e1ln\u00ed hustota materi\u00e1lu zvy\u0161uje \u017eivotnost sm\u011b\u0161ova\u010d\u016f a za\u0159\u00edzen\u00ed<br \/>\n\u2022 N\u00edzky faktor propustnosti par a plyn\u016f<br \/>\n\u2022 Skv\u011bl\u00e1 p\u0159ilnavost ke sklu, hlin\u00edku<br \/>\n\u2022 Katalyz\u00e1tor bez obsahu rtuti<br \/>\n\u2022 VOC &lt;1%<\/p>\n<p><strong>BALEN\u00cd\/BARVY<\/strong><br \/>\nB\u00e1ze: 200 L sud<br \/>\nBarva: b\u00e9\u017eov\u00e1<br \/>\nTv rdidlo: 20 L nebo 200 L sud<br \/>\nBarva: \u010dern\u00e1<\/p>\n","protected":false},"excerpt":{"rendered":"<p>EKOLOGICK\u00dd, DVOUSLO\u017dKOV\u00dd LEP\u00cdC\u00cd TMEL NA B\u00c1ZI POLYURETHANU speci\u00e1ln\u011b vyvinut\u00fd pro sekund\u00e1rn\u00ed tmelen\u00ed a lepen\u00ed izola\u010dn\u00edch skel. IGK 130 je bez rozpou\u0161t\u011bdel a neobsahuje katalyz\u00e1tor s obsahem rtuti. V\u00ddHODY: \u2022 Skv\u011bl\u00e9 mechanick\u00e9 vlastnosti \u2022 Optim\u00e1ln\u00ed hustota materi\u00e1lu zvy\u0161uje \u017eivotnost sm\u011b\u0161ova\u010d\u016f a za\u0159\u00edzen\u00ed \u2022 N\u00edzky faktor propustnosti par a plyn\u016f \u2022 Skv\u011bl\u00e1 p\u0159ilnavost ke sklu, hlin\u00edku \u2022 [&hellip;]<\/p>\n","protected":false},"featured_media":5833,"comment_status":"open","ping_status":"closed","template":"","meta":{"_acf_changed":false},"product_cat":[314],"product_tag":[],"acf":[],"yoast_head":"<!-- This site is optimized with the Yoast SEO plugin v22.9 - https:\/\/yoast.com\/wordpress\/plugins\/seo\/ -->\n<title>IGK 130 - Proventuss<\/title>\n<meta name=\"robots\" content=\"index, follow, max-snippet:-1, max-image-preview:large, max-video-preview:-1\" \/>\n<link rel=\"canonical\" href=\"https:\/\/proventuss.eu\/cs\/produkt\/igk-130\/\" \/>\n<meta property=\"og:locale\" content=\"cs_CZ\" \/>\n<meta property=\"og:type\" content=\"article\" \/>\n<meta property=\"og:title\" content=\"IGK 130 - Proventuss\" \/>\n<meta property=\"og:description\" content=\"EKOLOGICK\u00dd, DVOUSLO\u017dKOV\u00dd LEP\u00cdC\u00cd TMEL NA B\u00c1ZI POLYURETHANU speci\u00e1ln\u011b vyvinut\u00fd pro sekund\u00e1rn\u00ed tmelen\u00ed a lepen\u00ed izola\u010dn\u00edch skel. IGK 130 je bez rozpou\u0161t\u011bdel a neobsahuje katalyz\u00e1tor s obsahem rtuti. V\u00ddHODY: \u2022 Skv\u011bl\u00e9 mechanick\u00e9 vlastnosti \u2022 Optim\u00e1ln\u00ed hustota materi\u00e1lu zvy\u0161uje \u017eivotnost sm\u011b\u0161ova\u010d\u016f a za\u0159\u00edzen\u00ed \u2022 N\u00edzky faktor propustnosti par a plyn\u016f \u2022 Skv\u011bl\u00e1 p\u0159ilnavost ke sklu, hlin\u00edku \u2022 [&hellip;]\" \/>\n<meta property=\"og:url\" content=\"https:\/\/proventuss.eu\/cs\/produkt\/igk-130\/\" \/>\n<meta property=\"og:site_name\" content=\"Proventuss\" \/>\n<meta property=\"og:image\" content=\"https:\/\/proventuss.eu\/wp-content\/uploads\/2022\/04\/IGK130.jpg\" \/>\n\t<meta property=\"og:image:width\" content=\"640\" \/>\n\t<meta property=\"og:image:height\" content=\"960\" \/>\n\t<meta property=\"og:image:type\" content=\"image\/jpeg\" \/>\n<meta name=\"twitter:card\" content=\"summary_large_image\" \/>\n<script type=\"application\/ld+json\" class=\"yoast-schema-graph\">{\"@context\":\"https:\/\/schema.org\",\"@graph\":[{\"@type\":\"WebPage\",\"@id\":\"https:\/\/proventuss.eu\/cs\/produkt\/igk-130\/\",\"url\":\"https:\/\/proventuss.eu\/cs\/produkt\/igk-130\/\",\"name\":\"IGK 130 - Proventuss\",\"isPartOf\":{\"@id\":\"https:\/\/proventuss.eu\/#website\"},\"primaryImageOfPage\":{\"@id\":\"https:\/\/proventuss.eu\/cs\/produkt\/igk-130\/#primaryimage\"},\"image\":{\"@id\":\"https:\/\/proventuss.eu\/cs\/produkt\/igk-130\/#primaryimage\"},\"thumbnailUrl\":\"https:\/\/proventuss.eu\/wp-content\/uploads\/2022\/04\/IGK130.jpg\",\"datePublished\":\"2022-04-26T08:29:26+00:00\",\"dateModified\":\"2022-04-26T08:29:26+00:00\",\"breadcrumb\":{\"@id\":\"https:\/\/proventuss.eu\/cs\/produkt\/igk-130\/#breadcrumb\"},\"inLanguage\":\"cs\",\"potentialAction\":[{\"@type\":\"ReadAction\",\"target\":[\"https:\/\/proventuss.eu\/cs\/produkt\/igk-130\/\"]}]},{\"@type\":\"ImageObject\",\"inLanguage\":\"cs\",\"@id\":\"https:\/\/proventuss.eu\/cs\/produkt\/igk-130\/#primaryimage\",\"url\":\"https:\/\/proventuss.eu\/wp-content\/uploads\/2022\/04\/IGK130.jpg\",\"contentUrl\":\"https:\/\/proventuss.eu\/wp-content\/uploads\/2022\/04\/IGK130.jpg\",\"width\":640,\"height\":960},{\"@type\":\"BreadcrumbList\",\"@id\":\"https:\/\/proventuss.eu\/cs\/produkt\/igk-130\/#breadcrumb\",\"itemListElement\":[{\"@type\":\"ListItem\",\"position\":1,\"name\":\"Home\",\"item\":\"https:\/\/proventuss.eu\/\"},{\"@type\":\"ListItem\",\"position\":2,\"name\":\"Produkty\",\"item\":\"https:\/\/proventuss.eu\/produkty\/\"},{\"@type\":\"ListItem\",\"position\":3,\"name\":\"IGK 130\"}]},{\"@type\":\"WebSite\",\"@id\":\"https:\/\/proventuss.eu\/#website\",\"url\":\"https:\/\/proventuss.eu\/\",\"name\":\"Proventuss\",\"description\":\"\",\"potentialAction\":[{\"@type\":\"SearchAction\",\"target\":{\"@type\":\"EntryPoint\",\"urlTemplate\":\"https:\/\/proventuss.eu\/?s={search_term_string}\"},\"query-input\":\"required name=search_term_string\"}],\"inLanguage\":\"cs\"}]}<\/script>\n<!-- \/ Yoast SEO plugin. -->","yoast_head_json":{"title":"IGK 130 - Proventuss","robots":{"index":"index","follow":"follow","max-snippet":"max-snippet:-1","max-image-preview":"max-image-preview:large","max-video-preview":"max-video-preview:-1"},"canonical":"https:\/\/proventuss.eu\/cs\/produkt\/igk-130\/","og_locale":"cs_CZ","og_type":"article","og_title":"IGK 130 - Proventuss","og_description":"EKOLOGICK\u00dd, DVOUSLO\u017dKOV\u00dd LEP\u00cdC\u00cd TMEL NA B\u00c1ZI POLYURETHANU speci\u00e1ln\u011b vyvinut\u00fd pro sekund\u00e1rn\u00ed tmelen\u00ed a lepen\u00ed izola\u010dn\u00edch skel. IGK 130 je bez rozpou\u0161t\u011bdel a neobsahuje katalyz\u00e1tor s obsahem rtuti. V\u00ddHODY: \u2022 Skv\u011bl\u00e9 mechanick\u00e9 vlastnosti \u2022 Optim\u00e1ln\u00ed hustota materi\u00e1lu zvy\u0161uje \u017eivotnost sm\u011b\u0161ova\u010d\u016f a za\u0159\u00edzen\u00ed \u2022 N\u00edzky faktor propustnosti par a plyn\u016f \u2022 Skv\u011bl\u00e1 p\u0159ilnavost ke sklu, hlin\u00edku \u2022 [&hellip;]","og_url":"https:\/\/proventuss.eu\/cs\/produkt\/igk-130\/","og_site_name":"Proventuss","og_image":[{"width":640,"height":960,"url":"https:\/\/proventuss.eu\/wp-content\/uploads\/2022\/04\/IGK130.jpg","type":"image\/jpeg"}],"twitter_card":"summary_large_image","schema":{"@context":"https:\/\/schema.org","@graph":[{"@type":"WebPage","@id":"https:\/\/proventuss.eu\/cs\/produkt\/igk-130\/","url":"https:\/\/proventuss.eu\/cs\/produkt\/igk-130\/","name":"IGK 130 - Proventuss","isPartOf":{"@id":"https:\/\/proventuss.eu\/#website"},"primaryImageOfPage":{"@id":"https:\/\/proventuss.eu\/cs\/produkt\/igk-130\/#primaryimage"},"image":{"@id":"https:\/\/proventuss.eu\/cs\/produkt\/igk-130\/#primaryimage"},"thumbnailUrl":"https:\/\/proventuss.eu\/wp-content\/uploads\/2022\/04\/IGK130.jpg","datePublished":"2022-04-26T08:29:26+00:00","dateModified":"2022-04-26T08:29:26+00:00","breadcrumb":{"@id":"https:\/\/proventuss.eu\/cs\/produkt\/igk-130\/#breadcrumb"},"inLanguage":"cs","potentialAction":[{"@type":"ReadAction","target":["https:\/\/proventuss.eu\/cs\/produkt\/igk-130\/"]}]},{"@type":"ImageObject","inLanguage":"cs","@id":"https:\/\/proventuss.eu\/cs\/produkt\/igk-130\/#primaryimage","url":"https:\/\/proventuss.eu\/wp-content\/uploads\/2022\/04\/IGK130.jpg","contentUrl":"https:\/\/proventuss.eu\/wp-content\/uploads\/2022\/04\/IGK130.jpg","width":640,"height":960},{"@type":"BreadcrumbList","@id":"https:\/\/proventuss.eu\/cs\/produkt\/igk-130\/#breadcrumb","itemListElement":[{"@type":"ListItem","position":1,"name":"Home","item":"https:\/\/proventuss.eu\/"},{"@type":"ListItem","position":2,"name":"Produkty","item":"https:\/\/proventuss.eu\/produkty\/"},{"@type":"ListItem","position":3,"name":"IGK 130"}]},{"@type":"WebSite","@id":"https:\/\/proventuss.eu\/#website","url":"https:\/\/proventuss.eu\/","name":"Proventuss","description":"","potentialAction":[{"@type":"SearchAction","target":{"@type":"EntryPoint","urlTemplate":"https:\/\/proventuss.eu\/?s={search_term_string}"},"query-input":"required name=search_term_string"}],"inLanguage":"cs"}]}},"_links":{"self":[{"href":"https:\/\/proventuss.eu\/cs\/wp-json\/wp\/v2\/product\/6500"}],"collection":[{"href":"https:\/\/proventuss.eu\/cs\/wp-json\/wp\/v2\/product"}],"about":[{"href":"https:\/\/proventuss.eu\/cs\/wp-json\/wp\/v2\/types\/product"}],"replies":[{"embeddable":true,"href":"https:\/\/proventuss.eu\/cs\/wp-json\/wp\/v2\/comments?post=6500"}],"wp:featuredmedia":[{"embeddable":true,"href":"https:\/\/proventuss.eu\/cs\/wp-json\/wp\/v2\/media\/5833"}],"wp:attachment":[{"href":"https:\/\/proventuss.eu\/cs\/wp-json\/wp\/v2\/media?parent=6500"}],"wp:term":[{"taxonomy":"product_cat","embeddable":true,"href":"https:\/\/proventuss.eu\/cs\/wp-json\/wp\/v2\/product_cat?post=6500"},{"taxonomy":"product_tag","embeddable":true,"href":"https:\/\/proventuss.eu\/cs\/wp-json\/wp\/v2\/product_tag?post=6500"}],"curies":[{"name":"wp","href":"https:\/\/api.w.org\/{rel}","templated":true}]}}