{"id":6497,"date":"2022-04-26T08:22:45","date_gmt":"2022-04-26T08:22:45","guid":{"rendered":"https:\/\/proventuss.eu\/produkt\/dowsil-3545-insulating-glass-silicone-sealant\/"},"modified":"2022-04-26T08:22:45","modified_gmt":"2022-04-26T08:22:45","slug":"dowsil-3545-insulating-glass-silicone-sealant","status":"publish","type":"product","link":"https:\/\/proventuss.eu\/cs\/produkt\/dowsil-3545-insulating-glass-silicone-sealant\/","title":{"rendered":"DOWSIL 3545 Insulating Glass Silicone Sealant"},"content":{"rendered":"<p><strong>JEDNOSLO\u017dKOV\u00dd SILIKONOV\u00dd TMEL PRO IZOLA\u010cN\u00cd SKLA<\/strong> s okam\u017eitou pevnost\u00ed umo\u017e\u0148uj\u00edc\u00ed rychlou manipulaci lepen\u00fdch izola\u010dn\u00edch skel.<\/p>\n<p><strong>VLASTNOSTI A V\u00ddHODY:<\/strong><br \/>\n\u2022 Okam\u017eit\u00e1 vysok\u00e1 pevnost<br \/>\n\u2022 Technologie jednoslo\u017ekov\u00e9ho alkoxy silikonu<br \/>\n\u2022 Okam\u017eit\u00e9 pou\u017eit\u00ed<br \/>\n\u2022 Odoln\u00fd v\u016f\u010di UV, ozonu a pov\u011btrnostn\u00edm vliv\u016fm<br \/>\n\u2022 Spl\u0148uje po\u017eadavky EN1279 \u010d\u00e1sti 2\/4<br \/>\n\u2022 Pracovn\u00ed rozsah teplot -50\u00b0C a\u017e +150\u00b0C<br \/>\n\u2022 Skv\u011bl\u00e1 p\u0159ilnavost ke sklu a r\u016fzn\u00fdm distan\u010dn\u00edm r\u00e1me\u010dk\u016fm (nap\u0159. hlin\u00edk, nerezov\u00e1 ocel)<br \/>\n\u2022 Nekorozivn\u00ed vytvrzov\u00e1n\u00ed<br \/>\n\u2022 Bez rozpou\u0161t\u011bdel, bez z\u00e1pachu<br \/>\n\u2022 N\u00edzk\u00e1 absorpce vody<br \/>\n\u2022 Vysok\u00e1 \u00farove\u0148 mechanick\u00fdch vlastnost\u00ed<br \/>\n\u2022 Neobsahuje organick\u00e9 plastifik\u00e1tory, kter\u00e9 mohou zp\u016fsobit ml\u017een\u00ed uvnit\u0159 izola\u010dn\u00edho skla<br \/>\n\u2022 Vysok\u00e9 elastick\u00e9 zotaven\u00ed a vysok\u00e1 pevnost sni\u017euj\u00ed nam\u00e1h\u00e1n\u00ed butylu<br \/>\n\u2022 Rychl\u00e1 manipulace s izloa\u010dn\u00edmi skly d\u00edky okam\u017eit\u00e9 pevnosti<br \/>\n\u2022 Rychl\u00e9 dosa\u017een\u00ed pevnosti<br \/>\n\u2022 Vysok\u00e1 trvanlivost d\u00edky odolnosti v\u016f\u010di teplot\u011b, ozonu a UV<br \/>\n\u2022 Pro ru\u010dn\u00ed a automatick\u00e9 nan\u00e1\u0161en\u00ed<\/p>\n<p><strong>APLIKACE:<\/strong><br \/>\nDOWSIL\u2122 3545 Silikonov\u00fd tmel pro izola\u010dn\u00ed skla byl speci\u00e1ln\u011b vyvinut pro skv\u011blou p\u0159ilnavost ke sklu a<br \/>\n\u0161irok\u00e9mu spektru distan\u010dn\u00edch r\u00e1me\u010dk\u016f v aplikac\u00edch izola\u010dn\u00edch skel pro reziden\u010dn\u00ed budovy. S okam\u017eitou<br \/>\nvysokou pevnost\u00ed umo\u017e\u0148uje rychlou manipulaci izola\u010dn\u00edch skel, rychle buduje adhezi, je odoln\u00fd v\u016f\u010di UV a<br \/>\nvytvrzuje se za p\u0159\u00edtomnosti vlhkosti.<\/p>\n","protected":false},"excerpt":{"rendered":"<p>JEDNOSLO\u017dKOV\u00dd SILIKONOV\u00dd TMEL PRO IZOLA\u010cN\u00cd SKLA s okam\u017eitou pevnost\u00ed umo\u017e\u0148uj\u00edc\u00ed rychlou manipulaci lepen\u00fdch izola\u010dn\u00edch skel. VLASTNOSTI A V\u00ddHODY: \u2022 Okam\u017eit\u00e1 vysok\u00e1 pevnost \u2022 Technologie jednoslo\u017ekov\u00e9ho alkoxy silikonu \u2022 Okam\u017eit\u00e9 pou\u017eit\u00ed \u2022 Odoln\u00fd v\u016f\u010di UV, ozonu a pov\u011btrnostn\u00edm vliv\u016fm \u2022 Spl\u0148uje po\u017eadavky EN1279 \u010d\u00e1sti 2\/4 \u2022 Pracovn\u00ed rozsah teplot -50\u00b0C a\u017e +150\u00b0C \u2022 Skv\u011bl\u00e1 p\u0159ilnavost ke [&hellip;]<\/p>\n","protected":false},"featured_media":4866,"comment_status":"open","ping_status":"closed","template":"","meta":{"_acf_changed":false},"product_cat":[314],"product_tag":[],"acf":[],"yoast_head":"<!-- This site is optimized with the Yoast SEO plugin v22.9 - https:\/\/yoast.com\/wordpress\/plugins\/seo\/ -->\n<title>DOWSIL 3545 Insulating Glass Silicone Sealant - Proventuss<\/title>\n<meta name=\"robots\" content=\"index, follow, max-snippet:-1, max-image-preview:large, max-video-preview:-1\" \/>\n<link rel=\"canonical\" href=\"https:\/\/proventuss.eu\/cs\/produkt\/dowsil-3545-insulating-glass-silicone-sealant\/\" \/>\n<meta property=\"og:locale\" content=\"cs_CZ\" \/>\n<meta property=\"og:type\" content=\"article\" \/>\n<meta property=\"og:title\" content=\"DOWSIL 3545 Insulating Glass Silicone Sealant - Proventuss\" \/>\n<meta property=\"og:description\" content=\"JEDNOSLO\u017dKOV\u00dd SILIKONOV\u00dd TMEL PRO IZOLA\u010cN\u00cd SKLA s okam\u017eitou pevnost\u00ed umo\u017e\u0148uj\u00edc\u00ed rychlou manipulaci lepen\u00fdch izola\u010dn\u00edch skel. VLASTNOSTI A V\u00ddHODY: \u2022 Okam\u017eit\u00e1 vysok\u00e1 pevnost \u2022 Technologie jednoslo\u017ekov\u00e9ho alkoxy silikonu \u2022 Okam\u017eit\u00e9 pou\u017eit\u00ed \u2022 Odoln\u00fd v\u016f\u010di UV, ozonu a pov\u011btrnostn\u00edm vliv\u016fm \u2022 Spl\u0148uje po\u017eadavky EN1279 \u010d\u00e1sti 2\/4 \u2022 Pracovn\u00ed rozsah teplot -50\u00b0C a\u017e +150\u00b0C \u2022 Skv\u011bl\u00e1 p\u0159ilnavost ke [&hellip;]\" \/>\n<meta property=\"og:url\" content=\"https:\/\/proventuss.eu\/cs\/produkt\/dowsil-3545-insulating-glass-silicone-sealant\/\" \/>\n<meta property=\"og:site_name\" content=\"Proventuss\" \/>\n<meta property=\"og:image\" content=\"https:\/\/proventuss.eu\/wp-content\/uploads\/2022\/04\/3545.jpg\" \/>\n\t<meta property=\"og:image:width\" content=\"640\" \/>\n\t<meta property=\"og:image:height\" content=\"782\" \/>\n\t<meta property=\"og:image:type\" content=\"image\/jpeg\" \/>\n<meta name=\"twitter:card\" content=\"summary_large_image\" \/>\n<meta name=\"twitter:label1\" content=\"Odhadovan\u00e1 doba \u010dten\u00ed\" \/>\n\t<meta name=\"twitter:data1\" content=\"1 minuta\" \/>\n<script type=\"application\/ld+json\" class=\"yoast-schema-graph\">{\"@context\":\"https:\/\/schema.org\",\"@graph\":[{\"@type\":\"WebPage\",\"@id\":\"https:\/\/proventuss.eu\/cs\/produkt\/dowsil-3545-insulating-glass-silicone-sealant\/\",\"url\":\"https:\/\/proventuss.eu\/cs\/produkt\/dowsil-3545-insulating-glass-silicone-sealant\/\",\"name\":\"DOWSIL 3545 Insulating Glass Silicone Sealant - Proventuss\",\"isPartOf\":{\"@id\":\"https:\/\/proventuss.eu\/#website\"},\"primaryImageOfPage\":{\"@id\":\"https:\/\/proventuss.eu\/cs\/produkt\/dowsil-3545-insulating-glass-silicone-sealant\/#primaryimage\"},\"image\":{\"@id\":\"https:\/\/proventuss.eu\/cs\/produkt\/dowsil-3545-insulating-glass-silicone-sealant\/#primaryimage\"},\"thumbnailUrl\":\"https:\/\/proventuss.eu\/wp-content\/uploads\/2022\/04\/3545.jpg\",\"datePublished\":\"2022-04-26T08:22:45+00:00\",\"dateModified\":\"2022-04-26T08:22:45+00:00\",\"breadcrumb\":{\"@id\":\"https:\/\/proventuss.eu\/cs\/produkt\/dowsil-3545-insulating-glass-silicone-sealant\/#breadcrumb\"},\"inLanguage\":\"cs\",\"potentialAction\":[{\"@type\":\"ReadAction\",\"target\":[\"https:\/\/proventuss.eu\/cs\/produkt\/dowsil-3545-insulating-glass-silicone-sealant\/\"]}]},{\"@type\":\"ImageObject\",\"inLanguage\":\"cs\",\"@id\":\"https:\/\/proventuss.eu\/cs\/produkt\/dowsil-3545-insulating-glass-silicone-sealant\/#primaryimage\",\"url\":\"https:\/\/proventuss.eu\/wp-content\/uploads\/2022\/04\/3545.jpg\",\"contentUrl\":\"https:\/\/proventuss.eu\/wp-content\/uploads\/2022\/04\/3545.jpg\",\"width\":640,\"height\":782},{\"@type\":\"BreadcrumbList\",\"@id\":\"https:\/\/proventuss.eu\/cs\/produkt\/dowsil-3545-insulating-glass-silicone-sealant\/#breadcrumb\",\"itemListElement\":[{\"@type\":\"ListItem\",\"position\":1,\"name\":\"Home\",\"item\":\"https:\/\/proventuss.eu\/\"},{\"@type\":\"ListItem\",\"position\":2,\"name\":\"Produkty\",\"item\":\"https:\/\/proventuss.eu\/produkty\/\"},{\"@type\":\"ListItem\",\"position\":3,\"name\":\"DOWSIL 3545 Insulating Glass Silicone Sealant\"}]},{\"@type\":\"WebSite\",\"@id\":\"https:\/\/proventuss.eu\/#website\",\"url\":\"https:\/\/proventuss.eu\/\",\"name\":\"Proventuss\",\"description\":\"\",\"potentialAction\":[{\"@type\":\"SearchAction\",\"target\":{\"@type\":\"EntryPoint\",\"urlTemplate\":\"https:\/\/proventuss.eu\/?s={search_term_string}\"},\"query-input\":\"required name=search_term_string\"}],\"inLanguage\":\"cs\"}]}<\/script>\n<!-- \/ Yoast SEO plugin. -->","yoast_head_json":{"title":"DOWSIL 3545 Insulating Glass Silicone Sealant - Proventuss","robots":{"index":"index","follow":"follow","max-snippet":"max-snippet:-1","max-image-preview":"max-image-preview:large","max-video-preview":"max-video-preview:-1"},"canonical":"https:\/\/proventuss.eu\/cs\/produkt\/dowsil-3545-insulating-glass-silicone-sealant\/","og_locale":"cs_CZ","og_type":"article","og_title":"DOWSIL 3545 Insulating Glass Silicone Sealant - Proventuss","og_description":"JEDNOSLO\u017dKOV\u00dd SILIKONOV\u00dd TMEL PRO IZOLA\u010cN\u00cd SKLA s okam\u017eitou pevnost\u00ed umo\u017e\u0148uj\u00edc\u00ed rychlou manipulaci lepen\u00fdch izola\u010dn\u00edch skel. VLASTNOSTI A V\u00ddHODY: \u2022 Okam\u017eit\u00e1 vysok\u00e1 pevnost \u2022 Technologie jednoslo\u017ekov\u00e9ho alkoxy silikonu \u2022 Okam\u017eit\u00e9 pou\u017eit\u00ed \u2022 Odoln\u00fd v\u016f\u010di UV, ozonu a pov\u011btrnostn\u00edm vliv\u016fm \u2022 Spl\u0148uje po\u017eadavky EN1279 \u010d\u00e1sti 2\/4 \u2022 Pracovn\u00ed rozsah teplot -50\u00b0C a\u017e +150\u00b0C \u2022 Skv\u011bl\u00e1 p\u0159ilnavost ke [&hellip;]","og_url":"https:\/\/proventuss.eu\/cs\/produkt\/dowsil-3545-insulating-glass-silicone-sealant\/","og_site_name":"Proventuss","og_image":[{"width":640,"height":782,"url":"https:\/\/proventuss.eu\/wp-content\/uploads\/2022\/04\/3545.jpg","type":"image\/jpeg"}],"twitter_card":"summary_large_image","twitter_misc":{"Odhadovan\u00e1 doba \u010dten\u00ed":"1 minuta"},"schema":{"@context":"https:\/\/schema.org","@graph":[{"@type":"WebPage","@id":"https:\/\/proventuss.eu\/cs\/produkt\/dowsil-3545-insulating-glass-silicone-sealant\/","url":"https:\/\/proventuss.eu\/cs\/produkt\/dowsil-3545-insulating-glass-silicone-sealant\/","name":"DOWSIL 3545 Insulating Glass Silicone Sealant - Proventuss","isPartOf":{"@id":"https:\/\/proventuss.eu\/#website"},"primaryImageOfPage":{"@id":"https:\/\/proventuss.eu\/cs\/produkt\/dowsil-3545-insulating-glass-silicone-sealant\/#primaryimage"},"image":{"@id":"https:\/\/proventuss.eu\/cs\/produkt\/dowsil-3545-insulating-glass-silicone-sealant\/#primaryimage"},"thumbnailUrl":"https:\/\/proventuss.eu\/wp-content\/uploads\/2022\/04\/3545.jpg","datePublished":"2022-04-26T08:22:45+00:00","dateModified":"2022-04-26T08:22:45+00:00","breadcrumb":{"@id":"https:\/\/proventuss.eu\/cs\/produkt\/dowsil-3545-insulating-glass-silicone-sealant\/#breadcrumb"},"inLanguage":"cs","potentialAction":[{"@type":"ReadAction","target":["https:\/\/proventuss.eu\/cs\/produkt\/dowsil-3545-insulating-glass-silicone-sealant\/"]}]},{"@type":"ImageObject","inLanguage":"cs","@id":"https:\/\/proventuss.eu\/cs\/produkt\/dowsil-3545-insulating-glass-silicone-sealant\/#primaryimage","url":"https:\/\/proventuss.eu\/wp-content\/uploads\/2022\/04\/3545.jpg","contentUrl":"https:\/\/proventuss.eu\/wp-content\/uploads\/2022\/04\/3545.jpg","width":640,"height":782},{"@type":"BreadcrumbList","@id":"https:\/\/proventuss.eu\/cs\/produkt\/dowsil-3545-insulating-glass-silicone-sealant\/#breadcrumb","itemListElement":[{"@type":"ListItem","position":1,"name":"Home","item":"https:\/\/proventuss.eu\/"},{"@type":"ListItem","position":2,"name":"Produkty","item":"https:\/\/proventuss.eu\/produkty\/"},{"@type":"ListItem","position":3,"name":"DOWSIL 3545 Insulating Glass Silicone Sealant"}]},{"@type":"WebSite","@id":"https:\/\/proventuss.eu\/#website","url":"https:\/\/proventuss.eu\/","name":"Proventuss","description":"","potentialAction":[{"@type":"SearchAction","target":{"@type":"EntryPoint","urlTemplate":"https:\/\/proventuss.eu\/?s={search_term_string}"},"query-input":"required name=search_term_string"}],"inLanguage":"cs"}]}},"_links":{"self":[{"href":"https:\/\/proventuss.eu\/cs\/wp-json\/wp\/v2\/product\/6497"}],"collection":[{"href":"https:\/\/proventuss.eu\/cs\/wp-json\/wp\/v2\/product"}],"about":[{"href":"https:\/\/proventuss.eu\/cs\/wp-json\/wp\/v2\/types\/product"}],"replies":[{"embeddable":true,"href":"https:\/\/proventuss.eu\/cs\/wp-json\/wp\/v2\/comments?post=6497"}],"wp:featuredmedia":[{"embeddable":true,"href":"https:\/\/proventuss.eu\/cs\/wp-json\/wp\/v2\/media\/4866"}],"wp:attachment":[{"href":"https:\/\/proventuss.eu\/cs\/wp-json\/wp\/v2\/media?parent=6497"}],"wp:term":[{"taxonomy":"product_cat","embeddable":true,"href":"https:\/\/proventuss.eu\/cs\/wp-json\/wp\/v2\/product_cat?post=6497"},{"taxonomy":"product_tag","embeddable":true,"href":"https:\/\/proventuss.eu\/cs\/wp-json\/wp\/v2\/product_tag?post=6497"}],"curies":[{"name":"wp","href":"https:\/\/api.w.org\/{rel}","templated":true}]}}