{"id":6495,"date":"2022-04-26T08:20:03","date_gmt":"2022-04-26T08:20:03","guid":{"rendered":"https:\/\/proventuss.eu\/produkt\/dowsil-3362\/"},"modified":"2022-09-13T07:25:45","modified_gmt":"2022-09-13T07:25:45","slug":"dowsil-3362","status":"publish","type":"product","link":"https:\/\/proventuss.eu\/cs\/produkt\/dowsil-3362\/","title":{"rendered":"DOWSIL 3362"},"content":{"rendered":"<p><strong>DVOUSLO\u017dKOV\u00dd NEUTR\u00c1LN\u011a TVRZEN\u00dd SILIKONOV\u00dd TMEL PRO V\u00ddROBU IZOLA\u010cN\u00cdCH SKEL PRO STRUKTUR\u00c1LN\u00cd POU\u017dIT\u00cd<\/strong>, specializovan\u00fd tmel navr\u017een\u00fd pro pou\u017eit\u00ed jako sekund\u00e1rn\u00ed tmel v izola\u010dn\u00edch sklech pou\u017e\u00edvan\u00fdch ve struktur\u00e1ln\u00edm zaskl\u00edv\u00e1n\u00ed. Poskytuje skv\u011blou p\u0159ilnavost k r\u016fzn\u00fdm povrch\u016fm v\u010detn\u011b plaven\u00e9ho skla, skla s m\u011bkk\u00fdmi i tvrd\u00fdmi povlaky, n\u00edzkoemisn\u00edho skla, laminovan\u00e9ho a smaltovan\u00e9ho skla. Tmel m\u016f\u017ee b\u00fdt pou\u017eit pro jak\u00e9koliv izola\u010dn\u00ed sklo se speci\u00e1ln\u00edmi a funk\u010dn\u00edmi skly, kter\u00e9 mohou b\u00fdt vystaveny extr\u00e9mn\u00edm podm\u00ednk\u00e1m: extr\u00e9mn\u00ed vliv UV, extr\u00e9mn\u00ed klimatick\u00e1 z\u00e1t\u011b\u017e, vysok\u00e9 a n\u00edzk\u00e9 teploty, stejn\u011b jako vysok\u00e1 vlhkost.<\/p>\n<p><strong>V\u00ddHODY:<\/strong><br \/>\n\u2022 CE zna\u010dn\u00ed dle ETAG 002 spl\u0148uje po\u017eadavky na tmel dle EN1279, \u010d\u00e1sti 4 a 6 a dle EN13022<br \/>\n\u2022 Rychle tvrdnouc\u00ed a nekorozivn\u00ed<br \/>\n\u2022 Vynikaj\u00edc\u00ed p\u0159ilnavost k \u0161irok\u00e9mu spektru povrch\u016f v\u010detn\u011b povlakov\u00fdch a reflektivn\u00edch skel, hlin\u00edkov\u00fdm a ocelov\u00fdm distan\u010dn\u00edm r\u00e1me\u010dk\u016fm a mnoha plast\u016fm<br \/>\n\u2022 Vynikaj\u00edc\u00ed odolnost proti ozonu a ultrafialov\u00e9mu (UV) z\u00e1\u0159en\u00ed<br \/>\n\u2022 Vysok\u00e1 \u00farove\u0148 mechanick\u00fdch vlastnost\u00ed &#8211; vysok\u00fd modulus<br \/>\n\u2022 Skv\u011bl\u00e1 teplotn\u00ed st\u00e1lost<br \/>\n\u2022 Dostupn\u00e9 v b\u00edl\u00e9 barv\u011b a odst\u00ednech \u0161ed\u00e9<\/p>\n<p><strong>BALEN\u00cd\/BARVY<\/strong><br \/>\nB\u00e1ze: 250 kg sud<br \/>\nBarva: b\u00edl\u00e1<br \/>\nKatalyz\u00e1tor: HV\/GER 25 kg v\u011bdro<br \/>\nBarva: sv\u011btle \u0161ed\u00e1, st\u0159edn\u011b \u0161ed\u00e1, tmav\u011b \u0161ed\u00e1, \u010dir\u00e1, \u010dern\u00e1<\/p>\n","protected":false},"excerpt":{"rendered":"<p>DVOUSLO\u017dKOV\u00dd NEUTR\u00c1LN\u011a TVRZEN\u00dd SILIKONOV\u00dd TMEL PRO V\u00ddROBU IZOLA\u010cN\u00cdCH SKEL PRO STRUKTUR\u00c1LN\u00cd POU\u017dIT\u00cd, specializovan\u00fd tmel navr\u017een\u00fd pro pou\u017eit\u00ed jako sekund\u00e1rn\u00ed tmel v izola\u010dn\u00edch sklech pou\u017e\u00edvan\u00fdch ve struktur\u00e1ln\u00edm zaskl\u00edv\u00e1n\u00ed. Poskytuje skv\u011blou p\u0159ilnavost k r\u016fzn\u00fdm povrch\u016fm v\u010detn\u011b plaven\u00e9ho skla, skla s m\u011bkk\u00fdmi i tvrd\u00fdmi povlaky, n\u00edzkoemisn\u00edho skla, laminovan\u00e9ho a smaltovan\u00e9ho skla. Tmel m\u016f\u017ee b\u00fdt pou\u017eit pro jak\u00e9koliv izola\u010dn\u00ed [&hellip;]<\/p>\n","protected":false},"featured_media":4857,"comment_status":"open","ping_status":"closed","template":"","meta":{"_acf_changed":false},"product_cat":[314],"product_tag":[],"acf":[],"yoast_head":"<!-- This site is optimized with the Yoast SEO plugin v22.9 - https:\/\/yoast.com\/wordpress\/plugins\/seo\/ -->\n<title>DOWSIL 3362 - Proventuss<\/title>\n<meta name=\"robots\" content=\"index, follow, max-snippet:-1, max-image-preview:large, max-video-preview:-1\" \/>\n<link rel=\"canonical\" href=\"https:\/\/proventuss.eu\/cs\/produkt\/dowsil-3362\/\" \/>\n<meta property=\"og:locale\" content=\"cs_CZ\" \/>\n<meta property=\"og:type\" content=\"article\" \/>\n<meta property=\"og:title\" content=\"DOWSIL 3362 - Proventuss\" \/>\n<meta property=\"og:description\" content=\"DVOUSLO\u017dKOV\u00dd NEUTR\u00c1LN\u011a TVRZEN\u00dd SILIKONOV\u00dd TMEL PRO V\u00ddROBU IZOLA\u010cN\u00cdCH SKEL PRO STRUKTUR\u00c1LN\u00cd POU\u017dIT\u00cd, specializovan\u00fd tmel navr\u017een\u00fd pro pou\u017eit\u00ed jako sekund\u00e1rn\u00ed tmel v izola\u010dn\u00edch sklech pou\u017e\u00edvan\u00fdch ve struktur\u00e1ln\u00edm zaskl\u00edv\u00e1n\u00ed. Poskytuje skv\u011blou p\u0159ilnavost k r\u016fzn\u00fdm povrch\u016fm v\u010detn\u011b plaven\u00e9ho skla, skla s m\u011bkk\u00fdmi i tvrd\u00fdmi povlaky, n\u00edzkoemisn\u00edho skla, laminovan\u00e9ho a smaltovan\u00e9ho skla. Tmel m\u016f\u017ee b\u00fdt pou\u017eit pro jak\u00e9koliv izola\u010dn\u00ed [&hellip;]\" \/>\n<meta property=\"og:url\" content=\"https:\/\/proventuss.eu\/cs\/produkt\/dowsil-3362\/\" \/>\n<meta property=\"og:site_name\" content=\"Proventuss\" \/>\n<meta property=\"article:modified_time\" content=\"2022-09-13T07:25:45+00:00\" \/>\n<meta property=\"og:image\" content=\"https:\/\/proventuss.eu\/wp-content\/uploads\/2022\/04\/3362.jpg\" \/>\n\t<meta property=\"og:image:width\" content=\"640\" \/>\n\t<meta property=\"og:image:height\" content=\"905\" \/>\n\t<meta property=\"og:image:type\" content=\"image\/jpeg\" \/>\n<meta name=\"twitter:card\" content=\"summary_large_image\" \/>\n<meta name=\"twitter:label1\" content=\"Odhadovan\u00e1 doba \u010dten\u00ed\" \/>\n\t<meta name=\"twitter:data1\" content=\"2 minuty\" \/>\n<script type=\"application\/ld+json\" class=\"yoast-schema-graph\">{\"@context\":\"https:\/\/schema.org\",\"@graph\":[{\"@type\":\"WebPage\",\"@id\":\"https:\/\/proventuss.eu\/cs\/produkt\/dowsil-3362\/\",\"url\":\"https:\/\/proventuss.eu\/cs\/produkt\/dowsil-3362\/\",\"name\":\"DOWSIL 3362 - Proventuss\",\"isPartOf\":{\"@id\":\"https:\/\/proventuss.eu\/#website\"},\"primaryImageOfPage\":{\"@id\":\"https:\/\/proventuss.eu\/cs\/produkt\/dowsil-3362\/#primaryimage\"},\"image\":{\"@id\":\"https:\/\/proventuss.eu\/cs\/produkt\/dowsil-3362\/#primaryimage\"},\"thumbnailUrl\":\"https:\/\/proventuss.eu\/wp-content\/uploads\/2022\/04\/3362.jpg\",\"datePublished\":\"2022-04-26T08:20:03+00:00\",\"dateModified\":\"2022-09-13T07:25:45+00:00\",\"breadcrumb\":{\"@id\":\"https:\/\/proventuss.eu\/cs\/produkt\/dowsil-3362\/#breadcrumb\"},\"inLanguage\":\"cs\",\"potentialAction\":[{\"@type\":\"ReadAction\",\"target\":[\"https:\/\/proventuss.eu\/cs\/produkt\/dowsil-3362\/\"]}]},{\"@type\":\"ImageObject\",\"inLanguage\":\"cs\",\"@id\":\"https:\/\/proventuss.eu\/cs\/produkt\/dowsil-3362\/#primaryimage\",\"url\":\"https:\/\/proventuss.eu\/wp-content\/uploads\/2022\/04\/3362.jpg\",\"contentUrl\":\"https:\/\/proventuss.eu\/wp-content\/uploads\/2022\/04\/3362.jpg\",\"width\":640,\"height\":905},{\"@type\":\"BreadcrumbList\",\"@id\":\"https:\/\/proventuss.eu\/cs\/produkt\/dowsil-3362\/#breadcrumb\",\"itemListElement\":[{\"@type\":\"ListItem\",\"position\":1,\"name\":\"Home\",\"item\":\"https:\/\/proventuss.eu\/\"},{\"@type\":\"ListItem\",\"position\":2,\"name\":\"Produkty\",\"item\":\"https:\/\/proventuss.eu\/produkty\/\"},{\"@type\":\"ListItem\",\"position\":3,\"name\":\"DOWSIL 3362\"}]},{\"@type\":\"WebSite\",\"@id\":\"https:\/\/proventuss.eu\/#website\",\"url\":\"https:\/\/proventuss.eu\/\",\"name\":\"Proventuss\",\"description\":\"\",\"potentialAction\":[{\"@type\":\"SearchAction\",\"target\":{\"@type\":\"EntryPoint\",\"urlTemplate\":\"https:\/\/proventuss.eu\/?s={search_term_string}\"},\"query-input\":\"required name=search_term_string\"}],\"inLanguage\":\"cs\"}]}<\/script>\n<!-- \/ Yoast SEO plugin. -->","yoast_head_json":{"title":"DOWSIL 3362 - Proventuss","robots":{"index":"index","follow":"follow","max-snippet":"max-snippet:-1","max-image-preview":"max-image-preview:large","max-video-preview":"max-video-preview:-1"},"canonical":"https:\/\/proventuss.eu\/cs\/produkt\/dowsil-3362\/","og_locale":"cs_CZ","og_type":"article","og_title":"DOWSIL 3362 - Proventuss","og_description":"DVOUSLO\u017dKOV\u00dd NEUTR\u00c1LN\u011a TVRZEN\u00dd SILIKONOV\u00dd TMEL PRO V\u00ddROBU IZOLA\u010cN\u00cdCH SKEL PRO STRUKTUR\u00c1LN\u00cd POU\u017dIT\u00cd, specializovan\u00fd tmel navr\u017een\u00fd pro pou\u017eit\u00ed jako sekund\u00e1rn\u00ed tmel v izola\u010dn\u00edch sklech pou\u017e\u00edvan\u00fdch ve struktur\u00e1ln\u00edm zaskl\u00edv\u00e1n\u00ed. Poskytuje skv\u011blou p\u0159ilnavost k r\u016fzn\u00fdm povrch\u016fm v\u010detn\u011b plaven\u00e9ho skla, skla s m\u011bkk\u00fdmi i tvrd\u00fdmi povlaky, n\u00edzkoemisn\u00edho skla, laminovan\u00e9ho a smaltovan\u00e9ho skla. Tmel m\u016f\u017ee b\u00fdt pou\u017eit pro jak\u00e9koliv izola\u010dn\u00ed [&hellip;]","og_url":"https:\/\/proventuss.eu\/cs\/produkt\/dowsil-3362\/","og_site_name":"Proventuss","article_modified_time":"2022-09-13T07:25:45+00:00","og_image":[{"width":640,"height":905,"url":"https:\/\/proventuss.eu\/wp-content\/uploads\/2022\/04\/3362.jpg","type":"image\/jpeg"}],"twitter_card":"summary_large_image","twitter_misc":{"Odhadovan\u00e1 doba \u010dten\u00ed":"2 minuty"},"schema":{"@context":"https:\/\/schema.org","@graph":[{"@type":"WebPage","@id":"https:\/\/proventuss.eu\/cs\/produkt\/dowsil-3362\/","url":"https:\/\/proventuss.eu\/cs\/produkt\/dowsil-3362\/","name":"DOWSIL 3362 - Proventuss","isPartOf":{"@id":"https:\/\/proventuss.eu\/#website"},"primaryImageOfPage":{"@id":"https:\/\/proventuss.eu\/cs\/produkt\/dowsil-3362\/#primaryimage"},"image":{"@id":"https:\/\/proventuss.eu\/cs\/produkt\/dowsil-3362\/#primaryimage"},"thumbnailUrl":"https:\/\/proventuss.eu\/wp-content\/uploads\/2022\/04\/3362.jpg","datePublished":"2022-04-26T08:20:03+00:00","dateModified":"2022-09-13T07:25:45+00:00","breadcrumb":{"@id":"https:\/\/proventuss.eu\/cs\/produkt\/dowsil-3362\/#breadcrumb"},"inLanguage":"cs","potentialAction":[{"@type":"ReadAction","target":["https:\/\/proventuss.eu\/cs\/produkt\/dowsil-3362\/"]}]},{"@type":"ImageObject","inLanguage":"cs","@id":"https:\/\/proventuss.eu\/cs\/produkt\/dowsil-3362\/#primaryimage","url":"https:\/\/proventuss.eu\/wp-content\/uploads\/2022\/04\/3362.jpg","contentUrl":"https:\/\/proventuss.eu\/wp-content\/uploads\/2022\/04\/3362.jpg","width":640,"height":905},{"@type":"BreadcrumbList","@id":"https:\/\/proventuss.eu\/cs\/produkt\/dowsil-3362\/#breadcrumb","itemListElement":[{"@type":"ListItem","position":1,"name":"Home","item":"https:\/\/proventuss.eu\/"},{"@type":"ListItem","position":2,"name":"Produkty","item":"https:\/\/proventuss.eu\/produkty\/"},{"@type":"ListItem","position":3,"name":"DOWSIL 3362"}]},{"@type":"WebSite","@id":"https:\/\/proventuss.eu\/#website","url":"https:\/\/proventuss.eu\/","name":"Proventuss","description":"","potentialAction":[{"@type":"SearchAction","target":{"@type":"EntryPoint","urlTemplate":"https:\/\/proventuss.eu\/?s={search_term_string}"},"query-input":"required name=search_term_string"}],"inLanguage":"cs"}]}},"_links":{"self":[{"href":"https:\/\/proventuss.eu\/cs\/wp-json\/wp\/v2\/product\/6495"}],"collection":[{"href":"https:\/\/proventuss.eu\/cs\/wp-json\/wp\/v2\/product"}],"about":[{"href":"https:\/\/proventuss.eu\/cs\/wp-json\/wp\/v2\/types\/product"}],"replies":[{"embeddable":true,"href":"https:\/\/proventuss.eu\/cs\/wp-json\/wp\/v2\/comments?post=6495"}],"wp:featuredmedia":[{"embeddable":true,"href":"https:\/\/proventuss.eu\/cs\/wp-json\/wp\/v2\/media\/4857"}],"wp:attachment":[{"href":"https:\/\/proventuss.eu\/cs\/wp-json\/wp\/v2\/media?parent=6495"}],"wp:term":[{"taxonomy":"product_cat","embeddable":true,"href":"https:\/\/proventuss.eu\/cs\/wp-json\/wp\/v2\/product_cat?post=6495"},{"taxonomy":"product_tag","embeddable":true,"href":"https:\/\/proventuss.eu\/cs\/wp-json\/wp\/v2\/product_tag?post=6495"}],"curies":[{"name":"wp","href":"https:\/\/api.w.org\/{rel}","templated":true}]}}