{"id":6494,"date":"2022-04-26T11:55:24","date_gmt":"2022-04-26T11:55:24","guid":{"rendered":"https:\/\/proventuss.eu\/produkt\/dowsil-primer-p\/"},"modified":"2022-09-13T07:18:22","modified_gmt":"2022-09-13T07:18:22","slug":"dowsil-primer-p","status":"publish","type":"product","link":"https:\/\/proventuss.eu\/cs\/produkt\/dowsil-primer-p\/","title":{"rendered":"DOWSIL Primer P"},"content":{"rendered":"<p><strong>CONSTRUCTION PRIMER<\/strong> navr\u017een\u00fd ke zv\u00fd\u0161en\u00ed p\u0159ilnavosti silikonov\u00fdch tmel\u016f k por\u00e9zn\u00edm povrch\u016fm.<\/p>\n<p>Zvy\u0161uje p\u0159ilnavost silikonov\u00fdch tmel\u016f k povrch\u016fm jako:<br \/>\n\u2022 beton<br \/>\n\u2022 zdivo<br \/>\n\u2022 p\u0159\u00edrodn\u00ed k\u00e1men<br \/>\n\u2022 vl\u00e1knocement<br \/>\n\u2022 prysky\u0159ice<br \/>\n\u2022 kovy<\/p>\n<p>P\u0159ed aplikac\u00ed tmelu nechte primer zaschnout na vzduchu p\u0159i 25\u00b0C po dobu alespo\u0148 30 minut. Tmel by m\u011bl b\u00fdt nanesen do 8 hodin od aplikace primeru.<\/p>\n<p><strong>BALEN\u00cd:<\/strong> 500 ml plechovka<br \/>\n<strong>BARVA:<\/strong> \u010dir\u00e1 kapalina<\/p>\n","protected":false},"excerpt":{"rendered":"<p>CONSTRUCTION PRIMER navr\u017een\u00fd ke zv\u00fd\u0161en\u00ed p\u0159ilnavosti silikonov\u00fdch tmel\u016f k por\u00e9zn\u00edm povrch\u016fm. Zvy\u0161uje p\u0159ilnavost silikonov\u00fdch tmel\u016f k povrch\u016fm jako: \u2022 beton \u2022 zdivo \u2022 p\u0159\u00edrodn\u00ed k\u00e1men \u2022 vl\u00e1knocement \u2022 prysky\u0159ice \u2022 kovy P\u0159ed aplikac\u00ed tmelu nechte primer zaschnout na vzduchu p\u0159i 25\u00b0C po dobu alespo\u0148 30 minut. Tmel by m\u011bl b\u00fdt nanesen do 8 hodin od [&hellip;]<\/p>\n","protected":false},"featured_media":6074,"comment_status":"open","ping_status":"closed","template":"","meta":{"_acf_changed":false},"product_cat":[313,324,328],"product_tag":[],"acf":[],"yoast_head":"<!-- This site is optimized with the Yoast SEO plugin v22.9 - https:\/\/yoast.com\/wordpress\/plugins\/seo\/ -->\n<title>DOWSIL Primer P - Proventuss<\/title>\n<meta name=\"robots\" content=\"index, follow, max-snippet:-1, max-image-preview:large, max-video-preview:-1\" \/>\n<link rel=\"canonical\" href=\"https:\/\/proventuss.eu\/cs\/produkt\/dowsil-primer-p\/\" \/>\n<meta property=\"og:locale\" content=\"cs_CZ\" \/>\n<meta property=\"og:type\" content=\"article\" \/>\n<meta property=\"og:title\" content=\"DOWSIL Primer P - Proventuss\" \/>\n<meta property=\"og:description\" content=\"CONSTRUCTION PRIMER navr\u017een\u00fd ke zv\u00fd\u0161en\u00ed p\u0159ilnavosti silikonov\u00fdch tmel\u016f k por\u00e9zn\u00edm povrch\u016fm. Zvy\u0161uje p\u0159ilnavost silikonov\u00fdch tmel\u016f k povrch\u016fm jako: \u2022 beton \u2022 zdivo \u2022 p\u0159\u00edrodn\u00ed k\u00e1men \u2022 vl\u00e1knocement \u2022 prysky\u0159ice \u2022 kovy P\u0159ed aplikac\u00ed tmelu nechte primer zaschnout na vzduchu p\u0159i 25\u00b0C po dobu alespo\u0148 30 minut. Tmel by m\u011bl b\u00fdt nanesen do 8 hodin od [&hellip;]\" \/>\n<meta property=\"og:url\" content=\"https:\/\/proventuss.eu\/cs\/produkt\/dowsil-primer-p\/\" \/>\n<meta property=\"og:site_name\" content=\"Proventuss\" \/>\n<meta property=\"article:modified_time\" content=\"2022-09-13T07:18:22+00:00\" \/>\n<meta property=\"og:image\" content=\"https:\/\/proventuss.eu\/wp-content\/uploads\/2022\/04\/Dowsil-Primer-P2.webp\" \/>\n\t<meta property=\"og:image:width\" content=\"640\" \/>\n\t<meta property=\"og:image:height\" content=\"792\" \/>\n\t<meta property=\"og:image:type\" content=\"image\/webp\" \/>\n<meta name=\"twitter:card\" content=\"summary_large_image\" \/>\n<meta name=\"twitter:label1\" content=\"Odhadovan\u00e1 doba \u010dten\u00ed\" \/>\n\t<meta name=\"twitter:data1\" content=\"1 minuta\" \/>\n<script type=\"application\/ld+json\" class=\"yoast-schema-graph\">{\"@context\":\"https:\/\/schema.org\",\"@graph\":[{\"@type\":\"WebPage\",\"@id\":\"https:\/\/proventuss.eu\/cs\/produkt\/dowsil-primer-p\/\",\"url\":\"https:\/\/proventuss.eu\/cs\/produkt\/dowsil-primer-p\/\",\"name\":\"DOWSIL Primer P - Proventuss\",\"isPartOf\":{\"@id\":\"https:\/\/proventuss.eu\/#website\"},\"primaryImageOfPage\":{\"@id\":\"https:\/\/proventuss.eu\/cs\/produkt\/dowsil-primer-p\/#primaryimage\"},\"image\":{\"@id\":\"https:\/\/proventuss.eu\/cs\/produkt\/dowsil-primer-p\/#primaryimage\"},\"thumbnailUrl\":\"https:\/\/proventuss.eu\/wp-content\/uploads\/2022\/04\/Dowsil-Primer-P2.webp\",\"datePublished\":\"2022-04-26T11:55:24+00:00\",\"dateModified\":\"2022-09-13T07:18:22+00:00\",\"breadcrumb\":{\"@id\":\"https:\/\/proventuss.eu\/cs\/produkt\/dowsil-primer-p\/#breadcrumb\"},\"inLanguage\":\"cs\",\"potentialAction\":[{\"@type\":\"ReadAction\",\"target\":[\"https:\/\/proventuss.eu\/cs\/produkt\/dowsil-primer-p\/\"]}]},{\"@type\":\"ImageObject\",\"inLanguage\":\"cs\",\"@id\":\"https:\/\/proventuss.eu\/cs\/produkt\/dowsil-primer-p\/#primaryimage\",\"url\":\"https:\/\/proventuss.eu\/wp-content\/uploads\/2022\/04\/Dowsil-Primer-P2.webp\",\"contentUrl\":\"https:\/\/proventuss.eu\/wp-content\/uploads\/2022\/04\/Dowsil-Primer-P2.webp\",\"width\":640,\"height\":792},{\"@type\":\"BreadcrumbList\",\"@id\":\"https:\/\/proventuss.eu\/cs\/produkt\/dowsil-primer-p\/#breadcrumb\",\"itemListElement\":[{\"@type\":\"ListItem\",\"position\":1,\"name\":\"Home\",\"item\":\"https:\/\/proventuss.eu\/\"},{\"@type\":\"ListItem\",\"position\":2,\"name\":\"Produkty\",\"item\":\"https:\/\/proventuss.eu\/produkty\/\"},{\"@type\":\"ListItem\",\"position\":3,\"name\":\"DOWSIL Primer P\"}]},{\"@type\":\"WebSite\",\"@id\":\"https:\/\/proventuss.eu\/#website\",\"url\":\"https:\/\/proventuss.eu\/\",\"name\":\"Proventuss\",\"description\":\"\",\"potentialAction\":[{\"@type\":\"SearchAction\",\"target\":{\"@type\":\"EntryPoint\",\"urlTemplate\":\"https:\/\/proventuss.eu\/?s={search_term_string}\"},\"query-input\":\"required name=search_term_string\"}],\"inLanguage\":\"cs\"}]}<\/script>\n<!-- \/ Yoast SEO plugin. -->","yoast_head_json":{"title":"DOWSIL Primer P - Proventuss","robots":{"index":"index","follow":"follow","max-snippet":"max-snippet:-1","max-image-preview":"max-image-preview:large","max-video-preview":"max-video-preview:-1"},"canonical":"https:\/\/proventuss.eu\/cs\/produkt\/dowsil-primer-p\/","og_locale":"cs_CZ","og_type":"article","og_title":"DOWSIL Primer P - Proventuss","og_description":"CONSTRUCTION PRIMER navr\u017een\u00fd ke zv\u00fd\u0161en\u00ed p\u0159ilnavosti silikonov\u00fdch tmel\u016f k por\u00e9zn\u00edm povrch\u016fm. Zvy\u0161uje p\u0159ilnavost silikonov\u00fdch tmel\u016f k povrch\u016fm jako: \u2022 beton \u2022 zdivo \u2022 p\u0159\u00edrodn\u00ed k\u00e1men \u2022 vl\u00e1knocement \u2022 prysky\u0159ice \u2022 kovy P\u0159ed aplikac\u00ed tmelu nechte primer zaschnout na vzduchu p\u0159i 25\u00b0C po dobu alespo\u0148 30 minut. Tmel by m\u011bl b\u00fdt nanesen do 8 hodin od [&hellip;]","og_url":"https:\/\/proventuss.eu\/cs\/produkt\/dowsil-primer-p\/","og_site_name":"Proventuss","article_modified_time":"2022-09-13T07:18:22+00:00","og_image":[{"width":640,"height":792,"url":"https:\/\/proventuss.eu\/wp-content\/uploads\/2022\/04\/Dowsil-Primer-P2.webp","type":"image\/webp"}],"twitter_card":"summary_large_image","twitter_misc":{"Odhadovan\u00e1 doba \u010dten\u00ed":"1 minuta"},"schema":{"@context":"https:\/\/schema.org","@graph":[{"@type":"WebPage","@id":"https:\/\/proventuss.eu\/cs\/produkt\/dowsil-primer-p\/","url":"https:\/\/proventuss.eu\/cs\/produkt\/dowsil-primer-p\/","name":"DOWSIL Primer P - Proventuss","isPartOf":{"@id":"https:\/\/proventuss.eu\/#website"},"primaryImageOfPage":{"@id":"https:\/\/proventuss.eu\/cs\/produkt\/dowsil-primer-p\/#primaryimage"},"image":{"@id":"https:\/\/proventuss.eu\/cs\/produkt\/dowsil-primer-p\/#primaryimage"},"thumbnailUrl":"https:\/\/proventuss.eu\/wp-content\/uploads\/2022\/04\/Dowsil-Primer-P2.webp","datePublished":"2022-04-26T11:55:24+00:00","dateModified":"2022-09-13T07:18:22+00:00","breadcrumb":{"@id":"https:\/\/proventuss.eu\/cs\/produkt\/dowsil-primer-p\/#breadcrumb"},"inLanguage":"cs","potentialAction":[{"@type":"ReadAction","target":["https:\/\/proventuss.eu\/cs\/produkt\/dowsil-primer-p\/"]}]},{"@type":"ImageObject","inLanguage":"cs","@id":"https:\/\/proventuss.eu\/cs\/produkt\/dowsil-primer-p\/#primaryimage","url":"https:\/\/proventuss.eu\/wp-content\/uploads\/2022\/04\/Dowsil-Primer-P2.webp","contentUrl":"https:\/\/proventuss.eu\/wp-content\/uploads\/2022\/04\/Dowsil-Primer-P2.webp","width":640,"height":792},{"@type":"BreadcrumbList","@id":"https:\/\/proventuss.eu\/cs\/produkt\/dowsil-primer-p\/#breadcrumb","itemListElement":[{"@type":"ListItem","position":1,"name":"Home","item":"https:\/\/proventuss.eu\/"},{"@type":"ListItem","position":2,"name":"Produkty","item":"https:\/\/proventuss.eu\/produkty\/"},{"@type":"ListItem","position":3,"name":"DOWSIL Primer P"}]},{"@type":"WebSite","@id":"https:\/\/proventuss.eu\/#website","url":"https:\/\/proventuss.eu\/","name":"Proventuss","description":"","potentialAction":[{"@type":"SearchAction","target":{"@type":"EntryPoint","urlTemplate":"https:\/\/proventuss.eu\/?s={search_term_string}"},"query-input":"required name=search_term_string"}],"inLanguage":"cs"}]}},"_links":{"self":[{"href":"https:\/\/proventuss.eu\/cs\/wp-json\/wp\/v2\/product\/6494"}],"collection":[{"href":"https:\/\/proventuss.eu\/cs\/wp-json\/wp\/v2\/product"}],"about":[{"href":"https:\/\/proventuss.eu\/cs\/wp-json\/wp\/v2\/types\/product"}],"replies":[{"embeddable":true,"href":"https:\/\/proventuss.eu\/cs\/wp-json\/wp\/v2\/comments?post=6494"}],"wp:featuredmedia":[{"embeddable":true,"href":"https:\/\/proventuss.eu\/cs\/wp-json\/wp\/v2\/media\/6074"}],"wp:attachment":[{"href":"https:\/\/proventuss.eu\/cs\/wp-json\/wp\/v2\/media?parent=6494"}],"wp:term":[{"taxonomy":"product_cat","embeddable":true,"href":"https:\/\/proventuss.eu\/cs\/wp-json\/wp\/v2\/product_cat?post=6494"},{"taxonomy":"product_tag","embeddable":true,"href":"https:\/\/proventuss.eu\/cs\/wp-json\/wp\/v2\/product_tag?post=6494"}],"curies":[{"name":"wp","href":"https:\/\/api.w.org\/{rel}","templated":true}]}}