{"id":6493,"date":"2022-05-09T08:09:02","date_gmt":"2022-05-09T08:09:02","guid":{"rendered":"https:\/\/proventuss.eu\/produkt\/dowsil-panelfix-tape\/"},"modified":"2022-05-09T08:09:02","modified_gmt":"2022-05-09T08:09:02","slug":"dowsil-panelfix-tape","status":"publish","type":"product","link":"https:\/\/proventuss.eu\/cs\/produkt\/dowsil-panelfix-tape\/","title":{"rendered":"DOWSIL PanelFix Tape"},"content":{"rendered":"<p><strong>OBOUSTRANN\u00c1 LEP\u00cdC\u00cd P\u00c1SKA<\/strong>, p\u00e1ska pro do\u010dasn\u00e9 p\u0159ichycen\u00ed fas\u00e1dn\u00edch panel\u016f b\u011bhem procesu vytvrzov\u00e1n\u00ed silikonov\u00e9ho lepidla. Rovn\u011b\u017e zaji\u0161\u0165uje dosa\u017een\u00ed minim\u00e1ln\u00ed tlou\u0161\u0165ky lepen\u00e9ho spoje.<\/p>\n<p><strong>V\u00ddHODY:<\/strong><br \/>\n\u2022 Dr\u017e\u00ed panel b\u011bhem prvn\u00edch 24 hodin<br \/>\n\u2022 Vhodn\u00e9 k aplikaci p\u0159\u00edmo na stavb\u011b<br \/>\n\u2022 Vysok\u00e1 pevnost na stla\u010den\u00ed zlep\u0161uje p\u0159ilnavost<br \/>\n\u2022 Rychl\u00e9 dosa\u017een\u00ed pevnosti<\/p>\n<p><strong>BALEN\u00cd:<\/strong> Role 25 b\u011b\u017en\u00fdch m, rozm\u011br: 3 mm x 12 mm<\/p>\n","protected":false},"excerpt":{"rendered":"<p>OBOUSTRANN\u00c1 LEP\u00cdC\u00cd P\u00c1SKA, p\u00e1ska pro do\u010dasn\u00e9 p\u0159ichycen\u00ed fas\u00e1dn\u00edch panel\u016f b\u011bhem procesu vytvrzov\u00e1n\u00ed silikonov\u00e9ho lepidla. Rovn\u011b\u017e zaji\u0161\u0165uje dosa\u017een\u00ed minim\u00e1ln\u00ed tlou\u0161\u0165ky lepen\u00e9ho spoje. V\u00ddHODY: \u2022 Dr\u017e\u00ed panel b\u011bhem prvn\u00edch 24 hodin \u2022 Vhodn\u00e9 k aplikaci p\u0159\u00edmo na stavb\u011b \u2022 Vysok\u00e1 pevnost na stla\u010den\u00ed zlep\u0161uje p\u0159ilnavost \u2022 Rychl\u00e9 dosa\u017een\u00ed pevnosti BALEN\u00cd: Role 25 b\u011b\u017en\u00fdch m, rozm\u011br: 3 mm [&hellip;]<\/p>\n","protected":false},"featured_media":4950,"comment_status":"open","ping_status":"closed","template":"","meta":{"_acf_changed":false},"product_cat":[313],"product_tag":[],"acf":[],"yoast_head":"<!-- This site is optimized with the Yoast SEO plugin v22.9 - https:\/\/yoast.com\/wordpress\/plugins\/seo\/ -->\n<title>DOWSIL PanelFix Tape - Proventuss<\/title>\n<meta name=\"robots\" content=\"index, follow, max-snippet:-1, max-image-preview:large, max-video-preview:-1\" \/>\n<link rel=\"canonical\" href=\"https:\/\/proventuss.eu\/cs\/produkt\/dowsil-panelfix-tape\/\" \/>\n<meta property=\"og:locale\" content=\"cs_CZ\" \/>\n<meta property=\"og:type\" content=\"article\" \/>\n<meta property=\"og:title\" content=\"DOWSIL PanelFix Tape - Proventuss\" \/>\n<meta property=\"og:description\" content=\"OBOUSTRANN\u00c1 LEP\u00cdC\u00cd P\u00c1SKA, p\u00e1ska pro do\u010dasn\u00e9 p\u0159ichycen\u00ed fas\u00e1dn\u00edch panel\u016f b\u011bhem procesu vytvrzov\u00e1n\u00ed silikonov\u00e9ho lepidla. Rovn\u011b\u017e zaji\u0161\u0165uje dosa\u017een\u00ed minim\u00e1ln\u00ed tlou\u0161\u0165ky lepen\u00e9ho spoje. V\u00ddHODY: \u2022 Dr\u017e\u00ed panel b\u011bhem prvn\u00edch 24 hodin \u2022 Vhodn\u00e9 k aplikaci p\u0159\u00edmo na stavb\u011b \u2022 Vysok\u00e1 pevnost na stla\u010den\u00ed zlep\u0161uje p\u0159ilnavost \u2022 Rychl\u00e9 dosa\u017een\u00ed pevnosti BALEN\u00cd: Role 25 b\u011b\u017en\u00fdch m, rozm\u011br: 3 mm [&hellip;]\" \/>\n<meta property=\"og:url\" content=\"https:\/\/proventuss.eu\/cs\/produkt\/dowsil-panelfix-tape\/\" \/>\n<meta property=\"og:site_name\" content=\"Proventuss\" \/>\n<meta property=\"og:image\" content=\"https:\/\/proventuss.eu\/wp-content\/uploads\/2022\/05\/Dowsil-PanelFix-Tape.jpg\" \/>\n\t<meta property=\"og:image:width\" content=\"336\" \/>\n\t<meta property=\"og:image:height\" content=\"596\" \/>\n\t<meta property=\"og:image:type\" content=\"image\/jpeg\" \/>\n<meta name=\"twitter:card\" content=\"summary_large_image\" \/>\n<script type=\"application\/ld+json\" class=\"yoast-schema-graph\">{\"@context\":\"https:\/\/schema.org\",\"@graph\":[{\"@type\":\"WebPage\",\"@id\":\"https:\/\/proventuss.eu\/cs\/produkt\/dowsil-panelfix-tape\/\",\"url\":\"https:\/\/proventuss.eu\/cs\/produkt\/dowsil-panelfix-tape\/\",\"name\":\"DOWSIL PanelFix Tape - Proventuss\",\"isPartOf\":{\"@id\":\"https:\/\/proventuss.eu\/#website\"},\"primaryImageOfPage\":{\"@id\":\"https:\/\/proventuss.eu\/cs\/produkt\/dowsil-panelfix-tape\/#primaryimage\"},\"image\":{\"@id\":\"https:\/\/proventuss.eu\/cs\/produkt\/dowsil-panelfix-tape\/#primaryimage\"},\"thumbnailUrl\":\"https:\/\/proventuss.eu\/wp-content\/uploads\/2022\/05\/Dowsil-PanelFix-Tape.jpg\",\"datePublished\":\"2022-05-09T08:09:02+00:00\",\"dateModified\":\"2022-05-09T08:09:02+00:00\",\"breadcrumb\":{\"@id\":\"https:\/\/proventuss.eu\/cs\/produkt\/dowsil-panelfix-tape\/#breadcrumb\"},\"inLanguage\":\"cs\",\"potentialAction\":[{\"@type\":\"ReadAction\",\"target\":[\"https:\/\/proventuss.eu\/cs\/produkt\/dowsil-panelfix-tape\/\"]}]},{\"@type\":\"ImageObject\",\"inLanguage\":\"cs\",\"@id\":\"https:\/\/proventuss.eu\/cs\/produkt\/dowsil-panelfix-tape\/#primaryimage\",\"url\":\"https:\/\/proventuss.eu\/wp-content\/uploads\/2022\/05\/Dowsil-PanelFix-Tape.jpg\",\"contentUrl\":\"https:\/\/proventuss.eu\/wp-content\/uploads\/2022\/05\/Dowsil-PanelFix-Tape.jpg\",\"width\":336,\"height\":596},{\"@type\":\"BreadcrumbList\",\"@id\":\"https:\/\/proventuss.eu\/cs\/produkt\/dowsil-panelfix-tape\/#breadcrumb\",\"itemListElement\":[{\"@type\":\"ListItem\",\"position\":1,\"name\":\"Home\",\"item\":\"https:\/\/proventuss.eu\/\"},{\"@type\":\"ListItem\",\"position\":2,\"name\":\"Produkty\",\"item\":\"https:\/\/proventuss.eu\/produkty\/\"},{\"@type\":\"ListItem\",\"position\":3,\"name\":\"DOWSIL PanelFix Tape\"}]},{\"@type\":\"WebSite\",\"@id\":\"https:\/\/proventuss.eu\/#website\",\"url\":\"https:\/\/proventuss.eu\/\",\"name\":\"Proventuss\",\"description\":\"\",\"potentialAction\":[{\"@type\":\"SearchAction\",\"target\":{\"@type\":\"EntryPoint\",\"urlTemplate\":\"https:\/\/proventuss.eu\/?s={search_term_string}\"},\"query-input\":\"required name=search_term_string\"}],\"inLanguage\":\"cs\"}]}<\/script>\n<!-- \/ Yoast SEO plugin. -->","yoast_head_json":{"title":"DOWSIL PanelFix Tape - Proventuss","robots":{"index":"index","follow":"follow","max-snippet":"max-snippet:-1","max-image-preview":"max-image-preview:large","max-video-preview":"max-video-preview:-1"},"canonical":"https:\/\/proventuss.eu\/cs\/produkt\/dowsil-panelfix-tape\/","og_locale":"cs_CZ","og_type":"article","og_title":"DOWSIL PanelFix Tape - Proventuss","og_description":"OBOUSTRANN\u00c1 LEP\u00cdC\u00cd P\u00c1SKA, p\u00e1ska pro do\u010dasn\u00e9 p\u0159ichycen\u00ed fas\u00e1dn\u00edch panel\u016f b\u011bhem procesu vytvrzov\u00e1n\u00ed silikonov\u00e9ho lepidla. Rovn\u011b\u017e zaji\u0161\u0165uje dosa\u017een\u00ed minim\u00e1ln\u00ed tlou\u0161\u0165ky lepen\u00e9ho spoje. V\u00ddHODY: \u2022 Dr\u017e\u00ed panel b\u011bhem prvn\u00edch 24 hodin \u2022 Vhodn\u00e9 k aplikaci p\u0159\u00edmo na stavb\u011b \u2022 Vysok\u00e1 pevnost na stla\u010den\u00ed zlep\u0161uje p\u0159ilnavost \u2022 Rychl\u00e9 dosa\u017een\u00ed pevnosti BALEN\u00cd: Role 25 b\u011b\u017en\u00fdch m, rozm\u011br: 3 mm [&hellip;]","og_url":"https:\/\/proventuss.eu\/cs\/produkt\/dowsil-panelfix-tape\/","og_site_name":"Proventuss","og_image":[{"width":336,"height":596,"url":"https:\/\/proventuss.eu\/wp-content\/uploads\/2022\/05\/Dowsil-PanelFix-Tape.jpg","type":"image\/jpeg"}],"twitter_card":"summary_large_image","schema":{"@context":"https:\/\/schema.org","@graph":[{"@type":"WebPage","@id":"https:\/\/proventuss.eu\/cs\/produkt\/dowsil-panelfix-tape\/","url":"https:\/\/proventuss.eu\/cs\/produkt\/dowsil-panelfix-tape\/","name":"DOWSIL PanelFix Tape - Proventuss","isPartOf":{"@id":"https:\/\/proventuss.eu\/#website"},"primaryImageOfPage":{"@id":"https:\/\/proventuss.eu\/cs\/produkt\/dowsil-panelfix-tape\/#primaryimage"},"image":{"@id":"https:\/\/proventuss.eu\/cs\/produkt\/dowsil-panelfix-tape\/#primaryimage"},"thumbnailUrl":"https:\/\/proventuss.eu\/wp-content\/uploads\/2022\/05\/Dowsil-PanelFix-Tape.jpg","datePublished":"2022-05-09T08:09:02+00:00","dateModified":"2022-05-09T08:09:02+00:00","breadcrumb":{"@id":"https:\/\/proventuss.eu\/cs\/produkt\/dowsil-panelfix-tape\/#breadcrumb"},"inLanguage":"cs","potentialAction":[{"@type":"ReadAction","target":["https:\/\/proventuss.eu\/cs\/produkt\/dowsil-panelfix-tape\/"]}]},{"@type":"ImageObject","inLanguage":"cs","@id":"https:\/\/proventuss.eu\/cs\/produkt\/dowsil-panelfix-tape\/#primaryimage","url":"https:\/\/proventuss.eu\/wp-content\/uploads\/2022\/05\/Dowsil-PanelFix-Tape.jpg","contentUrl":"https:\/\/proventuss.eu\/wp-content\/uploads\/2022\/05\/Dowsil-PanelFix-Tape.jpg","width":336,"height":596},{"@type":"BreadcrumbList","@id":"https:\/\/proventuss.eu\/cs\/produkt\/dowsil-panelfix-tape\/#breadcrumb","itemListElement":[{"@type":"ListItem","position":1,"name":"Home","item":"https:\/\/proventuss.eu\/"},{"@type":"ListItem","position":2,"name":"Produkty","item":"https:\/\/proventuss.eu\/produkty\/"},{"@type":"ListItem","position":3,"name":"DOWSIL PanelFix Tape"}]},{"@type":"WebSite","@id":"https:\/\/proventuss.eu\/#website","url":"https:\/\/proventuss.eu\/","name":"Proventuss","description":"","potentialAction":[{"@type":"SearchAction","target":{"@type":"EntryPoint","urlTemplate":"https:\/\/proventuss.eu\/?s={search_term_string}"},"query-input":"required name=search_term_string"}],"inLanguage":"cs"}]}},"_links":{"self":[{"href":"https:\/\/proventuss.eu\/cs\/wp-json\/wp\/v2\/product\/6493"}],"collection":[{"href":"https:\/\/proventuss.eu\/cs\/wp-json\/wp\/v2\/product"}],"about":[{"href":"https:\/\/proventuss.eu\/cs\/wp-json\/wp\/v2\/types\/product"}],"replies":[{"embeddable":true,"href":"https:\/\/proventuss.eu\/cs\/wp-json\/wp\/v2\/comments?post=6493"}],"wp:featuredmedia":[{"embeddable":true,"href":"https:\/\/proventuss.eu\/cs\/wp-json\/wp\/v2\/media\/4950"}],"wp:attachment":[{"href":"https:\/\/proventuss.eu\/cs\/wp-json\/wp\/v2\/media?parent=6493"}],"wp:term":[{"taxonomy":"product_cat","embeddable":true,"href":"https:\/\/proventuss.eu\/cs\/wp-json\/wp\/v2\/product_cat?post=6493"},{"taxonomy":"product_tag","embeddable":true,"href":"https:\/\/proventuss.eu\/cs\/wp-json\/wp\/v2\/product_tag?post=6493"}],"curies":[{"name":"wp","href":"https:\/\/api.w.org\/{rel}","templated":true}]}}