{"id":6489,"date":"2022-04-19T13:09:02","date_gmt":"2022-04-19T13:09:02","guid":{"rendered":"https:\/\/proventuss.eu\/produkt\/dowsil-813c\/"},"modified":"2022-09-13T07:28:26","modified_gmt":"2022-09-13T07:28:26","slug":"dowsil-813c","status":"publish","type":"product","link":"https:\/\/proventuss.eu\/cs\/produkt\/dowsil-813c\/","title":{"rendered":"DOWSIL 813C"},"content":{"rendered":"<p><strong>NEUTR\u00c1LN\u00cd SILIKONOV\u00dd TMEL PRO UT\u011aSN\u011aN\u00cd SP\u00c1R POR\u00c9ZN\u00cdCH A NEPOR\u00c9ZN\u00cdCH POVRCH\u016e<\/strong>, n\u00edzkomodulolov\u00fd jednoslo\u017ekov\u00fd silikonov\u00fd tmel speci\u00e1ln\u011b navr\u017een\u00fd pro ochranu p\u0159ed pov\u011btrnostn\u00edmi podm\u00ednkami stavebn\u00edch fas\u00e1d z betonu, cihel, kamene. M\u016f\u017ee b\u00fdt pou\u017eit k ut\u011bsn\u011bn\u00ed expanzn\u00edch sp\u00e1r a jin\u00fdch druh\u016f pohybliv\u00fdch spoj\u016f.<\/p>\n<p><strong>V\u00ddHODY:<\/strong><br \/>\n\u2022 Dobr\u00e1 p\u0159ilnavost bez podkladov\u00e9ho n\u00e1t\u011bru k v\u011bt\u0161in\u011b povrch\u016f<br \/>\n\u2022 Skv\u011bl\u00e1 odolnost v\u016f\u010di klimatick\u00fdm vliv\u016fm, pov\u011btrnostn\u00edm podm\u00ednk\u00e1m, oz\u00f3nu a ultrafialov\u00e9mu z\u00e1\u0159en\u00ed<br \/>\n\u2022 Pru\u017enost spoje \u00b1 50%<br \/>\n\u2022 \u0160irok\u00fd rozsah pracovn\u00edch teplot<br \/>\n\u2022 Neutr\u00e1ln\u00ed vytvrzov\u00e1n\u00ed s titanov\u00fdm katalyz\u00e1torem<br \/>\n\u2022 Bez z\u00e1pachu<br \/>\n\u2022 Snadn\u00e1 aplikace a zpracov\u00e1n\u00ed<br \/>\n\u2022 Shodn\u00e9 s ISO 11600-F-25LM<\/p>\n<p><strong>BALEN\u00cd:<\/strong> kartu\u0161e 310 ml, sal\u00e1my 600 ml<br \/>\n<strong>BARVY:<\/strong> b\u00edl\u00e1, hn\u011bd\u00e1, \u0161ed\u00e1, k\u00e1men, p\u00edsek, rudo-b\u00e9\u017eov\u00e1, kor\u00e1lov\u011b r\u016f\u017eov\u00e1, \u0161edo-b\u00e9\u017eov\u00e1, p\u00eds\u010dit\u00e1 r\u016f\u017eov\u00e1, anthracitov\u00e1, zak\u00e1zkov\u00e9 barvy<\/p>\n","protected":false},"excerpt":{"rendered":"<p>NEUTR\u00c1LN\u00cd SILIKONOV\u00dd TMEL PRO UT\u011aSN\u011aN\u00cd SP\u00c1R POR\u00c9ZN\u00cdCH A NEPOR\u00c9ZN\u00cdCH POVRCH\u016e, n\u00edzkomodulolov\u00fd jednoslo\u017ekov\u00fd silikonov\u00fd tmel speci\u00e1ln\u011b navr\u017een\u00fd pro ochranu p\u0159ed pov\u011btrnostn\u00edmi podm\u00ednkami stavebn\u00edch fas\u00e1d z betonu, cihel, kamene. M\u016f\u017ee b\u00fdt pou\u017eit k ut\u011bsn\u011bn\u00ed expanzn\u00edch sp\u00e1r a jin\u00fdch druh\u016f pohybliv\u00fdch spoj\u016f. V\u00ddHODY: \u2022 Dobr\u00e1 p\u0159ilnavost bez podkladov\u00e9ho n\u00e1t\u011bru k v\u011bt\u0161in\u011b povrch\u016f \u2022 Skv\u011bl\u00e1 odolnost v\u016f\u010di klimatick\u00fdm vliv\u016fm, [&hellip;]<\/p>\n","protected":false},"featured_media":4842,"comment_status":"open","ping_status":"closed","template":"","meta":{"_acf_changed":false},"product_cat":[312],"product_tag":[],"acf":[],"yoast_head":"<!-- This site is optimized with the Yoast SEO plugin v22.9 - https:\/\/yoast.com\/wordpress\/plugins\/seo\/ -->\n<title>DOWSIL 813C - Proventuss<\/title>\n<meta name=\"robots\" content=\"index, follow, max-snippet:-1, max-image-preview:large, max-video-preview:-1\" \/>\n<link rel=\"canonical\" href=\"https:\/\/proventuss.eu\/cs\/produkt\/dowsil-813c\/\" \/>\n<meta property=\"og:locale\" content=\"cs_CZ\" \/>\n<meta property=\"og:type\" content=\"article\" \/>\n<meta property=\"og:title\" content=\"DOWSIL 813C - Proventuss\" \/>\n<meta property=\"og:description\" content=\"NEUTR\u00c1LN\u00cd SILIKONOV\u00dd TMEL PRO UT\u011aSN\u011aN\u00cd SP\u00c1R POR\u00c9ZN\u00cdCH A NEPOR\u00c9ZN\u00cdCH POVRCH\u016e, n\u00edzkomodulolov\u00fd jednoslo\u017ekov\u00fd silikonov\u00fd tmel speci\u00e1ln\u011b navr\u017een\u00fd pro ochranu p\u0159ed pov\u011btrnostn\u00edmi podm\u00ednkami stavebn\u00edch fas\u00e1d z betonu, cihel, kamene. M\u016f\u017ee b\u00fdt pou\u017eit k ut\u011bsn\u011bn\u00ed expanzn\u00edch sp\u00e1r a jin\u00fdch druh\u016f pohybliv\u00fdch spoj\u016f. V\u00ddHODY: \u2022 Dobr\u00e1 p\u0159ilnavost bez podkladov\u00e9ho n\u00e1t\u011bru k v\u011bt\u0161in\u011b povrch\u016f \u2022 Skv\u011bl\u00e1 odolnost v\u016f\u010di klimatick\u00fdm vliv\u016fm, [&hellip;]\" \/>\n<meta property=\"og:url\" content=\"https:\/\/proventuss.eu\/cs\/produkt\/dowsil-813c\/\" \/>\n<meta property=\"og:site_name\" content=\"Proventuss\" \/>\n<meta property=\"article:modified_time\" content=\"2022-09-13T07:28:26+00:00\" \/>\n<meta property=\"og:image\" content=\"https:\/\/proventuss.eu\/wp-content\/uploads\/2022\/04\/813.jpg\" \/>\n\t<meta property=\"og:image:width\" content=\"408\" \/>\n\t<meta property=\"og:image:height\" content=\"1136\" \/>\n\t<meta property=\"og:image:type\" content=\"image\/jpeg\" \/>\n<meta name=\"twitter:card\" content=\"summary_large_image\" \/>\n<meta name=\"twitter:label1\" content=\"Odhadovan\u00e1 doba \u010dten\u00ed\" \/>\n\t<meta name=\"twitter:data1\" content=\"1 minuta\" \/>\n<script type=\"application\/ld+json\" class=\"yoast-schema-graph\">{\"@context\":\"https:\/\/schema.org\",\"@graph\":[{\"@type\":\"WebPage\",\"@id\":\"https:\/\/proventuss.eu\/cs\/produkt\/dowsil-813c\/\",\"url\":\"https:\/\/proventuss.eu\/cs\/produkt\/dowsil-813c\/\",\"name\":\"DOWSIL 813C - Proventuss\",\"isPartOf\":{\"@id\":\"https:\/\/proventuss.eu\/#website\"},\"primaryImageOfPage\":{\"@id\":\"https:\/\/proventuss.eu\/cs\/produkt\/dowsil-813c\/#primaryimage\"},\"image\":{\"@id\":\"https:\/\/proventuss.eu\/cs\/produkt\/dowsil-813c\/#primaryimage\"},\"thumbnailUrl\":\"https:\/\/proventuss.eu\/wp-content\/uploads\/2022\/04\/813.jpg\",\"datePublished\":\"2022-04-19T13:09:02+00:00\",\"dateModified\":\"2022-09-13T07:28:26+00:00\",\"breadcrumb\":{\"@id\":\"https:\/\/proventuss.eu\/cs\/produkt\/dowsil-813c\/#breadcrumb\"},\"inLanguage\":\"cs\",\"potentialAction\":[{\"@type\":\"ReadAction\",\"target\":[\"https:\/\/proventuss.eu\/cs\/produkt\/dowsil-813c\/\"]}]},{\"@type\":\"ImageObject\",\"inLanguage\":\"cs\",\"@id\":\"https:\/\/proventuss.eu\/cs\/produkt\/dowsil-813c\/#primaryimage\",\"url\":\"https:\/\/proventuss.eu\/wp-content\/uploads\/2022\/04\/813.jpg\",\"contentUrl\":\"https:\/\/proventuss.eu\/wp-content\/uploads\/2022\/04\/813.jpg\",\"width\":408,\"height\":1136},{\"@type\":\"BreadcrumbList\",\"@id\":\"https:\/\/proventuss.eu\/cs\/produkt\/dowsil-813c\/#breadcrumb\",\"itemListElement\":[{\"@type\":\"ListItem\",\"position\":1,\"name\":\"Home\",\"item\":\"https:\/\/proventuss.eu\/\"},{\"@type\":\"ListItem\",\"position\":2,\"name\":\"Produkty\",\"item\":\"https:\/\/proventuss.eu\/produkty\/\"},{\"@type\":\"ListItem\",\"position\":3,\"name\":\"DOWSIL 813C\"}]},{\"@type\":\"WebSite\",\"@id\":\"https:\/\/proventuss.eu\/#website\",\"url\":\"https:\/\/proventuss.eu\/\",\"name\":\"Proventuss\",\"description\":\"\",\"potentialAction\":[{\"@type\":\"SearchAction\",\"target\":{\"@type\":\"EntryPoint\",\"urlTemplate\":\"https:\/\/proventuss.eu\/?s={search_term_string}\"},\"query-input\":\"required name=search_term_string\"}],\"inLanguage\":\"cs\"}]}<\/script>\n<!-- \/ Yoast SEO plugin. -->","yoast_head_json":{"title":"DOWSIL 813C - Proventuss","robots":{"index":"index","follow":"follow","max-snippet":"max-snippet:-1","max-image-preview":"max-image-preview:large","max-video-preview":"max-video-preview:-1"},"canonical":"https:\/\/proventuss.eu\/cs\/produkt\/dowsil-813c\/","og_locale":"cs_CZ","og_type":"article","og_title":"DOWSIL 813C - Proventuss","og_description":"NEUTR\u00c1LN\u00cd SILIKONOV\u00dd TMEL PRO UT\u011aSN\u011aN\u00cd SP\u00c1R POR\u00c9ZN\u00cdCH A NEPOR\u00c9ZN\u00cdCH POVRCH\u016e, n\u00edzkomodulolov\u00fd jednoslo\u017ekov\u00fd silikonov\u00fd tmel speci\u00e1ln\u011b navr\u017een\u00fd pro ochranu p\u0159ed pov\u011btrnostn\u00edmi podm\u00ednkami stavebn\u00edch fas\u00e1d z betonu, cihel, kamene. M\u016f\u017ee b\u00fdt pou\u017eit k ut\u011bsn\u011bn\u00ed expanzn\u00edch sp\u00e1r a jin\u00fdch druh\u016f pohybliv\u00fdch spoj\u016f. V\u00ddHODY: \u2022 Dobr\u00e1 p\u0159ilnavost bez podkladov\u00e9ho n\u00e1t\u011bru k v\u011bt\u0161in\u011b povrch\u016f \u2022 Skv\u011bl\u00e1 odolnost v\u016f\u010di klimatick\u00fdm vliv\u016fm, [&hellip;]","og_url":"https:\/\/proventuss.eu\/cs\/produkt\/dowsil-813c\/","og_site_name":"Proventuss","article_modified_time":"2022-09-13T07:28:26+00:00","og_image":[{"width":408,"height":1136,"url":"https:\/\/proventuss.eu\/wp-content\/uploads\/2022\/04\/813.jpg","type":"image\/jpeg"}],"twitter_card":"summary_large_image","twitter_misc":{"Odhadovan\u00e1 doba \u010dten\u00ed":"1 minuta"},"schema":{"@context":"https:\/\/schema.org","@graph":[{"@type":"WebPage","@id":"https:\/\/proventuss.eu\/cs\/produkt\/dowsil-813c\/","url":"https:\/\/proventuss.eu\/cs\/produkt\/dowsil-813c\/","name":"DOWSIL 813C - Proventuss","isPartOf":{"@id":"https:\/\/proventuss.eu\/#website"},"primaryImageOfPage":{"@id":"https:\/\/proventuss.eu\/cs\/produkt\/dowsil-813c\/#primaryimage"},"image":{"@id":"https:\/\/proventuss.eu\/cs\/produkt\/dowsil-813c\/#primaryimage"},"thumbnailUrl":"https:\/\/proventuss.eu\/wp-content\/uploads\/2022\/04\/813.jpg","datePublished":"2022-04-19T13:09:02+00:00","dateModified":"2022-09-13T07:28:26+00:00","breadcrumb":{"@id":"https:\/\/proventuss.eu\/cs\/produkt\/dowsil-813c\/#breadcrumb"},"inLanguage":"cs","potentialAction":[{"@type":"ReadAction","target":["https:\/\/proventuss.eu\/cs\/produkt\/dowsil-813c\/"]}]},{"@type":"ImageObject","inLanguage":"cs","@id":"https:\/\/proventuss.eu\/cs\/produkt\/dowsil-813c\/#primaryimage","url":"https:\/\/proventuss.eu\/wp-content\/uploads\/2022\/04\/813.jpg","contentUrl":"https:\/\/proventuss.eu\/wp-content\/uploads\/2022\/04\/813.jpg","width":408,"height":1136},{"@type":"BreadcrumbList","@id":"https:\/\/proventuss.eu\/cs\/produkt\/dowsil-813c\/#breadcrumb","itemListElement":[{"@type":"ListItem","position":1,"name":"Home","item":"https:\/\/proventuss.eu\/"},{"@type":"ListItem","position":2,"name":"Produkty","item":"https:\/\/proventuss.eu\/produkty\/"},{"@type":"ListItem","position":3,"name":"DOWSIL 813C"}]},{"@type":"WebSite","@id":"https:\/\/proventuss.eu\/#website","url":"https:\/\/proventuss.eu\/","name":"Proventuss","description":"","potentialAction":[{"@type":"SearchAction","target":{"@type":"EntryPoint","urlTemplate":"https:\/\/proventuss.eu\/?s={search_term_string}"},"query-input":"required name=search_term_string"}],"inLanguage":"cs"}]}},"_links":{"self":[{"href":"https:\/\/proventuss.eu\/cs\/wp-json\/wp\/v2\/product\/6489"}],"collection":[{"href":"https:\/\/proventuss.eu\/cs\/wp-json\/wp\/v2\/product"}],"about":[{"href":"https:\/\/proventuss.eu\/cs\/wp-json\/wp\/v2\/types\/product"}],"replies":[{"embeddable":true,"href":"https:\/\/proventuss.eu\/cs\/wp-json\/wp\/v2\/comments?post=6489"}],"wp:featuredmedia":[{"embeddable":true,"href":"https:\/\/proventuss.eu\/cs\/wp-json\/wp\/v2\/media\/4842"}],"wp:attachment":[{"href":"https:\/\/proventuss.eu\/cs\/wp-json\/wp\/v2\/media?parent=6489"}],"wp:term":[{"taxonomy":"product_cat","embeddable":true,"href":"https:\/\/proventuss.eu\/cs\/wp-json\/wp\/v2\/product_cat?post=6489"},{"taxonomy":"product_tag","embeddable":true,"href":"https:\/\/proventuss.eu\/cs\/wp-json\/wp\/v2\/product_tag?post=6489"}],"curies":[{"name":"wp","href":"https:\/\/api.w.org\/{rel}","templated":true}]}}