{"id":6487,"date":"2022-04-20T07:58:29","date_gmt":"2022-04-20T07:58:29","guid":{"rendered":"https:\/\/proventuss.eu\/produkt\/dowsil-993\/"},"modified":"2022-09-13T07:26:46","modified_gmt":"2022-09-13T07:26:46","slug":"dowsil-993","status":"publish","type":"product","link":"https:\/\/proventuss.eu\/cs\/produkt\/dowsil-993\/","title":{"rendered":"DOWSIL 993"},"content":{"rendered":"<p><strong>DVOUSLO\u017dKOV\u00dd NEUTR\u00c1LN\u00cd STRUKTUR\u00c1LN\u00cd SILIKONOV\u00dd TMEL<\/strong>, speci\u00e1ln\u00ed tmel ur\u010den\u00fd k struktur\u00e1ln\u00edmu lepen\u00ed skla s kovovou konstrukc\u00ed budovy. Zaji\u0161\u0165uje skv\u011blou p\u0159ilnavost do r\u016fzn\u00fdch druh\u016f skla a kov\u016f (anodovan\u00fd hlin\u00edk, pr\u00e1\u0161kov\u011b lakovan\u00fd hlin\u00edk, nerezov\u00e1 ocel, atd.).<\/p>\n<p><strong>VLASTNOSTI:<\/strong><br \/>\n&#8211; spl\u0148uje po\u017eadavky evropsk\u00fdch sm\u011brnic na struktur\u00e1ln\u00ed zaskl\u00edv\u00e1n\u00ed popsan\u00fdch v EOTA ETAG 002<br \/>\n&#8211; m\u016f\u017ee b\u00fdt aplikov\u00e1n do v\u0161ech \u010dty\u0159ech typ\u016f struktur\u00e1ln\u00edho zaskl\u00edv\u00e1n\u00ed (Typ I, II, III, IV dle ETAG 002)<br \/>\n&#8211; skv\u011bl\u00e1 p\u0159ilnavost k stavebn\u00edm materi\u00e1l\u016fm v\u010detn\u011b pota\u017een\u00fdch, smaltovan\u00fdch a reflexivn\u00edch skel, hlin\u00edku anodovan\u00e9ho i pr\u00e1\u0161kov\u011b lakovan\u00e9ho a nerezov\u00e9 oceli<br \/>\n&#8211; vysok\u00e1 \u00farove\u0148 mechanick\u00fdch vlastnost\u00ed<br \/>\n&#8211; schopnost p\u0159en\u00e1\u0161et konstruk\u010dn\u00ed zat\u00ed\u017een\u00ed<br \/>\n&#8211; nekorozivn\u00ed vytvrzov\u00e1n\u00ed bez z\u00e1pachu<br \/>\n&#8211; skv\u011bl\u00e1 odolnost proti p\u016fsoben\u00ed ozonu a ultrafialov\u00e9ho z\u00e1\u0159en\u00ed (UV)<br \/>\n&#8211; funguje v \u0161irok\u00e9m rozsahu teplot<br \/>\n&#8211; Evropsk\u00e9 technick\u00e9 schv\u00e1len\u00ed \u010d. ETA-01\/0005 a Prohl\u00e1\u0161en\u00ed o shod\u011b CE<br \/>\n&#8211; dostupn\u00fd v b\u00edl\u00e9 barv\u011b i v r\u016fzn\u00fdch odst\u00ednech \u0161edi<\/p>\n<p><strong>BALEN\u00cd \/ BARVA:<\/strong><br \/>\nB\u00e1ze: sud 250 kg. Barva: b\u00edl\u00e1<br \/>\nKatalyz\u00e1tor: HV\/GER 25 kg. Barva: \u010dern\u00e1, sv\u011btle \u0161ed\u00e1, st\u0159edn\u011b \u0161ed\u00e1, tmav\u011b hn\u011bd\u00e1, transparentn\u00ed<br \/>\nOpravn\u00e1 sada:<br \/>\nKartu\u0161e 300 g + 30 g tuba. Barva: \u010dern\u00e1<br \/>\nKartu\u0161e: 545 g + 2&#215;30 g tuba. Barva: \u010dern\u00e1<\/p>\n","protected":false},"excerpt":{"rendered":"<p>DVOUSLO\u017dKOV\u00dd NEUTR\u00c1LN\u00cd STRUKTUR\u00c1LN\u00cd SILIKONOV\u00dd TMEL, speci\u00e1ln\u00ed tmel ur\u010den\u00fd k struktur\u00e1ln\u00edmu lepen\u00ed skla s kovovou konstrukc\u00ed budovy. Zaji\u0161\u0165uje skv\u011blou p\u0159ilnavost do r\u016fzn\u00fdch druh\u016f skla a kov\u016f (anodovan\u00fd hlin\u00edk, pr\u00e1\u0161kov\u011b lakovan\u00fd hlin\u00edk, nerezov\u00e1 ocel, atd.). VLASTNOSTI: &#8211; spl\u0148uje po\u017eadavky evropsk\u00fdch sm\u011brnic na struktur\u00e1ln\u00ed zaskl\u00edv\u00e1n\u00ed popsan\u00fdch v EOTA ETAG 002 &#8211; m\u016f\u017ee b\u00fdt aplikov\u00e1n do v\u0161ech \u010dty\u0159ech typ\u016f [&hellip;]<\/p>\n","protected":false},"featured_media":4854,"comment_status":"open","ping_status":"closed","template":"","meta":{"_acf_changed":false},"product_cat":[312],"product_tag":[],"acf":[],"yoast_head":"<!-- This site is optimized with the Yoast SEO plugin v22.9 - https:\/\/yoast.com\/wordpress\/plugins\/seo\/ -->\n<title>DOWSIL 993 - Proventuss<\/title>\n<meta name=\"robots\" content=\"index, follow, max-snippet:-1, max-image-preview:large, max-video-preview:-1\" \/>\n<link rel=\"canonical\" href=\"https:\/\/proventuss.eu\/cs\/produkt\/dowsil-993\/\" \/>\n<meta property=\"og:locale\" content=\"cs_CZ\" \/>\n<meta property=\"og:type\" content=\"article\" \/>\n<meta property=\"og:title\" content=\"DOWSIL 993 - Proventuss\" \/>\n<meta property=\"og:description\" content=\"DVOUSLO\u017dKOV\u00dd NEUTR\u00c1LN\u00cd STRUKTUR\u00c1LN\u00cd SILIKONOV\u00dd TMEL, speci\u00e1ln\u00ed tmel ur\u010den\u00fd k struktur\u00e1ln\u00edmu lepen\u00ed skla s kovovou konstrukc\u00ed budovy. Zaji\u0161\u0165uje skv\u011blou p\u0159ilnavost do r\u016fzn\u00fdch druh\u016f skla a kov\u016f (anodovan\u00fd hlin\u00edk, pr\u00e1\u0161kov\u011b lakovan\u00fd hlin\u00edk, nerezov\u00e1 ocel, atd.). VLASTNOSTI: &#8211; spl\u0148uje po\u017eadavky evropsk\u00fdch sm\u011brnic na struktur\u00e1ln\u00ed zaskl\u00edv\u00e1n\u00ed popsan\u00fdch v EOTA ETAG 002 &#8211; m\u016f\u017ee b\u00fdt aplikov\u00e1n do v\u0161ech \u010dty\u0159ech typ\u016f [&hellip;]\" \/>\n<meta property=\"og:url\" content=\"https:\/\/proventuss.eu\/cs\/produkt\/dowsil-993\/\" \/>\n<meta property=\"og:site_name\" content=\"Proventuss\" \/>\n<meta property=\"article:modified_time\" content=\"2022-09-13T07:26:46+00:00\" \/>\n<meta property=\"og:image\" content=\"https:\/\/proventuss.eu\/wp-content\/uploads\/2022\/04\/993.jpg\" \/>\n\t<meta property=\"og:image:width\" content=\"640\" \/>\n\t<meta property=\"og:image:height\" content=\"905\" \/>\n\t<meta property=\"og:image:type\" content=\"image\/jpeg\" \/>\n<meta name=\"twitter:card\" content=\"summary_large_image\" \/>\n<meta name=\"twitter:label1\" content=\"Odhadovan\u00e1 doba \u010dten\u00ed\" \/>\n\t<meta name=\"twitter:data1\" content=\"2 minuty\" \/>\n<script type=\"application\/ld+json\" class=\"yoast-schema-graph\">{\"@context\":\"https:\/\/schema.org\",\"@graph\":[{\"@type\":\"WebPage\",\"@id\":\"https:\/\/proventuss.eu\/cs\/produkt\/dowsil-993\/\",\"url\":\"https:\/\/proventuss.eu\/cs\/produkt\/dowsil-993\/\",\"name\":\"DOWSIL 993 - Proventuss\",\"isPartOf\":{\"@id\":\"https:\/\/proventuss.eu\/#website\"},\"primaryImageOfPage\":{\"@id\":\"https:\/\/proventuss.eu\/cs\/produkt\/dowsil-993\/#primaryimage\"},\"image\":{\"@id\":\"https:\/\/proventuss.eu\/cs\/produkt\/dowsil-993\/#primaryimage\"},\"thumbnailUrl\":\"https:\/\/proventuss.eu\/wp-content\/uploads\/2022\/04\/993.jpg\",\"datePublished\":\"2022-04-20T07:58:29+00:00\",\"dateModified\":\"2022-09-13T07:26:46+00:00\",\"breadcrumb\":{\"@id\":\"https:\/\/proventuss.eu\/cs\/produkt\/dowsil-993\/#breadcrumb\"},\"inLanguage\":\"cs\",\"potentialAction\":[{\"@type\":\"ReadAction\",\"target\":[\"https:\/\/proventuss.eu\/cs\/produkt\/dowsil-993\/\"]}]},{\"@type\":\"ImageObject\",\"inLanguage\":\"cs\",\"@id\":\"https:\/\/proventuss.eu\/cs\/produkt\/dowsil-993\/#primaryimage\",\"url\":\"https:\/\/proventuss.eu\/wp-content\/uploads\/2022\/04\/993.jpg\",\"contentUrl\":\"https:\/\/proventuss.eu\/wp-content\/uploads\/2022\/04\/993.jpg\",\"width\":640,\"height\":905},{\"@type\":\"BreadcrumbList\",\"@id\":\"https:\/\/proventuss.eu\/cs\/produkt\/dowsil-993\/#breadcrumb\",\"itemListElement\":[{\"@type\":\"ListItem\",\"position\":1,\"name\":\"Home\",\"item\":\"https:\/\/proventuss.eu\/\"},{\"@type\":\"ListItem\",\"position\":2,\"name\":\"Produkty\",\"item\":\"https:\/\/proventuss.eu\/produkty\/\"},{\"@type\":\"ListItem\",\"position\":3,\"name\":\"DOWSIL 993\"}]},{\"@type\":\"WebSite\",\"@id\":\"https:\/\/proventuss.eu\/#website\",\"url\":\"https:\/\/proventuss.eu\/\",\"name\":\"Proventuss\",\"description\":\"\",\"potentialAction\":[{\"@type\":\"SearchAction\",\"target\":{\"@type\":\"EntryPoint\",\"urlTemplate\":\"https:\/\/proventuss.eu\/?s={search_term_string}\"},\"query-input\":\"required name=search_term_string\"}],\"inLanguage\":\"cs\"}]}<\/script>\n<!-- \/ Yoast SEO plugin. -->","yoast_head_json":{"title":"DOWSIL 993 - Proventuss","robots":{"index":"index","follow":"follow","max-snippet":"max-snippet:-1","max-image-preview":"max-image-preview:large","max-video-preview":"max-video-preview:-1"},"canonical":"https:\/\/proventuss.eu\/cs\/produkt\/dowsil-993\/","og_locale":"cs_CZ","og_type":"article","og_title":"DOWSIL 993 - Proventuss","og_description":"DVOUSLO\u017dKOV\u00dd NEUTR\u00c1LN\u00cd STRUKTUR\u00c1LN\u00cd SILIKONOV\u00dd TMEL, speci\u00e1ln\u00ed tmel ur\u010den\u00fd k struktur\u00e1ln\u00edmu lepen\u00ed skla s kovovou konstrukc\u00ed budovy. Zaji\u0161\u0165uje skv\u011blou p\u0159ilnavost do r\u016fzn\u00fdch druh\u016f skla a kov\u016f (anodovan\u00fd hlin\u00edk, pr\u00e1\u0161kov\u011b lakovan\u00fd hlin\u00edk, nerezov\u00e1 ocel, atd.). VLASTNOSTI: &#8211; spl\u0148uje po\u017eadavky evropsk\u00fdch sm\u011brnic na struktur\u00e1ln\u00ed zaskl\u00edv\u00e1n\u00ed popsan\u00fdch v EOTA ETAG 002 &#8211; m\u016f\u017ee b\u00fdt aplikov\u00e1n do v\u0161ech \u010dty\u0159ech typ\u016f [&hellip;]","og_url":"https:\/\/proventuss.eu\/cs\/produkt\/dowsil-993\/","og_site_name":"Proventuss","article_modified_time":"2022-09-13T07:26:46+00:00","og_image":[{"width":640,"height":905,"url":"https:\/\/proventuss.eu\/wp-content\/uploads\/2022\/04\/993.jpg","type":"image\/jpeg"}],"twitter_card":"summary_large_image","twitter_misc":{"Odhadovan\u00e1 doba \u010dten\u00ed":"2 minuty"},"schema":{"@context":"https:\/\/schema.org","@graph":[{"@type":"WebPage","@id":"https:\/\/proventuss.eu\/cs\/produkt\/dowsil-993\/","url":"https:\/\/proventuss.eu\/cs\/produkt\/dowsil-993\/","name":"DOWSIL 993 - Proventuss","isPartOf":{"@id":"https:\/\/proventuss.eu\/#website"},"primaryImageOfPage":{"@id":"https:\/\/proventuss.eu\/cs\/produkt\/dowsil-993\/#primaryimage"},"image":{"@id":"https:\/\/proventuss.eu\/cs\/produkt\/dowsil-993\/#primaryimage"},"thumbnailUrl":"https:\/\/proventuss.eu\/wp-content\/uploads\/2022\/04\/993.jpg","datePublished":"2022-04-20T07:58:29+00:00","dateModified":"2022-09-13T07:26:46+00:00","breadcrumb":{"@id":"https:\/\/proventuss.eu\/cs\/produkt\/dowsil-993\/#breadcrumb"},"inLanguage":"cs","potentialAction":[{"@type":"ReadAction","target":["https:\/\/proventuss.eu\/cs\/produkt\/dowsil-993\/"]}]},{"@type":"ImageObject","inLanguage":"cs","@id":"https:\/\/proventuss.eu\/cs\/produkt\/dowsil-993\/#primaryimage","url":"https:\/\/proventuss.eu\/wp-content\/uploads\/2022\/04\/993.jpg","contentUrl":"https:\/\/proventuss.eu\/wp-content\/uploads\/2022\/04\/993.jpg","width":640,"height":905},{"@type":"BreadcrumbList","@id":"https:\/\/proventuss.eu\/cs\/produkt\/dowsil-993\/#breadcrumb","itemListElement":[{"@type":"ListItem","position":1,"name":"Home","item":"https:\/\/proventuss.eu\/"},{"@type":"ListItem","position":2,"name":"Produkty","item":"https:\/\/proventuss.eu\/produkty\/"},{"@type":"ListItem","position":3,"name":"DOWSIL 993"}]},{"@type":"WebSite","@id":"https:\/\/proventuss.eu\/#website","url":"https:\/\/proventuss.eu\/","name":"Proventuss","description":"","potentialAction":[{"@type":"SearchAction","target":{"@type":"EntryPoint","urlTemplate":"https:\/\/proventuss.eu\/?s={search_term_string}"},"query-input":"required name=search_term_string"}],"inLanguage":"cs"}]}},"_links":{"self":[{"href":"https:\/\/proventuss.eu\/cs\/wp-json\/wp\/v2\/product\/6487"}],"collection":[{"href":"https:\/\/proventuss.eu\/cs\/wp-json\/wp\/v2\/product"}],"about":[{"href":"https:\/\/proventuss.eu\/cs\/wp-json\/wp\/v2\/types\/product"}],"replies":[{"embeddable":true,"href":"https:\/\/proventuss.eu\/cs\/wp-json\/wp\/v2\/comments?post=6487"}],"wp:featuredmedia":[{"embeddable":true,"href":"https:\/\/proventuss.eu\/cs\/wp-json\/wp\/v2\/media\/4854"}],"wp:attachment":[{"href":"https:\/\/proventuss.eu\/cs\/wp-json\/wp\/v2\/media?parent=6487"}],"wp:term":[{"taxonomy":"product_cat","embeddable":true,"href":"https:\/\/proventuss.eu\/cs\/wp-json\/wp\/v2\/product_cat?post=6487"},{"taxonomy":"product_tag","embeddable":true,"href":"https:\/\/proventuss.eu\/cs\/wp-json\/wp\/v2\/product_tag?post=6487"}],"curies":[{"name":"wp","href":"https:\/\/api.w.org\/{rel}","templated":true}]}}