{"id":18879,"date":"2024-09-20T09:25:33","date_gmt":"2024-09-20T09:25:33","guid":{"rendered":"https:\/\/proventuss.eu\/produkt\/zasklivaci-tmel-vi-pro-wns-plus\/"},"modified":"2024-09-20T09:25:33","modified_gmt":"2024-09-20T09:25:33","slug":"zasklivaci-tmel-vi-pro-wns-plus","status":"publish","type":"product","link":"https:\/\/proventuss.eu\/cs\/produkt\/zasklivaci-tmel-vi-pro-wns-plus\/","title":{"rendered":"Zaskl\u00edvac\u00ed tmel Vi-Pro\u00ae WNS Plus"},"content":{"rendered":"<p>Vi-Pro\u00ae WNS PLUS je jednoslo\u017ekov\u00fd, n\u00edzkomodulov\u00fd, neutr\u00e1ln\u011b oximem vytvrzovan\u00fd silikonov\u00fd tmel, kter\u00fd reaguje se vzdu\u0161nou vlhkost\u00ed a vytv\u00e1\u0159\u00ed extr\u00e9mn\u011b odolnou elastickou pry\u017e. Neobsahuje \u017e\u00e1dn\u00e9 \u017e\u00edrav\u00e9 nebo siln\u011b vonn\u00e9 p\u0159\u00edsady. Vi-Pro\u00ae WNS PLUS si zachov\u00e1v\u00e1 v\u0161echny elastick\u00e9 a adhezn\u00ed vlastnosti bez probl\u00e9m\u016f se st\u00e1rnut\u00edm a z\u016fst\u00e1v\u00e1 stabiln\u00ed v\u016f\u010di atmosf\u00e9rick\u00fdm vliv\u016fm. Vi-Pro\u00ae WNS PLUS je vysoce kvalitn\u00ed 100% silikon, kter\u00fd p\u0159ilne k v\u011bt\u0161in\u011b podklad\u016f b\u011b\u017en\u011b se vyskytuj\u00edc\u00edch ve stavebnictv\u00ed, jako je sklo, beton, cihly, v\u011bt\u0161ina druh\u016f d\u0159eva, hol\u00e9 kovy a mnoho plastov\u00fdch povrch\u016f.<\/p>\n<p><strong>v\u00fdhody:<\/strong><\/p>\n<p>-\u0160pi\u010dkov\u00e1 kvalita.<br \/>\n-N\u00edzk\u00fd modul a vysok\u00e1 flexibilita a pohyb.<br \/>\n-V\u00fdborn\u00e1 p\u0159ilnavost k \u0161irok\u00e9 \u0161k\u00e1le podklad\u016f bez nutnosti penetrace.<br \/>\n-Velmi dobr\u00e1 odolnost proti UV z\u00e1\u0159en\u00ed, pov\u011btrnostn\u00edm vliv\u016fm a st\u00e1rnut\u00ed.<br \/>\n-N\u00edzk\u00fd z\u00e1pach.<br \/>\n-Nekorozivn\u00ed.<br \/>\n-Extr\u00e9mn\u011b dlouh\u00e1 \u017eivotnost.<\/p>\n<p><strong>Oblasti pou\u017eit\u00ed:<\/strong><\/p>\n<p>Vi-Pro\u00ae WNS PLUS je vysoce kvalitn\u00ed a odoln\u00fd tmel. M\u00e1 vynikaj\u00edc\u00ed p\u0159ilnavost k v\u011bt\u0161in\u011b podklad\u016f pou\u017e\u00edvan\u00fdch ve stavebnictv\u00ed, jako je sklo, hlin\u00edk, d\u0159evo, PVC, beton atd. Doporu\u010duje se zejm\u00e9na pro: Ut\u011bs\u0148ov\u00e1n\u00ed dilata\u010dn\u00edch sp\u00e1r v obvodov\u00fdch fas\u00e1d\u00e1ch, lehk\u00fdch fas\u00e1d\u00e1ch a sv\u011btl\u00edkech proti pov\u011btrnostn\u00edm vliv\u016fm. Mont\u00e1\u017ee okenn\u00edch a dve\u0159n\u00edch syst\u00e9m\u016f. T\u011bsn\u011bn\u00ed ve sklen\u00edc\u00edch a \u0161kolk\u00e1ch ze skla, polykarbon\u00e1tu nebo metakryl\u00e1tu. T\u011bsn\u011bn\u00ed sp\u00e1r mezi podlahami a st\u011bnami, schody a jin\u00fdmi stavebn\u00edmi sp\u00e1rami. Pro ochranu proti pov\u011btrnostn\u00edm vliv\u016fm a t\u011bsn\u011bn\u00ed tam, kde je vy\u017eadov\u00e1na odolnost v obt\u00ed\u017en\u00fdch podm\u00ednk\u00e1ch. Kompatibiln\u00ed se stavebn\u00edmi silikony pro t\u011bsn\u011bn\u00ed proti pov\u011btrnostn\u00edm vliv\u016fm.<\/p>\n","protected":false},"excerpt":{"rendered":"<p>Vi-Pro\u00ae WNS PLUS je jednoslo\u017ekov\u00fd, n\u00edzkomodulov\u00fd, neutr\u00e1ln\u011b oximem vytvrzovan\u00fd silikonov\u00fd tmel, kter\u00fd reaguje se vzdu\u0161nou vlhkost\u00ed a vytv\u00e1\u0159\u00ed extr\u00e9mn\u011b odolnou elastickou pry\u017e. Neobsahuje \u017e\u00e1dn\u00e9 \u017e\u00edrav\u00e9 nebo siln\u011b vonn\u00e9 p\u0159\u00edsady. Vi-Pro\u00ae WNS PLUS si zachov\u00e1v\u00e1 v\u0161echny elastick\u00e9 a adhezn\u00ed vlastnosti bez probl\u00e9m\u016f se st\u00e1rnut\u00edm a z\u016fst\u00e1v\u00e1 stabiln\u00ed v\u016f\u010di atmosf\u00e9rick\u00fdm vliv\u016fm. Vi-Pro\u00ae WNS PLUS je vysoce kvalitn\u00ed [&hellip;]<\/p>\n","protected":false},"featured_media":18217,"comment_status":"open","ping_status":"closed","template":"","meta":{"_acf_changed":false},"product_cat":[315],"product_tag":[],"acf":[],"yoast_head":"<!-- This site is optimized with the Yoast SEO plugin v22.9 - https:\/\/yoast.com\/wordpress\/plugins\/seo\/ -->\n<title>Zaskl\u00edvac\u00ed tmel Vi-Pro\u00ae WNS Plus - Proventuss<\/title>\n<meta name=\"robots\" content=\"index, follow, max-snippet:-1, max-image-preview:large, max-video-preview:-1\" \/>\n<link rel=\"canonical\" href=\"https:\/\/proventuss.eu\/cs\/produkt\/zasklivaci-tmel-vi-pro-wns-plus\/\" \/>\n<meta property=\"og:locale\" content=\"cs_CZ\" \/>\n<meta property=\"og:type\" content=\"article\" \/>\n<meta property=\"og:title\" content=\"Zaskl\u00edvac\u00ed tmel Vi-Pro\u00ae WNS Plus - Proventuss\" \/>\n<meta property=\"og:description\" content=\"Vi-Pro\u00ae WNS PLUS je jednoslo\u017ekov\u00fd, n\u00edzkomodulov\u00fd, neutr\u00e1ln\u011b oximem vytvrzovan\u00fd silikonov\u00fd tmel, kter\u00fd reaguje se vzdu\u0161nou vlhkost\u00ed a vytv\u00e1\u0159\u00ed extr\u00e9mn\u011b odolnou elastickou pry\u017e. Neobsahuje \u017e\u00e1dn\u00e9 \u017e\u00edrav\u00e9 nebo siln\u011b vonn\u00e9 p\u0159\u00edsady. Vi-Pro\u00ae WNS PLUS si zachov\u00e1v\u00e1 v\u0161echny elastick\u00e9 a adhezn\u00ed vlastnosti bez probl\u00e9m\u016f se st\u00e1rnut\u00edm a z\u016fst\u00e1v\u00e1 stabiln\u00ed v\u016f\u010di atmosf\u00e9rick\u00fdm vliv\u016fm. Vi-Pro\u00ae WNS PLUS je vysoce kvalitn\u00ed [&hellip;]\" \/>\n<meta property=\"og:url\" content=\"https:\/\/proventuss.eu\/cs\/produkt\/zasklivaci-tmel-vi-pro-wns-plus\/\" \/>\n<meta property=\"og:site_name\" content=\"Proventuss\" \/>\n<meta property=\"og:image\" content=\"https:\/\/proventuss.eu\/wp-content\/uploads\/2024\/09\/Vi-Pro-WNS-PLUS_1-scaled-e1729669926633.jpg\" \/>\n\t<meta property=\"og:image:width\" content=\"2560\" \/>\n\t<meta property=\"og:image:height\" content=\"1707\" \/>\n\t<meta property=\"og:image:type\" content=\"image\/jpeg\" \/>\n<meta name=\"twitter:card\" content=\"summary_large_image\" \/>\n<meta name=\"twitter:label1\" content=\"Odhadovan\u00e1 doba \u010dten\u00ed\" \/>\n\t<meta name=\"twitter:data1\" content=\"2 minuty\" \/>\n<script type=\"application\/ld+json\" class=\"yoast-schema-graph\">{\"@context\":\"https:\/\/schema.org\",\"@graph\":[{\"@type\":\"WebPage\",\"@id\":\"https:\/\/proventuss.eu\/cs\/produkt\/zasklivaci-tmel-vi-pro-wns-plus\/\",\"url\":\"https:\/\/proventuss.eu\/cs\/produkt\/zasklivaci-tmel-vi-pro-wns-plus\/\",\"name\":\"Zaskl\u00edvac\u00ed tmel Vi-Pro\u00ae WNS Plus - Proventuss\",\"isPartOf\":{\"@id\":\"https:\/\/proventuss.eu\/#website\"},\"primaryImageOfPage\":{\"@id\":\"https:\/\/proventuss.eu\/cs\/produkt\/zasklivaci-tmel-vi-pro-wns-plus\/#primaryimage\"},\"image\":{\"@id\":\"https:\/\/proventuss.eu\/cs\/produkt\/zasklivaci-tmel-vi-pro-wns-plus\/#primaryimage\"},\"thumbnailUrl\":\"https:\/\/proventuss.eu\/wp-content\/uploads\/2024\/09\/Vi-Pro-WNS-PLUS_1-scaled-e1729669926633.jpg\",\"datePublished\":\"2024-09-20T09:25:33+00:00\",\"dateModified\":\"2024-09-20T09:25:33+00:00\",\"breadcrumb\":{\"@id\":\"https:\/\/proventuss.eu\/cs\/produkt\/zasklivaci-tmel-vi-pro-wns-plus\/#breadcrumb\"},\"inLanguage\":\"cs\",\"potentialAction\":[{\"@type\":\"ReadAction\",\"target\":[\"https:\/\/proventuss.eu\/cs\/produkt\/zasklivaci-tmel-vi-pro-wns-plus\/\"]}]},{\"@type\":\"ImageObject\",\"inLanguage\":\"cs\",\"@id\":\"https:\/\/proventuss.eu\/cs\/produkt\/zasklivaci-tmel-vi-pro-wns-plus\/#primaryimage\",\"url\":\"https:\/\/proventuss.eu\/wp-content\/uploads\/2024\/09\/Vi-Pro-WNS-PLUS_1-scaled-e1729669926633.jpg\",\"contentUrl\":\"https:\/\/proventuss.eu\/wp-content\/uploads\/2024\/09\/Vi-Pro-WNS-PLUS_1-scaled-e1729669926633.jpg\",\"width\":2560,\"height\":1707,\"caption\":\"Na zdj\u0119ciu uszczelniacz do zabezpieczania przed warunkami atmosferycznymi i uszczelniania, gdzie wymagana jest trwa\u0142o\u015b\u0107 w trudnych warunkach.\"},{\"@type\":\"BreadcrumbList\",\"@id\":\"https:\/\/proventuss.eu\/cs\/produkt\/zasklivaci-tmel-vi-pro-wns-plus\/#breadcrumb\",\"itemListElement\":[{\"@type\":\"ListItem\",\"position\":1,\"name\":\"Home\",\"item\":\"https:\/\/proventuss.eu\/\"},{\"@type\":\"ListItem\",\"position\":2,\"name\":\"Produkty\",\"item\":\"https:\/\/proventuss.eu\/produkty\/\"},{\"@type\":\"ListItem\",\"position\":3,\"name\":\"Zaskl\u00edvac\u00ed tmel Vi-Pro\u00ae WNS Plus\"}]},{\"@type\":\"WebSite\",\"@id\":\"https:\/\/proventuss.eu\/#website\",\"url\":\"https:\/\/proventuss.eu\/\",\"name\":\"Proventuss\",\"description\":\"\",\"potentialAction\":[{\"@type\":\"SearchAction\",\"target\":{\"@type\":\"EntryPoint\",\"urlTemplate\":\"https:\/\/proventuss.eu\/?s={search_term_string}\"},\"query-input\":\"required name=search_term_string\"}],\"inLanguage\":\"cs\"}]}<\/script>\n<!-- \/ Yoast SEO plugin. -->","yoast_head_json":{"title":"Zaskl\u00edvac\u00ed tmel Vi-Pro\u00ae WNS Plus - Proventuss","robots":{"index":"index","follow":"follow","max-snippet":"max-snippet:-1","max-image-preview":"max-image-preview:large","max-video-preview":"max-video-preview:-1"},"canonical":"https:\/\/proventuss.eu\/cs\/produkt\/zasklivaci-tmel-vi-pro-wns-plus\/","og_locale":"cs_CZ","og_type":"article","og_title":"Zaskl\u00edvac\u00ed tmel Vi-Pro\u00ae WNS Plus - Proventuss","og_description":"Vi-Pro\u00ae WNS PLUS je jednoslo\u017ekov\u00fd, n\u00edzkomodulov\u00fd, neutr\u00e1ln\u011b oximem vytvrzovan\u00fd silikonov\u00fd tmel, kter\u00fd reaguje se vzdu\u0161nou vlhkost\u00ed a vytv\u00e1\u0159\u00ed extr\u00e9mn\u011b odolnou elastickou pry\u017e. Neobsahuje \u017e\u00e1dn\u00e9 \u017e\u00edrav\u00e9 nebo siln\u011b vonn\u00e9 p\u0159\u00edsady. Vi-Pro\u00ae WNS PLUS si zachov\u00e1v\u00e1 v\u0161echny elastick\u00e9 a adhezn\u00ed vlastnosti bez probl\u00e9m\u016f se st\u00e1rnut\u00edm a z\u016fst\u00e1v\u00e1 stabiln\u00ed v\u016f\u010di atmosf\u00e9rick\u00fdm vliv\u016fm. Vi-Pro\u00ae WNS PLUS je vysoce kvalitn\u00ed [&hellip;]","og_url":"https:\/\/proventuss.eu\/cs\/produkt\/zasklivaci-tmel-vi-pro-wns-plus\/","og_site_name":"Proventuss","og_image":[{"width":2560,"height":1707,"url":"https:\/\/proventuss.eu\/wp-content\/uploads\/2024\/09\/Vi-Pro-WNS-PLUS_1-scaled-e1729669926633.jpg","type":"image\/jpeg"}],"twitter_card":"summary_large_image","twitter_misc":{"Odhadovan\u00e1 doba \u010dten\u00ed":"2 minuty"},"schema":{"@context":"https:\/\/schema.org","@graph":[{"@type":"WebPage","@id":"https:\/\/proventuss.eu\/cs\/produkt\/zasklivaci-tmel-vi-pro-wns-plus\/","url":"https:\/\/proventuss.eu\/cs\/produkt\/zasklivaci-tmel-vi-pro-wns-plus\/","name":"Zaskl\u00edvac\u00ed tmel Vi-Pro\u00ae WNS Plus - Proventuss","isPartOf":{"@id":"https:\/\/proventuss.eu\/#website"},"primaryImageOfPage":{"@id":"https:\/\/proventuss.eu\/cs\/produkt\/zasklivaci-tmel-vi-pro-wns-plus\/#primaryimage"},"image":{"@id":"https:\/\/proventuss.eu\/cs\/produkt\/zasklivaci-tmel-vi-pro-wns-plus\/#primaryimage"},"thumbnailUrl":"https:\/\/proventuss.eu\/wp-content\/uploads\/2024\/09\/Vi-Pro-WNS-PLUS_1-scaled-e1729669926633.jpg","datePublished":"2024-09-20T09:25:33+00:00","dateModified":"2024-09-20T09:25:33+00:00","breadcrumb":{"@id":"https:\/\/proventuss.eu\/cs\/produkt\/zasklivaci-tmel-vi-pro-wns-plus\/#breadcrumb"},"inLanguage":"cs","potentialAction":[{"@type":"ReadAction","target":["https:\/\/proventuss.eu\/cs\/produkt\/zasklivaci-tmel-vi-pro-wns-plus\/"]}]},{"@type":"ImageObject","inLanguage":"cs","@id":"https:\/\/proventuss.eu\/cs\/produkt\/zasklivaci-tmel-vi-pro-wns-plus\/#primaryimage","url":"https:\/\/proventuss.eu\/wp-content\/uploads\/2024\/09\/Vi-Pro-WNS-PLUS_1-scaled-e1729669926633.jpg","contentUrl":"https:\/\/proventuss.eu\/wp-content\/uploads\/2024\/09\/Vi-Pro-WNS-PLUS_1-scaled-e1729669926633.jpg","width":2560,"height":1707,"caption":"Na zdj\u0119ciu uszczelniacz do zabezpieczania przed warunkami atmosferycznymi i uszczelniania, gdzie wymagana jest trwa\u0142o\u015b\u0107 w trudnych warunkach."},{"@type":"BreadcrumbList","@id":"https:\/\/proventuss.eu\/cs\/produkt\/zasklivaci-tmel-vi-pro-wns-plus\/#breadcrumb","itemListElement":[{"@type":"ListItem","position":1,"name":"Home","item":"https:\/\/proventuss.eu\/"},{"@type":"ListItem","position":2,"name":"Produkty","item":"https:\/\/proventuss.eu\/produkty\/"},{"@type":"ListItem","position":3,"name":"Zaskl\u00edvac\u00ed tmel Vi-Pro\u00ae WNS Plus"}]},{"@type":"WebSite","@id":"https:\/\/proventuss.eu\/#website","url":"https:\/\/proventuss.eu\/","name":"Proventuss","description":"","potentialAction":[{"@type":"SearchAction","target":{"@type":"EntryPoint","urlTemplate":"https:\/\/proventuss.eu\/?s={search_term_string}"},"query-input":"required name=search_term_string"}],"inLanguage":"cs"}]}},"_links":{"self":[{"href":"https:\/\/proventuss.eu\/cs\/wp-json\/wp\/v2\/product\/18879"}],"collection":[{"href":"https:\/\/proventuss.eu\/cs\/wp-json\/wp\/v2\/product"}],"about":[{"href":"https:\/\/proventuss.eu\/cs\/wp-json\/wp\/v2\/types\/product"}],"replies":[{"embeddable":true,"href":"https:\/\/proventuss.eu\/cs\/wp-json\/wp\/v2\/comments?post=18879"}],"wp:featuredmedia":[{"embeddable":true,"href":"https:\/\/proventuss.eu\/cs\/wp-json\/wp\/v2\/media\/18217"}],"wp:attachment":[{"href":"https:\/\/proventuss.eu\/cs\/wp-json\/wp\/v2\/media?parent=18879"}],"wp:term":[{"taxonomy":"product_cat","embeddable":true,"href":"https:\/\/proventuss.eu\/cs\/wp-json\/wp\/v2\/product_cat?post=18879"},{"taxonomy":"product_tag","embeddable":true,"href":"https:\/\/proventuss.eu\/cs\/wp-json\/wp\/v2\/product_tag?post=18879"}],"curies":[{"name":"wp","href":"https:\/\/api.w.org\/{rel}","templated":true}]}}