{"id":18500,"date":"2024-11-19T08:57:56","date_gmt":"2024-11-19T08:57:56","guid":{"rendered":"https:\/\/proventuss.eu\/produkt\/vi-pro-manual-gun-310-600-ml\/"},"modified":"2024-11-19T09:09:34","modified_gmt":"2024-11-19T09:09:34","slug":"vi-pro-manual-gun-310-600-ml","status":"publish","type":"product","link":"https:\/\/proventuss.eu\/cs\/produkt\/vi-pro-manual-gun-310-600-ml\/","title":{"rendered":"Vi-Pro\u00ae MANUAL GUN 310-600 ML"},"content":{"rendered":"<p>Profesion\u00e1ln\u00ed aplik\u00e1tor s hlin\u00edkov\u00fdm t\u011blem, p\u00e1kou a rukojet\u00ed z lisovan\u00e9 oceli. Pro pou\u017eit\u00ed se st\u0159edn\u011b visk\u00f3zn\u00edmi silikony a tmely, ve standardn\u00edch kartu\u0161\u00edch a uzenin\u00e1ch.<\/p>\n<p>Charakteristick\u00fd:<\/p>\n<p>\u010cist\u00e1 hmotnost: 980 kg<br \/>\nMaxim\u00e1ln\u00ed s\u00edla: 350 Kgf \u2013 3,43 kN<br \/>\nPushrod: Vysoce uhl\u00edkov\u00e1 ocel<br \/>\nSpojka: Kalen\u00e1 &#8211; jednod\u00edln\u00e1<\/p>\n","protected":false},"excerpt":{"rendered":"<p>Profesion\u00e1ln\u00ed aplik\u00e1tor s hlin\u00edkov\u00fdm t\u011blem, p\u00e1kou a rukojet\u00ed z lisovan\u00e9 oceli. Pro pou\u017eit\u00ed se st\u0159edn\u011b visk\u00f3zn\u00edmi silikony a tmely, ve standardn\u00edch kartu\u0161\u00edch a uzenin\u00e1ch. Charakteristick\u00fd: \u010cist\u00e1 hmotnost: 980 kg Maxim\u00e1ln\u00ed s\u00edla: 350 Kgf \u2013 3,43 kN Pushrod: Vysoce uhl\u00edkov\u00e1 ocel Spojka: Kalen\u00e1 &#8211; jednod\u00edln\u00e1<\/p>\n","protected":false},"featured_media":18483,"comment_status":"open","ping_status":"closed","template":"","meta":{"_acf_changed":false},"product_cat":[330],"product_tag":[],"acf":[],"yoast_head":"<!-- This site is optimized with the Yoast SEO plugin v22.9 - https:\/\/yoast.com\/wordpress\/plugins\/seo\/ -->\n<title>Vi-Pro\u00ae MANUAL GUN 310-600 ML - Proventuss<\/title>\n<meta name=\"robots\" content=\"index, follow, max-snippet:-1, max-image-preview:large, max-video-preview:-1\" \/>\n<link rel=\"canonical\" href=\"https:\/\/proventuss.eu\/cs\/produkt\/vi-pro-manual-gun-310-600-ml\/\" \/>\n<meta property=\"og:locale\" content=\"cs_CZ\" \/>\n<meta property=\"og:type\" content=\"article\" \/>\n<meta property=\"og:title\" content=\"Vi-Pro\u00ae MANUAL GUN 310-600 ML - Proventuss\" \/>\n<meta property=\"og:description\" content=\"Profesion\u00e1ln\u00ed aplik\u00e1tor s hlin\u00edkov\u00fdm t\u011blem, p\u00e1kou a rukojet\u00ed z lisovan\u00e9 oceli. Pro pou\u017eit\u00ed se st\u0159edn\u011b visk\u00f3zn\u00edmi silikony a tmely, ve standardn\u00edch kartu\u0161\u00edch a uzenin\u00e1ch. Charakteristick\u00fd: \u010cist\u00e1 hmotnost: 980 kg Maxim\u00e1ln\u00ed s\u00edla: 350 Kgf \u2013 3,43 kN Pushrod: Vysoce uhl\u00edkov\u00e1 ocel Spojka: Kalen\u00e1 &#8211; jednod\u00edln\u00e1\" \/>\n<meta property=\"og:url\" content=\"https:\/\/proventuss.eu\/cs\/produkt\/vi-pro-manual-gun-310-600-ml\/\" \/>\n<meta property=\"og:site_name\" content=\"Proventuss\" \/>\n<meta property=\"article:modified_time\" content=\"2024-11-19T09:09:34+00:00\" \/>\n<meta property=\"og:image\" content=\"https:\/\/proventuss.eu\/wp-content\/uploads\/2024\/11\/Vi-Pro\u00ae-MANUAL-GUN-310-600-ML.jpg\" \/>\n\t<meta property=\"og:image:width\" content=\"1543\" \/>\n\t<meta property=\"og:image:height\" content=\"729\" \/>\n\t<meta property=\"og:image:type\" content=\"image\/jpeg\" \/>\n<meta name=\"twitter:card\" content=\"summary_large_image\" \/>\n<meta name=\"twitter:label1\" content=\"Odhadovan\u00e1 doba \u010dten\u00ed\" \/>\n\t<meta name=\"twitter:data1\" content=\"1 minuta\" \/>\n<script type=\"application\/ld+json\" class=\"yoast-schema-graph\">{\"@context\":\"https:\/\/schema.org\",\"@graph\":[{\"@type\":\"WebPage\",\"@id\":\"https:\/\/proventuss.eu\/cs\/produkt\/vi-pro-manual-gun-310-600-ml\/\",\"url\":\"https:\/\/proventuss.eu\/cs\/produkt\/vi-pro-manual-gun-310-600-ml\/\",\"name\":\"Vi-Pro\u00ae MANUAL GUN 310-600 ML - Proventuss\",\"isPartOf\":{\"@id\":\"https:\/\/proventuss.eu\/#website\"},\"primaryImageOfPage\":{\"@id\":\"https:\/\/proventuss.eu\/cs\/produkt\/vi-pro-manual-gun-310-600-ml\/#primaryimage\"},\"image\":{\"@id\":\"https:\/\/proventuss.eu\/cs\/produkt\/vi-pro-manual-gun-310-600-ml\/#primaryimage\"},\"thumbnailUrl\":\"https:\/\/proventuss.eu\/wp-content\/uploads\/2024\/11\/Vi-Pro\u00ae-MANUAL-GUN-310-600-ML.jpg\",\"datePublished\":\"2024-11-19T08:57:56+00:00\",\"dateModified\":\"2024-11-19T09:09:34+00:00\",\"breadcrumb\":{\"@id\":\"https:\/\/proventuss.eu\/cs\/produkt\/vi-pro-manual-gun-310-600-ml\/#breadcrumb\"},\"inLanguage\":\"cs\",\"potentialAction\":[{\"@type\":\"ReadAction\",\"target\":[\"https:\/\/proventuss.eu\/cs\/produkt\/vi-pro-manual-gun-310-600-ml\/\"]}]},{\"@type\":\"ImageObject\",\"inLanguage\":\"cs\",\"@id\":\"https:\/\/proventuss.eu\/cs\/produkt\/vi-pro-manual-gun-310-600-ml\/#primaryimage\",\"url\":\"https:\/\/proventuss.eu\/wp-content\/uploads\/2024\/11\/Vi-Pro\u00ae-MANUAL-GUN-310-600-ML.jpg\",\"contentUrl\":\"https:\/\/proventuss.eu\/wp-content\/uploads\/2024\/11\/Vi-Pro\u00ae-MANUAL-GUN-310-600-ML.jpg\",\"width\":1543,\"height\":729,\"caption\":\"Na zdj\u0119ciu pistolet manualny Vi-Pro do stosowania ze \u015brednio lepkimi silikonami i uszczelniaczami, w standardowych kartuszach i kie\u0142baskach.\"},{\"@type\":\"BreadcrumbList\",\"@id\":\"https:\/\/proventuss.eu\/cs\/produkt\/vi-pro-manual-gun-310-600-ml\/#breadcrumb\",\"itemListElement\":[{\"@type\":\"ListItem\",\"position\":1,\"name\":\"Home\",\"item\":\"https:\/\/proventuss.eu\/\"},{\"@type\":\"ListItem\",\"position\":2,\"name\":\"Produkty\",\"item\":\"https:\/\/proventuss.eu\/produkty\/\"},{\"@type\":\"ListItem\",\"position\":3,\"name\":\"Vi-Pro\u00ae MANUAL GUN 310-600 ML\"}]},{\"@type\":\"WebSite\",\"@id\":\"https:\/\/proventuss.eu\/#website\",\"url\":\"https:\/\/proventuss.eu\/\",\"name\":\"Proventuss\",\"description\":\"\",\"potentialAction\":[{\"@type\":\"SearchAction\",\"target\":{\"@type\":\"EntryPoint\",\"urlTemplate\":\"https:\/\/proventuss.eu\/?s={search_term_string}\"},\"query-input\":\"required name=search_term_string\"}],\"inLanguage\":\"cs\"}]}<\/script>\n<!-- \/ Yoast SEO plugin. -->","yoast_head_json":{"title":"Vi-Pro\u00ae MANUAL GUN 310-600 ML - Proventuss","robots":{"index":"index","follow":"follow","max-snippet":"max-snippet:-1","max-image-preview":"max-image-preview:large","max-video-preview":"max-video-preview:-1"},"canonical":"https:\/\/proventuss.eu\/cs\/produkt\/vi-pro-manual-gun-310-600-ml\/","og_locale":"cs_CZ","og_type":"article","og_title":"Vi-Pro\u00ae MANUAL GUN 310-600 ML - Proventuss","og_description":"Profesion\u00e1ln\u00ed aplik\u00e1tor s hlin\u00edkov\u00fdm t\u011blem, p\u00e1kou a rukojet\u00ed z lisovan\u00e9 oceli. Pro pou\u017eit\u00ed se st\u0159edn\u011b visk\u00f3zn\u00edmi silikony a tmely, ve standardn\u00edch kartu\u0161\u00edch a uzenin\u00e1ch. Charakteristick\u00fd: \u010cist\u00e1 hmotnost: 980 kg Maxim\u00e1ln\u00ed s\u00edla: 350 Kgf \u2013 3,43 kN Pushrod: Vysoce uhl\u00edkov\u00e1 ocel Spojka: Kalen\u00e1 &#8211; jednod\u00edln\u00e1","og_url":"https:\/\/proventuss.eu\/cs\/produkt\/vi-pro-manual-gun-310-600-ml\/","og_site_name":"Proventuss","article_modified_time":"2024-11-19T09:09:34+00:00","og_image":[{"width":1543,"height":729,"url":"https:\/\/proventuss.eu\/wp-content\/uploads\/2024\/11\/Vi-Pro\u00ae-MANUAL-GUN-310-600-ML.jpg","type":"image\/jpeg"}],"twitter_card":"summary_large_image","twitter_misc":{"Odhadovan\u00e1 doba \u010dten\u00ed":"1 minuta"},"schema":{"@context":"https:\/\/schema.org","@graph":[{"@type":"WebPage","@id":"https:\/\/proventuss.eu\/cs\/produkt\/vi-pro-manual-gun-310-600-ml\/","url":"https:\/\/proventuss.eu\/cs\/produkt\/vi-pro-manual-gun-310-600-ml\/","name":"Vi-Pro\u00ae MANUAL GUN 310-600 ML - Proventuss","isPartOf":{"@id":"https:\/\/proventuss.eu\/#website"},"primaryImageOfPage":{"@id":"https:\/\/proventuss.eu\/cs\/produkt\/vi-pro-manual-gun-310-600-ml\/#primaryimage"},"image":{"@id":"https:\/\/proventuss.eu\/cs\/produkt\/vi-pro-manual-gun-310-600-ml\/#primaryimage"},"thumbnailUrl":"https:\/\/proventuss.eu\/wp-content\/uploads\/2024\/11\/Vi-Pro\u00ae-MANUAL-GUN-310-600-ML.jpg","datePublished":"2024-11-19T08:57:56+00:00","dateModified":"2024-11-19T09:09:34+00:00","breadcrumb":{"@id":"https:\/\/proventuss.eu\/cs\/produkt\/vi-pro-manual-gun-310-600-ml\/#breadcrumb"},"inLanguage":"cs","potentialAction":[{"@type":"ReadAction","target":["https:\/\/proventuss.eu\/cs\/produkt\/vi-pro-manual-gun-310-600-ml\/"]}]},{"@type":"ImageObject","inLanguage":"cs","@id":"https:\/\/proventuss.eu\/cs\/produkt\/vi-pro-manual-gun-310-600-ml\/#primaryimage","url":"https:\/\/proventuss.eu\/wp-content\/uploads\/2024\/11\/Vi-Pro\u00ae-MANUAL-GUN-310-600-ML.jpg","contentUrl":"https:\/\/proventuss.eu\/wp-content\/uploads\/2024\/11\/Vi-Pro\u00ae-MANUAL-GUN-310-600-ML.jpg","width":1543,"height":729,"caption":"Na zdj\u0119ciu pistolet manualny Vi-Pro do stosowania ze \u015brednio lepkimi silikonami i uszczelniaczami, w standardowych kartuszach i kie\u0142baskach."},{"@type":"BreadcrumbList","@id":"https:\/\/proventuss.eu\/cs\/produkt\/vi-pro-manual-gun-310-600-ml\/#breadcrumb","itemListElement":[{"@type":"ListItem","position":1,"name":"Home","item":"https:\/\/proventuss.eu\/"},{"@type":"ListItem","position":2,"name":"Produkty","item":"https:\/\/proventuss.eu\/produkty\/"},{"@type":"ListItem","position":3,"name":"Vi-Pro\u00ae MANUAL GUN 310-600 ML"}]},{"@type":"WebSite","@id":"https:\/\/proventuss.eu\/#website","url":"https:\/\/proventuss.eu\/","name":"Proventuss","description":"","potentialAction":[{"@type":"SearchAction","target":{"@type":"EntryPoint","urlTemplate":"https:\/\/proventuss.eu\/?s={search_term_string}"},"query-input":"required name=search_term_string"}],"inLanguage":"cs"}]}},"_links":{"self":[{"href":"https:\/\/proventuss.eu\/cs\/wp-json\/wp\/v2\/product\/18500"}],"collection":[{"href":"https:\/\/proventuss.eu\/cs\/wp-json\/wp\/v2\/product"}],"about":[{"href":"https:\/\/proventuss.eu\/cs\/wp-json\/wp\/v2\/types\/product"}],"replies":[{"embeddable":true,"href":"https:\/\/proventuss.eu\/cs\/wp-json\/wp\/v2\/comments?post=18500"}],"wp:featuredmedia":[{"embeddable":true,"href":"https:\/\/proventuss.eu\/cs\/wp-json\/wp\/v2\/media\/18483"}],"wp:attachment":[{"href":"https:\/\/proventuss.eu\/cs\/wp-json\/wp\/v2\/media?parent=18500"}],"wp:term":[{"taxonomy":"product_cat","embeddable":true,"href":"https:\/\/proventuss.eu\/cs\/wp-json\/wp\/v2\/product_cat?post=18500"},{"taxonomy":"product_tag","embeddable":true,"href":"https:\/\/proventuss.eu\/cs\/wp-json\/wp\/v2\/product_tag?post=18500"}],"curies":[{"name":"wp","href":"https:\/\/api.w.org\/{rel}","templated":true}]}}