{"id":18086,"date":"2022-04-26T11:08:39","date_gmt":"2022-04-26T11:08:39","guid":{"rendered":"https:\/\/proventuss.eu\/produkt\/vi-pro-pneumatic-gun-600-ml\/"},"modified":"2022-04-26T11:08:39","modified_gmt":"2022-04-26T11:08:39","slug":"vi-pro-pneumatic-gun-600-ml","status":"publish","type":"product","link":"https:\/\/proventuss.eu\/cs\/produkt\/vi-pro-pneumatic-gun-600-ml\/","title":{"rendered":"Vi-Pro\u00ae PNEUMATIC GUN 600 ML"},"content":{"rendered":"<p>P\u0159i rekonstrukci a na stavb\u011b z\u00e1le\u017e\u00ed na \u010dase a p\u0159esnosti. P\u0159esn\u00e9 nan\u00e1\u0161en\u00ed r\u016fzn\u00fdch druh\u016f lepidel, silikon\u016f a tmel\u016f zaji\u0161\u0165uje profesion\u00e1ln\u00ed PNEUMATICK\u00c1 SQUEER s regulac\u00ed tlaku Vi-Pro\u00ae Pneumatic Gun 600 ML.<\/p>\n<p>Pomoc\u00ed \u017ed\u00edma\u010dky m\u016f\u017eeme nan\u00e1\u0161et lepidlo Vi-Pro\u00ae EPDM Paste Adhesive 903, ale i jin\u00e9 hmoty balen\u00e9 v tzv. klob\u00e1sa o objemu 600 ml. Lehkou a \u0161ikovnou v\u00fdbavu si m\u016f\u017eeme upravit podle vlastn\u00edch preferenc\u00ed d\u00edky mo\u017enosti \u00fapravy a nastaven\u00ed vhodn\u00e9ho vyv\u00e1\u017een\u00ed.<\/p>\n<p>V\u00ddHODY:<br \/>\n\u2022 pro klob\u00e1sy o objemu 600 ml<br \/>\n\u2022 p\u0159esn\u00e1 aplikace a vysok\u00e1 citlivost<br \/>\n\u2022 ergonomick\u00e1 rukoje\u0165, pohodln\u00fd \u00fachop<\/p>\n","protected":false},"excerpt":{"rendered":"<p>P\u0159i rekonstrukci a na stavb\u011b z\u00e1le\u017e\u00ed na \u010dase a p\u0159esnosti. P\u0159esn\u00e9 nan\u00e1\u0161en\u00ed r\u016fzn\u00fdch druh\u016f lepidel, silikon\u016f a tmel\u016f zaji\u0161\u0165uje profesion\u00e1ln\u00ed PNEUMATICK\u00c1 SQUEER s regulac\u00ed tlaku Vi-Pro\u00ae Pneumatic Gun 600 ML. Pomoc\u00ed \u017ed\u00edma\u010dky m\u016f\u017eeme nan\u00e1\u0161et lepidlo Vi-Pro\u00ae EPDM Paste Adhesive 903, ale i jin\u00e9 hmoty balen\u00e9 v tzv. klob\u00e1sa o objemu 600 ml. Lehkou a \u0161ikovnou [&hellip;]<\/p>\n","protected":false},"featured_media":6152,"comment_status":"open","ping_status":"closed","template":"","meta":{"_acf_changed":false},"product_cat":[329,330],"product_tag":[],"acf":[],"yoast_head":"<!-- This site is optimized with the Yoast SEO plugin v22.9 - https:\/\/yoast.com\/wordpress\/plugins\/seo\/ -->\n<title>Vi-Pro\u00ae PNEUMATIC GUN 600 ML - Proventuss<\/title>\n<meta name=\"robots\" content=\"index, follow, max-snippet:-1, max-image-preview:large, max-video-preview:-1\" \/>\n<link rel=\"canonical\" href=\"https:\/\/proventuss.eu\/cs\/produkt\/vi-pro-pneumatic-gun-600-ml\/\" \/>\n<meta property=\"og:locale\" content=\"cs_CZ\" \/>\n<meta property=\"og:type\" content=\"article\" \/>\n<meta property=\"og:title\" content=\"Vi-Pro\u00ae PNEUMATIC GUN 600 ML - Proventuss\" \/>\n<meta property=\"og:description\" content=\"P\u0159i rekonstrukci a na stavb\u011b z\u00e1le\u017e\u00ed na \u010dase a p\u0159esnosti. P\u0159esn\u00e9 nan\u00e1\u0161en\u00ed r\u016fzn\u00fdch druh\u016f lepidel, silikon\u016f a tmel\u016f zaji\u0161\u0165uje profesion\u00e1ln\u00ed PNEUMATICK\u00c1 SQUEER s regulac\u00ed tlaku Vi-Pro\u00ae Pneumatic Gun 600 ML. Pomoc\u00ed \u017ed\u00edma\u010dky m\u016f\u017eeme nan\u00e1\u0161et lepidlo Vi-Pro\u00ae EPDM Paste Adhesive 903, ale i jin\u00e9 hmoty balen\u00e9 v tzv. klob\u00e1sa o objemu 600 ml. Lehkou a \u0161ikovnou [&hellip;]\" \/>\n<meta property=\"og:url\" content=\"https:\/\/proventuss.eu\/cs\/produkt\/vi-pro-pneumatic-gun-600-ml\/\" \/>\n<meta property=\"og:site_name\" content=\"Proventuss\" \/>\n<meta property=\"og:image\" content=\"https:\/\/proventuss.eu\/wp-content\/uploads\/2022\/04\/Vi-Pro-Pneumatic-Gun-600-ml.png\" \/>\n\t<meta property=\"og:image:width\" content=\"1080\" \/>\n\t<meta property=\"og:image:height\" content=\"1080\" \/>\n\t<meta property=\"og:image:type\" content=\"image\/png\" \/>\n<meta name=\"twitter:card\" content=\"summary_large_image\" \/>\n<meta name=\"twitter:label1\" content=\"Odhadovan\u00e1 doba \u010dten\u00ed\" \/>\n\t<meta name=\"twitter:data1\" content=\"1 minuta\" \/>\n<script type=\"application\/ld+json\" class=\"yoast-schema-graph\">{\"@context\":\"https:\/\/schema.org\",\"@graph\":[{\"@type\":\"WebPage\",\"@id\":\"https:\/\/proventuss.eu\/cs\/produkt\/vi-pro-pneumatic-gun-600-ml\/\",\"url\":\"https:\/\/proventuss.eu\/cs\/produkt\/vi-pro-pneumatic-gun-600-ml\/\",\"name\":\"Vi-Pro\u00ae PNEUMATIC GUN 600 ML - Proventuss\",\"isPartOf\":{\"@id\":\"https:\/\/proventuss.eu\/#website\"},\"primaryImageOfPage\":{\"@id\":\"https:\/\/proventuss.eu\/cs\/produkt\/vi-pro-pneumatic-gun-600-ml\/#primaryimage\"},\"image\":{\"@id\":\"https:\/\/proventuss.eu\/cs\/produkt\/vi-pro-pneumatic-gun-600-ml\/#primaryimage\"},\"thumbnailUrl\":\"https:\/\/proventuss.eu\/wp-content\/uploads\/2022\/04\/Vi-Pro-Pneumatic-Gun-600-ml.png\",\"datePublished\":\"2022-04-26T11:08:39+00:00\",\"dateModified\":\"2022-04-26T11:08:39+00:00\",\"breadcrumb\":{\"@id\":\"https:\/\/proventuss.eu\/cs\/produkt\/vi-pro-pneumatic-gun-600-ml\/#breadcrumb\"},\"inLanguage\":\"cs\",\"potentialAction\":[{\"@type\":\"ReadAction\",\"target\":[\"https:\/\/proventuss.eu\/cs\/produkt\/vi-pro-pneumatic-gun-600-ml\/\"]}]},{\"@type\":\"ImageObject\",\"inLanguage\":\"cs\",\"@id\":\"https:\/\/proventuss.eu\/cs\/produkt\/vi-pro-pneumatic-gun-600-ml\/#primaryimage\",\"url\":\"https:\/\/proventuss.eu\/wp-content\/uploads\/2022\/04\/Vi-Pro-Pneumatic-Gun-600-ml.png\",\"contentUrl\":\"https:\/\/proventuss.eu\/wp-content\/uploads\/2022\/04\/Vi-Pro-Pneumatic-Gun-600-ml.png\",\"width\":1080,\"height\":1080,\"caption\":\"Na zdj\u0119ciu Pistolet pneumatyczny do kie\u0142basek o obj\u0119to\u015bci 600 ml. Precyzyjna aplikacja, wysoka czu\u0142o\u015b\u0107, ergonomiczna r\u0119koje\u015b\u0107, wygodny chwyt. Kolor czarny.\"},{\"@type\":\"BreadcrumbList\",\"@id\":\"https:\/\/proventuss.eu\/cs\/produkt\/vi-pro-pneumatic-gun-600-ml\/#breadcrumb\",\"itemListElement\":[{\"@type\":\"ListItem\",\"position\":1,\"name\":\"Home\",\"item\":\"https:\/\/proventuss.eu\/\"},{\"@type\":\"ListItem\",\"position\":2,\"name\":\"Produkty\",\"item\":\"https:\/\/proventuss.eu\/produkty\/\"},{\"@type\":\"ListItem\",\"position\":3,\"name\":\"Vi-Pro\u00ae PNEUMATIC GUN 600 ML\"}]},{\"@type\":\"WebSite\",\"@id\":\"https:\/\/proventuss.eu\/#website\",\"url\":\"https:\/\/proventuss.eu\/\",\"name\":\"Proventuss\",\"description\":\"\",\"potentialAction\":[{\"@type\":\"SearchAction\",\"target\":{\"@type\":\"EntryPoint\",\"urlTemplate\":\"https:\/\/proventuss.eu\/?s={search_term_string}\"},\"query-input\":\"required name=search_term_string\"}],\"inLanguage\":\"cs\"}]}<\/script>\n<!-- \/ Yoast SEO plugin. -->","yoast_head_json":{"title":"Vi-Pro\u00ae PNEUMATIC GUN 600 ML - Proventuss","robots":{"index":"index","follow":"follow","max-snippet":"max-snippet:-1","max-image-preview":"max-image-preview:large","max-video-preview":"max-video-preview:-1"},"canonical":"https:\/\/proventuss.eu\/cs\/produkt\/vi-pro-pneumatic-gun-600-ml\/","og_locale":"cs_CZ","og_type":"article","og_title":"Vi-Pro\u00ae PNEUMATIC GUN 600 ML - Proventuss","og_description":"P\u0159i rekonstrukci a na stavb\u011b z\u00e1le\u017e\u00ed na \u010dase a p\u0159esnosti. P\u0159esn\u00e9 nan\u00e1\u0161en\u00ed r\u016fzn\u00fdch druh\u016f lepidel, silikon\u016f a tmel\u016f zaji\u0161\u0165uje profesion\u00e1ln\u00ed PNEUMATICK\u00c1 SQUEER s regulac\u00ed tlaku Vi-Pro\u00ae Pneumatic Gun 600 ML. Pomoc\u00ed \u017ed\u00edma\u010dky m\u016f\u017eeme nan\u00e1\u0161et lepidlo Vi-Pro\u00ae EPDM Paste Adhesive 903, ale i jin\u00e9 hmoty balen\u00e9 v tzv. klob\u00e1sa o objemu 600 ml. Lehkou a \u0161ikovnou [&hellip;]","og_url":"https:\/\/proventuss.eu\/cs\/produkt\/vi-pro-pneumatic-gun-600-ml\/","og_site_name":"Proventuss","og_image":[{"width":1080,"height":1080,"url":"https:\/\/proventuss.eu\/wp-content\/uploads\/2022\/04\/Vi-Pro-Pneumatic-Gun-600-ml.png","type":"image\/png"}],"twitter_card":"summary_large_image","twitter_misc":{"Odhadovan\u00e1 doba \u010dten\u00ed":"1 minuta"},"schema":{"@context":"https:\/\/schema.org","@graph":[{"@type":"WebPage","@id":"https:\/\/proventuss.eu\/cs\/produkt\/vi-pro-pneumatic-gun-600-ml\/","url":"https:\/\/proventuss.eu\/cs\/produkt\/vi-pro-pneumatic-gun-600-ml\/","name":"Vi-Pro\u00ae PNEUMATIC GUN 600 ML - Proventuss","isPartOf":{"@id":"https:\/\/proventuss.eu\/#website"},"primaryImageOfPage":{"@id":"https:\/\/proventuss.eu\/cs\/produkt\/vi-pro-pneumatic-gun-600-ml\/#primaryimage"},"image":{"@id":"https:\/\/proventuss.eu\/cs\/produkt\/vi-pro-pneumatic-gun-600-ml\/#primaryimage"},"thumbnailUrl":"https:\/\/proventuss.eu\/wp-content\/uploads\/2022\/04\/Vi-Pro-Pneumatic-Gun-600-ml.png","datePublished":"2022-04-26T11:08:39+00:00","dateModified":"2022-04-26T11:08:39+00:00","breadcrumb":{"@id":"https:\/\/proventuss.eu\/cs\/produkt\/vi-pro-pneumatic-gun-600-ml\/#breadcrumb"},"inLanguage":"cs","potentialAction":[{"@type":"ReadAction","target":["https:\/\/proventuss.eu\/cs\/produkt\/vi-pro-pneumatic-gun-600-ml\/"]}]},{"@type":"ImageObject","inLanguage":"cs","@id":"https:\/\/proventuss.eu\/cs\/produkt\/vi-pro-pneumatic-gun-600-ml\/#primaryimage","url":"https:\/\/proventuss.eu\/wp-content\/uploads\/2022\/04\/Vi-Pro-Pneumatic-Gun-600-ml.png","contentUrl":"https:\/\/proventuss.eu\/wp-content\/uploads\/2022\/04\/Vi-Pro-Pneumatic-Gun-600-ml.png","width":1080,"height":1080,"caption":"Na zdj\u0119ciu Pistolet pneumatyczny do kie\u0142basek o obj\u0119to\u015bci 600 ml. Precyzyjna aplikacja, wysoka czu\u0142o\u015b\u0107, ergonomiczna r\u0119koje\u015b\u0107, wygodny chwyt. Kolor czarny."},{"@type":"BreadcrumbList","@id":"https:\/\/proventuss.eu\/cs\/produkt\/vi-pro-pneumatic-gun-600-ml\/#breadcrumb","itemListElement":[{"@type":"ListItem","position":1,"name":"Home","item":"https:\/\/proventuss.eu\/"},{"@type":"ListItem","position":2,"name":"Produkty","item":"https:\/\/proventuss.eu\/produkty\/"},{"@type":"ListItem","position":3,"name":"Vi-Pro\u00ae PNEUMATIC GUN 600 ML"}]},{"@type":"WebSite","@id":"https:\/\/proventuss.eu\/#website","url":"https:\/\/proventuss.eu\/","name":"Proventuss","description":"","potentialAction":[{"@type":"SearchAction","target":{"@type":"EntryPoint","urlTemplate":"https:\/\/proventuss.eu\/?s={search_term_string}"},"query-input":"required name=search_term_string"}],"inLanguage":"cs"}]}},"_links":{"self":[{"href":"https:\/\/proventuss.eu\/cs\/wp-json\/wp\/v2\/product\/18086"}],"collection":[{"href":"https:\/\/proventuss.eu\/cs\/wp-json\/wp\/v2\/product"}],"about":[{"href":"https:\/\/proventuss.eu\/cs\/wp-json\/wp\/v2\/types\/product"}],"replies":[{"embeddable":true,"href":"https:\/\/proventuss.eu\/cs\/wp-json\/wp\/v2\/comments?post=18086"}],"wp:featuredmedia":[{"embeddable":true,"href":"https:\/\/proventuss.eu\/cs\/wp-json\/wp\/v2\/media\/6152"}],"wp:attachment":[{"href":"https:\/\/proventuss.eu\/cs\/wp-json\/wp\/v2\/media?parent=18086"}],"wp:term":[{"taxonomy":"product_cat","embeddable":true,"href":"https:\/\/proventuss.eu\/cs\/wp-json\/wp\/v2\/product_cat?post=18086"},{"taxonomy":"product_tag","embeddable":true,"href":"https:\/\/proventuss.eu\/cs\/wp-json\/wp\/v2\/product_tag?post=18086"}],"curies":[{"name":"wp","href":"https:\/\/api.w.org\/{rel}","templated":true}]}}