{"id":17934,"date":"2024-10-22T08:45:06","date_gmt":"2024-10-22T08:45:06","guid":{"rendered":"https:\/\/proventuss.eu\/produkt\/vi-pro-pneumatic-gun-2k-11-400-ml\/"},"modified":"2024-10-22T12:06:53","modified_gmt":"2024-10-22T12:06:53","slug":"vi-pro-pneumatic-gun-2k-11-400-ml","status":"publish","type":"product","link":"https:\/\/proventuss.eu\/cs\/produkt\/vi-pro-pneumatic-gun-2k-11-400-ml\/","title":{"rendered":"Vi-Pro\u00ae PNEUMATIC GUN 2K (1:1), 400 ML"},"content":{"rendered":"<p>Profesion\u00e1ln\u00ed pneumatick\u00fd aplik\u00e1tor pro vytla\u010dov\u00e1n\u00ed v\u0161ech druh\u016f vysoce visk\u00f3zn\u00edch produkt\u016f, t\u011bsn\u011bn\u00ed a lepidel, balen\u00fdch v kartu\u0161\u00edch 400 ml vedle sebe.<\/p>\n<p>Charakteristick\u00e9 vlastnosti:<\/p>\n<ul>\n<li>\u010cist\u00e1 hmotnost &#8211; 3,150 g<\/li>\n<li>Pracovn\u00ed tlak &#8211; 0-10 bar<\/li>\n<li>Celkov\u00e1 d\u00e9lka &#8211; 520 mm<\/li>\n<li>Maxim\u00e1ln\u00ed s\u00edla &#8211; 380 Kgf (10 bar &#8211; 145 PSI) &#8211; 3,75 kN<\/li>\n<li>P\u0159ipojen\u00ed &#8211; 1\/4 samec plyn<\/li>\n<li>Hladina hluku &#8211; &lt;80dB<\/li>\n<li>Integrovan\u00fd reduk\u010dn\u00ed ventil<\/li>\n<li>Integrovan\u00e1 hodnota v\u00fdpisu (bez odkap\u00e1v\u00e1n\u00ed)<\/li>\n<li>Pneumatick\u00fd n\u00e1vrat<\/li>\n<\/ul>\n<p>Balen\u00ed: 1 ks v kartonu.<\/p>\n","protected":false},"excerpt":{"rendered":"<p>Profesion\u00e1ln\u00ed pneumatick\u00fd aplik\u00e1tor pro vytla\u010dov\u00e1n\u00ed v\u0161ech druh\u016f vysoce visk\u00f3zn\u00edch produkt\u016f, t\u011bsn\u011bn\u00ed a lepidel, balen\u00fdch v kartu\u0161\u00edch 400 ml vedle sebe. Charakteristick\u00e9 vlastnosti: \u010cist\u00e1 hmotnost &#8211; 3,150 g Pracovn\u00ed tlak &#8211; 0-10 bar Celkov\u00e1 d\u00e9lka &#8211; 520 mm Maxim\u00e1ln\u00ed s\u00edla &#8211; 380 Kgf (10 bar &#8211; 145 PSI) &#8211; 3,75 kN P\u0159ipojen\u00ed &#8211; 1\/4 samec plyn [&hellip;]<\/p>\n","protected":false},"featured_media":17925,"comment_status":"open","ping_status":"closed","template":"","meta":{"_acf_changed":false},"product_cat":[329,330],"product_tag":[],"acf":[],"yoast_head":"<!-- This site is optimized with the Yoast SEO plugin v22.9 - https:\/\/yoast.com\/wordpress\/plugins\/seo\/ -->\n<title>Vi-Pro\u00ae PNEUMATIC GUN 2K (1:1), 400 ML - Proventuss<\/title>\n<meta name=\"robots\" content=\"index, follow, max-snippet:-1, max-image-preview:large, max-video-preview:-1\" \/>\n<link rel=\"canonical\" href=\"https:\/\/proventuss.eu\/cs\/produkt\/vi-pro-pneumatic-gun-2k-11-400-ml\/\" \/>\n<meta property=\"og:locale\" content=\"cs_CZ\" \/>\n<meta property=\"og:type\" content=\"article\" \/>\n<meta property=\"og:title\" content=\"Vi-Pro\u00ae PNEUMATIC GUN 2K (1:1), 400 ML - Proventuss\" \/>\n<meta property=\"og:description\" content=\"Profesion\u00e1ln\u00ed pneumatick\u00fd aplik\u00e1tor pro vytla\u010dov\u00e1n\u00ed v\u0161ech druh\u016f vysoce visk\u00f3zn\u00edch produkt\u016f, t\u011bsn\u011bn\u00ed a lepidel, balen\u00fdch v kartu\u0161\u00edch 400 ml vedle sebe. Charakteristick\u00e9 vlastnosti: \u010cist\u00e1 hmotnost &#8211; 3,150 g Pracovn\u00ed tlak &#8211; 0-10 bar Celkov\u00e1 d\u00e9lka &#8211; 520 mm Maxim\u00e1ln\u00ed s\u00edla &#8211; 380 Kgf (10 bar &#8211; 145 PSI) &#8211; 3,75 kN P\u0159ipojen\u00ed &#8211; 1\/4 samec plyn [&hellip;]\" \/>\n<meta property=\"og:url\" content=\"https:\/\/proventuss.eu\/cs\/produkt\/vi-pro-pneumatic-gun-2k-11-400-ml\/\" \/>\n<meta property=\"og:site_name\" content=\"Proventuss\" \/>\n<meta property=\"article:modified_time\" content=\"2024-10-22T12:06:53+00:00\" \/>\n<meta property=\"og:image\" content=\"https:\/\/proventuss.eu\/wp-content\/uploads\/2024\/10\/Vi-Pro\u00ae-PNEUMATIC-GUN-2K-11-400-1024x683.png\" \/>\n\t<meta property=\"og:image:width\" content=\"1024\" \/>\n\t<meta property=\"og:image:height\" content=\"683\" \/>\n\t<meta property=\"og:image:type\" content=\"image\/png\" \/>\n<meta name=\"twitter:card\" content=\"summary_large_image\" \/>\n<meta name=\"twitter:label1\" content=\"Odhadovan\u00e1 doba \u010dten\u00ed\" \/>\n\t<meta name=\"twitter:data1\" content=\"1 minuta\" \/>\n<script type=\"application\/ld+json\" class=\"yoast-schema-graph\">{\"@context\":\"https:\/\/schema.org\",\"@graph\":[{\"@type\":\"WebPage\",\"@id\":\"https:\/\/proventuss.eu\/cs\/produkt\/vi-pro-pneumatic-gun-2k-11-400-ml\/\",\"url\":\"https:\/\/proventuss.eu\/cs\/produkt\/vi-pro-pneumatic-gun-2k-11-400-ml\/\",\"name\":\"Vi-Pro\u00ae PNEUMATIC GUN 2K (1:1), 400 ML - Proventuss\",\"isPartOf\":{\"@id\":\"https:\/\/proventuss.eu\/#website\"},\"primaryImageOfPage\":{\"@id\":\"https:\/\/proventuss.eu\/cs\/produkt\/vi-pro-pneumatic-gun-2k-11-400-ml\/#primaryimage\"},\"image\":{\"@id\":\"https:\/\/proventuss.eu\/cs\/produkt\/vi-pro-pneumatic-gun-2k-11-400-ml\/#primaryimage\"},\"thumbnailUrl\":\"https:\/\/proventuss.eu\/wp-content\/uploads\/2024\/10\/Vi-Pro\u00ae-PNEUMATIC-GUN-2K-11-400-e1729586626664.png\",\"datePublished\":\"2024-10-22T08:45:06+00:00\",\"dateModified\":\"2024-10-22T12:06:53+00:00\",\"breadcrumb\":{\"@id\":\"https:\/\/proventuss.eu\/cs\/produkt\/vi-pro-pneumatic-gun-2k-11-400-ml\/#breadcrumb\"},\"inLanguage\":\"cs\",\"potentialAction\":[{\"@type\":\"ReadAction\",\"target\":[\"https:\/\/proventuss.eu\/cs\/produkt\/vi-pro-pneumatic-gun-2k-11-400-ml\/\"]}]},{\"@type\":\"ImageObject\",\"inLanguage\":\"cs\",\"@id\":\"https:\/\/proventuss.eu\/cs\/produkt\/vi-pro-pneumatic-gun-2k-11-400-ml\/#primaryimage\",\"url\":\"https:\/\/proventuss.eu\/wp-content\/uploads\/2024\/10\/Vi-Pro\u00ae-PNEUMATIC-GUN-2K-11-400-e1729586626664.png\",\"contentUrl\":\"https:\/\/proventuss.eu\/wp-content\/uploads\/2024\/10\/Vi-Pro\u00ae-PNEUMATIC-GUN-2K-11-400-e1729586626664.png\",\"width\":2784,\"height\":1856,\"caption\":\"Na zdj\u0119ciu pistolet pneumatyczny Vi-Pro do wyt\u0142aczania wszelkiego rodzaju produkt\u00f3w pakowanych w podw\u00f3jne kartusze o pojemno\u015bci 400 ml.\"},{\"@type\":\"BreadcrumbList\",\"@id\":\"https:\/\/proventuss.eu\/cs\/produkt\/vi-pro-pneumatic-gun-2k-11-400-ml\/#breadcrumb\",\"itemListElement\":[{\"@type\":\"ListItem\",\"position\":1,\"name\":\"Home\",\"item\":\"https:\/\/proventuss.eu\/\"},{\"@type\":\"ListItem\",\"position\":2,\"name\":\"Produkty\",\"item\":\"https:\/\/proventuss.eu\/produkty\/\"},{\"@type\":\"ListItem\",\"position\":3,\"name\":\"Vi-Pro\u00ae PNEUMATIC GUN 2K (1:1), 400 ML\"}]},{\"@type\":\"WebSite\",\"@id\":\"https:\/\/proventuss.eu\/#website\",\"url\":\"https:\/\/proventuss.eu\/\",\"name\":\"Proventuss\",\"description\":\"\",\"potentialAction\":[{\"@type\":\"SearchAction\",\"target\":{\"@type\":\"EntryPoint\",\"urlTemplate\":\"https:\/\/proventuss.eu\/?s={search_term_string}\"},\"query-input\":\"required name=search_term_string\"}],\"inLanguage\":\"cs\"}]}<\/script>\n<!-- \/ Yoast SEO plugin. -->","yoast_head_json":{"title":"Vi-Pro\u00ae PNEUMATIC GUN 2K (1:1), 400 ML - Proventuss","robots":{"index":"index","follow":"follow","max-snippet":"max-snippet:-1","max-image-preview":"max-image-preview:large","max-video-preview":"max-video-preview:-1"},"canonical":"https:\/\/proventuss.eu\/cs\/produkt\/vi-pro-pneumatic-gun-2k-11-400-ml\/","og_locale":"cs_CZ","og_type":"article","og_title":"Vi-Pro\u00ae PNEUMATIC GUN 2K (1:1), 400 ML - Proventuss","og_description":"Profesion\u00e1ln\u00ed pneumatick\u00fd aplik\u00e1tor pro vytla\u010dov\u00e1n\u00ed v\u0161ech druh\u016f vysoce visk\u00f3zn\u00edch produkt\u016f, t\u011bsn\u011bn\u00ed a lepidel, balen\u00fdch v kartu\u0161\u00edch 400 ml vedle sebe. Charakteristick\u00e9 vlastnosti: \u010cist\u00e1 hmotnost &#8211; 3,150 g Pracovn\u00ed tlak &#8211; 0-10 bar Celkov\u00e1 d\u00e9lka &#8211; 520 mm Maxim\u00e1ln\u00ed s\u00edla &#8211; 380 Kgf (10 bar &#8211; 145 PSI) &#8211; 3,75 kN P\u0159ipojen\u00ed &#8211; 1\/4 samec plyn [&hellip;]","og_url":"https:\/\/proventuss.eu\/cs\/produkt\/vi-pro-pneumatic-gun-2k-11-400-ml\/","og_site_name":"Proventuss","article_modified_time":"2024-10-22T12:06:53+00:00","og_image":[{"width":1024,"height":683,"url":"https:\/\/proventuss.eu\/wp-content\/uploads\/2024\/10\/Vi-Pro\u00ae-PNEUMATIC-GUN-2K-11-400-1024x683.png","type":"image\/png"}],"twitter_card":"summary_large_image","twitter_misc":{"Odhadovan\u00e1 doba \u010dten\u00ed":"1 minuta"},"schema":{"@context":"https:\/\/schema.org","@graph":[{"@type":"WebPage","@id":"https:\/\/proventuss.eu\/cs\/produkt\/vi-pro-pneumatic-gun-2k-11-400-ml\/","url":"https:\/\/proventuss.eu\/cs\/produkt\/vi-pro-pneumatic-gun-2k-11-400-ml\/","name":"Vi-Pro\u00ae PNEUMATIC GUN 2K (1:1), 400 ML - Proventuss","isPartOf":{"@id":"https:\/\/proventuss.eu\/#website"},"primaryImageOfPage":{"@id":"https:\/\/proventuss.eu\/cs\/produkt\/vi-pro-pneumatic-gun-2k-11-400-ml\/#primaryimage"},"image":{"@id":"https:\/\/proventuss.eu\/cs\/produkt\/vi-pro-pneumatic-gun-2k-11-400-ml\/#primaryimage"},"thumbnailUrl":"https:\/\/proventuss.eu\/wp-content\/uploads\/2024\/10\/Vi-Pro\u00ae-PNEUMATIC-GUN-2K-11-400-e1729586626664.png","datePublished":"2024-10-22T08:45:06+00:00","dateModified":"2024-10-22T12:06:53+00:00","breadcrumb":{"@id":"https:\/\/proventuss.eu\/cs\/produkt\/vi-pro-pneumatic-gun-2k-11-400-ml\/#breadcrumb"},"inLanguage":"cs","potentialAction":[{"@type":"ReadAction","target":["https:\/\/proventuss.eu\/cs\/produkt\/vi-pro-pneumatic-gun-2k-11-400-ml\/"]}]},{"@type":"ImageObject","inLanguage":"cs","@id":"https:\/\/proventuss.eu\/cs\/produkt\/vi-pro-pneumatic-gun-2k-11-400-ml\/#primaryimage","url":"https:\/\/proventuss.eu\/wp-content\/uploads\/2024\/10\/Vi-Pro\u00ae-PNEUMATIC-GUN-2K-11-400-e1729586626664.png","contentUrl":"https:\/\/proventuss.eu\/wp-content\/uploads\/2024\/10\/Vi-Pro\u00ae-PNEUMATIC-GUN-2K-11-400-e1729586626664.png","width":2784,"height":1856,"caption":"Na zdj\u0119ciu pistolet pneumatyczny Vi-Pro do wyt\u0142aczania wszelkiego rodzaju produkt\u00f3w pakowanych w podw\u00f3jne kartusze o pojemno\u015bci 400 ml."},{"@type":"BreadcrumbList","@id":"https:\/\/proventuss.eu\/cs\/produkt\/vi-pro-pneumatic-gun-2k-11-400-ml\/#breadcrumb","itemListElement":[{"@type":"ListItem","position":1,"name":"Home","item":"https:\/\/proventuss.eu\/"},{"@type":"ListItem","position":2,"name":"Produkty","item":"https:\/\/proventuss.eu\/produkty\/"},{"@type":"ListItem","position":3,"name":"Vi-Pro\u00ae PNEUMATIC GUN 2K (1:1), 400 ML"}]},{"@type":"WebSite","@id":"https:\/\/proventuss.eu\/#website","url":"https:\/\/proventuss.eu\/","name":"Proventuss","description":"","potentialAction":[{"@type":"SearchAction","target":{"@type":"EntryPoint","urlTemplate":"https:\/\/proventuss.eu\/?s={search_term_string}"},"query-input":"required name=search_term_string"}],"inLanguage":"cs"}]}},"_links":{"self":[{"href":"https:\/\/proventuss.eu\/cs\/wp-json\/wp\/v2\/product\/17934"}],"collection":[{"href":"https:\/\/proventuss.eu\/cs\/wp-json\/wp\/v2\/product"}],"about":[{"href":"https:\/\/proventuss.eu\/cs\/wp-json\/wp\/v2\/types\/product"}],"replies":[{"embeddable":true,"href":"https:\/\/proventuss.eu\/cs\/wp-json\/wp\/v2\/comments?post=17934"}],"wp:featuredmedia":[{"embeddable":true,"href":"https:\/\/proventuss.eu\/cs\/wp-json\/wp\/v2\/media\/17925"}],"wp:attachment":[{"href":"https:\/\/proventuss.eu\/cs\/wp-json\/wp\/v2\/media?parent=17934"}],"wp:term":[{"taxonomy":"product_cat","embeddable":true,"href":"https:\/\/proventuss.eu\/cs\/wp-json\/wp\/v2\/product_cat?post=17934"},{"taxonomy":"product_tag","embeddable":true,"href":"https:\/\/proventuss.eu\/cs\/wp-json\/wp\/v2\/product_tag?post=17934"}],"curies":[{"name":"wp","href":"https:\/\/api.w.org\/{rel}","templated":true}]}}