{"id":17902,"date":"2024-10-22T08:24:53","date_gmt":"2024-10-22T08:24:53","guid":{"rendered":"https:\/\/proventuss.eu\/produkt\/vi-pro-manual-gun-2k-241-pu-600-ml\/"},"modified":"2024-10-22T08:33:15","modified_gmt":"2024-10-22T08:33:15","slug":"vi-pro-manual-gun-2k-241-pu-600-ml","status":"publish","type":"product","link":"https:\/\/proventuss.eu\/cs\/produkt\/vi-pro-manual-gun-2k-241-pu-600-ml\/","title":{"rendered":"Vi-Pro\u00ae MANUAL GUN 2K (24:1 PU), 600 ML"},"content":{"rendered":"<p>Profesion\u00e1ln\u00ed aplik\u00e1tor s hlin\u00edkov\u00fdm t\u011blem. Ocelov\u00e1 tlakov\u011b lit\u00e1 p\u00e1ka. Rukoje\u0165 pota\u017een\u00e1 PVC a tla\u010d\u00edtko pro uvoln\u011bn\u00ed ty\u010de. Tla\u010d\u00edtko pro uvoln\u011bn\u00ed ty\u010de z tlakov\u011b lit\u00e9ho hlin\u00edku a knofl\u00edk pro zata\u017een\u00ed ty\u010de. Pro pou\u017eit\u00ed lepidel a chemick\u00fdch kotev ve dvouslo\u017ekov\u00fdch kartu\u0161\u00edch vedle sebe.<\/p>\n<p>Charakteristick\u00e9 vlastnosti:<\/p>\n<ul style=\"list-style-type: circle;\">\n<li>\u010cist\u00e1 hmotnost &#8211; 1521 g<\/li>\n<li>Spojka &#8211; kalen\u00e1, jednod\u00edln\u00e1<\/li>\n<li>Posunova\u010d &#8211; vysoce uhl\u00edkov\u00e1 ocel<\/li>\n<li>Maxim\u00e1ln\u00ed s\u00edla &#8211; 450 Kgf \u2013 4,4 kN<\/li>\n<li>Pom\u011br tahu &#8211; 24:1<\/li>\n<li>Pr\u016fb\u011bh\/zdvih &#8211; 3,5 mm<\/li>\n<\/ul>\n<p>Balen\u00ed: 1 ks v kartonu.<\/p>\n","protected":false},"excerpt":{"rendered":"<p>Profesion\u00e1ln\u00ed aplik\u00e1tor s hlin\u00edkov\u00fdm t\u011blem. Ocelov\u00e1 tlakov\u011b lit\u00e1 p\u00e1ka. Rukoje\u0165 pota\u017een\u00e1 PVC a tla\u010d\u00edtko pro uvoln\u011bn\u00ed ty\u010de. Tla\u010d\u00edtko pro uvoln\u011bn\u00ed ty\u010de z tlakov\u011b lit\u00e9ho hlin\u00edku a knofl\u00edk pro zata\u017een\u00ed ty\u010de. Pro pou\u017eit\u00ed lepidel a chemick\u00fdch kotev ve dvouslo\u017ekov\u00fdch kartu\u0161\u00edch vedle sebe. Charakteristick\u00e9 vlastnosti: \u010cist\u00e1 hmotnost &#8211; 1521 g Spojka &#8211; kalen\u00e1, jednod\u00edln\u00e1 Posunova\u010d &#8211; vysoce [&hellip;]<\/p>\n","protected":false},"featured_media":17864,"comment_status":"open","ping_status":"closed","template":"","meta":{"_acf_changed":false},"product_cat":[329,330],"product_tag":[],"acf":[],"yoast_head":"<!-- This site is optimized with the Yoast SEO plugin v22.9 - https:\/\/yoast.com\/wordpress\/plugins\/seo\/ -->\n<title>Vi-Pro\u00ae MANUAL GUN 2K (24:1 PU), 600 ML - Proventuss<\/title>\n<meta name=\"robots\" content=\"index, follow, max-snippet:-1, max-image-preview:large, max-video-preview:-1\" \/>\n<link rel=\"canonical\" href=\"https:\/\/proventuss.eu\/cs\/produkt\/vi-pro-manual-gun-2k-241-pu-600-ml\/\" \/>\n<meta property=\"og:locale\" content=\"cs_CZ\" \/>\n<meta property=\"og:type\" content=\"article\" \/>\n<meta property=\"og:title\" content=\"Vi-Pro\u00ae MANUAL GUN 2K (24:1 PU), 600 ML - Proventuss\" \/>\n<meta property=\"og:description\" content=\"Profesion\u00e1ln\u00ed aplik\u00e1tor s hlin\u00edkov\u00fdm t\u011blem. Ocelov\u00e1 tlakov\u011b lit\u00e1 p\u00e1ka. Rukoje\u0165 pota\u017een\u00e1 PVC a tla\u010d\u00edtko pro uvoln\u011bn\u00ed ty\u010de. Tla\u010d\u00edtko pro uvoln\u011bn\u00ed ty\u010de z tlakov\u011b lit\u00e9ho hlin\u00edku a knofl\u00edk pro zata\u017een\u00ed ty\u010de. Pro pou\u017eit\u00ed lepidel a chemick\u00fdch kotev ve dvouslo\u017ekov\u00fdch kartu\u0161\u00edch vedle sebe. Charakteristick\u00e9 vlastnosti: \u010cist\u00e1 hmotnost &#8211; 1521 g Spojka &#8211; kalen\u00e1, jednod\u00edln\u00e1 Posunova\u010d &#8211; vysoce [&hellip;]\" \/>\n<meta property=\"og:url\" content=\"https:\/\/proventuss.eu\/cs\/produkt\/vi-pro-manual-gun-2k-241-pu-600-ml\/\" \/>\n<meta property=\"og:site_name\" content=\"Proventuss\" \/>\n<meta property=\"article:modified_time\" content=\"2024-10-22T08:33:15+00:00\" \/>\n<meta property=\"og:image\" content=\"https:\/\/proventuss.eu\/wp-content\/uploads\/2024\/10\/Vi-Pro\u00ae-MANUAL-GUN-2K-101-WB-MMA-490-ML-scaled.jpg\" \/>\n\t<meta property=\"og:image:width\" content=\"2560\" \/>\n\t<meta property=\"og:image:height\" content=\"1707\" \/>\n\t<meta property=\"og:image:type\" content=\"image\/jpeg\" \/>\n<meta name=\"twitter:card\" content=\"summary_large_image\" \/>\n<meta name=\"twitter:label1\" content=\"Odhadovan\u00e1 doba \u010dten\u00ed\" \/>\n\t<meta name=\"twitter:data1\" content=\"1 minuta\" \/>\n<script type=\"application\/ld+json\" class=\"yoast-schema-graph\">{\"@context\":\"https:\/\/schema.org\",\"@graph\":[{\"@type\":\"WebPage\",\"@id\":\"https:\/\/proventuss.eu\/cs\/produkt\/vi-pro-manual-gun-2k-241-pu-600-ml\/\",\"url\":\"https:\/\/proventuss.eu\/cs\/produkt\/vi-pro-manual-gun-2k-241-pu-600-ml\/\",\"name\":\"Vi-Pro\u00ae MANUAL GUN 2K (24:1 PU), 600 ML - Proventuss\",\"isPartOf\":{\"@id\":\"https:\/\/proventuss.eu\/#website\"},\"primaryImageOfPage\":{\"@id\":\"https:\/\/proventuss.eu\/cs\/produkt\/vi-pro-manual-gun-2k-241-pu-600-ml\/#primaryimage\"},\"image\":{\"@id\":\"https:\/\/proventuss.eu\/cs\/produkt\/vi-pro-manual-gun-2k-241-pu-600-ml\/#primaryimage\"},\"thumbnailUrl\":\"https:\/\/proventuss.eu\/wp-content\/uploads\/2024\/10\/Vi-Pro\u00ae-MANUAL-GUN-2K-101-WB-MMA-490-ML-scaled.jpg\",\"datePublished\":\"2024-10-22T08:24:53+00:00\",\"dateModified\":\"2024-10-22T08:33:15+00:00\",\"breadcrumb\":{\"@id\":\"https:\/\/proventuss.eu\/cs\/produkt\/vi-pro-manual-gun-2k-241-pu-600-ml\/#breadcrumb\"},\"inLanguage\":\"cs\",\"potentialAction\":[{\"@type\":\"ReadAction\",\"target\":[\"https:\/\/proventuss.eu\/cs\/produkt\/vi-pro-manual-gun-2k-241-pu-600-ml\/\"]}]},{\"@type\":\"ImageObject\",\"inLanguage\":\"cs\",\"@id\":\"https:\/\/proventuss.eu\/cs\/produkt\/vi-pro-manual-gun-2k-241-pu-600-ml\/#primaryimage\",\"url\":\"https:\/\/proventuss.eu\/wp-content\/uploads\/2024\/10\/Vi-Pro\u00ae-MANUAL-GUN-2K-101-WB-MMA-490-ML-scaled.jpg\",\"contentUrl\":\"https:\/\/proventuss.eu\/wp-content\/uploads\/2024\/10\/Vi-Pro\u00ae-MANUAL-GUN-2K-101-WB-MMA-490-ML-scaled.jpg\",\"width\":2560,\"height\":1707,\"caption\":\"Na zdj\u0119ciu\"},{\"@type\":\"BreadcrumbList\",\"@id\":\"https:\/\/proventuss.eu\/cs\/produkt\/vi-pro-manual-gun-2k-241-pu-600-ml\/#breadcrumb\",\"itemListElement\":[{\"@type\":\"ListItem\",\"position\":1,\"name\":\"Home\",\"item\":\"https:\/\/proventuss.eu\/\"},{\"@type\":\"ListItem\",\"position\":2,\"name\":\"Produkty\",\"item\":\"https:\/\/proventuss.eu\/produkty\/\"},{\"@type\":\"ListItem\",\"position\":3,\"name\":\"Vi-Pro\u00ae MANUAL GUN 2K (24:1 PU), 600 ML\"}]},{\"@type\":\"WebSite\",\"@id\":\"https:\/\/proventuss.eu\/#website\",\"url\":\"https:\/\/proventuss.eu\/\",\"name\":\"Proventuss\",\"description\":\"\",\"potentialAction\":[{\"@type\":\"SearchAction\",\"target\":{\"@type\":\"EntryPoint\",\"urlTemplate\":\"https:\/\/proventuss.eu\/?s={search_term_string}\"},\"query-input\":\"required name=search_term_string\"}],\"inLanguage\":\"cs\"}]}<\/script>\n<!-- \/ Yoast SEO plugin. -->","yoast_head_json":{"title":"Vi-Pro\u00ae MANUAL GUN 2K (24:1 PU), 600 ML - Proventuss","robots":{"index":"index","follow":"follow","max-snippet":"max-snippet:-1","max-image-preview":"max-image-preview:large","max-video-preview":"max-video-preview:-1"},"canonical":"https:\/\/proventuss.eu\/cs\/produkt\/vi-pro-manual-gun-2k-241-pu-600-ml\/","og_locale":"cs_CZ","og_type":"article","og_title":"Vi-Pro\u00ae MANUAL GUN 2K (24:1 PU), 600 ML - Proventuss","og_description":"Profesion\u00e1ln\u00ed aplik\u00e1tor s hlin\u00edkov\u00fdm t\u011blem. Ocelov\u00e1 tlakov\u011b lit\u00e1 p\u00e1ka. Rukoje\u0165 pota\u017een\u00e1 PVC a tla\u010d\u00edtko pro uvoln\u011bn\u00ed ty\u010de. Tla\u010d\u00edtko pro uvoln\u011bn\u00ed ty\u010de z tlakov\u011b lit\u00e9ho hlin\u00edku a knofl\u00edk pro zata\u017een\u00ed ty\u010de. Pro pou\u017eit\u00ed lepidel a chemick\u00fdch kotev ve dvouslo\u017ekov\u00fdch kartu\u0161\u00edch vedle sebe. Charakteristick\u00e9 vlastnosti: \u010cist\u00e1 hmotnost &#8211; 1521 g Spojka &#8211; kalen\u00e1, jednod\u00edln\u00e1 Posunova\u010d &#8211; vysoce [&hellip;]","og_url":"https:\/\/proventuss.eu\/cs\/produkt\/vi-pro-manual-gun-2k-241-pu-600-ml\/","og_site_name":"Proventuss","article_modified_time":"2024-10-22T08:33:15+00:00","og_image":[{"width":2560,"height":1707,"url":"https:\/\/proventuss.eu\/wp-content\/uploads\/2024\/10\/Vi-Pro\u00ae-MANUAL-GUN-2K-101-WB-MMA-490-ML-scaled.jpg","type":"image\/jpeg"}],"twitter_card":"summary_large_image","twitter_misc":{"Odhadovan\u00e1 doba \u010dten\u00ed":"1 minuta"},"schema":{"@context":"https:\/\/schema.org","@graph":[{"@type":"WebPage","@id":"https:\/\/proventuss.eu\/cs\/produkt\/vi-pro-manual-gun-2k-241-pu-600-ml\/","url":"https:\/\/proventuss.eu\/cs\/produkt\/vi-pro-manual-gun-2k-241-pu-600-ml\/","name":"Vi-Pro\u00ae MANUAL GUN 2K (24:1 PU), 600 ML - Proventuss","isPartOf":{"@id":"https:\/\/proventuss.eu\/#website"},"primaryImageOfPage":{"@id":"https:\/\/proventuss.eu\/cs\/produkt\/vi-pro-manual-gun-2k-241-pu-600-ml\/#primaryimage"},"image":{"@id":"https:\/\/proventuss.eu\/cs\/produkt\/vi-pro-manual-gun-2k-241-pu-600-ml\/#primaryimage"},"thumbnailUrl":"https:\/\/proventuss.eu\/wp-content\/uploads\/2024\/10\/Vi-Pro\u00ae-MANUAL-GUN-2K-101-WB-MMA-490-ML-scaled.jpg","datePublished":"2024-10-22T08:24:53+00:00","dateModified":"2024-10-22T08:33:15+00:00","breadcrumb":{"@id":"https:\/\/proventuss.eu\/cs\/produkt\/vi-pro-manual-gun-2k-241-pu-600-ml\/#breadcrumb"},"inLanguage":"cs","potentialAction":[{"@type":"ReadAction","target":["https:\/\/proventuss.eu\/cs\/produkt\/vi-pro-manual-gun-2k-241-pu-600-ml\/"]}]},{"@type":"ImageObject","inLanguage":"cs","@id":"https:\/\/proventuss.eu\/cs\/produkt\/vi-pro-manual-gun-2k-241-pu-600-ml\/#primaryimage","url":"https:\/\/proventuss.eu\/wp-content\/uploads\/2024\/10\/Vi-Pro\u00ae-MANUAL-GUN-2K-101-WB-MMA-490-ML-scaled.jpg","contentUrl":"https:\/\/proventuss.eu\/wp-content\/uploads\/2024\/10\/Vi-Pro\u00ae-MANUAL-GUN-2K-101-WB-MMA-490-ML-scaled.jpg","width":2560,"height":1707,"caption":"Na zdj\u0119ciu"},{"@type":"BreadcrumbList","@id":"https:\/\/proventuss.eu\/cs\/produkt\/vi-pro-manual-gun-2k-241-pu-600-ml\/#breadcrumb","itemListElement":[{"@type":"ListItem","position":1,"name":"Home","item":"https:\/\/proventuss.eu\/"},{"@type":"ListItem","position":2,"name":"Produkty","item":"https:\/\/proventuss.eu\/produkty\/"},{"@type":"ListItem","position":3,"name":"Vi-Pro\u00ae MANUAL GUN 2K (24:1 PU), 600 ML"}]},{"@type":"WebSite","@id":"https:\/\/proventuss.eu\/#website","url":"https:\/\/proventuss.eu\/","name":"Proventuss","description":"","potentialAction":[{"@type":"SearchAction","target":{"@type":"EntryPoint","urlTemplate":"https:\/\/proventuss.eu\/?s={search_term_string}"},"query-input":"required name=search_term_string"}],"inLanguage":"cs"}]}},"_links":{"self":[{"href":"https:\/\/proventuss.eu\/cs\/wp-json\/wp\/v2\/product\/17902"}],"collection":[{"href":"https:\/\/proventuss.eu\/cs\/wp-json\/wp\/v2\/product"}],"about":[{"href":"https:\/\/proventuss.eu\/cs\/wp-json\/wp\/v2\/types\/product"}],"replies":[{"embeddable":true,"href":"https:\/\/proventuss.eu\/cs\/wp-json\/wp\/v2\/comments?post=17902"}],"wp:featuredmedia":[{"embeddable":true,"href":"https:\/\/proventuss.eu\/cs\/wp-json\/wp\/v2\/media\/17864"}],"wp:attachment":[{"href":"https:\/\/proventuss.eu\/cs\/wp-json\/wp\/v2\/media?parent=17902"}],"wp:term":[{"taxonomy":"product_cat","embeddable":true,"href":"https:\/\/proventuss.eu\/cs\/wp-json\/wp\/v2\/product_cat?post=17902"},{"taxonomy":"product_tag","embeddable":true,"href":"https:\/\/proventuss.eu\/cs\/wp-json\/wp\/v2\/product_tag?post=17902"}],"curies":[{"name":"wp","href":"https:\/\/api.w.org\/{rel}","templated":true}]}}