{"id":17655,"date":"2024-09-27T09:40:16","date_gmt":"2024-09-27T09:40:16","guid":{"rendered":"https:\/\/proventuss.eu\/produkt\/vi-pro-epdm-membrane-self-adhesive\/"},"modified":"2024-10-23T10:28:53","modified_gmt":"2024-10-23T10:28:53","slug":"vi-pro-epdm-membrane-self-adhesive","status":"publish","type":"product","link":"https:\/\/proventuss.eu\/cs\/produkt\/vi-pro-epdm-membrane-self-adhesive\/","title":{"rendered":"Vi-Pro EPDM Membrane Self Adhesive"},"content":{"rendered":"<p>Vi-Pro\u00ae EPDM Membrane Self-Adhesive je hydroizola\u010dn\u00ed membr\u00e1na vyroben\u00e1 z EPDM pry\u017ee s modifikovan\u00fdm akryl\u00e1tov\u00fdm lepidlem na b\u00edl\u00e9 oboustrann\u00e9 ochrann\u00e9 f\u00f3lii z PP silikonu. Lepidlo je \u010dist\u00e9 polyakrylov\u00e9 na vodn\u00ed disperzi. M\u00e1 vysokou p\u0159ilnavost a velmi vysokou p\u0159ilnavost v kombinaci s vynikaj\u00edc\u00edmi parametry odolnosti proti st\u00e1rnut\u00ed a pov\u011btrnostn\u00edm vliv\u016fm. P\u0159ilnavost k velmi \u0161irok\u00e9 \u0161k\u00e1le povrch\u016f je vynikaj\u00edc\u00ed, v\u010detn\u011b n\u00edzkoenergetick\u00fdch substr\u00e1t\u016f (nap\u0159. PE, PP a netkan\u00e9 materi\u00e1ly). Krom\u011b toho m\u00e1 lepidlo vynikaj\u00edc\u00ed vlastnosti p\u0159i n\u00edzk\u00fdch teplot\u00e1ch. Lepidlo je bez APEO a bez rozpou\u0161t\u011bdel.<\/p>\n<p><strong>Aplikace:<\/strong><\/p>\n<p>Je zvl\u00e1\u0161t\u011b vhodn\u00fd pro venkovn\u00ed t\u011bsn\u011bn\u00ed oken a fas\u00e1d. Tato membr\u00e1na m\u00e1 vysokou afinitu k hlavn\u00edm nejobl\u00edben\u011bj\u0161\u00edm substr\u00e1t\u016fm ve stavebnictv\u00ed, jako je cement, kov, d\u0159evo a plasty, a to i p\u0159i m\u00edrn\u00e9m mno\u017estv\u00ed ne\u010distot ve form\u011b povrchov\u00e9ho prachu a tak\u00e9 s p\u0159\u00edtomnost\u00ed vody v re\u017eimu kondenzace.<\/p>\n<p><strong>Vlastnosti a specifikace:<\/strong><\/p>\n<ul>\n<li>Zcela vod\u011bodoln\u00e9.<\/li>\n<li>Z\u016fst\u00e1v\u00e1 pru\u017en\u00fd i p\u0159i n\u00edzk\u00fdch teplot\u00e1ch a je odoln\u00fd v\u016f\u010di teplotn\u00edm \u0161ok\u016fm a\u017e do 250\u00baC.<\/li>\n<li>Dobr\u00e9 v\u00fdsledky v p\u0159\u00edtomnosti hork\u00e9 vody a vysokotlak\u00e9 p\u00e1ry.<\/li>\n<li>Vynikaj\u00edc\u00ed odolnost proti oxidaci, pov\u011btrnostn\u00edm vliv\u016fm a oz\u00f3nu.<\/li>\n<li>Odoln\u00fd v\u016f\u010di v\u011bt\u0161in\u011b anorganick\u00fdch chemik\u00e1li\u00ed.<\/li>\n<li>Odoln\u00e9 v\u016f\u010di UV z\u00e1\u0159en\u00ed a st\u00e1rnut\u00ed.<\/li>\n<li>Vysok\u00e1 odolnost proti vlhkosti a vod\u011b.<\/li>\n<li>Minim\u00e1ln\u00ed trvanlivost 10 let.<\/li>\n<li>Vlo\u017eka: polyolefinov\u00e1 f\u00f3lie, 60 \u03bcm.<\/li>\n<li>Z\u00e1kladna: PES\/PVA s\u00ed\u0165ovina, diagon\u00e1ln\u00ed.<\/li>\n<li>Barva lepidla: b\u00edl\u00e1.<\/li>\n<\/ul>\n","protected":false},"excerpt":{"rendered":"<p>Vi-Pro\u00ae EPDM Membrane Self-Adhesive je hydroizola\u010dn\u00ed membr\u00e1na vyroben\u00e1 z EPDM pry\u017ee s modifikovan\u00fdm akryl\u00e1tov\u00fdm lepidlem na b\u00edl\u00e9 oboustrann\u00e9 ochrann\u00e9 f\u00f3lii z PP silikonu. Lepidlo je \u010dist\u00e9 polyakrylov\u00e9 na vodn\u00ed disperzi. M\u00e1 vysokou p\u0159ilnavost a velmi vysokou p\u0159ilnavost v kombinaci s vynikaj\u00edc\u00edmi parametry odolnosti proti st\u00e1rnut\u00ed a pov\u011btrnostn\u00edm vliv\u016fm. P\u0159ilnavost k velmi \u0161irok\u00e9 \u0161k\u00e1le povrch\u016f je [&hellip;]<\/p>\n","protected":false},"featured_media":17632,"comment_status":"open","ping_status":"closed","template":"","meta":{"_acf_changed":false},"product_cat":[316],"product_tag":[],"acf":[],"yoast_head":"<!-- This site is optimized with the Yoast SEO plugin v22.9 - https:\/\/yoast.com\/wordpress\/plugins\/seo\/ -->\n<title>Vi-Pro EPDM Membrane Self Adhesive - Proventuss<\/title>\n<meta name=\"robots\" content=\"index, follow, max-snippet:-1, max-image-preview:large, max-video-preview:-1\" \/>\n<link rel=\"canonical\" href=\"https:\/\/proventuss.eu\/cs\/produkt\/vi-pro-epdm-membrane-self-adhesive\/\" \/>\n<meta property=\"og:locale\" content=\"cs_CZ\" \/>\n<meta property=\"og:type\" content=\"article\" \/>\n<meta property=\"og:title\" content=\"Vi-Pro EPDM Membrane Self Adhesive - Proventuss\" \/>\n<meta property=\"og:description\" content=\"Vi-Pro\u00ae EPDM Membrane Self-Adhesive je hydroizola\u010dn\u00ed membr\u00e1na vyroben\u00e1 z EPDM pry\u017ee s modifikovan\u00fdm akryl\u00e1tov\u00fdm lepidlem na b\u00edl\u00e9 oboustrann\u00e9 ochrann\u00e9 f\u00f3lii z PP silikonu. Lepidlo je \u010dist\u00e9 polyakrylov\u00e9 na vodn\u00ed disperzi. M\u00e1 vysokou p\u0159ilnavost a velmi vysokou p\u0159ilnavost v kombinaci s vynikaj\u00edc\u00edmi parametry odolnosti proti st\u00e1rnut\u00ed a pov\u011btrnostn\u00edm vliv\u016fm. P\u0159ilnavost k velmi \u0161irok\u00e9 \u0161k\u00e1le povrch\u016f je [&hellip;]\" \/>\n<meta property=\"og:url\" content=\"https:\/\/proventuss.eu\/cs\/produkt\/vi-pro-epdm-membrane-self-adhesive\/\" \/>\n<meta property=\"og:site_name\" content=\"Proventuss\" \/>\n<meta property=\"article:modified_time\" content=\"2024-10-23T10:28:53+00:00\" \/>\n<meta property=\"og:image\" content=\"https:\/\/proventuss.eu\/wp-content\/uploads\/2024\/09\/7515a1m.jpg\" \/>\n\t<meta property=\"og:image:width\" content=\"1500\" \/>\n\t<meta property=\"og:image:height\" content=\"998\" \/>\n\t<meta property=\"og:image:type\" content=\"image\/jpeg\" \/>\n<meta name=\"twitter:card\" content=\"summary_large_image\" \/>\n<meta name=\"twitter:label1\" content=\"Odhadovan\u00e1 doba \u010dten\u00ed\" \/>\n\t<meta name=\"twitter:data1\" content=\"2 minuty\" \/>\n<script type=\"application\/ld+json\" class=\"yoast-schema-graph\">{\"@context\":\"https:\/\/schema.org\",\"@graph\":[{\"@type\":\"WebPage\",\"@id\":\"https:\/\/proventuss.eu\/cs\/produkt\/vi-pro-epdm-membrane-self-adhesive\/\",\"url\":\"https:\/\/proventuss.eu\/cs\/produkt\/vi-pro-epdm-membrane-self-adhesive\/\",\"name\":\"Vi-Pro EPDM Membrane Self Adhesive - Proventuss\",\"isPartOf\":{\"@id\":\"https:\/\/proventuss.eu\/#website\"},\"primaryImageOfPage\":{\"@id\":\"https:\/\/proventuss.eu\/cs\/produkt\/vi-pro-epdm-membrane-self-adhesive\/#primaryimage\"},\"image\":{\"@id\":\"https:\/\/proventuss.eu\/cs\/produkt\/vi-pro-epdm-membrane-self-adhesive\/#primaryimage\"},\"thumbnailUrl\":\"https:\/\/proventuss.eu\/wp-content\/uploads\/2024\/09\/7515a1m.jpg\",\"datePublished\":\"2024-09-27T09:40:16+00:00\",\"dateModified\":\"2024-10-23T10:28:53+00:00\",\"breadcrumb\":{\"@id\":\"https:\/\/proventuss.eu\/cs\/produkt\/vi-pro-epdm-membrane-self-adhesive\/#breadcrumb\"},\"inLanguage\":\"cs\",\"potentialAction\":[{\"@type\":\"ReadAction\",\"target\":[\"https:\/\/proventuss.eu\/cs\/produkt\/vi-pro-epdm-membrane-self-adhesive\/\"]}]},{\"@type\":\"ImageObject\",\"inLanguage\":\"cs\",\"@id\":\"https:\/\/proventuss.eu\/cs\/produkt\/vi-pro-epdm-membrane-self-adhesive\/#primaryimage\",\"url\":\"https:\/\/proventuss.eu\/wp-content\/uploads\/2024\/09\/7515a1m.jpg\",\"contentUrl\":\"https:\/\/proventuss.eu\/wp-content\/uploads\/2024\/09\/7515a1m.jpg\",\"width\":1500,\"height\":998},{\"@type\":\"BreadcrumbList\",\"@id\":\"https:\/\/proventuss.eu\/cs\/produkt\/vi-pro-epdm-membrane-self-adhesive\/#breadcrumb\",\"itemListElement\":[{\"@type\":\"ListItem\",\"position\":1,\"name\":\"Home\",\"item\":\"https:\/\/proventuss.eu\/\"},{\"@type\":\"ListItem\",\"position\":2,\"name\":\"Produkty\",\"item\":\"https:\/\/proventuss.eu\/produkty\/\"},{\"@type\":\"ListItem\",\"position\":3,\"name\":\"Vi-Pro EPDM Membrane Self Adhesive\"}]},{\"@type\":\"WebSite\",\"@id\":\"https:\/\/proventuss.eu\/#website\",\"url\":\"https:\/\/proventuss.eu\/\",\"name\":\"Proventuss\",\"description\":\"\",\"potentialAction\":[{\"@type\":\"SearchAction\",\"target\":{\"@type\":\"EntryPoint\",\"urlTemplate\":\"https:\/\/proventuss.eu\/?s={search_term_string}\"},\"query-input\":\"required name=search_term_string\"}],\"inLanguage\":\"cs\"}]}<\/script>\n<!-- \/ Yoast SEO plugin. -->","yoast_head_json":{"title":"Vi-Pro EPDM Membrane Self Adhesive - Proventuss","robots":{"index":"index","follow":"follow","max-snippet":"max-snippet:-1","max-image-preview":"max-image-preview:large","max-video-preview":"max-video-preview:-1"},"canonical":"https:\/\/proventuss.eu\/cs\/produkt\/vi-pro-epdm-membrane-self-adhesive\/","og_locale":"cs_CZ","og_type":"article","og_title":"Vi-Pro EPDM Membrane Self Adhesive - Proventuss","og_description":"Vi-Pro\u00ae EPDM Membrane Self-Adhesive je hydroizola\u010dn\u00ed membr\u00e1na vyroben\u00e1 z EPDM pry\u017ee s modifikovan\u00fdm akryl\u00e1tov\u00fdm lepidlem na b\u00edl\u00e9 oboustrann\u00e9 ochrann\u00e9 f\u00f3lii z PP silikonu. Lepidlo je \u010dist\u00e9 polyakrylov\u00e9 na vodn\u00ed disperzi. M\u00e1 vysokou p\u0159ilnavost a velmi vysokou p\u0159ilnavost v kombinaci s vynikaj\u00edc\u00edmi parametry odolnosti proti st\u00e1rnut\u00ed a pov\u011btrnostn\u00edm vliv\u016fm. P\u0159ilnavost k velmi \u0161irok\u00e9 \u0161k\u00e1le povrch\u016f je [&hellip;]","og_url":"https:\/\/proventuss.eu\/cs\/produkt\/vi-pro-epdm-membrane-self-adhesive\/","og_site_name":"Proventuss","article_modified_time":"2024-10-23T10:28:53+00:00","og_image":[{"width":1500,"height":998,"url":"https:\/\/proventuss.eu\/wp-content\/uploads\/2024\/09\/7515a1m.jpg","type":"image\/jpeg"}],"twitter_card":"summary_large_image","twitter_misc":{"Odhadovan\u00e1 doba \u010dten\u00ed":"2 minuty"},"schema":{"@context":"https:\/\/schema.org","@graph":[{"@type":"WebPage","@id":"https:\/\/proventuss.eu\/cs\/produkt\/vi-pro-epdm-membrane-self-adhesive\/","url":"https:\/\/proventuss.eu\/cs\/produkt\/vi-pro-epdm-membrane-self-adhesive\/","name":"Vi-Pro EPDM Membrane Self Adhesive - Proventuss","isPartOf":{"@id":"https:\/\/proventuss.eu\/#website"},"primaryImageOfPage":{"@id":"https:\/\/proventuss.eu\/cs\/produkt\/vi-pro-epdm-membrane-self-adhesive\/#primaryimage"},"image":{"@id":"https:\/\/proventuss.eu\/cs\/produkt\/vi-pro-epdm-membrane-self-adhesive\/#primaryimage"},"thumbnailUrl":"https:\/\/proventuss.eu\/wp-content\/uploads\/2024\/09\/7515a1m.jpg","datePublished":"2024-09-27T09:40:16+00:00","dateModified":"2024-10-23T10:28:53+00:00","breadcrumb":{"@id":"https:\/\/proventuss.eu\/cs\/produkt\/vi-pro-epdm-membrane-self-adhesive\/#breadcrumb"},"inLanguage":"cs","potentialAction":[{"@type":"ReadAction","target":["https:\/\/proventuss.eu\/cs\/produkt\/vi-pro-epdm-membrane-self-adhesive\/"]}]},{"@type":"ImageObject","inLanguage":"cs","@id":"https:\/\/proventuss.eu\/cs\/produkt\/vi-pro-epdm-membrane-self-adhesive\/#primaryimage","url":"https:\/\/proventuss.eu\/wp-content\/uploads\/2024\/09\/7515a1m.jpg","contentUrl":"https:\/\/proventuss.eu\/wp-content\/uploads\/2024\/09\/7515a1m.jpg","width":1500,"height":998},{"@type":"BreadcrumbList","@id":"https:\/\/proventuss.eu\/cs\/produkt\/vi-pro-epdm-membrane-self-adhesive\/#breadcrumb","itemListElement":[{"@type":"ListItem","position":1,"name":"Home","item":"https:\/\/proventuss.eu\/"},{"@type":"ListItem","position":2,"name":"Produkty","item":"https:\/\/proventuss.eu\/produkty\/"},{"@type":"ListItem","position":3,"name":"Vi-Pro EPDM Membrane Self Adhesive"}]},{"@type":"WebSite","@id":"https:\/\/proventuss.eu\/#website","url":"https:\/\/proventuss.eu\/","name":"Proventuss","description":"","potentialAction":[{"@type":"SearchAction","target":{"@type":"EntryPoint","urlTemplate":"https:\/\/proventuss.eu\/?s={search_term_string}"},"query-input":"required name=search_term_string"}],"inLanguage":"cs"}]}},"_links":{"self":[{"href":"https:\/\/proventuss.eu\/cs\/wp-json\/wp\/v2\/product\/17655"}],"collection":[{"href":"https:\/\/proventuss.eu\/cs\/wp-json\/wp\/v2\/product"}],"about":[{"href":"https:\/\/proventuss.eu\/cs\/wp-json\/wp\/v2\/types\/product"}],"replies":[{"embeddable":true,"href":"https:\/\/proventuss.eu\/cs\/wp-json\/wp\/v2\/comments?post=17655"}],"wp:featuredmedia":[{"embeddable":true,"href":"https:\/\/proventuss.eu\/cs\/wp-json\/wp\/v2\/media\/17632"}],"wp:attachment":[{"href":"https:\/\/proventuss.eu\/cs\/wp-json\/wp\/v2\/media?parent=17655"}],"wp:term":[{"taxonomy":"product_cat","embeddable":true,"href":"https:\/\/proventuss.eu\/cs\/wp-json\/wp\/v2\/product_cat?post=17655"},{"taxonomy":"product_tag","embeddable":true,"href":"https:\/\/proventuss.eu\/cs\/wp-json\/wp\/v2\/product_tag?post=17655"}],"curies":[{"name":"wp","href":"https:\/\/api.w.org\/{rel}","templated":true}]}}