{"id":16717,"date":"2024-06-28T12:59:19","date_gmt":"2024-06-28T12:59:19","guid":{"rendered":"https:\/\/proventuss.eu\/produkt\/dupont-great-stuff-pro-all-seasons\/"},"modified":"2024-11-27T08:15:22","modified_gmt":"2024-11-27T08:15:22","slug":"dupont-great-stuff-pro-all-seasons","status":"publish","type":"product","link":"https:\/\/proventuss.eu\/cs\/produkt\/dupont-great-stuff-pro-all-seasons\/","title":{"rendered":"DuPont\u2122 Great Stuff Pro All Seasons"},"content":{"rendered":"<p>Great Stuff\u2122 Pro All Seasons je vlhkost\u00ed vytvrzovan\u00e1, jednoslo\u017ekov\u00e1, polyuretanov\u00e1 t\u011bsn\u00edc\u00ed p\u011bna navr\u017een\u00e1 pro pou\u017eit\u00ed za v\u0161ech pov\u011btrnostn\u00edch podm\u00ednek, v\u010detn\u011b n\u00edzk\u00fdch teplot a extr\u00e9mn\u00edch pov\u011btrnostn\u00edch podm\u00ednek.<\/p>\n<p>P\u0159ilne k v\u011bt\u0161in\u011b b\u011b\u017en\u00fdch stavebn\u00edch materi\u00e1l\u016f v\u010detn\u011b d\u0159eva, betonu, s\u00e1drokartonu a plast\u016f, krom\u011b hladk\u00fdch povrch\u016f z polyetylenu, silikonu, oleje a mastnoty nebo podobn\u00fdch podklad\u016f.<\/p>\n<p>V\u00ddHODY:<\/p>\n<ul>\n<li>Lze pou\u017e\u00edt p\u0159i teplot\u00e1ch od -10\u00b0 do +35\u00b0C.<\/li>\n<li>Vynikaj\u00edc\u00ed tepeln\u011b izola\u010dn\u00ed vlastnosti.<\/li>\n<li>Je odoln\u00fd v\u016f\u010di teplot\u00e1m -55\u00b0 a\u017e +80\u00b0C.<\/li>\n<li>N\u00edzk\u00fd tlak.<\/li>\n<\/ul>\n<p>N\u00edzkoexpanzn\u00ed p\u011bna DuPont Great Stuff\u2122 Pro All Seasons je ide\u00e1ln\u00ed pro instalaci oken a dve\u0159\u00ed z PVC, d\u0159eva a hlin\u00edku. Lze j\u00edm tak\u00e9 vyplnit otvory, mezery a prohlubn\u011b v r\u016fzn\u00fdch stavebn\u00edch materi\u00e1lech.<\/p>\n","protected":false},"excerpt":{"rendered":"<p>Great Stuff\u2122 Pro All Seasons je vlhkost\u00ed vytvrzovan\u00e1, jednoslo\u017ekov\u00e1, polyuretanov\u00e1 t\u011bsn\u00edc\u00ed p\u011bna navr\u017een\u00e1 pro pou\u017eit\u00ed za v\u0161ech pov\u011btrnostn\u00edch podm\u00ednek, v\u010detn\u011b n\u00edzk\u00fdch teplot a extr\u00e9mn\u00edch pov\u011btrnostn\u00edch podm\u00ednek. P\u0159ilne k v\u011bt\u0161in\u011b b\u011b\u017en\u00fdch stavebn\u00edch materi\u00e1l\u016f v\u010detn\u011b d\u0159eva, betonu, s\u00e1drokartonu a plast\u016f, krom\u011b hladk\u00fdch povrch\u016f z polyetylenu, silikonu, oleje a mastnoty nebo podobn\u00fdch podklad\u016f. V\u00ddHODY: Lze pou\u017e\u00edt p\u0159i teplot\u00e1ch [&hellip;]<\/p>\n","protected":false},"featured_media":17265,"comment_status":"open","ping_status":"closed","template":"","meta":{"_acf_changed":false},"product_cat":[319,315],"product_tag":[],"acf":[],"yoast_head":"<!-- This site is optimized with the Yoast SEO plugin v22.9 - https:\/\/yoast.com\/wordpress\/plugins\/seo\/ -->\n<title>DuPont\u2122 Great Stuff Pro All Seasons - Proventuss<\/title>\n<meta name=\"robots\" content=\"index, follow, max-snippet:-1, max-image-preview:large, max-video-preview:-1\" \/>\n<link rel=\"canonical\" href=\"https:\/\/proventuss.eu\/cs\/produkt\/dupont-great-stuff-pro-all-seasons\/\" \/>\n<meta property=\"og:locale\" content=\"cs_CZ\" \/>\n<meta property=\"og:type\" content=\"article\" \/>\n<meta property=\"og:title\" content=\"DuPont\u2122 Great Stuff Pro All Seasons - Proventuss\" \/>\n<meta property=\"og:description\" content=\"Great Stuff\u2122 Pro All Seasons je vlhkost\u00ed vytvrzovan\u00e1, jednoslo\u017ekov\u00e1, polyuretanov\u00e1 t\u011bsn\u00edc\u00ed p\u011bna navr\u017een\u00e1 pro pou\u017eit\u00ed za v\u0161ech pov\u011btrnostn\u00edch podm\u00ednek, v\u010detn\u011b n\u00edzk\u00fdch teplot a extr\u00e9mn\u00edch pov\u011btrnostn\u00edch podm\u00ednek. P\u0159ilne k v\u011bt\u0161in\u011b b\u011b\u017en\u00fdch stavebn\u00edch materi\u00e1l\u016f v\u010detn\u011b d\u0159eva, betonu, s\u00e1drokartonu a plast\u016f, krom\u011b hladk\u00fdch povrch\u016f z polyetylenu, silikonu, oleje a mastnoty nebo podobn\u00fdch podklad\u016f. V\u00ddHODY: Lze pou\u017e\u00edt p\u0159i teplot\u00e1ch [&hellip;]\" \/>\n<meta property=\"og:url\" content=\"https:\/\/proventuss.eu\/cs\/produkt\/dupont-great-stuff-pro-all-seasons\/\" \/>\n<meta property=\"og:site_name\" content=\"Proventuss\" \/>\n<meta property=\"article:modified_time\" content=\"2024-11-27T08:15:22+00:00\" \/>\n<meta property=\"og:image\" content=\"https:\/\/proventuss.eu\/wp-content\/uploads\/2024\/06\/MG_7486a-scaled-e1723199826161.jpg\" \/>\n\t<meta property=\"og:image:width\" content=\"2133\" \/>\n\t<meta property=\"og:image:height\" content=\"2560\" \/>\n\t<meta property=\"og:image:type\" content=\"image\/jpeg\" \/>\n<meta name=\"twitter:card\" content=\"summary_large_image\" \/>\n<meta name=\"twitter:label1\" content=\"Odhadovan\u00e1 doba \u010dten\u00ed\" \/>\n\t<meta name=\"twitter:data1\" content=\"1 minuta\" \/>\n<script type=\"application\/ld+json\" class=\"yoast-schema-graph\">{\"@context\":\"https:\/\/schema.org\",\"@graph\":[{\"@type\":\"WebPage\",\"@id\":\"https:\/\/proventuss.eu\/cs\/produkt\/dupont-great-stuff-pro-all-seasons\/\",\"url\":\"https:\/\/proventuss.eu\/cs\/produkt\/dupont-great-stuff-pro-all-seasons\/\",\"name\":\"DuPont\u2122 Great Stuff Pro All Seasons - Proventuss\",\"isPartOf\":{\"@id\":\"https:\/\/proventuss.eu\/#website\"},\"primaryImageOfPage\":{\"@id\":\"https:\/\/proventuss.eu\/cs\/produkt\/dupont-great-stuff-pro-all-seasons\/#primaryimage\"},\"image\":{\"@id\":\"https:\/\/proventuss.eu\/cs\/produkt\/dupont-great-stuff-pro-all-seasons\/#primaryimage\"},\"thumbnailUrl\":\"https:\/\/proventuss.eu\/wp-content\/uploads\/2024\/06\/MG_7486a-scaled-e1723199826161.jpg\",\"datePublished\":\"2024-06-28T12:59:19+00:00\",\"dateModified\":\"2024-11-27T08:15:22+00:00\",\"breadcrumb\":{\"@id\":\"https:\/\/proventuss.eu\/cs\/produkt\/dupont-great-stuff-pro-all-seasons\/#breadcrumb\"},\"inLanguage\":\"cs\",\"potentialAction\":[{\"@type\":\"ReadAction\",\"target\":[\"https:\/\/proventuss.eu\/cs\/produkt\/dupont-great-stuff-pro-all-seasons\/\"]}]},{\"@type\":\"ImageObject\",\"inLanguage\":\"cs\",\"@id\":\"https:\/\/proventuss.eu\/cs\/produkt\/dupont-great-stuff-pro-all-seasons\/#primaryimage\",\"url\":\"https:\/\/proventuss.eu\/wp-content\/uploads\/2024\/06\/MG_7486a-scaled-e1723199826161.jpg\",\"contentUrl\":\"https:\/\/proventuss.eu\/wp-content\/uploads\/2024\/06\/MG_7486a-scaled-e1723199826161.jpg\",\"width\":2133,\"height\":2560,\"caption\":\"Na zdj\u0119ciu piana DuPont\"},{\"@type\":\"BreadcrumbList\",\"@id\":\"https:\/\/proventuss.eu\/cs\/produkt\/dupont-great-stuff-pro-all-seasons\/#breadcrumb\",\"itemListElement\":[{\"@type\":\"ListItem\",\"position\":1,\"name\":\"Home\",\"item\":\"https:\/\/proventuss.eu\/\"},{\"@type\":\"ListItem\",\"position\":2,\"name\":\"Produkty\",\"item\":\"https:\/\/proventuss.eu\/produkty\/\"},{\"@type\":\"ListItem\",\"position\":3,\"name\":\"DuPont\u2122 Great Stuff Pro All Seasons\"}]},{\"@type\":\"WebSite\",\"@id\":\"https:\/\/proventuss.eu\/#website\",\"url\":\"https:\/\/proventuss.eu\/\",\"name\":\"Proventuss\",\"description\":\"\",\"potentialAction\":[{\"@type\":\"SearchAction\",\"target\":{\"@type\":\"EntryPoint\",\"urlTemplate\":\"https:\/\/proventuss.eu\/?s={search_term_string}\"},\"query-input\":\"required name=search_term_string\"}],\"inLanguage\":\"cs\"}]}<\/script>\n<!-- \/ Yoast SEO plugin. -->","yoast_head_json":{"title":"DuPont\u2122 Great Stuff Pro All Seasons - Proventuss","robots":{"index":"index","follow":"follow","max-snippet":"max-snippet:-1","max-image-preview":"max-image-preview:large","max-video-preview":"max-video-preview:-1"},"canonical":"https:\/\/proventuss.eu\/cs\/produkt\/dupont-great-stuff-pro-all-seasons\/","og_locale":"cs_CZ","og_type":"article","og_title":"DuPont\u2122 Great Stuff Pro All Seasons - Proventuss","og_description":"Great Stuff\u2122 Pro All Seasons je vlhkost\u00ed vytvrzovan\u00e1, jednoslo\u017ekov\u00e1, polyuretanov\u00e1 t\u011bsn\u00edc\u00ed p\u011bna navr\u017een\u00e1 pro pou\u017eit\u00ed za v\u0161ech pov\u011btrnostn\u00edch podm\u00ednek, v\u010detn\u011b n\u00edzk\u00fdch teplot a extr\u00e9mn\u00edch pov\u011btrnostn\u00edch podm\u00ednek. P\u0159ilne k v\u011bt\u0161in\u011b b\u011b\u017en\u00fdch stavebn\u00edch materi\u00e1l\u016f v\u010detn\u011b d\u0159eva, betonu, s\u00e1drokartonu a plast\u016f, krom\u011b hladk\u00fdch povrch\u016f z polyetylenu, silikonu, oleje a mastnoty nebo podobn\u00fdch podklad\u016f. V\u00ddHODY: Lze pou\u017e\u00edt p\u0159i teplot\u00e1ch [&hellip;]","og_url":"https:\/\/proventuss.eu\/cs\/produkt\/dupont-great-stuff-pro-all-seasons\/","og_site_name":"Proventuss","article_modified_time":"2024-11-27T08:15:22+00:00","og_image":[{"width":2133,"height":2560,"url":"https:\/\/proventuss.eu\/wp-content\/uploads\/2024\/06\/MG_7486a-scaled-e1723199826161.jpg","type":"image\/jpeg"}],"twitter_card":"summary_large_image","twitter_misc":{"Odhadovan\u00e1 doba \u010dten\u00ed":"1 minuta"},"schema":{"@context":"https:\/\/schema.org","@graph":[{"@type":"WebPage","@id":"https:\/\/proventuss.eu\/cs\/produkt\/dupont-great-stuff-pro-all-seasons\/","url":"https:\/\/proventuss.eu\/cs\/produkt\/dupont-great-stuff-pro-all-seasons\/","name":"DuPont\u2122 Great Stuff Pro All Seasons - Proventuss","isPartOf":{"@id":"https:\/\/proventuss.eu\/#website"},"primaryImageOfPage":{"@id":"https:\/\/proventuss.eu\/cs\/produkt\/dupont-great-stuff-pro-all-seasons\/#primaryimage"},"image":{"@id":"https:\/\/proventuss.eu\/cs\/produkt\/dupont-great-stuff-pro-all-seasons\/#primaryimage"},"thumbnailUrl":"https:\/\/proventuss.eu\/wp-content\/uploads\/2024\/06\/MG_7486a-scaled-e1723199826161.jpg","datePublished":"2024-06-28T12:59:19+00:00","dateModified":"2024-11-27T08:15:22+00:00","breadcrumb":{"@id":"https:\/\/proventuss.eu\/cs\/produkt\/dupont-great-stuff-pro-all-seasons\/#breadcrumb"},"inLanguage":"cs","potentialAction":[{"@type":"ReadAction","target":["https:\/\/proventuss.eu\/cs\/produkt\/dupont-great-stuff-pro-all-seasons\/"]}]},{"@type":"ImageObject","inLanguage":"cs","@id":"https:\/\/proventuss.eu\/cs\/produkt\/dupont-great-stuff-pro-all-seasons\/#primaryimage","url":"https:\/\/proventuss.eu\/wp-content\/uploads\/2024\/06\/MG_7486a-scaled-e1723199826161.jpg","contentUrl":"https:\/\/proventuss.eu\/wp-content\/uploads\/2024\/06\/MG_7486a-scaled-e1723199826161.jpg","width":2133,"height":2560,"caption":"Na zdj\u0119ciu piana DuPont"},{"@type":"BreadcrumbList","@id":"https:\/\/proventuss.eu\/cs\/produkt\/dupont-great-stuff-pro-all-seasons\/#breadcrumb","itemListElement":[{"@type":"ListItem","position":1,"name":"Home","item":"https:\/\/proventuss.eu\/"},{"@type":"ListItem","position":2,"name":"Produkty","item":"https:\/\/proventuss.eu\/produkty\/"},{"@type":"ListItem","position":3,"name":"DuPont\u2122 Great Stuff Pro All Seasons"}]},{"@type":"WebSite","@id":"https:\/\/proventuss.eu\/#website","url":"https:\/\/proventuss.eu\/","name":"Proventuss","description":"","potentialAction":[{"@type":"SearchAction","target":{"@type":"EntryPoint","urlTemplate":"https:\/\/proventuss.eu\/?s={search_term_string}"},"query-input":"required name=search_term_string"}],"inLanguage":"cs"}]}},"_links":{"self":[{"href":"https:\/\/proventuss.eu\/cs\/wp-json\/wp\/v2\/product\/16717"}],"collection":[{"href":"https:\/\/proventuss.eu\/cs\/wp-json\/wp\/v2\/product"}],"about":[{"href":"https:\/\/proventuss.eu\/cs\/wp-json\/wp\/v2\/types\/product"}],"replies":[{"embeddable":true,"href":"https:\/\/proventuss.eu\/cs\/wp-json\/wp\/v2\/comments?post=16717"}],"wp:featuredmedia":[{"embeddable":true,"href":"https:\/\/proventuss.eu\/cs\/wp-json\/wp\/v2\/media\/17265"}],"wp:attachment":[{"href":"https:\/\/proventuss.eu\/cs\/wp-json\/wp\/v2\/media?parent=16717"}],"wp:term":[{"taxonomy":"product_cat","embeddable":true,"href":"https:\/\/proventuss.eu\/cs\/wp-json\/wp\/v2\/product_cat?post=16717"},{"taxonomy":"product_tag","embeddable":true,"href":"https:\/\/proventuss.eu\/cs\/wp-json\/wp\/v2\/product_tag?post=16717"}],"curies":[{"name":"wp","href":"https:\/\/api.w.org\/{rel}","templated":true}]}}