{"id":15755,"date":"2024-05-10T13:17:06","date_gmt":"2024-05-10T13:17:06","guid":{"rendered":"https:\/\/proventuss.eu\/produkt\/vi-pro-mma-2k-high-performance-adhesive\/"},"modified":"2024-10-09T11:19:54","modified_gmt":"2024-10-09T11:19:54","slug":"vi-pro-mma-2k-high-performance-adhesive","status":"publish","type":"product","link":"https:\/\/proventuss.eu\/cs\/produkt\/vi-pro-mma-2k-high-performance-adhesive\/","title":{"rendered":"Vi-Pro\u00ae MMA 2K HIGH PERFORMANCE ADHESIVE"},"content":{"rendered":"<p>Vi-Pro\u00ae MMA 2K HIGH PERFORMANCE ADHESIVE je vysoce pevn\u00fd, rychle tuhnouc\u00ed dvouslo\u017ekov\u00fd struktur\u00e1ln\u00ed lepic\u00ed syst\u00e9m MMA navr\u017een\u00fd tak, aby poskytoval vysokou pevnost spoje a \u00fanavovou pevnost.<\/p>\n<p>Je vhodn\u00fd jak pro vypl\u0148ov\u00e1n\u00ed mezer, tak pro vertik\u00e1ln\u00ed povrchov\u00e9 aplikace, p\u0159i\u010dem\u017e poskytuje ur\u010dit\u00fd stupe\u0148 flexibility. Pro lepen\u00ed mimo jin\u00e9: termoplasty, ale tak\u00e9 vynikaj\u00edc\u00ed p\u0159ilnavost ke kompozit\u016fm a mnoha kov\u016fm, ve v\u011bt\u0161in\u011b p\u0159\u00edpad\u016f bez z\u00e1kladn\u00edho n\u00e1t\u011bru.<\/p>\n<p>Vi-Pro\u00ae MMA 2K je vhodn\u00fd pro pou\u017eit\u00ed na podklady jako: uhl\u00edkov\u00e1 ocel, styren, ocelov\u00e9 gelcoaty, polyestery, FRP, nylon, PPO, FRT, ABS, d\u0159evo, hlin\u00edk, PBT, nerezov\u00e1 ocel, sklolamin\u00e1t atd.<\/p>\n","protected":false},"excerpt":{"rendered":"<p>Vi-Pro\u00ae MMA 2K HIGH PERFORMANCE ADHESIVE je vysoce pevn\u00fd, rychle tuhnouc\u00ed dvouslo\u017ekov\u00fd struktur\u00e1ln\u00ed lepic\u00ed syst\u00e9m MMA navr\u017een\u00fd tak, aby poskytoval vysokou pevnost spoje a \u00fanavovou pevnost. Je vhodn\u00fd jak pro vypl\u0148ov\u00e1n\u00ed mezer, tak pro vertik\u00e1ln\u00ed povrchov\u00e9 aplikace, p\u0159i\u010dem\u017e poskytuje ur\u010dit\u00fd stupe\u0148 flexibility. Pro lepen\u00ed mimo jin\u00e9: termoplasty, ale tak\u00e9 vynikaj\u00edc\u00ed p\u0159ilnavost ke kompozit\u016fm a mnoha [&hellip;]<\/p>\n","protected":false},"featured_media":15743,"comment_status":"open","ping_status":"closed","template":"","meta":{"_acf_changed":false},"product_cat":[315],"product_tag":[],"acf":[],"yoast_head":"<!-- This site is optimized with the Yoast SEO plugin v22.9 - https:\/\/yoast.com\/wordpress\/plugins\/seo\/ -->\n<title>Vi-Pro\u00ae MMA 2K HIGH PERFORMANCE ADHESIVE - Proventuss<\/title>\n<meta name=\"robots\" content=\"index, follow, max-snippet:-1, max-image-preview:large, max-video-preview:-1\" \/>\n<link rel=\"canonical\" href=\"https:\/\/proventuss.eu\/cs\/produkt\/vi-pro-mma-2k-high-performance-adhesive\/\" \/>\n<meta property=\"og:locale\" content=\"cs_CZ\" \/>\n<meta property=\"og:type\" content=\"article\" \/>\n<meta property=\"og:title\" content=\"Vi-Pro\u00ae MMA 2K HIGH PERFORMANCE ADHESIVE - Proventuss\" \/>\n<meta property=\"og:description\" content=\"Vi-Pro\u00ae MMA 2K HIGH PERFORMANCE ADHESIVE je vysoce pevn\u00fd, rychle tuhnouc\u00ed dvouslo\u017ekov\u00fd struktur\u00e1ln\u00ed lepic\u00ed syst\u00e9m MMA navr\u017een\u00fd tak, aby poskytoval vysokou pevnost spoje a \u00fanavovou pevnost. Je vhodn\u00fd jak pro vypl\u0148ov\u00e1n\u00ed mezer, tak pro vertik\u00e1ln\u00ed povrchov\u00e9 aplikace, p\u0159i\u010dem\u017e poskytuje ur\u010dit\u00fd stupe\u0148 flexibility. Pro lepen\u00ed mimo jin\u00e9: termoplasty, ale tak\u00e9 vynikaj\u00edc\u00ed p\u0159ilnavost ke kompozit\u016fm a mnoha [&hellip;]\" \/>\n<meta property=\"og:url\" content=\"https:\/\/proventuss.eu\/cs\/produkt\/vi-pro-mma-2k-high-performance-adhesive\/\" \/>\n<meta property=\"og:site_name\" content=\"Proventuss\" \/>\n<meta property=\"article:modified_time\" content=\"2024-10-09T11:19:54+00:00\" \/>\n<meta property=\"og:image\" content=\"https:\/\/proventuss.eu\/wp-content\/uploads\/2024\/05\/MG_7383m.jpg\" \/>\n\t<meta property=\"og:image:width\" content=\"308\" \/>\n\t<meta property=\"og:image:height\" content=\"1000\" \/>\n\t<meta property=\"og:image:type\" content=\"image\/jpeg\" \/>\n<meta name=\"twitter:card\" content=\"summary_large_image\" \/>\n<meta name=\"twitter:label1\" content=\"Odhadovan\u00e1 doba \u010dten\u00ed\" \/>\n\t<meta name=\"twitter:data1\" content=\"1 minuta\" \/>\n<script type=\"application\/ld+json\" class=\"yoast-schema-graph\">{\"@context\":\"https:\/\/schema.org\",\"@graph\":[{\"@type\":\"WebPage\",\"@id\":\"https:\/\/proventuss.eu\/cs\/produkt\/vi-pro-mma-2k-high-performance-adhesive\/\",\"url\":\"https:\/\/proventuss.eu\/cs\/produkt\/vi-pro-mma-2k-high-performance-adhesive\/\",\"name\":\"Vi-Pro\u00ae MMA 2K HIGH PERFORMANCE ADHESIVE - Proventuss\",\"isPartOf\":{\"@id\":\"https:\/\/proventuss.eu\/#website\"},\"primaryImageOfPage\":{\"@id\":\"https:\/\/proventuss.eu\/cs\/produkt\/vi-pro-mma-2k-high-performance-adhesive\/#primaryimage\"},\"image\":{\"@id\":\"https:\/\/proventuss.eu\/cs\/produkt\/vi-pro-mma-2k-high-performance-adhesive\/#primaryimage\"},\"thumbnailUrl\":\"https:\/\/proventuss.eu\/wp-content\/uploads\/2024\/05\/MG_7383m.jpg\",\"datePublished\":\"2024-05-10T13:17:06+00:00\",\"dateModified\":\"2024-10-09T11:19:54+00:00\",\"breadcrumb\":{\"@id\":\"https:\/\/proventuss.eu\/cs\/produkt\/vi-pro-mma-2k-high-performance-adhesive\/#breadcrumb\"},\"inLanguage\":\"cs\",\"potentialAction\":[{\"@type\":\"ReadAction\",\"target\":[\"https:\/\/proventuss.eu\/cs\/produkt\/vi-pro-mma-2k-high-performance-adhesive\/\"]}]},{\"@type\":\"ImageObject\",\"inLanguage\":\"cs\",\"@id\":\"https:\/\/proventuss.eu\/cs\/produkt\/vi-pro-mma-2k-high-performance-adhesive\/#primaryimage\",\"url\":\"https:\/\/proventuss.eu\/wp-content\/uploads\/2024\/05\/MG_7383m.jpg\",\"contentUrl\":\"https:\/\/proventuss.eu\/wp-content\/uploads\/2024\/05\/MG_7383m.jpg\",\"width\":308,\"height\":1000,\"caption\":\"Na zdj\u0119ciu wysokowytrzyma\u0142y, szybko utwardzaj\u0105cy si\u0119 dwusk\u0142adnikowy system kleju strukturalnego MMA do klejenia m.in. tworzyw termoplastycznych.\"},{\"@type\":\"BreadcrumbList\",\"@id\":\"https:\/\/proventuss.eu\/cs\/produkt\/vi-pro-mma-2k-high-performance-adhesive\/#breadcrumb\",\"itemListElement\":[{\"@type\":\"ListItem\",\"position\":1,\"name\":\"Home\",\"item\":\"https:\/\/proventuss.eu\/\"},{\"@type\":\"ListItem\",\"position\":2,\"name\":\"Produkty\",\"item\":\"https:\/\/proventuss.eu\/produkty\/\"},{\"@type\":\"ListItem\",\"position\":3,\"name\":\"Vi-Pro\u00ae MMA 2K HIGH PERFORMANCE ADHESIVE\"}]},{\"@type\":\"WebSite\",\"@id\":\"https:\/\/proventuss.eu\/#website\",\"url\":\"https:\/\/proventuss.eu\/\",\"name\":\"Proventuss\",\"description\":\"\",\"potentialAction\":[{\"@type\":\"SearchAction\",\"target\":{\"@type\":\"EntryPoint\",\"urlTemplate\":\"https:\/\/proventuss.eu\/?s={search_term_string}\"},\"query-input\":\"required name=search_term_string\"}],\"inLanguage\":\"cs\"}]}<\/script>\n<!-- \/ Yoast SEO plugin. -->","yoast_head_json":{"title":"Vi-Pro\u00ae MMA 2K HIGH PERFORMANCE ADHESIVE - Proventuss","robots":{"index":"index","follow":"follow","max-snippet":"max-snippet:-1","max-image-preview":"max-image-preview:large","max-video-preview":"max-video-preview:-1"},"canonical":"https:\/\/proventuss.eu\/cs\/produkt\/vi-pro-mma-2k-high-performance-adhesive\/","og_locale":"cs_CZ","og_type":"article","og_title":"Vi-Pro\u00ae MMA 2K HIGH PERFORMANCE ADHESIVE - Proventuss","og_description":"Vi-Pro\u00ae MMA 2K HIGH PERFORMANCE ADHESIVE je vysoce pevn\u00fd, rychle tuhnouc\u00ed dvouslo\u017ekov\u00fd struktur\u00e1ln\u00ed lepic\u00ed syst\u00e9m MMA navr\u017een\u00fd tak, aby poskytoval vysokou pevnost spoje a \u00fanavovou pevnost. Je vhodn\u00fd jak pro vypl\u0148ov\u00e1n\u00ed mezer, tak pro vertik\u00e1ln\u00ed povrchov\u00e9 aplikace, p\u0159i\u010dem\u017e poskytuje ur\u010dit\u00fd stupe\u0148 flexibility. Pro lepen\u00ed mimo jin\u00e9: termoplasty, ale tak\u00e9 vynikaj\u00edc\u00ed p\u0159ilnavost ke kompozit\u016fm a mnoha [&hellip;]","og_url":"https:\/\/proventuss.eu\/cs\/produkt\/vi-pro-mma-2k-high-performance-adhesive\/","og_site_name":"Proventuss","article_modified_time":"2024-10-09T11:19:54+00:00","og_image":[{"width":308,"height":1000,"url":"https:\/\/proventuss.eu\/wp-content\/uploads\/2024\/05\/MG_7383m.jpg","type":"image\/jpeg"}],"twitter_card":"summary_large_image","twitter_misc":{"Odhadovan\u00e1 doba \u010dten\u00ed":"1 minuta"},"schema":{"@context":"https:\/\/schema.org","@graph":[{"@type":"WebPage","@id":"https:\/\/proventuss.eu\/cs\/produkt\/vi-pro-mma-2k-high-performance-adhesive\/","url":"https:\/\/proventuss.eu\/cs\/produkt\/vi-pro-mma-2k-high-performance-adhesive\/","name":"Vi-Pro\u00ae MMA 2K HIGH PERFORMANCE ADHESIVE - Proventuss","isPartOf":{"@id":"https:\/\/proventuss.eu\/#website"},"primaryImageOfPage":{"@id":"https:\/\/proventuss.eu\/cs\/produkt\/vi-pro-mma-2k-high-performance-adhesive\/#primaryimage"},"image":{"@id":"https:\/\/proventuss.eu\/cs\/produkt\/vi-pro-mma-2k-high-performance-adhesive\/#primaryimage"},"thumbnailUrl":"https:\/\/proventuss.eu\/wp-content\/uploads\/2024\/05\/MG_7383m.jpg","datePublished":"2024-05-10T13:17:06+00:00","dateModified":"2024-10-09T11:19:54+00:00","breadcrumb":{"@id":"https:\/\/proventuss.eu\/cs\/produkt\/vi-pro-mma-2k-high-performance-adhesive\/#breadcrumb"},"inLanguage":"cs","potentialAction":[{"@type":"ReadAction","target":["https:\/\/proventuss.eu\/cs\/produkt\/vi-pro-mma-2k-high-performance-adhesive\/"]}]},{"@type":"ImageObject","inLanguage":"cs","@id":"https:\/\/proventuss.eu\/cs\/produkt\/vi-pro-mma-2k-high-performance-adhesive\/#primaryimage","url":"https:\/\/proventuss.eu\/wp-content\/uploads\/2024\/05\/MG_7383m.jpg","contentUrl":"https:\/\/proventuss.eu\/wp-content\/uploads\/2024\/05\/MG_7383m.jpg","width":308,"height":1000,"caption":"Na zdj\u0119ciu wysokowytrzyma\u0142y, szybko utwardzaj\u0105cy si\u0119 dwusk\u0142adnikowy system kleju strukturalnego MMA do klejenia m.in. tworzyw termoplastycznych."},{"@type":"BreadcrumbList","@id":"https:\/\/proventuss.eu\/cs\/produkt\/vi-pro-mma-2k-high-performance-adhesive\/#breadcrumb","itemListElement":[{"@type":"ListItem","position":1,"name":"Home","item":"https:\/\/proventuss.eu\/"},{"@type":"ListItem","position":2,"name":"Produkty","item":"https:\/\/proventuss.eu\/produkty\/"},{"@type":"ListItem","position":3,"name":"Vi-Pro\u00ae MMA 2K HIGH PERFORMANCE ADHESIVE"}]},{"@type":"WebSite","@id":"https:\/\/proventuss.eu\/#website","url":"https:\/\/proventuss.eu\/","name":"Proventuss","description":"","potentialAction":[{"@type":"SearchAction","target":{"@type":"EntryPoint","urlTemplate":"https:\/\/proventuss.eu\/?s={search_term_string}"},"query-input":"required name=search_term_string"}],"inLanguage":"cs"}]}},"_links":{"self":[{"href":"https:\/\/proventuss.eu\/cs\/wp-json\/wp\/v2\/product\/15755"}],"collection":[{"href":"https:\/\/proventuss.eu\/cs\/wp-json\/wp\/v2\/product"}],"about":[{"href":"https:\/\/proventuss.eu\/cs\/wp-json\/wp\/v2\/types\/product"}],"replies":[{"embeddable":true,"href":"https:\/\/proventuss.eu\/cs\/wp-json\/wp\/v2\/comments?post=15755"}],"wp:featuredmedia":[{"embeddable":true,"href":"https:\/\/proventuss.eu\/cs\/wp-json\/wp\/v2\/media\/15743"}],"wp:attachment":[{"href":"https:\/\/proventuss.eu\/cs\/wp-json\/wp\/v2\/media?parent=15755"}],"wp:term":[{"taxonomy":"product_cat","embeddable":true,"href":"https:\/\/proventuss.eu\/cs\/wp-json\/wp\/v2\/product_cat?post=15755"},{"taxonomy":"product_tag","embeddable":true,"href":"https:\/\/proventuss.eu\/cs\/wp-json\/wp\/v2\/product_tag?post=15755"}],"curies":[{"name":"wp","href":"https:\/\/api.w.org\/{rel}","templated":true}]}}