{"id":15729,"date":"2024-05-10T13:01:10","date_gmt":"2024-05-10T13:01:10","guid":{"rendered":"https:\/\/proventuss.eu\/produkt\/vi-pro-pu-2k-polyurethane-adhesive\/"},"modified":"2024-11-04T11:54:42","modified_gmt":"2024-11-04T11:54:42","slug":"vi-pro-pu-2k-polyurethane-adhesive","status":"publish","type":"product","link":"https:\/\/proventuss.eu\/cs\/produkt\/vi-pro-pu-2k-polyurethane-adhesive\/","title":{"rendered":"Vi-Pro PU 2K POLYURETHANE ADHESIVE"},"content":{"rendered":"<p><strong>Vi-Pro\u00ae PU 2K POLYURETHAN GLUE<\/strong> je dvouslo\u017ekov\u00e9 reaktivn\u00ed lepidlo na b\u00e1zi polyuretan\u016f pro spojov\u00e1n\u00ed kov\u016f mezi sebou a s jin\u00fdmi materi\u00e1ly a aplik\u00e1tory, jako je d\u0159evo, tvrd\u00e9 PVC a GRP. Lepidlo je vhodn\u00e9 zejm\u00e9na pro lepen\u00ed roh\u016f v konstrukci hlin\u00edkov\u00fdch oken a dve\u0159\u00ed, ale i kontejner\u016f a vozidel. Pokud pou\u017e\u00edv\u00e1te v\u00fdkon, zvolte Vi-Pro\u00ae PU 2K POLYURETANOV\u00c9 GLUE, kompozitn\u00ed prvky s jemn\u00fdm PS, PUR a PVC. Vzhledem k tomu, \u017ee lepidlo neobsahuje l\u00e1tky, je vhodn\u00e9 pro lepen\u00ed lakovan\u00fdch a eloxovan\u00fdch hlin\u00edkov\u00fdch povrch\u016f.<\/p>\n<p>Dvouslo\u017ekov\u00e9 POLYURETANOV\u00c9 GLUE Vi-Pro\u00ae m\u00e1 tvrd\u00fd a odoln\u00fd lepic\u00ed spoj a za\u0159\u00edzen\u00ed spl\u0148uj\u00edc\u00ed z\u00e1kladn\u00ed podm\u00ednky, co\u017e je vynikaj\u00edc\u00ed \u0159e\u0161en\u00ed pro pou\u017eit\u00ed v mnoha r\u016fzn\u00fdch za\u0159\u00edzen\u00edch.<\/p>\n<p><strong>Speci\u00e1ln\u00ed charakteristika:<\/strong><\/p>\n<ul>\n<li>Vysok\u00e1 reten\u010dn\u00ed a smykov\u00e1 pevnost<\/li>\n<li>\u0160irok\u00e9 spektrum p\u0159ilnavosti<\/li>\n<li>Rychl\u00e9 vytvrzen\u00ed<\/li>\n<li>Dobr\u00e9 plnic\u00ed vlastnosti<\/li>\n<li>Stabilita<\/li>\n<li>Lze t\u00f3novat<\/li>\n<li>M\u016f\u017ee b\u00fdt pota\u017een<\/li>\n<\/ul>\n<p><strong>\u00a0<\/strong><\/p>\n<p><strong>Vi-Pro\u00ae PU 2K se pou\u017e\u00edv\u00e1 v r\u016fzn\u00fdch pr\u016fmyslov\u00fdch oblastech:<\/strong><\/p>\n<ul>\n<li>Konstrukce oken, dve\u0159\u00ed a fas\u00e1d<\/li>\n<li>Konstrukce kontejner\u016f a automobil\u016f<\/li>\n<li>Zpracov\u00e1n\u00ed keramiky, um\u011bl\u00e9ho kamene a p\u0159\u00edrodn\u00edho kamene<\/li>\n<li>Obecn\u00e9 kovoobr\u00e1b\u011bn\u00ed<\/li>\n<li>Zpracov\u00e1n\u00ed betonu a stavebn\u00edch materi\u00e1l\u016f<\/li>\n<li>V\u011btrac\u00ed a klimatiza\u010dn\u00ed technika<\/li>\n<li>Technologie izolace a kompozitn\u00edch panel\u016f<\/li>\n<li>Zpracov\u00e1n\u00ed d\u0159eva<\/li>\n<\/ul>\n","protected":false},"excerpt":{"rendered":"<p>Vi-Pro\u00ae PU 2K POLYURETHAN GLUE je dvouslo\u017ekov\u00e9 reaktivn\u00ed lepidlo na b\u00e1zi polyuretan\u016f pro spojov\u00e1n\u00ed kov\u016f mezi sebou a s jin\u00fdmi materi\u00e1ly a aplik\u00e1tory, jako je d\u0159evo, tvrd\u00e9 PVC a GRP. Lepidlo je vhodn\u00e9 zejm\u00e9na pro lepen\u00ed roh\u016f v konstrukci hlin\u00edkov\u00fdch oken a dve\u0159\u00ed, ale i kontejner\u016f a vozidel. Pokud pou\u017e\u00edv\u00e1te v\u00fdkon, zvolte Vi-Pro\u00ae PU 2K [&hellip;]<\/p>\n","protected":false},"featured_media":15842,"comment_status":"open","ping_status":"closed","template":"","meta":{"_acf_changed":false},"product_cat":[315],"product_tag":[],"acf":[],"yoast_head":"<!-- This site is optimized with the Yoast SEO plugin v22.9 - https:\/\/yoast.com\/wordpress\/plugins\/seo\/ -->\n<title>Vi-Pro PU 2K POLYURETHANE ADHESIVE - Proventuss<\/title>\n<meta name=\"robots\" content=\"index, follow, max-snippet:-1, max-image-preview:large, max-video-preview:-1\" \/>\n<link rel=\"canonical\" href=\"https:\/\/proventuss.eu\/cs\/produkt\/vi-pro-pu-2k-polyurethane-adhesive\/\" \/>\n<meta property=\"og:locale\" content=\"cs_CZ\" \/>\n<meta property=\"og:type\" content=\"article\" \/>\n<meta property=\"og:title\" content=\"Vi-Pro PU 2K POLYURETHANE ADHESIVE - Proventuss\" \/>\n<meta property=\"og:description\" content=\"Vi-Pro\u00ae PU 2K POLYURETHAN GLUE je dvouslo\u017ekov\u00e9 reaktivn\u00ed lepidlo na b\u00e1zi polyuretan\u016f pro spojov\u00e1n\u00ed kov\u016f mezi sebou a s jin\u00fdmi materi\u00e1ly a aplik\u00e1tory, jako je d\u0159evo, tvrd\u00e9 PVC a GRP. Lepidlo je vhodn\u00e9 zejm\u00e9na pro lepen\u00ed roh\u016f v konstrukci hlin\u00edkov\u00fdch oken a dve\u0159\u00ed, ale i kontejner\u016f a vozidel. Pokud pou\u017e\u00edv\u00e1te v\u00fdkon, zvolte Vi-Pro\u00ae PU 2K [&hellip;]\" \/>\n<meta property=\"og:url\" content=\"https:\/\/proventuss.eu\/cs\/produkt\/vi-pro-pu-2k-polyurethane-adhesive\/\" \/>\n<meta property=\"og:site_name\" content=\"Proventuss\" \/>\n<meta property=\"article:modified_time\" content=\"2024-11-04T11:54:42+00:00\" \/>\n<meta property=\"og:image\" content=\"https:\/\/proventuss.eu\/wp-content\/uploads\/2024\/05\/MG_7407m.jpg\" \/>\n\t<meta property=\"og:image:width\" content=\"678\" \/>\n\t<meta property=\"og:image:height\" content=\"1445\" \/>\n\t<meta property=\"og:image:type\" content=\"image\/jpeg\" \/>\n<meta name=\"twitter:card\" content=\"summary_large_image\" \/>\n<meta name=\"twitter:label1\" content=\"Odhadovan\u00e1 doba \u010dten\u00ed\" \/>\n\t<meta name=\"twitter:data1\" content=\"2 minuty\" \/>\n<script type=\"application\/ld+json\" class=\"yoast-schema-graph\">{\"@context\":\"https:\/\/schema.org\",\"@graph\":[{\"@type\":\"WebPage\",\"@id\":\"https:\/\/proventuss.eu\/cs\/produkt\/vi-pro-pu-2k-polyurethane-adhesive\/\",\"url\":\"https:\/\/proventuss.eu\/cs\/produkt\/vi-pro-pu-2k-polyurethane-adhesive\/\",\"name\":\"Vi-Pro PU 2K POLYURETHANE ADHESIVE - Proventuss\",\"isPartOf\":{\"@id\":\"https:\/\/proventuss.eu\/#website\"},\"primaryImageOfPage\":{\"@id\":\"https:\/\/proventuss.eu\/cs\/produkt\/vi-pro-pu-2k-polyurethane-adhesive\/#primaryimage\"},\"image\":{\"@id\":\"https:\/\/proventuss.eu\/cs\/produkt\/vi-pro-pu-2k-polyurethane-adhesive\/#primaryimage\"},\"thumbnailUrl\":\"https:\/\/proventuss.eu\/wp-content\/uploads\/2024\/05\/MG_7407m.jpg\",\"datePublished\":\"2024-05-10T13:01:10+00:00\",\"dateModified\":\"2024-11-04T11:54:42+00:00\",\"breadcrumb\":{\"@id\":\"https:\/\/proventuss.eu\/cs\/produkt\/vi-pro-pu-2k-polyurethane-adhesive\/#breadcrumb\"},\"inLanguage\":\"cs\",\"potentialAction\":[{\"@type\":\"ReadAction\",\"target\":[\"https:\/\/proventuss.eu\/cs\/produkt\/vi-pro-pu-2k-polyurethane-adhesive\/\"]}]},{\"@type\":\"ImageObject\",\"inLanguage\":\"cs\",\"@id\":\"https:\/\/proventuss.eu\/cs\/produkt\/vi-pro-pu-2k-polyurethane-adhesive\/#primaryimage\",\"url\":\"https:\/\/proventuss.eu\/wp-content\/uploads\/2024\/05\/MG_7407m.jpg\",\"contentUrl\":\"https:\/\/proventuss.eu\/wp-content\/uploads\/2024\/05\/MG_7407m.jpg\",\"width\":678,\"height\":1445,\"caption\":\"Na zdj\u0119ciu dwusk\u0142adnikowy klej reaktywny przeznaczony do \u0142\u0105czenia metali mi\u0119dzy sob\u0105 oraz z innymi materia\u0142ami, takimi jak drewno, twarde PCV i GRP.\"},{\"@type\":\"BreadcrumbList\",\"@id\":\"https:\/\/proventuss.eu\/cs\/produkt\/vi-pro-pu-2k-polyurethane-adhesive\/#breadcrumb\",\"itemListElement\":[{\"@type\":\"ListItem\",\"position\":1,\"name\":\"Home\",\"item\":\"https:\/\/proventuss.eu\/\"},{\"@type\":\"ListItem\",\"position\":2,\"name\":\"Produkty\",\"item\":\"https:\/\/proventuss.eu\/produkty\/\"},{\"@type\":\"ListItem\",\"position\":3,\"name\":\"Vi-Pro PU 2K POLYURETHANE ADHESIVE\"}]},{\"@type\":\"WebSite\",\"@id\":\"https:\/\/proventuss.eu\/#website\",\"url\":\"https:\/\/proventuss.eu\/\",\"name\":\"Proventuss\",\"description\":\"\",\"potentialAction\":[{\"@type\":\"SearchAction\",\"target\":{\"@type\":\"EntryPoint\",\"urlTemplate\":\"https:\/\/proventuss.eu\/?s={search_term_string}\"},\"query-input\":\"required name=search_term_string\"}],\"inLanguage\":\"cs\"}]}<\/script>\n<!-- \/ Yoast SEO plugin. -->","yoast_head_json":{"title":"Vi-Pro PU 2K POLYURETHANE ADHESIVE - Proventuss","robots":{"index":"index","follow":"follow","max-snippet":"max-snippet:-1","max-image-preview":"max-image-preview:large","max-video-preview":"max-video-preview:-1"},"canonical":"https:\/\/proventuss.eu\/cs\/produkt\/vi-pro-pu-2k-polyurethane-adhesive\/","og_locale":"cs_CZ","og_type":"article","og_title":"Vi-Pro PU 2K POLYURETHANE ADHESIVE - Proventuss","og_description":"Vi-Pro\u00ae PU 2K POLYURETHAN GLUE je dvouslo\u017ekov\u00e9 reaktivn\u00ed lepidlo na b\u00e1zi polyuretan\u016f pro spojov\u00e1n\u00ed kov\u016f mezi sebou a s jin\u00fdmi materi\u00e1ly a aplik\u00e1tory, jako je d\u0159evo, tvrd\u00e9 PVC a GRP. Lepidlo je vhodn\u00e9 zejm\u00e9na pro lepen\u00ed roh\u016f v konstrukci hlin\u00edkov\u00fdch oken a dve\u0159\u00ed, ale i kontejner\u016f a vozidel. Pokud pou\u017e\u00edv\u00e1te v\u00fdkon, zvolte Vi-Pro\u00ae PU 2K [&hellip;]","og_url":"https:\/\/proventuss.eu\/cs\/produkt\/vi-pro-pu-2k-polyurethane-adhesive\/","og_site_name":"Proventuss","article_modified_time":"2024-11-04T11:54:42+00:00","og_image":[{"width":678,"height":1445,"url":"https:\/\/proventuss.eu\/wp-content\/uploads\/2024\/05\/MG_7407m.jpg","type":"image\/jpeg"}],"twitter_card":"summary_large_image","twitter_misc":{"Odhadovan\u00e1 doba \u010dten\u00ed":"2 minuty"},"schema":{"@context":"https:\/\/schema.org","@graph":[{"@type":"WebPage","@id":"https:\/\/proventuss.eu\/cs\/produkt\/vi-pro-pu-2k-polyurethane-adhesive\/","url":"https:\/\/proventuss.eu\/cs\/produkt\/vi-pro-pu-2k-polyurethane-adhesive\/","name":"Vi-Pro PU 2K POLYURETHANE ADHESIVE - Proventuss","isPartOf":{"@id":"https:\/\/proventuss.eu\/#website"},"primaryImageOfPage":{"@id":"https:\/\/proventuss.eu\/cs\/produkt\/vi-pro-pu-2k-polyurethane-adhesive\/#primaryimage"},"image":{"@id":"https:\/\/proventuss.eu\/cs\/produkt\/vi-pro-pu-2k-polyurethane-adhesive\/#primaryimage"},"thumbnailUrl":"https:\/\/proventuss.eu\/wp-content\/uploads\/2024\/05\/MG_7407m.jpg","datePublished":"2024-05-10T13:01:10+00:00","dateModified":"2024-11-04T11:54:42+00:00","breadcrumb":{"@id":"https:\/\/proventuss.eu\/cs\/produkt\/vi-pro-pu-2k-polyurethane-adhesive\/#breadcrumb"},"inLanguage":"cs","potentialAction":[{"@type":"ReadAction","target":["https:\/\/proventuss.eu\/cs\/produkt\/vi-pro-pu-2k-polyurethane-adhesive\/"]}]},{"@type":"ImageObject","inLanguage":"cs","@id":"https:\/\/proventuss.eu\/cs\/produkt\/vi-pro-pu-2k-polyurethane-adhesive\/#primaryimage","url":"https:\/\/proventuss.eu\/wp-content\/uploads\/2024\/05\/MG_7407m.jpg","contentUrl":"https:\/\/proventuss.eu\/wp-content\/uploads\/2024\/05\/MG_7407m.jpg","width":678,"height":1445,"caption":"Na zdj\u0119ciu dwusk\u0142adnikowy klej reaktywny przeznaczony do \u0142\u0105czenia metali mi\u0119dzy sob\u0105 oraz z innymi materia\u0142ami, takimi jak drewno, twarde PCV i GRP."},{"@type":"BreadcrumbList","@id":"https:\/\/proventuss.eu\/cs\/produkt\/vi-pro-pu-2k-polyurethane-adhesive\/#breadcrumb","itemListElement":[{"@type":"ListItem","position":1,"name":"Home","item":"https:\/\/proventuss.eu\/"},{"@type":"ListItem","position":2,"name":"Produkty","item":"https:\/\/proventuss.eu\/produkty\/"},{"@type":"ListItem","position":3,"name":"Vi-Pro PU 2K POLYURETHANE ADHESIVE"}]},{"@type":"WebSite","@id":"https:\/\/proventuss.eu\/#website","url":"https:\/\/proventuss.eu\/","name":"Proventuss","description":"","potentialAction":[{"@type":"SearchAction","target":{"@type":"EntryPoint","urlTemplate":"https:\/\/proventuss.eu\/?s={search_term_string}"},"query-input":"required name=search_term_string"}],"inLanguage":"cs"}]}},"_links":{"self":[{"href":"https:\/\/proventuss.eu\/cs\/wp-json\/wp\/v2\/product\/15729"}],"collection":[{"href":"https:\/\/proventuss.eu\/cs\/wp-json\/wp\/v2\/product"}],"about":[{"href":"https:\/\/proventuss.eu\/cs\/wp-json\/wp\/v2\/types\/product"}],"replies":[{"embeddable":true,"href":"https:\/\/proventuss.eu\/cs\/wp-json\/wp\/v2\/comments?post=15729"}],"wp:featuredmedia":[{"embeddable":true,"href":"https:\/\/proventuss.eu\/cs\/wp-json\/wp\/v2\/media\/15842"}],"wp:attachment":[{"href":"https:\/\/proventuss.eu\/cs\/wp-json\/wp\/v2\/media?parent=15729"}],"wp:term":[{"taxonomy":"product_cat","embeddable":true,"href":"https:\/\/proventuss.eu\/cs\/wp-json\/wp\/v2\/product_cat?post=15729"},{"taxonomy":"product_tag","embeddable":true,"href":"https:\/\/proventuss.eu\/cs\/wp-json\/wp\/v2\/product_tag?post=15729"}],"curies":[{"name":"wp","href":"https:\/\/api.w.org\/{rel}","templated":true}]}}