{"id":15713,"date":"2024-05-10T12:46:46","date_gmt":"2024-05-10T12:46:46","guid":{"rendered":"https:\/\/proventuss.eu\/produkt\/vi-pro-wb-2k-window-bonding-silicone-adhesive\/"},"modified":"2024-08-02T08:49:19","modified_gmt":"2024-08-02T08:49:19","slug":"vi-pro-wb-2k-window-bonding-silicone-adhesive","status":"publish","type":"product","link":"https:\/\/proventuss.eu\/cs\/produkt\/vi-pro-wb-2k-window-bonding-silicone-adhesive\/","title":{"rendered":"Vi-Pro WB 2K WINDOW BONDING SILICONE ADHESIVE"},"content":{"rendered":"<p>Vi-Pro\u00ae WB 2K WINDOW BONDING SILICONE LEPIDLO je rychletuhnouc\u00ed dvouslo\u017ekov\u00e9 silikonov\u00e9 lepidlo pro lepen\u00ed skla do okenn\u00edch a dve\u0159n\u00edch konstrukc\u00ed z hlin\u00edku, PVC, oceli nebo d\u0159eva.<\/p>\n<p>Z\u00e1kladem je hladk\u00e1 b\u00edl\u00e1 pasta a tu\u017eidlo \u010dern\u00e1 pasta. Po sm\u00edch\u00e1n\u00ed materi\u00e1l vytvrdne a vytvo\u0159\u00ed flexibiln\u00ed, vysokomodulovou silikonovou pry\u017e, vhodnou pro pou\u017eit\u00ed p\u0159i lepen\u00ed oken a dve\u0159\u00ed. Je perfektn\u00ed pro zpevn\u011bn\u00ed velkorozm\u011brov\u00fdch okenn\u00edch a dve\u0159n\u00edch konstrukc\u00ed, stejn\u011b jako pro bezpe\u010dn\u00e9 zasklen\u00ed oken a dve\u0159\u00ed proti vloup\u00e1n\u00ed.<\/p>\n<p>Dvouslo\u017ekov\u00e9 slo\u017een\u00ed umo\u017e\u0148uje rychlou dobu tuhnut\u00ed, co\u017e zvy\u0161uje efektivitu v\u00fdroby a umo\u017e\u0148uje aplikaci v m\u00edstech s obt\u00ed\u017en\u00fdm p\u0159\u00edstupem vlhkosti. Vi-Pro\u00ae WB 2K je tak\u00e9 vhodn\u00fd pro v\u00fdrobu panelov\u00fdch dve\u0159\u00ed, zaji\u0161\u0165uje rychl\u00e9 a odoln\u00e9 spojen\u00ed.<\/p>\n<p>HLAVN\u00cd V\u00ddHODY:<br \/>\n&#8211; Doba tuhnut\u00ed 6-18 minut v z\u00e1vislosti na m\u00eds\u00edc\u00edm pom\u011bru<br \/>\n&#8211; Odolnost silikonu &#8211; v\u00fdborn\u00e1 odolnost v\u016f\u010di pov\u011btrnostn\u00edm vliv\u016fm<br \/>\n&#8211; Neutr\u00e1ln\u00ed vytvrzen\u00ed &#8211; vynikaj\u00edc\u00ed p\u0159ilnavost bez z\u00e1kladn\u00edho n\u00e1t\u011bru k \u0161irok\u00e9 \u0161k\u00e1le podklad\u016f, v\u010detn\u011b pota\u017een\u00fdch, smaltovan\u00fdch a reflexn\u00edch skel; eloxovan\u00e9 a polyesterem pota\u017een\u00e9 nebo lakovan\u00e9 hlin\u00edkov\u00e9 profily, v\u010detn\u011b v\u011bt\u0161iny barev na b\u00e1zi fluoropolymer\u016f.<br \/>\n&#8211; Dostupnost vhodn\u00fdch Vi-Pro\u00ae primer\u016f a primer\u016f pro povrchy vy\u017eaduj\u00edc\u00ed zv\u00fd\u0161enou p\u0159ilnavost.<\/p>\n","protected":false},"excerpt":{"rendered":"<p>Vi-Pro\u00ae WB 2K WINDOW BONDING SILICONE LEPIDLO je rychletuhnouc\u00ed dvouslo\u017ekov\u00e9 silikonov\u00e9 lepidlo pro lepen\u00ed skla do okenn\u00edch a dve\u0159n\u00edch konstrukc\u00ed z hlin\u00edku, PVC, oceli nebo d\u0159eva. Z\u00e1kladem je hladk\u00e1 b\u00edl\u00e1 pasta a tu\u017eidlo \u010dern\u00e1 pasta. Po sm\u00edch\u00e1n\u00ed materi\u00e1l vytvrdne a vytvo\u0159\u00ed flexibiln\u00ed, vysokomodulovou silikonovou pry\u017e, vhodnou pro pou\u017eit\u00ed p\u0159i lepen\u00ed oken a dve\u0159\u00ed. Je perfektn\u00ed [&hellip;]<\/p>\n","protected":false},"featured_media":15703,"comment_status":"open","ping_status":"closed","template":"","meta":{"_acf_changed":false},"product_cat":[315],"product_tag":[],"acf":[],"yoast_head":"<!-- This site is optimized with the Yoast SEO plugin v22.9 - https:\/\/yoast.com\/wordpress\/plugins\/seo\/ -->\n<title>Vi-Pro WB 2K WINDOW BONDING SILICONE ADHESIVE - Proventuss<\/title>\n<meta name=\"robots\" content=\"index, follow, max-snippet:-1, max-image-preview:large, max-video-preview:-1\" \/>\n<link rel=\"canonical\" href=\"https:\/\/proventuss.eu\/cs\/produkt\/vi-pro-wb-2k-window-bonding-silicone-adhesive\/\" \/>\n<meta property=\"og:locale\" content=\"cs_CZ\" \/>\n<meta property=\"og:type\" content=\"article\" \/>\n<meta property=\"og:title\" content=\"Vi-Pro WB 2K WINDOW BONDING SILICONE ADHESIVE - Proventuss\" \/>\n<meta property=\"og:description\" content=\"Vi-Pro\u00ae WB 2K WINDOW BONDING SILICONE LEPIDLO je rychletuhnouc\u00ed dvouslo\u017ekov\u00e9 silikonov\u00e9 lepidlo pro lepen\u00ed skla do okenn\u00edch a dve\u0159n\u00edch konstrukc\u00ed z hlin\u00edku, PVC, oceli nebo d\u0159eva. Z\u00e1kladem je hladk\u00e1 b\u00edl\u00e1 pasta a tu\u017eidlo \u010dern\u00e1 pasta. Po sm\u00edch\u00e1n\u00ed materi\u00e1l vytvrdne a vytvo\u0159\u00ed flexibiln\u00ed, vysokomodulovou silikonovou pry\u017e, vhodnou pro pou\u017eit\u00ed p\u0159i lepen\u00ed oken a dve\u0159\u00ed. Je perfektn\u00ed [&hellip;]\" \/>\n<meta property=\"og:url\" content=\"https:\/\/proventuss.eu\/cs\/produkt\/vi-pro-wb-2k-window-bonding-silicone-adhesive\/\" \/>\n<meta property=\"og:site_name\" content=\"Proventuss\" \/>\n<meta property=\"article:modified_time\" content=\"2024-08-02T08:49:19+00:00\" \/>\n<meta property=\"og:image\" content=\"https:\/\/proventuss.eu\/wp-content\/uploads\/2024\/05\/MG_7395m.png\" \/>\n\t<meta property=\"og:image:width\" content=\"368\" \/>\n\t<meta property=\"og:image:height\" content=\"1000\" \/>\n\t<meta property=\"og:image:type\" content=\"image\/png\" \/>\n<meta name=\"twitter:card\" content=\"summary_large_image\" \/>\n<meta name=\"twitter:label1\" content=\"Odhadovan\u00e1 doba \u010dten\u00ed\" \/>\n\t<meta name=\"twitter:data1\" content=\"2 minuty\" \/>\n<script type=\"application\/ld+json\" class=\"yoast-schema-graph\">{\"@context\":\"https:\/\/schema.org\",\"@graph\":[{\"@type\":\"WebPage\",\"@id\":\"https:\/\/proventuss.eu\/cs\/produkt\/vi-pro-wb-2k-window-bonding-silicone-adhesive\/\",\"url\":\"https:\/\/proventuss.eu\/cs\/produkt\/vi-pro-wb-2k-window-bonding-silicone-adhesive\/\",\"name\":\"Vi-Pro WB 2K WINDOW BONDING SILICONE ADHESIVE - Proventuss\",\"isPartOf\":{\"@id\":\"https:\/\/proventuss.eu\/#website\"},\"primaryImageOfPage\":{\"@id\":\"https:\/\/proventuss.eu\/cs\/produkt\/vi-pro-wb-2k-window-bonding-silicone-adhesive\/#primaryimage\"},\"image\":{\"@id\":\"https:\/\/proventuss.eu\/cs\/produkt\/vi-pro-wb-2k-window-bonding-silicone-adhesive\/#primaryimage\"},\"thumbnailUrl\":\"https:\/\/proventuss.eu\/wp-content\/uploads\/2024\/05\/MG_7395m.png\",\"datePublished\":\"2024-05-10T12:46:46+00:00\",\"dateModified\":\"2024-08-02T08:49:19+00:00\",\"breadcrumb\":{\"@id\":\"https:\/\/proventuss.eu\/cs\/produkt\/vi-pro-wb-2k-window-bonding-silicone-adhesive\/#breadcrumb\"},\"inLanguage\":\"cs\",\"potentialAction\":[{\"@type\":\"ReadAction\",\"target\":[\"https:\/\/proventuss.eu\/cs\/produkt\/vi-pro-wb-2k-window-bonding-silicone-adhesive\/\"]}]},{\"@type\":\"ImageObject\",\"inLanguage\":\"cs\",\"@id\":\"https:\/\/proventuss.eu\/cs\/produkt\/vi-pro-wb-2k-window-bonding-silicone-adhesive\/#primaryimage\",\"url\":\"https:\/\/proventuss.eu\/wp-content\/uploads\/2024\/05\/MG_7395m.png\",\"contentUrl\":\"https:\/\/proventuss.eu\/wp-content\/uploads\/2024\/05\/MG_7395m.png\",\"width\":368,\"height\":1000,\"caption\":\"Na zdj\u0119ciu szybkowi\u0105\u017c\u0105cy dwusk\u0142adnikowy klej silikonowy do wklejania szyb w konstrukcje okien i drzwi wykonanych z aluminium, PCV, stali lub drewna.\"},{\"@type\":\"BreadcrumbList\",\"@id\":\"https:\/\/proventuss.eu\/cs\/produkt\/vi-pro-wb-2k-window-bonding-silicone-adhesive\/#breadcrumb\",\"itemListElement\":[{\"@type\":\"ListItem\",\"position\":1,\"name\":\"Home\",\"item\":\"https:\/\/proventuss.eu\/\"},{\"@type\":\"ListItem\",\"position\":2,\"name\":\"Produkty\",\"item\":\"https:\/\/proventuss.eu\/produkty\/\"},{\"@type\":\"ListItem\",\"position\":3,\"name\":\"Vi-Pro WB 2K WINDOW BONDING SILICONE ADHESIVE\"}]},{\"@type\":\"WebSite\",\"@id\":\"https:\/\/proventuss.eu\/#website\",\"url\":\"https:\/\/proventuss.eu\/\",\"name\":\"Proventuss\",\"description\":\"\",\"potentialAction\":[{\"@type\":\"SearchAction\",\"target\":{\"@type\":\"EntryPoint\",\"urlTemplate\":\"https:\/\/proventuss.eu\/?s={search_term_string}\"},\"query-input\":\"required name=search_term_string\"}],\"inLanguage\":\"cs\"}]}<\/script>\n<!-- \/ Yoast SEO plugin. -->","yoast_head_json":{"title":"Vi-Pro WB 2K WINDOW BONDING SILICONE ADHESIVE - Proventuss","robots":{"index":"index","follow":"follow","max-snippet":"max-snippet:-1","max-image-preview":"max-image-preview:large","max-video-preview":"max-video-preview:-1"},"canonical":"https:\/\/proventuss.eu\/cs\/produkt\/vi-pro-wb-2k-window-bonding-silicone-adhesive\/","og_locale":"cs_CZ","og_type":"article","og_title":"Vi-Pro WB 2K WINDOW BONDING SILICONE ADHESIVE - Proventuss","og_description":"Vi-Pro\u00ae WB 2K WINDOW BONDING SILICONE LEPIDLO je rychletuhnouc\u00ed dvouslo\u017ekov\u00e9 silikonov\u00e9 lepidlo pro lepen\u00ed skla do okenn\u00edch a dve\u0159n\u00edch konstrukc\u00ed z hlin\u00edku, PVC, oceli nebo d\u0159eva. Z\u00e1kladem je hladk\u00e1 b\u00edl\u00e1 pasta a tu\u017eidlo \u010dern\u00e1 pasta. Po sm\u00edch\u00e1n\u00ed materi\u00e1l vytvrdne a vytvo\u0159\u00ed flexibiln\u00ed, vysokomodulovou silikonovou pry\u017e, vhodnou pro pou\u017eit\u00ed p\u0159i lepen\u00ed oken a dve\u0159\u00ed. Je perfektn\u00ed [&hellip;]","og_url":"https:\/\/proventuss.eu\/cs\/produkt\/vi-pro-wb-2k-window-bonding-silicone-adhesive\/","og_site_name":"Proventuss","article_modified_time":"2024-08-02T08:49:19+00:00","og_image":[{"width":368,"height":1000,"url":"https:\/\/proventuss.eu\/wp-content\/uploads\/2024\/05\/MG_7395m.png","type":"image\/png"}],"twitter_card":"summary_large_image","twitter_misc":{"Odhadovan\u00e1 doba \u010dten\u00ed":"2 minuty"},"schema":{"@context":"https:\/\/schema.org","@graph":[{"@type":"WebPage","@id":"https:\/\/proventuss.eu\/cs\/produkt\/vi-pro-wb-2k-window-bonding-silicone-adhesive\/","url":"https:\/\/proventuss.eu\/cs\/produkt\/vi-pro-wb-2k-window-bonding-silicone-adhesive\/","name":"Vi-Pro WB 2K WINDOW BONDING SILICONE ADHESIVE - Proventuss","isPartOf":{"@id":"https:\/\/proventuss.eu\/#website"},"primaryImageOfPage":{"@id":"https:\/\/proventuss.eu\/cs\/produkt\/vi-pro-wb-2k-window-bonding-silicone-adhesive\/#primaryimage"},"image":{"@id":"https:\/\/proventuss.eu\/cs\/produkt\/vi-pro-wb-2k-window-bonding-silicone-adhesive\/#primaryimage"},"thumbnailUrl":"https:\/\/proventuss.eu\/wp-content\/uploads\/2024\/05\/MG_7395m.png","datePublished":"2024-05-10T12:46:46+00:00","dateModified":"2024-08-02T08:49:19+00:00","breadcrumb":{"@id":"https:\/\/proventuss.eu\/cs\/produkt\/vi-pro-wb-2k-window-bonding-silicone-adhesive\/#breadcrumb"},"inLanguage":"cs","potentialAction":[{"@type":"ReadAction","target":["https:\/\/proventuss.eu\/cs\/produkt\/vi-pro-wb-2k-window-bonding-silicone-adhesive\/"]}]},{"@type":"ImageObject","inLanguage":"cs","@id":"https:\/\/proventuss.eu\/cs\/produkt\/vi-pro-wb-2k-window-bonding-silicone-adhesive\/#primaryimage","url":"https:\/\/proventuss.eu\/wp-content\/uploads\/2024\/05\/MG_7395m.png","contentUrl":"https:\/\/proventuss.eu\/wp-content\/uploads\/2024\/05\/MG_7395m.png","width":368,"height":1000,"caption":"Na zdj\u0119ciu szybkowi\u0105\u017c\u0105cy dwusk\u0142adnikowy klej silikonowy do wklejania szyb w konstrukcje okien i drzwi wykonanych z aluminium, PCV, stali lub drewna."},{"@type":"BreadcrumbList","@id":"https:\/\/proventuss.eu\/cs\/produkt\/vi-pro-wb-2k-window-bonding-silicone-adhesive\/#breadcrumb","itemListElement":[{"@type":"ListItem","position":1,"name":"Home","item":"https:\/\/proventuss.eu\/"},{"@type":"ListItem","position":2,"name":"Produkty","item":"https:\/\/proventuss.eu\/produkty\/"},{"@type":"ListItem","position":3,"name":"Vi-Pro WB 2K WINDOW BONDING SILICONE ADHESIVE"}]},{"@type":"WebSite","@id":"https:\/\/proventuss.eu\/#website","url":"https:\/\/proventuss.eu\/","name":"Proventuss","description":"","potentialAction":[{"@type":"SearchAction","target":{"@type":"EntryPoint","urlTemplate":"https:\/\/proventuss.eu\/?s={search_term_string}"},"query-input":"required name=search_term_string"}],"inLanguage":"cs"}]}},"_links":{"self":[{"href":"https:\/\/proventuss.eu\/cs\/wp-json\/wp\/v2\/product\/15713"}],"collection":[{"href":"https:\/\/proventuss.eu\/cs\/wp-json\/wp\/v2\/product"}],"about":[{"href":"https:\/\/proventuss.eu\/cs\/wp-json\/wp\/v2\/types\/product"}],"replies":[{"embeddable":true,"href":"https:\/\/proventuss.eu\/cs\/wp-json\/wp\/v2\/comments?post=15713"}],"wp:featuredmedia":[{"embeddable":true,"href":"https:\/\/proventuss.eu\/cs\/wp-json\/wp\/v2\/media\/15703"}],"wp:attachment":[{"href":"https:\/\/proventuss.eu\/cs\/wp-json\/wp\/v2\/media?parent=15713"}],"wp:term":[{"taxonomy":"product_cat","embeddable":true,"href":"https:\/\/proventuss.eu\/cs\/wp-json\/wp\/v2\/product_cat?post=15713"},{"taxonomy":"product_tag","embeddable":true,"href":"https:\/\/proventuss.eu\/cs\/wp-json\/wp\/v2\/product_tag?post=15713"}],"curies":[{"name":"wp","href":"https:\/\/api.w.org\/{rel}","templated":true}]}}