{"id":15661,"date":"2024-04-25T09:06:48","date_gmt":"2024-04-25T09:06:48","guid":{"rendered":"https:\/\/proventuss.eu\/produkt\/dupont-insta-stik-flex\/"},"modified":"2024-11-27T08:44:19","modified_gmt":"2024-11-27T08:44:19","slug":"dupont-insta-stik-flex","status":"publish","type":"product","link":"https:\/\/proventuss.eu\/cs\/produkt\/dupont-insta-stik-flex\/","title":{"rendered":"DuPont\u2122 Insta Stik\u2122 Flex+"},"content":{"rendered":"<p>Du Pont\u2122 Insta Stik\u2122 Flex+ je trvale pru\u017en\u00e1, odoln\u00e1 p\u011bna pro t\u011bsnou mont\u00e1\u017e oken a dve\u0159\u00ed, kter\u00e1 nevy\u017eaduje pou\u017eit\u00ed vnit\u0159n\u00ed p\u00e1sky nebo parot\u011bsn\u00e9 f\u00f3lie.<\/p>\n<p>DuPont\u2122 Insta Stik\u2122 Flex+ je vlhkost\u00ed vytvrzovan\u00e1, ohnivzdorn\u00e1, jednoslo\u017ekov\u00e1 polyuretanov\u00e1 p\u011bna. Pou\u017e\u00edv\u00e1 se hlavn\u011b pro odolnou, t\u011bsnou mont\u00e1\u017e oken a dve\u0159\u00ed.<\/p>\n<p>D\u00edky sv\u00e9 p\u016fsobiv\u00e9 flexibilit\u011b se vyrovn\u00e1v\u00e1 s pohyby okenn\u00edho r\u00e1mu zp\u016fsoben\u00e9 zm\u011bnami teplot a zat\u00ed\u017een\u00edm v\u011btrem, ani\u017e by se zhor\u0161ila t\u011bsnost. Krom\u011b toho m\u00e1 t\u011bsnic\u00ed p\u011bna dobr\u00e9 akustick\u00e9 a tepeln\u011b izola\u010dn\u00ed vlastnosti.<\/p>\n<p>Certifikovan\u00e1 nejvy\u0161\u0161\u00ed t\u0159\u00edda t\u011bsnosti 4, p\u0159i 600 Pa v souladu s normami EN 12207:2016 a EN 1026:2016, dosa\u017een\u00e1 bez vnit\u0159n\u00ed p\u00e1sky.\u201c (ITB: KOT \u2013 2023\/2465 vyd\u00e1n\u00ed 1).<\/p>\n<p>V\u00ddHODY:<br \/>\n&#8211; Vysok\u00e1 \u00fa\u010dinnost a dlouhotrvaj\u00edc\u00ed t\u011bsnost.<br \/>\n&#8211; Dobr\u00e9 akustick\u00e9 a tepeln\u011b izola\u010dn\u00ed vlastnosti.<br \/>\n&#8211; 25 let z\u00e1ruka.<br \/>\n&#8211; Sn\u00ed\u017een\u00ed \u010dasu a materi\u00e1l\u016f pot\u0159ebn\u00fdch pro t\u011bsnou instalaci.<br \/>\n&#8211; Vlastnosti zpomaluj\u00edc\u00ed ho\u0159en\u00ed.<\/p>\n","protected":false},"excerpt":{"rendered":"<p>Du Pont\u2122 Insta Stik\u2122 Flex+ je trvale pru\u017en\u00e1, odoln\u00e1 p\u011bna pro t\u011bsnou mont\u00e1\u017e oken a dve\u0159\u00ed, kter\u00e1 nevy\u017eaduje pou\u017eit\u00ed vnit\u0159n\u00ed p\u00e1sky nebo parot\u011bsn\u00e9 f\u00f3lie. DuPont\u2122 Insta Stik\u2122 Flex+ je vlhkost\u00ed vytvrzovan\u00e1, ohnivzdorn\u00e1, jednoslo\u017ekov\u00e1 polyuretanov\u00e1 p\u011bna. Pou\u017e\u00edv\u00e1 se hlavn\u011b pro odolnou, t\u011bsnou mont\u00e1\u017e oken a dve\u0159\u00ed. D\u00edky sv\u00e9 p\u016fsobiv\u00e9 flexibilit\u011b se vyrovn\u00e1v\u00e1 s pohyby okenn\u00edho r\u00e1mu [&hellip;]<\/p>\n","protected":false},"featured_media":17523,"comment_status":"open","ping_status":"closed","template":"","meta":{"_acf_changed":false},"product_cat":[319,315],"product_tag":[],"acf":[],"yoast_head":"<!-- This site is optimized with the Yoast SEO plugin v22.9 - https:\/\/yoast.com\/wordpress\/plugins\/seo\/ -->\n<title>DuPont\u2122 Insta Stik\u2122 Flex+ - Proventuss<\/title>\n<meta name=\"robots\" content=\"index, follow, max-snippet:-1, max-image-preview:large, max-video-preview:-1\" \/>\n<link rel=\"canonical\" href=\"https:\/\/proventuss.eu\/cs\/produkt\/dupont-insta-stik-flex\/\" \/>\n<meta property=\"og:locale\" content=\"cs_CZ\" \/>\n<meta property=\"og:type\" content=\"article\" \/>\n<meta property=\"og:title\" content=\"DuPont\u2122 Insta Stik\u2122 Flex+ - Proventuss\" \/>\n<meta property=\"og:description\" content=\"Du Pont\u2122 Insta Stik\u2122 Flex+ je trvale pru\u017en\u00e1, odoln\u00e1 p\u011bna pro t\u011bsnou mont\u00e1\u017e oken a dve\u0159\u00ed, kter\u00e1 nevy\u017eaduje pou\u017eit\u00ed vnit\u0159n\u00ed p\u00e1sky nebo parot\u011bsn\u00e9 f\u00f3lie. DuPont\u2122 Insta Stik\u2122 Flex+ je vlhkost\u00ed vytvrzovan\u00e1, ohnivzdorn\u00e1, jednoslo\u017ekov\u00e1 polyuretanov\u00e1 p\u011bna. Pou\u017e\u00edv\u00e1 se hlavn\u011b pro odolnou, t\u011bsnou mont\u00e1\u017e oken a dve\u0159\u00ed. D\u00edky sv\u00e9 p\u016fsobiv\u00e9 flexibilit\u011b se vyrovn\u00e1v\u00e1 s pohyby okenn\u00edho r\u00e1mu [&hellip;]\" \/>\n<meta property=\"og:url\" content=\"https:\/\/proventuss.eu\/cs\/produkt\/dupont-insta-stik-flex\/\" \/>\n<meta property=\"og:site_name\" content=\"Proventuss\" \/>\n<meta property=\"article:modified_time\" content=\"2024-11-27T08:44:19+00:00\" \/>\n<meta property=\"og:image\" content=\"https:\/\/proventuss.eu\/wp-content\/uploads\/2024\/04\/DuPont-Insta-Stik-Flex-2.png\" \/>\n\t<meta property=\"og:image:width\" content=\"588\" \/>\n\t<meta property=\"og:image:height\" content=\"672\" \/>\n\t<meta property=\"og:image:type\" content=\"image\/png\" \/>\n<meta name=\"twitter:card\" content=\"summary_large_image\" \/>\n<meta name=\"twitter:label1\" content=\"Odhadovan\u00e1 doba \u010dten\u00ed\" \/>\n\t<meta name=\"twitter:data1\" content=\"1 minuta\" \/>\n<script type=\"application\/ld+json\" class=\"yoast-schema-graph\">{\"@context\":\"https:\/\/schema.org\",\"@graph\":[{\"@type\":\"WebPage\",\"@id\":\"https:\/\/proventuss.eu\/cs\/produkt\/dupont-insta-stik-flex\/\",\"url\":\"https:\/\/proventuss.eu\/cs\/produkt\/dupont-insta-stik-flex\/\",\"name\":\"DuPont\u2122 Insta Stik\u2122 Flex+ - Proventuss\",\"isPartOf\":{\"@id\":\"https:\/\/proventuss.eu\/#website\"},\"primaryImageOfPage\":{\"@id\":\"https:\/\/proventuss.eu\/cs\/produkt\/dupont-insta-stik-flex\/#primaryimage\"},\"image\":{\"@id\":\"https:\/\/proventuss.eu\/cs\/produkt\/dupont-insta-stik-flex\/#primaryimage\"},\"thumbnailUrl\":\"https:\/\/proventuss.eu\/wp-content\/uploads\/2024\/04\/DuPont-Insta-Stik-Flex-2.png\",\"datePublished\":\"2024-04-25T09:06:48+00:00\",\"dateModified\":\"2024-11-27T08:44:19+00:00\",\"breadcrumb\":{\"@id\":\"https:\/\/proventuss.eu\/cs\/produkt\/dupont-insta-stik-flex\/#breadcrumb\"},\"inLanguage\":\"cs\",\"potentialAction\":[{\"@type\":\"ReadAction\",\"target\":[\"https:\/\/proventuss.eu\/cs\/produkt\/dupont-insta-stik-flex\/\"]}]},{\"@type\":\"ImageObject\",\"inLanguage\":\"cs\",\"@id\":\"https:\/\/proventuss.eu\/cs\/produkt\/dupont-insta-stik-flex\/#primaryimage\",\"url\":\"https:\/\/proventuss.eu\/wp-content\/uploads\/2024\/04\/DuPont-Insta-Stik-Flex-2.png\",\"contentUrl\":\"https:\/\/proventuss.eu\/wp-content\/uploads\/2024\/04\/DuPont-Insta-Stik-Flex-2.png\",\"width\":588,\"height\":672,\"caption\":\"Piana DuPont InstaStik Flex Plus stosowana do trwa\u0142ego, szczelnego monta\u017cu okien i drzwi. Wykazuje dobre w\u0142a\u015bciwo\u015bci akustyczne i termoizolacyjne.\"},{\"@type\":\"BreadcrumbList\",\"@id\":\"https:\/\/proventuss.eu\/cs\/produkt\/dupont-insta-stik-flex\/#breadcrumb\",\"itemListElement\":[{\"@type\":\"ListItem\",\"position\":1,\"name\":\"Home\",\"item\":\"https:\/\/proventuss.eu\/\"},{\"@type\":\"ListItem\",\"position\":2,\"name\":\"Produkty\",\"item\":\"https:\/\/proventuss.eu\/produkty\/\"},{\"@type\":\"ListItem\",\"position\":3,\"name\":\"DuPont\u2122 Insta Stik\u2122 Flex+\"}]},{\"@type\":\"WebSite\",\"@id\":\"https:\/\/proventuss.eu\/#website\",\"url\":\"https:\/\/proventuss.eu\/\",\"name\":\"Proventuss\",\"description\":\"\",\"potentialAction\":[{\"@type\":\"SearchAction\",\"target\":{\"@type\":\"EntryPoint\",\"urlTemplate\":\"https:\/\/proventuss.eu\/?s={search_term_string}\"},\"query-input\":\"required name=search_term_string\"}],\"inLanguage\":\"cs\"}]}<\/script>\n<!-- \/ Yoast SEO plugin. -->","yoast_head_json":{"title":"DuPont\u2122 Insta Stik\u2122 Flex+ - Proventuss","robots":{"index":"index","follow":"follow","max-snippet":"max-snippet:-1","max-image-preview":"max-image-preview:large","max-video-preview":"max-video-preview:-1"},"canonical":"https:\/\/proventuss.eu\/cs\/produkt\/dupont-insta-stik-flex\/","og_locale":"cs_CZ","og_type":"article","og_title":"DuPont\u2122 Insta Stik\u2122 Flex+ - Proventuss","og_description":"Du Pont\u2122 Insta Stik\u2122 Flex+ je trvale pru\u017en\u00e1, odoln\u00e1 p\u011bna pro t\u011bsnou mont\u00e1\u017e oken a dve\u0159\u00ed, kter\u00e1 nevy\u017eaduje pou\u017eit\u00ed vnit\u0159n\u00ed p\u00e1sky nebo parot\u011bsn\u00e9 f\u00f3lie. DuPont\u2122 Insta Stik\u2122 Flex+ je vlhkost\u00ed vytvrzovan\u00e1, ohnivzdorn\u00e1, jednoslo\u017ekov\u00e1 polyuretanov\u00e1 p\u011bna. Pou\u017e\u00edv\u00e1 se hlavn\u011b pro odolnou, t\u011bsnou mont\u00e1\u017e oken a dve\u0159\u00ed. D\u00edky sv\u00e9 p\u016fsobiv\u00e9 flexibilit\u011b se vyrovn\u00e1v\u00e1 s pohyby okenn\u00edho r\u00e1mu [&hellip;]","og_url":"https:\/\/proventuss.eu\/cs\/produkt\/dupont-insta-stik-flex\/","og_site_name":"Proventuss","article_modified_time":"2024-11-27T08:44:19+00:00","og_image":[{"width":588,"height":672,"url":"https:\/\/proventuss.eu\/wp-content\/uploads\/2024\/04\/DuPont-Insta-Stik-Flex-2.png","type":"image\/png"}],"twitter_card":"summary_large_image","twitter_misc":{"Odhadovan\u00e1 doba \u010dten\u00ed":"1 minuta"},"schema":{"@context":"https:\/\/schema.org","@graph":[{"@type":"WebPage","@id":"https:\/\/proventuss.eu\/cs\/produkt\/dupont-insta-stik-flex\/","url":"https:\/\/proventuss.eu\/cs\/produkt\/dupont-insta-stik-flex\/","name":"DuPont\u2122 Insta Stik\u2122 Flex+ - Proventuss","isPartOf":{"@id":"https:\/\/proventuss.eu\/#website"},"primaryImageOfPage":{"@id":"https:\/\/proventuss.eu\/cs\/produkt\/dupont-insta-stik-flex\/#primaryimage"},"image":{"@id":"https:\/\/proventuss.eu\/cs\/produkt\/dupont-insta-stik-flex\/#primaryimage"},"thumbnailUrl":"https:\/\/proventuss.eu\/wp-content\/uploads\/2024\/04\/DuPont-Insta-Stik-Flex-2.png","datePublished":"2024-04-25T09:06:48+00:00","dateModified":"2024-11-27T08:44:19+00:00","breadcrumb":{"@id":"https:\/\/proventuss.eu\/cs\/produkt\/dupont-insta-stik-flex\/#breadcrumb"},"inLanguage":"cs","potentialAction":[{"@type":"ReadAction","target":["https:\/\/proventuss.eu\/cs\/produkt\/dupont-insta-stik-flex\/"]}]},{"@type":"ImageObject","inLanguage":"cs","@id":"https:\/\/proventuss.eu\/cs\/produkt\/dupont-insta-stik-flex\/#primaryimage","url":"https:\/\/proventuss.eu\/wp-content\/uploads\/2024\/04\/DuPont-Insta-Stik-Flex-2.png","contentUrl":"https:\/\/proventuss.eu\/wp-content\/uploads\/2024\/04\/DuPont-Insta-Stik-Flex-2.png","width":588,"height":672,"caption":"Piana DuPont InstaStik Flex Plus stosowana do trwa\u0142ego, szczelnego monta\u017cu okien i drzwi. Wykazuje dobre w\u0142a\u015bciwo\u015bci akustyczne i termoizolacyjne."},{"@type":"BreadcrumbList","@id":"https:\/\/proventuss.eu\/cs\/produkt\/dupont-insta-stik-flex\/#breadcrumb","itemListElement":[{"@type":"ListItem","position":1,"name":"Home","item":"https:\/\/proventuss.eu\/"},{"@type":"ListItem","position":2,"name":"Produkty","item":"https:\/\/proventuss.eu\/produkty\/"},{"@type":"ListItem","position":3,"name":"DuPont\u2122 Insta Stik\u2122 Flex+"}]},{"@type":"WebSite","@id":"https:\/\/proventuss.eu\/#website","url":"https:\/\/proventuss.eu\/","name":"Proventuss","description":"","potentialAction":[{"@type":"SearchAction","target":{"@type":"EntryPoint","urlTemplate":"https:\/\/proventuss.eu\/?s={search_term_string}"},"query-input":"required name=search_term_string"}],"inLanguage":"cs"}]}},"_links":{"self":[{"href":"https:\/\/proventuss.eu\/cs\/wp-json\/wp\/v2\/product\/15661"}],"collection":[{"href":"https:\/\/proventuss.eu\/cs\/wp-json\/wp\/v2\/product"}],"about":[{"href":"https:\/\/proventuss.eu\/cs\/wp-json\/wp\/v2\/types\/product"}],"replies":[{"embeddable":true,"href":"https:\/\/proventuss.eu\/cs\/wp-json\/wp\/v2\/comments?post=15661"}],"wp:featuredmedia":[{"embeddable":true,"href":"https:\/\/proventuss.eu\/cs\/wp-json\/wp\/v2\/media\/17523"}],"wp:attachment":[{"href":"https:\/\/proventuss.eu\/cs\/wp-json\/wp\/v2\/media?parent=15661"}],"wp:term":[{"taxonomy":"product_cat","embeddable":true,"href":"https:\/\/proventuss.eu\/cs\/wp-json\/wp\/v2\/product_cat?post=15661"},{"taxonomy":"product_tag","embeddable":true,"href":"https:\/\/proventuss.eu\/cs\/wp-json\/wp\/v2\/product_tag?post=15661"}],"curies":[{"name":"wp","href":"https:\/\/api.w.org\/{rel}","templated":true}]}}