{"id":12545,"date":"2023-03-22T10:56:20","date_gmt":"2023-03-22T10:56:20","guid":{"rendered":"https:\/\/proventuss.eu\/produkt\/graco-battery-pump\/"},"modified":"2023-04-12T13:53:25","modified_gmt":"2023-04-12T13:53:25","slug":"graco-battery-pump","status":"publish","type":"product","link":"https:\/\/proventuss.eu\/cs\/produkt\/graco-battery-pump\/","title":{"rendered":"GRACO battery pump"},"content":{"rendered":"<p>Pokro\u010dil\u00e9 ru\u010dn\u00ed bezvzduchov\u00e9 st\u0159\u00edkac\u00ed za\u0159\u00edzen\u00ed.<br \/>\nSmartControl\u2122 pro Perfect Airless Finish\u2122 s ru\u010dn\u00edm sprejem. P\u0159esn\u011b zvolen\u00fd tlak pokryje povrch jednou vrstvou p\u0159i jak\u00e9koli rychlosti \u2013 bez \u0159ed\u011bn\u00ed! Funkce ProControl\u2122 II reguluje rychlost motoru p\u0159i pln\u00e9 kotrole tlaku. St\u0159\u00edk\u00e1n\u00ed v\u0161ech architektonick\u00fdch povlak\u016f\/n\u00e1t\u011br\u016f.<\/p>\n<p><strong>V\u00ddHODY:<\/strong><br \/>\n\u2013 Perfect Airless Finish\u2122 \u2013 hladk\u00fd a rovn\u00fd povrch bez ohledu rychlost. Jeden n\u00e1t\u011br, \u017e\u00e1dn\u00e9 \u0159ed\u011bn\u00ed materi\u00e1lu \u2013 v\u0161echny architektonick\u00e9 a interi\u00e9rov\u00e9 dokon\u010dovac\u00ed n\u00e1t\u011bry<br \/>\n\u2013 Spolehlivost \u2013 v\u017edy a pro ka\u017edou pr\u00e1ci. Nov\u00fd design pro snadn\u00e9 \u010di\u0161t\u011bn\u00ed.<\/p>\n","protected":false},"excerpt":{"rendered":"<p>Pokro\u010dil\u00e9 ru\u010dn\u00ed bezvzduchov\u00e9 st\u0159\u00edkac\u00ed za\u0159\u00edzen\u00ed. SmartControl\u2122 pro Perfect Airless Finish\u2122 s ru\u010dn\u00edm sprejem. P\u0159esn\u011b zvolen\u00fd tlak pokryje povrch jednou vrstvou p\u0159i jak\u00e9koli rychlosti \u2013 bez \u0159ed\u011bn\u00ed! Funkce ProControl\u2122 II reguluje rychlost motoru p\u0159i pln\u00e9 kotrole tlaku. St\u0159\u00edk\u00e1n\u00ed v\u0161ech architektonick\u00fdch povlak\u016f\/n\u00e1t\u011br\u016f. V\u00ddHODY: \u2013 Perfect Airless Finish\u2122 \u2013 hladk\u00fd a rovn\u00fd povrch bez ohledu rychlost. Jeden n\u00e1t\u011br, [&hellip;]<\/p>\n","protected":false},"featured_media":11800,"comment_status":"open","ping_status":"closed","template":"","meta":{"_acf_changed":false},"product_cat":[331,329],"product_tag":[],"acf":[],"yoast_head":"<!-- This site is optimized with the Yoast SEO plugin v22.9 - https:\/\/yoast.com\/wordpress\/plugins\/seo\/ -->\n<title>GRACO battery pump - Proventuss<\/title>\n<meta name=\"robots\" content=\"index, follow, max-snippet:-1, max-image-preview:large, max-video-preview:-1\" \/>\n<link rel=\"canonical\" href=\"https:\/\/proventuss.eu\/cs\/produkt\/graco-battery-pump\/\" \/>\n<meta property=\"og:locale\" content=\"cs_CZ\" \/>\n<meta property=\"og:type\" content=\"article\" \/>\n<meta property=\"og:title\" content=\"GRACO battery pump - Proventuss\" \/>\n<meta property=\"og:description\" content=\"Pokro\u010dil\u00e9 ru\u010dn\u00ed bezvzduchov\u00e9 st\u0159\u00edkac\u00ed za\u0159\u00edzen\u00ed. SmartControl\u2122 pro Perfect Airless Finish\u2122 s ru\u010dn\u00edm sprejem. P\u0159esn\u011b zvolen\u00fd tlak pokryje povrch jednou vrstvou p\u0159i jak\u00e9koli rychlosti \u2013 bez \u0159ed\u011bn\u00ed! Funkce ProControl\u2122 II reguluje rychlost motoru p\u0159i pln\u00e9 kotrole tlaku. St\u0159\u00edk\u00e1n\u00ed v\u0161ech architektonick\u00fdch povlak\u016f\/n\u00e1t\u011br\u016f. V\u00ddHODY: \u2013 Perfect Airless Finish\u2122 \u2013 hladk\u00fd a rovn\u00fd povrch bez ohledu rychlost. Jeden n\u00e1t\u011br, [&hellip;]\" \/>\n<meta property=\"og:url\" content=\"https:\/\/proventuss.eu\/cs\/produkt\/graco-battery-pump\/\" \/>\n<meta property=\"og:site_name\" content=\"Proventuss\" \/>\n<meta property=\"article:modified_time\" content=\"2023-04-12T13:53:25+00:00\" \/>\n<meta property=\"og:image\" content=\"https:\/\/proventuss.eu\/wp-content\/uploads\/2023\/03\/graco-dewalt-pistolet.jpg\" \/>\n\t<meta property=\"og:image:width\" content=\"1042\" \/>\n\t<meta property=\"og:image:height\" content=\"859\" \/>\n\t<meta property=\"og:image:type\" content=\"image\/jpeg\" \/>\n<meta name=\"twitter:card\" content=\"summary_large_image\" \/>\n<meta name=\"twitter:label1\" content=\"Odhadovan\u00e1 doba \u010dten\u00ed\" \/>\n\t<meta name=\"twitter:data1\" content=\"1 minuta\" \/>\n<script type=\"application\/ld+json\" class=\"yoast-schema-graph\">{\"@context\":\"https:\/\/schema.org\",\"@graph\":[{\"@type\":\"WebPage\",\"@id\":\"https:\/\/proventuss.eu\/cs\/produkt\/graco-battery-pump\/\",\"url\":\"https:\/\/proventuss.eu\/cs\/produkt\/graco-battery-pump\/\",\"name\":\"GRACO battery pump - Proventuss\",\"isPartOf\":{\"@id\":\"https:\/\/proventuss.eu\/#website\"},\"primaryImageOfPage\":{\"@id\":\"https:\/\/proventuss.eu\/cs\/produkt\/graco-battery-pump\/#primaryimage\"},\"image\":{\"@id\":\"https:\/\/proventuss.eu\/cs\/produkt\/graco-battery-pump\/#primaryimage\"},\"thumbnailUrl\":\"https:\/\/proventuss.eu\/wp-content\/uploads\/2023\/03\/graco-dewalt-pistolet.jpg\",\"datePublished\":\"2023-03-22T10:56:20+00:00\",\"dateModified\":\"2023-04-12T13:53:25+00:00\",\"breadcrumb\":{\"@id\":\"https:\/\/proventuss.eu\/cs\/produkt\/graco-battery-pump\/#breadcrumb\"},\"inLanguage\":\"cs\",\"potentialAction\":[{\"@type\":\"ReadAction\",\"target\":[\"https:\/\/proventuss.eu\/cs\/produkt\/graco-battery-pump\/\"]}]},{\"@type\":\"ImageObject\",\"inLanguage\":\"cs\",\"@id\":\"https:\/\/proventuss.eu\/cs\/produkt\/graco-battery-pump\/#primaryimage\",\"url\":\"https:\/\/proventuss.eu\/wp-content\/uploads\/2023\/03\/graco-dewalt-pistolet.jpg\",\"contentUrl\":\"https:\/\/proventuss.eu\/wp-content\/uploads\/2023\/03\/graco-dewalt-pistolet.jpg\",\"width\":1042,\"height\":859},{\"@type\":\"BreadcrumbList\",\"@id\":\"https:\/\/proventuss.eu\/cs\/produkt\/graco-battery-pump\/#breadcrumb\",\"itemListElement\":[{\"@type\":\"ListItem\",\"position\":1,\"name\":\"Home\",\"item\":\"https:\/\/proventuss.eu\/\"},{\"@type\":\"ListItem\",\"position\":2,\"name\":\"Produkty\",\"item\":\"https:\/\/proventuss.eu\/produkty\/\"},{\"@type\":\"ListItem\",\"position\":3,\"name\":\"GRACO battery pump\"}]},{\"@type\":\"WebSite\",\"@id\":\"https:\/\/proventuss.eu\/#website\",\"url\":\"https:\/\/proventuss.eu\/\",\"name\":\"Proventuss\",\"description\":\"\",\"potentialAction\":[{\"@type\":\"SearchAction\",\"target\":{\"@type\":\"EntryPoint\",\"urlTemplate\":\"https:\/\/proventuss.eu\/?s={search_term_string}\"},\"query-input\":\"required name=search_term_string\"}],\"inLanguage\":\"cs\"}]}<\/script>\n<!-- \/ Yoast SEO plugin. -->","yoast_head_json":{"title":"GRACO battery pump - Proventuss","robots":{"index":"index","follow":"follow","max-snippet":"max-snippet:-1","max-image-preview":"max-image-preview:large","max-video-preview":"max-video-preview:-1"},"canonical":"https:\/\/proventuss.eu\/cs\/produkt\/graco-battery-pump\/","og_locale":"cs_CZ","og_type":"article","og_title":"GRACO battery pump - Proventuss","og_description":"Pokro\u010dil\u00e9 ru\u010dn\u00ed bezvzduchov\u00e9 st\u0159\u00edkac\u00ed za\u0159\u00edzen\u00ed. SmartControl\u2122 pro Perfect Airless Finish\u2122 s ru\u010dn\u00edm sprejem. P\u0159esn\u011b zvolen\u00fd tlak pokryje povrch jednou vrstvou p\u0159i jak\u00e9koli rychlosti \u2013 bez \u0159ed\u011bn\u00ed! Funkce ProControl\u2122 II reguluje rychlost motoru p\u0159i pln\u00e9 kotrole tlaku. St\u0159\u00edk\u00e1n\u00ed v\u0161ech architektonick\u00fdch povlak\u016f\/n\u00e1t\u011br\u016f. V\u00ddHODY: \u2013 Perfect Airless Finish\u2122 \u2013 hladk\u00fd a rovn\u00fd povrch bez ohledu rychlost. Jeden n\u00e1t\u011br, [&hellip;]","og_url":"https:\/\/proventuss.eu\/cs\/produkt\/graco-battery-pump\/","og_site_name":"Proventuss","article_modified_time":"2023-04-12T13:53:25+00:00","og_image":[{"width":1042,"height":859,"url":"https:\/\/proventuss.eu\/wp-content\/uploads\/2023\/03\/graco-dewalt-pistolet.jpg","type":"image\/jpeg"}],"twitter_card":"summary_large_image","twitter_misc":{"Odhadovan\u00e1 doba \u010dten\u00ed":"1 minuta"},"schema":{"@context":"https:\/\/schema.org","@graph":[{"@type":"WebPage","@id":"https:\/\/proventuss.eu\/cs\/produkt\/graco-battery-pump\/","url":"https:\/\/proventuss.eu\/cs\/produkt\/graco-battery-pump\/","name":"GRACO battery pump - Proventuss","isPartOf":{"@id":"https:\/\/proventuss.eu\/#website"},"primaryImageOfPage":{"@id":"https:\/\/proventuss.eu\/cs\/produkt\/graco-battery-pump\/#primaryimage"},"image":{"@id":"https:\/\/proventuss.eu\/cs\/produkt\/graco-battery-pump\/#primaryimage"},"thumbnailUrl":"https:\/\/proventuss.eu\/wp-content\/uploads\/2023\/03\/graco-dewalt-pistolet.jpg","datePublished":"2023-03-22T10:56:20+00:00","dateModified":"2023-04-12T13:53:25+00:00","breadcrumb":{"@id":"https:\/\/proventuss.eu\/cs\/produkt\/graco-battery-pump\/#breadcrumb"},"inLanguage":"cs","potentialAction":[{"@type":"ReadAction","target":["https:\/\/proventuss.eu\/cs\/produkt\/graco-battery-pump\/"]}]},{"@type":"ImageObject","inLanguage":"cs","@id":"https:\/\/proventuss.eu\/cs\/produkt\/graco-battery-pump\/#primaryimage","url":"https:\/\/proventuss.eu\/wp-content\/uploads\/2023\/03\/graco-dewalt-pistolet.jpg","contentUrl":"https:\/\/proventuss.eu\/wp-content\/uploads\/2023\/03\/graco-dewalt-pistolet.jpg","width":1042,"height":859},{"@type":"BreadcrumbList","@id":"https:\/\/proventuss.eu\/cs\/produkt\/graco-battery-pump\/#breadcrumb","itemListElement":[{"@type":"ListItem","position":1,"name":"Home","item":"https:\/\/proventuss.eu\/"},{"@type":"ListItem","position":2,"name":"Produkty","item":"https:\/\/proventuss.eu\/produkty\/"},{"@type":"ListItem","position":3,"name":"GRACO battery pump"}]},{"@type":"WebSite","@id":"https:\/\/proventuss.eu\/#website","url":"https:\/\/proventuss.eu\/","name":"Proventuss","description":"","potentialAction":[{"@type":"SearchAction","target":{"@type":"EntryPoint","urlTemplate":"https:\/\/proventuss.eu\/?s={search_term_string}"},"query-input":"required name=search_term_string"}],"inLanguage":"cs"}]}},"_links":{"self":[{"href":"https:\/\/proventuss.eu\/cs\/wp-json\/wp\/v2\/product\/12545"}],"collection":[{"href":"https:\/\/proventuss.eu\/cs\/wp-json\/wp\/v2\/product"}],"about":[{"href":"https:\/\/proventuss.eu\/cs\/wp-json\/wp\/v2\/types\/product"}],"replies":[{"embeddable":true,"href":"https:\/\/proventuss.eu\/cs\/wp-json\/wp\/v2\/comments?post=12545"}],"wp:featuredmedia":[{"embeddable":true,"href":"https:\/\/proventuss.eu\/cs\/wp-json\/wp\/v2\/media\/11800"}],"wp:attachment":[{"href":"https:\/\/proventuss.eu\/cs\/wp-json\/wp\/v2\/media?parent=12545"}],"wp:term":[{"taxonomy":"product_cat","embeddable":true,"href":"https:\/\/proventuss.eu\/cs\/wp-json\/wp\/v2\/product_cat?post=12545"},{"taxonomy":"product_tag","embeddable":true,"href":"https:\/\/proventuss.eu\/cs\/wp-json\/wp\/v2\/product_tag?post=12545"}],"curies":[{"name":"wp","href":"https:\/\/api.w.org\/{rel}","templated":true}]}}