{"id":12539,"date":"2023-02-14T13:21:42","date_gmt":"2023-02-14T13:21:42","guid":{"rendered":"https:\/\/proventuss.eu\/produkt\/contiflow-versa\/"},"modified":"2023-05-09T14:07:25","modified_gmt":"2023-05-09T14:07:25","slug":"contiflow-versa","status":"publish","type":"product","link":"https:\/\/proventuss.eu\/cs\/produkt\/contiflow-versa\/","title":{"rendered":"ContiFlow Versa"},"content":{"rendered":"<p>Conti Flow Versa je mobiln\u00ed a kompaktn\u00ed 2C d\u00e1vkovac\u00ed a m\u00edchac\u00ed syst\u00e9m pro zpracov\u00e1n\u00ed 2C materi\u00e1l\u016f s n\u00edzkou a\u017e vysokou viskozitou.<br \/>\nJeho flexibilita z n\u011bj d\u011bl\u00e1 partnera v n\u00e1ro\u010dn\u00fdch pracovn\u00edch oblastech.<\/p>\n<p>STANDARDN\u00cd FUNKCE<br \/>\n\u2013 7\u201c dotykov\u00fd displej<br \/>\n\u2013 Vysok\u00e1 p\u0159esnost d\u00e1vkov\u00e1n\u00ed d\u00edky kr\u00e1tk\u00e9 vzd\u00e1lenosti od d\u00e1vkovac\u00ed jednotky k aplikaci<br \/>\n\u2013 Extr\u00e9mn\u011b pohodln\u00e9 ovl\u00e1d\u00e1n\u00ed s flexibiln\u00edm oto\u010dn\u00fdm ramenem a op\u011brou vyva\u017eova\u010de<br \/>\n\u2013 S r\u016fzn\u00fdmi mo\u017enostmi a funkcemi konfigurovateln\u00fdmi podle va\u0161ich po\u017eadavk\u016f<br \/>\n\u2013 V\u010detn\u011b pohodln\u00e9 ru\u010dn\u00ed pistole Gamma Mix s ergonomick\u00fdm designem sp\u00edna\u010de<br \/>\n\u2013 Monitorov\u00e1n\u00ed vstupn\u00edho a v\u00fdstupn\u00edho tlaku<br \/>\n\u2013 Mo\u017en\u00e9 r\u016fzn\u00e9 syst\u00e9my pod\u00e1v\u00e1n\u00ed<br \/>\n\u2013 Upozorn\u011bn\u00ed na pr\u00e1zdn\u00fd sud<\/p>\n<p>MO\u017dNOSTI:<br \/>\n\u2013 A\u017e 600 g lehk\u00e1 a pohodln\u00e1 aplika\u010dn\u00ed pistole v\u010d. nastaviteln\u00e9ho \u00fahlu a m\u00edchac\u00ed jednotky namontovan\u00e9 na oto\u010dn\u00e9m rameni<br \/>\n\u2013 Regulace sm\u011b\u0161ovac\u00edho pom\u011bru s m\u011b\u0159ic\u00edmi \u010dl\u00e1nky<br \/>\n\u2013 Dostupn\u00e9 v kombinaci s pod\u00e1vac\u00edmi jednotkami RT nebo tlakovou n\u00e1dobou v z\u00e1vislosti na materi\u00e1lu a spot\u0159eb\u011b<br \/>\n\u2013 Mo\u017enost a\u017e 8 topn\u00fdch okruh\u016f<br \/>\n\u2013 Inline sledov\u00e1n\u00ed sm\u011b\u0161ovac\u00edho pom\u011bru (voliteln\u011b v\u010detn\u011b regulace)<br \/>\n\u2013 MPC (Mold Pressure Control) pro procesy RTM\/RIM p\u0159i v\u00fdrob\u011b kompozit\u016f<br \/>\n\u2013 A\u017e 64 program\u016f m\u011b\u0159en\u00ed<br \/>\n\u2013 Rolovac\u00ed t\u011blo stroje<br \/>\n\u2013 Alternativn\u011b s no\u017en\u00edm nebo ru\u010dn\u00edm sp\u00edna\u010dem<br \/>\n\u2013 Evakuace<br \/>\n\u2013 Zp\u011btn\u00fd ventil<br \/>\n\u2013 Elektrick\u00e9 m\u00edchadlo<\/p>\n","protected":false},"excerpt":{"rendered":"<p>Conti Flow Versa je mobiln\u00ed a kompaktn\u00ed 2C d\u00e1vkovac\u00ed a m\u00edchac\u00ed syst\u00e9m pro zpracov\u00e1n\u00ed 2C materi\u00e1l\u016f s n\u00edzkou a\u017e vysokou viskozitou. Jeho flexibilita z n\u011bj d\u011bl\u00e1 partnera v n\u00e1ro\u010dn\u00fdch pracovn\u00edch oblastech. STANDARDN\u00cd FUNKCE \u2013 7\u201c dotykov\u00fd displej \u2013 Vysok\u00e1 p\u0159esnost d\u00e1vkov\u00e1n\u00ed d\u00edky kr\u00e1tk\u00e9 vzd\u00e1lenosti od d\u00e1vkovac\u00ed jednotky k aplikaci \u2013 Extr\u00e9mn\u011b pohodln\u00e9 ovl\u00e1d\u00e1n\u00ed s flexibiln\u00edm [&hellip;]<\/p>\n","protected":false},"featured_media":11314,"comment_status":"open","ping_status":"closed","template":"","meta":{"_acf_changed":false},"product_cat":[331,329],"product_tag":[],"acf":[],"yoast_head":"<!-- This site is optimized with the Yoast SEO plugin v22.9 - https:\/\/yoast.com\/wordpress\/plugins\/seo\/ -->\n<title>ContiFlow Versa - Proventuss<\/title>\n<meta name=\"robots\" content=\"index, follow, max-snippet:-1, max-image-preview:large, max-video-preview:-1\" \/>\n<link rel=\"canonical\" href=\"https:\/\/proventuss.eu\/cs\/produkt\/contiflow-versa\/\" \/>\n<meta property=\"og:locale\" content=\"cs_CZ\" \/>\n<meta property=\"og:type\" content=\"article\" \/>\n<meta property=\"og:title\" content=\"ContiFlow Versa - Proventuss\" \/>\n<meta property=\"og:description\" content=\"Conti Flow Versa je mobiln\u00ed a kompaktn\u00ed 2C d\u00e1vkovac\u00ed a m\u00edchac\u00ed syst\u00e9m pro zpracov\u00e1n\u00ed 2C materi\u00e1l\u016f s n\u00edzkou a\u017e vysokou viskozitou. Jeho flexibilita z n\u011bj d\u011bl\u00e1 partnera v n\u00e1ro\u010dn\u00fdch pracovn\u00edch oblastech. STANDARDN\u00cd FUNKCE \u2013 7\u201c dotykov\u00fd displej \u2013 Vysok\u00e1 p\u0159esnost d\u00e1vkov\u00e1n\u00ed d\u00edky kr\u00e1tk\u00e9 vzd\u00e1lenosti od d\u00e1vkovac\u00ed jednotky k aplikaci \u2013 Extr\u00e9mn\u011b pohodln\u00e9 ovl\u00e1d\u00e1n\u00ed s flexibiln\u00edm [&hellip;]\" \/>\n<meta property=\"og:url\" content=\"https:\/\/proventuss.eu\/cs\/produkt\/contiflow-versa\/\" \/>\n<meta property=\"og:site_name\" content=\"Proventuss\" \/>\n<meta property=\"article:modified_time\" content=\"2023-05-09T14:07:25+00:00\" \/>\n<meta property=\"og:image\" content=\"https:\/\/proventuss.eu\/wp-content\/uploads\/2023\/02\/Conti-Flow-Versa-1500x1200-1.png\" \/>\n\t<meta property=\"og:image:width\" content=\"1200\" \/>\n\t<meta property=\"og:image:height\" content=\"1500\" \/>\n\t<meta property=\"og:image:type\" content=\"image\/png\" \/>\n<meta name=\"twitter:card\" content=\"summary_large_image\" \/>\n<meta name=\"twitter:label1\" content=\"Odhadovan\u00e1 doba \u010dten\u00ed\" \/>\n\t<meta name=\"twitter:data1\" content=\"1 minuta\" \/>\n<script type=\"application\/ld+json\" class=\"yoast-schema-graph\">{\"@context\":\"https:\/\/schema.org\",\"@graph\":[{\"@type\":\"WebPage\",\"@id\":\"https:\/\/proventuss.eu\/cs\/produkt\/contiflow-versa\/\",\"url\":\"https:\/\/proventuss.eu\/cs\/produkt\/contiflow-versa\/\",\"name\":\"ContiFlow Versa - Proventuss\",\"isPartOf\":{\"@id\":\"https:\/\/proventuss.eu\/#website\"},\"primaryImageOfPage\":{\"@id\":\"https:\/\/proventuss.eu\/cs\/produkt\/contiflow-versa\/#primaryimage\"},\"image\":{\"@id\":\"https:\/\/proventuss.eu\/cs\/produkt\/contiflow-versa\/#primaryimage\"},\"thumbnailUrl\":\"https:\/\/proventuss.eu\/wp-content\/uploads\/2023\/02\/Conti-Flow-Versa-1500x1200-1.png\",\"datePublished\":\"2023-02-14T13:21:42+00:00\",\"dateModified\":\"2023-05-09T14:07:25+00:00\",\"breadcrumb\":{\"@id\":\"https:\/\/proventuss.eu\/cs\/produkt\/contiflow-versa\/#breadcrumb\"},\"inLanguage\":\"cs\",\"potentialAction\":[{\"@type\":\"ReadAction\",\"target\":[\"https:\/\/proventuss.eu\/cs\/produkt\/contiflow-versa\/\"]}]},{\"@type\":\"ImageObject\",\"inLanguage\":\"cs\",\"@id\":\"https:\/\/proventuss.eu\/cs\/produkt\/contiflow-versa\/#primaryimage\",\"url\":\"https:\/\/proventuss.eu\/wp-content\/uploads\/2023\/02\/Conti-Flow-Versa-1500x1200-1.png\",\"contentUrl\":\"https:\/\/proventuss.eu\/wp-content\/uploads\/2023\/02\/Conti-Flow-Versa-1500x1200-1.png\",\"width\":1200,\"height\":1500},{\"@type\":\"BreadcrumbList\",\"@id\":\"https:\/\/proventuss.eu\/cs\/produkt\/contiflow-versa\/#breadcrumb\",\"itemListElement\":[{\"@type\":\"ListItem\",\"position\":1,\"name\":\"Home\",\"item\":\"https:\/\/proventuss.eu\/\"},{\"@type\":\"ListItem\",\"position\":2,\"name\":\"Produkty\",\"item\":\"https:\/\/proventuss.eu\/produkty\/\"},{\"@type\":\"ListItem\",\"position\":3,\"name\":\"ContiFlow Versa\"}]},{\"@type\":\"WebSite\",\"@id\":\"https:\/\/proventuss.eu\/#website\",\"url\":\"https:\/\/proventuss.eu\/\",\"name\":\"Proventuss\",\"description\":\"\",\"potentialAction\":[{\"@type\":\"SearchAction\",\"target\":{\"@type\":\"EntryPoint\",\"urlTemplate\":\"https:\/\/proventuss.eu\/?s={search_term_string}\"},\"query-input\":\"required name=search_term_string\"}],\"inLanguage\":\"cs\"}]}<\/script>\n<!-- \/ Yoast SEO plugin. -->","yoast_head_json":{"title":"ContiFlow Versa - Proventuss","robots":{"index":"index","follow":"follow","max-snippet":"max-snippet:-1","max-image-preview":"max-image-preview:large","max-video-preview":"max-video-preview:-1"},"canonical":"https:\/\/proventuss.eu\/cs\/produkt\/contiflow-versa\/","og_locale":"cs_CZ","og_type":"article","og_title":"ContiFlow Versa - Proventuss","og_description":"Conti Flow Versa je mobiln\u00ed a kompaktn\u00ed 2C d\u00e1vkovac\u00ed a m\u00edchac\u00ed syst\u00e9m pro zpracov\u00e1n\u00ed 2C materi\u00e1l\u016f s n\u00edzkou a\u017e vysokou viskozitou. Jeho flexibilita z n\u011bj d\u011bl\u00e1 partnera v n\u00e1ro\u010dn\u00fdch pracovn\u00edch oblastech. STANDARDN\u00cd FUNKCE \u2013 7\u201c dotykov\u00fd displej \u2013 Vysok\u00e1 p\u0159esnost d\u00e1vkov\u00e1n\u00ed d\u00edky kr\u00e1tk\u00e9 vzd\u00e1lenosti od d\u00e1vkovac\u00ed jednotky k aplikaci \u2013 Extr\u00e9mn\u011b pohodln\u00e9 ovl\u00e1d\u00e1n\u00ed s flexibiln\u00edm [&hellip;]","og_url":"https:\/\/proventuss.eu\/cs\/produkt\/contiflow-versa\/","og_site_name":"Proventuss","article_modified_time":"2023-05-09T14:07:25+00:00","og_image":[{"width":1200,"height":1500,"url":"https:\/\/proventuss.eu\/wp-content\/uploads\/2023\/02\/Conti-Flow-Versa-1500x1200-1.png","type":"image\/png"}],"twitter_card":"summary_large_image","twitter_misc":{"Odhadovan\u00e1 doba \u010dten\u00ed":"1 minuta"},"schema":{"@context":"https:\/\/schema.org","@graph":[{"@type":"WebPage","@id":"https:\/\/proventuss.eu\/cs\/produkt\/contiflow-versa\/","url":"https:\/\/proventuss.eu\/cs\/produkt\/contiflow-versa\/","name":"ContiFlow Versa - Proventuss","isPartOf":{"@id":"https:\/\/proventuss.eu\/#website"},"primaryImageOfPage":{"@id":"https:\/\/proventuss.eu\/cs\/produkt\/contiflow-versa\/#primaryimage"},"image":{"@id":"https:\/\/proventuss.eu\/cs\/produkt\/contiflow-versa\/#primaryimage"},"thumbnailUrl":"https:\/\/proventuss.eu\/wp-content\/uploads\/2023\/02\/Conti-Flow-Versa-1500x1200-1.png","datePublished":"2023-02-14T13:21:42+00:00","dateModified":"2023-05-09T14:07:25+00:00","breadcrumb":{"@id":"https:\/\/proventuss.eu\/cs\/produkt\/contiflow-versa\/#breadcrumb"},"inLanguage":"cs","potentialAction":[{"@type":"ReadAction","target":["https:\/\/proventuss.eu\/cs\/produkt\/contiflow-versa\/"]}]},{"@type":"ImageObject","inLanguage":"cs","@id":"https:\/\/proventuss.eu\/cs\/produkt\/contiflow-versa\/#primaryimage","url":"https:\/\/proventuss.eu\/wp-content\/uploads\/2023\/02\/Conti-Flow-Versa-1500x1200-1.png","contentUrl":"https:\/\/proventuss.eu\/wp-content\/uploads\/2023\/02\/Conti-Flow-Versa-1500x1200-1.png","width":1200,"height":1500},{"@type":"BreadcrumbList","@id":"https:\/\/proventuss.eu\/cs\/produkt\/contiflow-versa\/#breadcrumb","itemListElement":[{"@type":"ListItem","position":1,"name":"Home","item":"https:\/\/proventuss.eu\/"},{"@type":"ListItem","position":2,"name":"Produkty","item":"https:\/\/proventuss.eu\/produkty\/"},{"@type":"ListItem","position":3,"name":"ContiFlow Versa"}]},{"@type":"WebSite","@id":"https:\/\/proventuss.eu\/#website","url":"https:\/\/proventuss.eu\/","name":"Proventuss","description":"","potentialAction":[{"@type":"SearchAction","target":{"@type":"EntryPoint","urlTemplate":"https:\/\/proventuss.eu\/?s={search_term_string}"},"query-input":"required name=search_term_string"}],"inLanguage":"cs"}]}},"_links":{"self":[{"href":"https:\/\/proventuss.eu\/cs\/wp-json\/wp\/v2\/product\/12539"}],"collection":[{"href":"https:\/\/proventuss.eu\/cs\/wp-json\/wp\/v2\/product"}],"about":[{"href":"https:\/\/proventuss.eu\/cs\/wp-json\/wp\/v2\/types\/product"}],"replies":[{"embeddable":true,"href":"https:\/\/proventuss.eu\/cs\/wp-json\/wp\/v2\/comments?post=12539"}],"wp:featuredmedia":[{"embeddable":true,"href":"https:\/\/proventuss.eu\/cs\/wp-json\/wp\/v2\/media\/11314"}],"wp:attachment":[{"href":"https:\/\/proventuss.eu\/cs\/wp-json\/wp\/v2\/media?parent=12539"}],"wp:term":[{"taxonomy":"product_cat","embeddable":true,"href":"https:\/\/proventuss.eu\/cs\/wp-json\/wp\/v2\/product_cat?post=12539"},{"taxonomy":"product_tag","embeddable":true,"href":"https:\/\/proventuss.eu\/cs\/wp-json\/wp\/v2\/product_tag?post=12539"}],"curies":[{"name":"wp","href":"https:\/\/api.w.org\/{rel}","templated":true}]}}