{"id":12537,"date":"2023-03-23T08:16:32","date_gmt":"2023-03-23T08:16:32","guid":{"rendered":"https:\/\/proventuss.eu\/produkt\/bituthene-8000-vode-a-pare-odolna-samolepici-membrana-pro-podzemni-konstrukce\/"},"modified":"2023-03-23T08:16:32","modified_gmt":"2023-03-23T08:16:32","slug":"bituthene-8000-vode-a-pare-odolna-samolepici-membrana-pro-podzemni-konstrukce","status":"publish","type":"product","link":"https:\/\/proventuss.eu\/cs\/produkt\/bituthene-8000-vode-a-pare-odolna-samolepici-membrana-pro-podzemni-konstrukce\/","title":{"rendered":"Bituthene\u00ae 8000 vod\u011b a p\u00e1\u0159e odoln\u00e1 samolepic\u00ed membr\u00e1na pro podzemn\u00ed konstrukce"},"content":{"rendered":"<p>Bituthene\u00ae 8000 kombinuje osv\u011bd\u010denou technologii bitutenov\u00e9ho lepidla s jedine\u010dnou \u0161edou zadn\u00ed vrstvou pro lep\u0161\u00ed v\u00fdkon a snadn\u011bj\u0161\u00ed instalaci. Bituthene 8000 je v\u00fdjime\u010dn\u011b pevn\u00fd a odoln\u00fd. Jak\u00e9koli n\u00e1hodn\u00e9 po\u0161kozen\u00ed membr\u00e1ny, kter\u00e9 by za norm\u00e1ln\u00edch okolnost\u00ed z\u016fstalo bez pov\u0161imnut\u00ed, se projev\u00ed jako \u010dern\u00e1 skvrna na sv\u011btle \u0161ed\u00e9m povrchu.<\/p>\n<p>V\u00ddHODY:<br \/>\n\u2022 Odolnost v\u016f\u010di vod\u011b a vlhkosti \u2013 zaji\u0161\u0165uje bezpe\u010dnost v\u0161ech podzemn\u00edch staveb.<br \/>\n\u2022 Plynot\u011bsn\u00e9 \u2013 odoln\u00e9 v\u016f\u010di metanu, oxidu uhli\u010dit\u00e9mu a radonu. P\u0159ekra\u010duje po\u017eadavky stanoven\u00e9 ve zpr\u00e1v\u011b BRE 211 (radon) a 212 (metan a oxid uhli\u010dit\u00fd).<br \/>\n\u2022 Odolnost proti hydrostatick\u00e9mu tlaku \u2013 70 m vodn\u00edho sloupce.<br \/>\n\u2022 \u0160irok\u00fd rozsah pou\u017eit\u00ed \u2013 mo\u017enost aplikace v rozsahu teplot od -5\u00b0C do + 35\u00b0C, i na vlhk\u00e9 povrchy.<br \/>\n\u2022 Snadn\u00e9 pou\u017eit\u00ed p\u0159i vysok\u00fdch teplot\u00e1ch \u2013 v\u00edce ne\u017e 20% sn\u00ed\u017een\u00ed absorpce slune\u010dn\u00edho tepla.<br \/>\n\u2022 Jedine\u010dn\u00fd povrch \u2013 hladk\u00fd, pru\u017en\u00fd povrch poskytuje vysokou pevnost proti roztr\u017een\u00ed a vysokou odolnost proti prop\u00edchnut\u00ed.<br \/>\n\u2022 Snadn\u00e1 mont\u00e1\u017e \u2013 ti\u0161t\u011bn\u00e1 z\u00e1lo\u017eka usnad\u0148uje aplikaci a zaji\u0161\u0165uje minim\u00e1ln\u00ed p\u0159esahy. Sv\u011btl\u00e1 barva usnad\u0148uje opravy zv\u00fdrazn\u011bn\u00edm n\u00e1hodn\u00e9ho po\u0161kozen\u00ed.<br \/>\n\u2022 Syst\u00e9mov\u00e1 kompatibilita \u2013 lze kombinovat s p\u00e1sov\u00fdmi membr\u00e1nami Preprufe\u00ae, tekutou membr\u00e1nou Bituthene\u00ae LM a dren\u00e1\u017en\u00edmi deskami Hydroduct\u00ae.<\/p>\n","protected":false},"excerpt":{"rendered":"<p>Bituthene\u00ae 8000 kombinuje osv\u011bd\u010denou technologii bitutenov\u00e9ho lepidla s jedine\u010dnou \u0161edou zadn\u00ed vrstvou pro lep\u0161\u00ed v\u00fdkon a snadn\u011bj\u0161\u00ed instalaci. Bituthene 8000 je v\u00fdjime\u010dn\u011b pevn\u00fd a odoln\u00fd. Jak\u00e9koli n\u00e1hodn\u00e9 po\u0161kozen\u00ed membr\u00e1ny, kter\u00e9 by za norm\u00e1ln\u00edch okolnost\u00ed z\u016fstalo bez pov\u0161imnut\u00ed, se projev\u00ed jako \u010dern\u00e1 skvrna na sv\u011btle \u0161ed\u00e9m povrchu. V\u00ddHODY: \u2022 Odolnost v\u016f\u010di vod\u011b a vlhkosti \u2013 zaji\u0161\u0165uje [&hellip;]<\/p>\n","protected":false},"featured_media":11874,"comment_status":"open","ping_status":"closed","template":"","meta":{"_acf_changed":false},"product_cat":[15],"product_tag":[],"acf":[],"yoast_head":"<!-- This site is optimized with the Yoast SEO plugin v22.9 - https:\/\/yoast.com\/wordpress\/plugins\/seo\/ -->\n<title>Bituthene\u00ae 8000 vod\u011b a p\u00e1\u0159e odoln\u00e1 samolepic\u00ed membr\u00e1na pro podzemn\u00ed konstrukce - Proventuss<\/title>\n<meta name=\"robots\" content=\"index, follow, max-snippet:-1, max-image-preview:large, max-video-preview:-1\" \/>\n<link rel=\"canonical\" href=\"https:\/\/proventuss.eu\/cs\/produkt\/bituthene-8000-vode-a-pare-odolna-samolepici-membrana-pro-podzemni-konstrukce\/\" \/>\n<meta property=\"og:locale\" content=\"cs_CZ\" \/>\n<meta property=\"og:type\" content=\"article\" \/>\n<meta property=\"og:title\" content=\"Bituthene\u00ae 8000 vod\u011b a p\u00e1\u0159e odoln\u00e1 samolepic\u00ed membr\u00e1na pro podzemn\u00ed konstrukce - Proventuss\" \/>\n<meta property=\"og:description\" content=\"Bituthene\u00ae 8000 kombinuje osv\u011bd\u010denou technologii bitutenov\u00e9ho lepidla s jedine\u010dnou \u0161edou zadn\u00ed vrstvou pro lep\u0161\u00ed v\u00fdkon a snadn\u011bj\u0161\u00ed instalaci. Bituthene 8000 je v\u00fdjime\u010dn\u011b pevn\u00fd a odoln\u00fd. Jak\u00e9koli n\u00e1hodn\u00e9 po\u0161kozen\u00ed membr\u00e1ny, kter\u00e9 by za norm\u00e1ln\u00edch okolnost\u00ed z\u016fstalo bez pov\u0161imnut\u00ed, se projev\u00ed jako \u010dern\u00e1 skvrna na sv\u011btle \u0161ed\u00e9m povrchu. V\u00ddHODY: \u2022 Odolnost v\u016f\u010di vod\u011b a vlhkosti \u2013 zaji\u0161\u0165uje [&hellip;]\" \/>\n<meta property=\"og:url\" content=\"https:\/\/proventuss.eu\/cs\/produkt\/bituthene-8000-vode-a-pare-odolna-samolepici-membrana-pro-podzemni-konstrukce\/\" \/>\n<meta property=\"og:site_name\" content=\"Proventuss\" \/>\n<meta property=\"og:image\" content=\"https:\/\/proventuss.eu\/wp-content\/uploads\/2023\/03\/shutterstock_252856777-strona.jpg\" \/>\n\t<meta property=\"og:image:width\" content=\"2330\" \/>\n\t<meta property=\"og:image:height\" content=\"1553\" \/>\n\t<meta property=\"og:image:type\" content=\"image\/jpeg\" \/>\n<meta name=\"twitter:card\" content=\"summary_large_image\" \/>\n<meta name=\"twitter:label1\" content=\"Odhadovan\u00e1 doba \u010dten\u00ed\" \/>\n\t<meta name=\"twitter:data1\" content=\"1 minuta\" \/>\n<script type=\"application\/ld+json\" class=\"yoast-schema-graph\">{\"@context\":\"https:\/\/schema.org\",\"@graph\":[{\"@type\":\"WebPage\",\"@id\":\"https:\/\/proventuss.eu\/cs\/produkt\/bituthene-8000-vode-a-pare-odolna-samolepici-membrana-pro-podzemni-konstrukce\/\",\"url\":\"https:\/\/proventuss.eu\/cs\/produkt\/bituthene-8000-vode-a-pare-odolna-samolepici-membrana-pro-podzemni-konstrukce\/\",\"name\":\"Bituthene\u00ae 8000 vod\u011b a p\u00e1\u0159e odoln\u00e1 samolepic\u00ed membr\u00e1na pro podzemn\u00ed konstrukce - Proventuss\",\"isPartOf\":{\"@id\":\"https:\/\/proventuss.eu\/#website\"},\"primaryImageOfPage\":{\"@id\":\"https:\/\/proventuss.eu\/cs\/produkt\/bituthene-8000-vode-a-pare-odolna-samolepici-membrana-pro-podzemni-konstrukce\/#primaryimage\"},\"image\":{\"@id\":\"https:\/\/proventuss.eu\/cs\/produkt\/bituthene-8000-vode-a-pare-odolna-samolepici-membrana-pro-podzemni-konstrukce\/#primaryimage\"},\"thumbnailUrl\":\"https:\/\/proventuss.eu\/wp-content\/uploads\/2023\/03\/shutterstock_252856777-strona.jpg\",\"datePublished\":\"2023-03-23T08:16:32+00:00\",\"dateModified\":\"2023-03-23T08:16:32+00:00\",\"breadcrumb\":{\"@id\":\"https:\/\/proventuss.eu\/cs\/produkt\/bituthene-8000-vode-a-pare-odolna-samolepici-membrana-pro-podzemni-konstrukce\/#breadcrumb\"},\"inLanguage\":\"cs\",\"potentialAction\":[{\"@type\":\"ReadAction\",\"target\":[\"https:\/\/proventuss.eu\/cs\/produkt\/bituthene-8000-vode-a-pare-odolna-samolepici-membrana-pro-podzemni-konstrukce\/\"]}]},{\"@type\":\"ImageObject\",\"inLanguage\":\"cs\",\"@id\":\"https:\/\/proventuss.eu\/cs\/produkt\/bituthene-8000-vode-a-pare-odolna-samolepici-membrana-pro-podzemni-konstrukce\/#primaryimage\",\"url\":\"https:\/\/proventuss.eu\/wp-content\/uploads\/2023\/03\/shutterstock_252856777-strona.jpg\",\"contentUrl\":\"https:\/\/proventuss.eu\/wp-content\/uploads\/2023\/03\/shutterstock_252856777-strona.jpg\",\"width\":2330,\"height\":1553,\"caption\":\"Photovoltaic modules with reflection of cloudy sky\"},{\"@type\":\"BreadcrumbList\",\"@id\":\"https:\/\/proventuss.eu\/cs\/produkt\/bituthene-8000-vode-a-pare-odolna-samolepici-membrana-pro-podzemni-konstrukce\/#breadcrumb\",\"itemListElement\":[{\"@type\":\"ListItem\",\"position\":1,\"name\":\"Home\",\"item\":\"https:\/\/proventuss.eu\/\"},{\"@type\":\"ListItem\",\"position\":2,\"name\":\"Produkty\",\"item\":\"https:\/\/proventuss.eu\/produkty\/\"},{\"@type\":\"ListItem\",\"position\":3,\"name\":\"Bituthene\u00ae 8000 vod\u011b a p\u00e1\u0159e odoln\u00e1 samolepic\u00ed membr\u00e1na pro podzemn\u00ed konstrukce\"}]},{\"@type\":\"WebSite\",\"@id\":\"https:\/\/proventuss.eu\/#website\",\"url\":\"https:\/\/proventuss.eu\/\",\"name\":\"Proventuss\",\"description\":\"\",\"potentialAction\":[{\"@type\":\"SearchAction\",\"target\":{\"@type\":\"EntryPoint\",\"urlTemplate\":\"https:\/\/proventuss.eu\/?s={search_term_string}\"},\"query-input\":\"required name=search_term_string\"}],\"inLanguage\":\"cs\"}]}<\/script>\n<!-- \/ Yoast SEO plugin. -->","yoast_head_json":{"title":"Bituthene\u00ae 8000 vod\u011b a p\u00e1\u0159e odoln\u00e1 samolepic\u00ed membr\u00e1na pro podzemn\u00ed konstrukce - Proventuss","robots":{"index":"index","follow":"follow","max-snippet":"max-snippet:-1","max-image-preview":"max-image-preview:large","max-video-preview":"max-video-preview:-1"},"canonical":"https:\/\/proventuss.eu\/cs\/produkt\/bituthene-8000-vode-a-pare-odolna-samolepici-membrana-pro-podzemni-konstrukce\/","og_locale":"cs_CZ","og_type":"article","og_title":"Bituthene\u00ae 8000 vod\u011b a p\u00e1\u0159e odoln\u00e1 samolepic\u00ed membr\u00e1na pro podzemn\u00ed konstrukce - Proventuss","og_description":"Bituthene\u00ae 8000 kombinuje osv\u011bd\u010denou technologii bitutenov\u00e9ho lepidla s jedine\u010dnou \u0161edou zadn\u00ed vrstvou pro lep\u0161\u00ed v\u00fdkon a snadn\u011bj\u0161\u00ed instalaci. Bituthene 8000 je v\u00fdjime\u010dn\u011b pevn\u00fd a odoln\u00fd. Jak\u00e9koli n\u00e1hodn\u00e9 po\u0161kozen\u00ed membr\u00e1ny, kter\u00e9 by za norm\u00e1ln\u00edch okolnost\u00ed z\u016fstalo bez pov\u0161imnut\u00ed, se projev\u00ed jako \u010dern\u00e1 skvrna na sv\u011btle \u0161ed\u00e9m povrchu. V\u00ddHODY: \u2022 Odolnost v\u016f\u010di vod\u011b a vlhkosti \u2013 zaji\u0161\u0165uje [&hellip;]","og_url":"https:\/\/proventuss.eu\/cs\/produkt\/bituthene-8000-vode-a-pare-odolna-samolepici-membrana-pro-podzemni-konstrukce\/","og_site_name":"Proventuss","og_image":[{"width":2330,"height":1553,"url":"https:\/\/proventuss.eu\/wp-content\/uploads\/2023\/03\/shutterstock_252856777-strona.jpg","type":"image\/jpeg"}],"twitter_card":"summary_large_image","twitter_misc":{"Odhadovan\u00e1 doba \u010dten\u00ed":"1 minuta"},"schema":{"@context":"https:\/\/schema.org","@graph":[{"@type":"WebPage","@id":"https:\/\/proventuss.eu\/cs\/produkt\/bituthene-8000-vode-a-pare-odolna-samolepici-membrana-pro-podzemni-konstrukce\/","url":"https:\/\/proventuss.eu\/cs\/produkt\/bituthene-8000-vode-a-pare-odolna-samolepici-membrana-pro-podzemni-konstrukce\/","name":"Bituthene\u00ae 8000 vod\u011b a p\u00e1\u0159e odoln\u00e1 samolepic\u00ed membr\u00e1na pro podzemn\u00ed konstrukce - Proventuss","isPartOf":{"@id":"https:\/\/proventuss.eu\/#website"},"primaryImageOfPage":{"@id":"https:\/\/proventuss.eu\/cs\/produkt\/bituthene-8000-vode-a-pare-odolna-samolepici-membrana-pro-podzemni-konstrukce\/#primaryimage"},"image":{"@id":"https:\/\/proventuss.eu\/cs\/produkt\/bituthene-8000-vode-a-pare-odolna-samolepici-membrana-pro-podzemni-konstrukce\/#primaryimage"},"thumbnailUrl":"https:\/\/proventuss.eu\/wp-content\/uploads\/2023\/03\/shutterstock_252856777-strona.jpg","datePublished":"2023-03-23T08:16:32+00:00","dateModified":"2023-03-23T08:16:32+00:00","breadcrumb":{"@id":"https:\/\/proventuss.eu\/cs\/produkt\/bituthene-8000-vode-a-pare-odolna-samolepici-membrana-pro-podzemni-konstrukce\/#breadcrumb"},"inLanguage":"cs","potentialAction":[{"@type":"ReadAction","target":["https:\/\/proventuss.eu\/cs\/produkt\/bituthene-8000-vode-a-pare-odolna-samolepici-membrana-pro-podzemni-konstrukce\/"]}]},{"@type":"ImageObject","inLanguage":"cs","@id":"https:\/\/proventuss.eu\/cs\/produkt\/bituthene-8000-vode-a-pare-odolna-samolepici-membrana-pro-podzemni-konstrukce\/#primaryimage","url":"https:\/\/proventuss.eu\/wp-content\/uploads\/2023\/03\/shutterstock_252856777-strona.jpg","contentUrl":"https:\/\/proventuss.eu\/wp-content\/uploads\/2023\/03\/shutterstock_252856777-strona.jpg","width":2330,"height":1553,"caption":"Photovoltaic modules with reflection of cloudy sky"},{"@type":"BreadcrumbList","@id":"https:\/\/proventuss.eu\/cs\/produkt\/bituthene-8000-vode-a-pare-odolna-samolepici-membrana-pro-podzemni-konstrukce\/#breadcrumb","itemListElement":[{"@type":"ListItem","position":1,"name":"Home","item":"https:\/\/proventuss.eu\/"},{"@type":"ListItem","position":2,"name":"Produkty","item":"https:\/\/proventuss.eu\/produkty\/"},{"@type":"ListItem","position":3,"name":"Bituthene\u00ae 8000 vod\u011b a p\u00e1\u0159e odoln\u00e1 samolepic\u00ed membr\u00e1na pro podzemn\u00ed konstrukce"}]},{"@type":"WebSite","@id":"https:\/\/proventuss.eu\/#website","url":"https:\/\/proventuss.eu\/","name":"Proventuss","description":"","potentialAction":[{"@type":"SearchAction","target":{"@type":"EntryPoint","urlTemplate":"https:\/\/proventuss.eu\/?s={search_term_string}"},"query-input":"required name=search_term_string"}],"inLanguage":"cs"}]}},"_links":{"self":[{"href":"https:\/\/proventuss.eu\/cs\/wp-json\/wp\/v2\/product\/12537"}],"collection":[{"href":"https:\/\/proventuss.eu\/cs\/wp-json\/wp\/v2\/product"}],"about":[{"href":"https:\/\/proventuss.eu\/cs\/wp-json\/wp\/v2\/types\/product"}],"replies":[{"embeddable":true,"href":"https:\/\/proventuss.eu\/cs\/wp-json\/wp\/v2\/comments?post=12537"}],"wp:featuredmedia":[{"embeddable":true,"href":"https:\/\/proventuss.eu\/cs\/wp-json\/wp\/v2\/media\/11874"}],"wp:attachment":[{"href":"https:\/\/proventuss.eu\/cs\/wp-json\/wp\/v2\/media?parent=12537"}],"wp:term":[{"taxonomy":"product_cat","embeddable":true,"href":"https:\/\/proventuss.eu\/cs\/wp-json\/wp\/v2\/product_cat?post=12537"},{"taxonomy":"product_tag","embeddable":true,"href":"https:\/\/proventuss.eu\/cs\/wp-json\/wp\/v2\/product_tag?post=12537"}],"curies":[{"name":"wp","href":"https:\/\/api.w.org\/{rel}","templated":true}]}}