{"id":12535,"date":"2023-03-23T08:11:29","date_gmt":"2023-03-23T08:11:29","guid":{"rendered":"https:\/\/proventuss.eu\/produkt\/wodoszczelna-membrana-hdpe-o-wlasciwosciach-klejacych-bituthene-4000\/"},"modified":"2023-04-12T13:46:50","modified_gmt":"2023-04-12T13:46:50","slug":"hdpe-vodotesna-membrana-s-adheznimi-vlastnostmi-bituthene-4000","status":"publish","type":"product","link":"https:\/\/proventuss.eu\/cs\/produkt\/hdpe-vodotesna-membrana-s-adheznimi-vlastnostmi-bituthene-4000\/","title":{"rendered":"HDPE vodot\u011bsn\u00e1 membr\u00e1na s adhezn\u00edmi vlastnostmi Bituthene\u00ae 4000"},"content":{"rendered":"<p>Bituthene\u00ae 4000 je za studena kladen\u00e1, samolepic\u00ed, flexibiln\u00ed membr\u00e1na, kter\u00e1 kombinuje vysok\u00fd v\u00fdkon k\u0159\u00ed\u017eov\u011b laminovan\u00e9 HDPE f\u00f3lie se super lepivou bitumenovou kau\u010dukovou sm\u011bs\u00ed.<\/p>\n<p>V\u00ddHODY:<br \/>\n\u2022 Pokl\u00e1dka za studena \u2013 snadn\u00e1 aplikace na betonov\u00e9 povrchy, zejm\u00e9na p\u0159i n\u00edzk\u00fdch teplot\u00e1ch.<br \/>\n\u2022 Mo\u017enost pokl\u00e1dky na \u201e\u010derstv\u00fd\u201c beton \u2013 zkracuje dobu realizace.<br \/>\n\u2022 Z\u00e1kladn\u00ed n\u00e1t\u011br odoln\u00fd proti vlhkosti \u2013 umo\u017e\u0148uje aplikaci na vlhk\u00e9 podklady a za extr\u00e9mn\u00edch pov\u011btrnostn\u00edch podm\u00ednek.<br \/>\n\u2022 Pou\u017eit\u00ed v \u0161irok\u00e9m rozsahu teplot \u2013 velmi dobr\u00e1 vz\u00e1jemn\u00e1 a povrchov\u00e1 p\u0159ilnavost od -5\u00b0C do +35\u00b0C.<br \/>\n\u2022 Odolnost p\u0159ipojen\u00ed \u2013 Zes\u00edlen\u00e9 spoje poskytuj\u00ed extra bezpe\u010dnost<br \/>\n\u2022 K\u0159\u00ed\u017eov\u011b laminovan\u00e1 f\u00f3lie \u2013 poskytuje rozm\u011brovou stabilitu, vysokou odolnost proti roztr\u017een\u00ed, prora\u017een\u00ed a n\u00e1razu.<br \/>\n\u2022 Pru\u017enost \u2013 vyrovn\u00e1v\u00e1 trhliny zp\u016fsoben\u00e9 smr\u0161\u0165ov\u00e1n\u00edm betonu.<br \/>\n\u2022 Plynot\u011bsn\u00e9 \u2013 odoln\u00e9 v\u016f\u010di metanu, oxidu uhli\u010dit\u00e9mu a radonu. P\u0159ekra\u010duje po\u017eadavky zpr\u00e1vy BRE 211 (radon) a 212 (metan a oxid uhli\u010dit\u00fd).<\/p>\n","protected":false},"excerpt":{"rendered":"<p>Bituthene\u00ae 4000 je za studena kladen\u00e1, samolepic\u00ed, flexibiln\u00ed membr\u00e1na, kter\u00e1 kombinuje vysok\u00fd v\u00fdkon k\u0159\u00ed\u017eov\u011b laminovan\u00e9 HDPE f\u00f3lie se super lepivou bitumenovou kau\u010dukovou sm\u011bs\u00ed. V\u00ddHODY: \u2022 Pokl\u00e1dka za studena \u2013 snadn\u00e1 aplikace na betonov\u00e9 povrchy, zejm\u00e9na p\u0159i n\u00edzk\u00fdch teplot\u00e1ch. \u2022 Mo\u017enost pokl\u00e1dky na \u201e\u010derstv\u00fd\u201c beton \u2013 zkracuje dobu realizace. \u2022 Z\u00e1kladn\u00ed n\u00e1t\u011br odoln\u00fd proti vlhkosti \u2013 [&hellip;]<\/p>\n","protected":false},"featured_media":11882,"comment_status":"open","ping_status":"closed","template":"","meta":{"_acf_changed":false},"product_cat":[15],"product_tag":[],"acf":[],"yoast_head":"<!-- This site is optimized with the Yoast SEO plugin v22.9 - https:\/\/yoast.com\/wordpress\/plugins\/seo\/ -->\n<title>HDPE vodot\u011bsn\u00e1 membr\u00e1na s adhezn\u00edmi vlastnostmi Bituthene\u00ae 4000 - Proventuss<\/title>\n<meta name=\"robots\" content=\"index, follow, max-snippet:-1, max-image-preview:large, max-video-preview:-1\" \/>\n<link rel=\"canonical\" href=\"https:\/\/proventuss.eu\/produkt\/wodoszczelna-membrana-hdpe-o-wlasciwosciach-klejacych-bituthene-4000\/\" \/>\n<meta property=\"og:locale\" content=\"cs_CZ\" \/>\n<meta property=\"og:type\" content=\"article\" \/>\n<meta property=\"og:title\" content=\"HDPE vodot\u011bsn\u00e1 membr\u00e1na s adhezn\u00edmi vlastnostmi Bituthene\u00ae 4000 - Proventuss\" \/>\n<meta property=\"og:description\" content=\"Bituthene\u00ae 4000 je za studena kladen\u00e1, samolepic\u00ed, flexibiln\u00ed membr\u00e1na, kter\u00e1 kombinuje vysok\u00fd v\u00fdkon k\u0159\u00ed\u017eov\u011b laminovan\u00e9 HDPE f\u00f3lie se super lepivou bitumenovou kau\u010dukovou sm\u011bs\u00ed. V\u00ddHODY: \u2022 Pokl\u00e1dka za studena \u2013 snadn\u00e1 aplikace na betonov\u00e9 povrchy, zejm\u00e9na p\u0159i n\u00edzk\u00fdch teplot\u00e1ch. \u2022 Mo\u017enost pokl\u00e1dky na \u201e\u010derstv\u00fd\u201c beton \u2013 zkracuje dobu realizace. \u2022 Z\u00e1kladn\u00ed n\u00e1t\u011br odoln\u00fd proti vlhkosti \u2013 [&hellip;]\" \/>\n<meta property=\"og:url\" content=\"https:\/\/proventuss.eu\/produkt\/wodoszczelna-membrana-hdpe-o-wlasciwosciach-klejacych-bituthene-4000\/\" \/>\n<meta property=\"og:site_name\" content=\"Proventuss\" \/>\n<meta property=\"article:modified_time\" content=\"2023-04-12T13:46:50+00:00\" \/>\n<meta property=\"og:image\" content=\"https:\/\/proventuss.eu\/wp-content\/uploads\/2023\/03\/bithuthene-strona.jpg\" \/>\n\t<meta property=\"og:image:width\" content=\"2036\" \/>\n\t<meta property=\"og:image:height\" content=\"1357\" \/>\n\t<meta property=\"og:image:type\" content=\"image\/jpeg\" \/>\n<meta name=\"twitter:card\" content=\"summary_large_image\" \/>\n<meta name=\"twitter:label1\" content=\"Odhadovan\u00e1 doba \u010dten\u00ed\" \/>\n\t<meta name=\"twitter:data1\" content=\"1 minuta\" \/>\n<script type=\"application\/ld+json\" class=\"yoast-schema-graph\">{\"@context\":\"https:\/\/schema.org\",\"@graph\":[{\"@type\":\"WebPage\",\"@id\":\"https:\/\/proventuss.eu\/produkt\/wodoszczelna-membrana-hdpe-o-wlasciwosciach-klejacych-bituthene-4000\/\",\"url\":\"https:\/\/proventuss.eu\/produkt\/wodoszczelna-membrana-hdpe-o-wlasciwosciach-klejacych-bituthene-4000\/\",\"name\":\"HDPE vodot\u011bsn\u00e1 membr\u00e1na s adhezn\u00edmi vlastnostmi Bituthene\u00ae 4000 - Proventuss\",\"isPartOf\":{\"@id\":\"https:\/\/proventuss.eu\/#website\"},\"primaryImageOfPage\":{\"@id\":\"https:\/\/proventuss.eu\/produkt\/wodoszczelna-membrana-hdpe-o-wlasciwosciach-klejacych-bituthene-4000\/#primaryimage\"},\"image\":{\"@id\":\"https:\/\/proventuss.eu\/produkt\/wodoszczelna-membrana-hdpe-o-wlasciwosciach-klejacych-bituthene-4000\/#primaryimage\"},\"thumbnailUrl\":\"https:\/\/proventuss.eu\/wp-content\/uploads\/2023\/03\/bithuthene-strona.jpg\",\"datePublished\":\"2023-03-23T08:11:29+00:00\",\"dateModified\":\"2023-04-12T13:46:50+00:00\",\"breadcrumb\":{\"@id\":\"https:\/\/proventuss.eu\/produkt\/wodoszczelna-membrana-hdpe-o-wlasciwosciach-klejacych-bituthene-4000\/#breadcrumb\"},\"inLanguage\":\"cs\",\"potentialAction\":[{\"@type\":\"ReadAction\",\"target\":[\"https:\/\/proventuss.eu\/produkt\/wodoszczelna-membrana-hdpe-o-wlasciwosciach-klejacych-bituthene-4000\/\"]}]},{\"@type\":\"ImageObject\",\"inLanguage\":\"cs\",\"@id\":\"https:\/\/proventuss.eu\/produkt\/wodoszczelna-membrana-hdpe-o-wlasciwosciach-klejacych-bituthene-4000\/#primaryimage\",\"url\":\"https:\/\/proventuss.eu\/wp-content\/uploads\/2023\/03\/bithuthene-strona.jpg\",\"contentUrl\":\"https:\/\/proventuss.eu\/wp-content\/uploads\/2023\/03\/bithuthene-strona.jpg\",\"width\":2036,\"height\":1357,\"caption\":\"Photovoltaic modules with reflection of cloudy sky\"},{\"@type\":\"BreadcrumbList\",\"@id\":\"https:\/\/proventuss.eu\/produkt\/wodoszczelna-membrana-hdpe-o-wlasciwosciach-klejacych-bituthene-4000\/#breadcrumb\",\"itemListElement\":[{\"@type\":\"ListItem\",\"position\":1,\"name\":\"Home\",\"item\":\"https:\/\/proventuss.eu\/\"},{\"@type\":\"ListItem\",\"position\":2,\"name\":\"Produkty\",\"item\":\"https:\/\/proventuss.eu\/produkty\/\"},{\"@type\":\"ListItem\",\"position\":3,\"name\":\"HDPE vodot\u011bsn\u00e1 membr\u00e1na s adhezn\u00edmi vlastnostmi Bituthene\u00ae 4000\"}]},{\"@type\":\"WebSite\",\"@id\":\"https:\/\/proventuss.eu\/#website\",\"url\":\"https:\/\/proventuss.eu\/\",\"name\":\"Proventuss\",\"description\":\"\",\"potentialAction\":[{\"@type\":\"SearchAction\",\"target\":{\"@type\":\"EntryPoint\",\"urlTemplate\":\"https:\/\/proventuss.eu\/?s={search_term_string}\"},\"query-input\":\"required name=search_term_string\"}],\"inLanguage\":\"cs\"}]}<\/script>\n<!-- \/ Yoast SEO plugin. -->","yoast_head_json":{"title":"HDPE vodot\u011bsn\u00e1 membr\u00e1na s adhezn\u00edmi vlastnostmi Bituthene\u00ae 4000 - Proventuss","robots":{"index":"index","follow":"follow","max-snippet":"max-snippet:-1","max-image-preview":"max-image-preview:large","max-video-preview":"max-video-preview:-1"},"canonical":"https:\/\/proventuss.eu\/produkt\/wodoszczelna-membrana-hdpe-o-wlasciwosciach-klejacych-bituthene-4000\/","og_locale":"cs_CZ","og_type":"article","og_title":"HDPE vodot\u011bsn\u00e1 membr\u00e1na s adhezn\u00edmi vlastnostmi Bituthene\u00ae 4000 - Proventuss","og_description":"Bituthene\u00ae 4000 je za studena kladen\u00e1, samolepic\u00ed, flexibiln\u00ed membr\u00e1na, kter\u00e1 kombinuje vysok\u00fd v\u00fdkon k\u0159\u00ed\u017eov\u011b laminovan\u00e9 HDPE f\u00f3lie se super lepivou bitumenovou kau\u010dukovou sm\u011bs\u00ed. V\u00ddHODY: \u2022 Pokl\u00e1dka za studena \u2013 snadn\u00e1 aplikace na betonov\u00e9 povrchy, zejm\u00e9na p\u0159i n\u00edzk\u00fdch teplot\u00e1ch. \u2022 Mo\u017enost pokl\u00e1dky na \u201e\u010derstv\u00fd\u201c beton \u2013 zkracuje dobu realizace. \u2022 Z\u00e1kladn\u00ed n\u00e1t\u011br odoln\u00fd proti vlhkosti \u2013 [&hellip;]","og_url":"https:\/\/proventuss.eu\/produkt\/wodoszczelna-membrana-hdpe-o-wlasciwosciach-klejacych-bituthene-4000\/","og_site_name":"Proventuss","article_modified_time":"2023-04-12T13:46:50+00:00","og_image":[{"width":2036,"height":1357,"url":"https:\/\/proventuss.eu\/wp-content\/uploads\/2023\/03\/bithuthene-strona.jpg","type":"image\/jpeg"}],"twitter_card":"summary_large_image","twitter_misc":{"Odhadovan\u00e1 doba \u010dten\u00ed":"1 minuta"},"schema":{"@context":"https:\/\/schema.org","@graph":[{"@type":"WebPage","@id":"https:\/\/proventuss.eu\/produkt\/wodoszczelna-membrana-hdpe-o-wlasciwosciach-klejacych-bituthene-4000\/","url":"https:\/\/proventuss.eu\/produkt\/wodoszczelna-membrana-hdpe-o-wlasciwosciach-klejacych-bituthene-4000\/","name":"HDPE vodot\u011bsn\u00e1 membr\u00e1na s adhezn\u00edmi vlastnostmi Bituthene\u00ae 4000 - Proventuss","isPartOf":{"@id":"https:\/\/proventuss.eu\/#website"},"primaryImageOfPage":{"@id":"https:\/\/proventuss.eu\/produkt\/wodoszczelna-membrana-hdpe-o-wlasciwosciach-klejacych-bituthene-4000\/#primaryimage"},"image":{"@id":"https:\/\/proventuss.eu\/produkt\/wodoszczelna-membrana-hdpe-o-wlasciwosciach-klejacych-bituthene-4000\/#primaryimage"},"thumbnailUrl":"https:\/\/proventuss.eu\/wp-content\/uploads\/2023\/03\/bithuthene-strona.jpg","datePublished":"2023-03-23T08:11:29+00:00","dateModified":"2023-04-12T13:46:50+00:00","breadcrumb":{"@id":"https:\/\/proventuss.eu\/produkt\/wodoszczelna-membrana-hdpe-o-wlasciwosciach-klejacych-bituthene-4000\/#breadcrumb"},"inLanguage":"cs","potentialAction":[{"@type":"ReadAction","target":["https:\/\/proventuss.eu\/produkt\/wodoszczelna-membrana-hdpe-o-wlasciwosciach-klejacych-bituthene-4000\/"]}]},{"@type":"ImageObject","inLanguage":"cs","@id":"https:\/\/proventuss.eu\/produkt\/wodoszczelna-membrana-hdpe-o-wlasciwosciach-klejacych-bituthene-4000\/#primaryimage","url":"https:\/\/proventuss.eu\/wp-content\/uploads\/2023\/03\/bithuthene-strona.jpg","contentUrl":"https:\/\/proventuss.eu\/wp-content\/uploads\/2023\/03\/bithuthene-strona.jpg","width":2036,"height":1357,"caption":"Photovoltaic modules with reflection of cloudy sky"},{"@type":"BreadcrumbList","@id":"https:\/\/proventuss.eu\/produkt\/wodoszczelna-membrana-hdpe-o-wlasciwosciach-klejacych-bituthene-4000\/#breadcrumb","itemListElement":[{"@type":"ListItem","position":1,"name":"Home","item":"https:\/\/proventuss.eu\/"},{"@type":"ListItem","position":2,"name":"Produkty","item":"https:\/\/proventuss.eu\/produkty\/"},{"@type":"ListItem","position":3,"name":"HDPE vodot\u011bsn\u00e1 membr\u00e1na s adhezn\u00edmi vlastnostmi Bituthene\u00ae 4000"}]},{"@type":"WebSite","@id":"https:\/\/proventuss.eu\/#website","url":"https:\/\/proventuss.eu\/","name":"Proventuss","description":"","potentialAction":[{"@type":"SearchAction","target":{"@type":"EntryPoint","urlTemplate":"https:\/\/proventuss.eu\/?s={search_term_string}"},"query-input":"required name=search_term_string"}],"inLanguage":"cs"}]}},"_links":{"self":[{"href":"https:\/\/proventuss.eu\/cs\/wp-json\/wp\/v2\/product\/12535"}],"collection":[{"href":"https:\/\/proventuss.eu\/cs\/wp-json\/wp\/v2\/product"}],"about":[{"href":"https:\/\/proventuss.eu\/cs\/wp-json\/wp\/v2\/types\/product"}],"replies":[{"embeddable":true,"href":"https:\/\/proventuss.eu\/cs\/wp-json\/wp\/v2\/comments?post=12535"}],"wp:featuredmedia":[{"embeddable":true,"href":"https:\/\/proventuss.eu\/cs\/wp-json\/wp\/v2\/media\/11882"}],"wp:attachment":[{"href":"https:\/\/proventuss.eu\/cs\/wp-json\/wp\/v2\/media?parent=12535"}],"wp:term":[{"taxonomy":"product_cat","embeddable":true,"href":"https:\/\/proventuss.eu\/cs\/wp-json\/wp\/v2\/product_cat?post=12535"},{"taxonomy":"product_tag","embeddable":true,"href":"https:\/\/proventuss.eu\/cs\/wp-json\/wp\/v2\/product_tag?post=12535"}],"curies":[{"name":"wp","href":"https:\/\/api.w.org\/{rel}","templated":true}]}}