{"id":12533,"date":"2023-03-20T12:35:24","date_gmt":"2023-03-20T12:35:24","guid":{"rendered":"https:\/\/proventuss.eu\/produkt\/preprufe-300r-plus\/"},"modified":"2023-04-12T13:42:28","modified_gmt":"2023-04-12T13:42:28","slug":"preprufe-300r-plus","status":"publish","type":"product","link":"https:\/\/proventuss.eu\/cs\/produkt\/preprufe-300r-plus\/","title":{"rendered":"Preprufe 300R Plus"},"content":{"rendered":"<p>Nov\u00e1 generace membr\u00e1n Preprufe\u00ae s unik\u00e1tn\u00edm syst\u00e9mem Preprufe\u00ae ZipLap\u2122 pro rychlou a bezpe\u010dnou aplikaci v jak\u00e9mkoli ro\u010dn\u00edm obdob\u00ed a klimatu v podzemn\u00ed \u010d\u00e1sti budovy.<\/p>\n<p>Preprufe\u00ae Plus Insulation Membranes jsou kompozitn\u00ed desky skl\u00e1daj\u00edc\u00ed se z \u010dist\u00e9 HDPE membr\u00e1ny, lepic\u00ed vrstvy citliv\u00e9 na tlak a vrchn\u00ed vrstvy pochoz\u00ed ochrann\u00e9 vrstvy s lepic\u00edmi dvojit\u00fdmi p\u0159ekryvy Preprufe\u00ae ZipLap\u2122 pro v\u011bt\u0161\u00ed bezpe\u010dnost a snadnou instalaci v m\u00edstech p\u0159ekryt\u00ed.<\/p>\n<p>Spole\u010dnost GCP spojila svou osv\u011bd\u010denou technologii Advanced Bond Technology\u2122 s v\u00edce ne\u017e 25 lety zku\u0161enost\u00ed na velk\u00fdch projektech, aby vytvo\u0159ila hydroizola\u010dn\u00ed membr\u00e1nu s jedine\u010dn\u00fdmi vlastnostmi, kter\u00e1 poskytuje technick\u00e9 a ekonomick\u00e9 v\u00fdhody. Advanced Bond Technology\u2122 \u2013 technologie, kter\u00e1 zaji\u0161\u0165uje kontinu\u00e1ln\u00ed a trval\u00e9 spojen\u00ed s betonem, kter\u00fd k n\u011bmu p\u0159il\u00e9h\u00e1, zabra\u0148uje migraci vody mezi konstrukc\u00ed a membr\u00e1nou a v\u00fdrazn\u011b zlep\u0161uje ochranu proti prosakov\u00e1n\u00ed.<\/p>\n<p>V\u00fdhody p\u0159i aplikaci \u2013 Syst\u00e9m Preprufe\u00ae Plus je jednoduch\u00fd, rychl\u00fd a bezpe\u010dn\u00fd. Dal\u0161\u00ed produkty jsou omezeny na jednu p\u00e1sku a na ut\u011bsn\u011bn\u00ed detail\u016f tekut\u00e9 membr\u00e1ny Bituthene\u00ae LM. Celou instalaci zvl\u00e1dnou dva vy\u0161kolen\u00ed pracovn\u00edci, co\u017e \u0161et\u0159\u00ed n\u00e1klady a pracovn\u00ed \u010das. Unik\u00e1tn\u00ed syst\u00e9m Preprufe\u00ae ZipLap\u2122 zaji\u0161\u0165uje rychl\u00e9 a efektivn\u00ed lepen\u00ed i za nep\u0159\u00edzniv\u00fdch podm\u00ednek.<\/p>\n<p>V\u00ddHODY:<br \/>\n\u2022 Rychl\u00e9, jednoduch\u00e9 a bezpe\u010dn\u00e9 \u2013 navr\u017eeno pro efektivn\u00ed instalaci na m\u00edst\u011b a dlouhodob\u00e9 hydroizola\u010dn\u00ed vlastnosti.<br \/>\n\u2022 Advanced Bond Technology\u2122 sni\u017euje riziko \u2013 vytv\u00e1\u0159\u00ed trval\u00e9 a souvisl\u00e9 spojen\u00ed s vyztu\u017eenou betonovou konstrukc\u00ed. Jedin\u00e9 osv\u011bd\u010den\u00e9 a \u00fa\u010dinn\u00e9 \u0159e\u0161en\u00ed pro zamezen\u00ed migrace vody pod vysok\u00fdm tlakem.<br \/>\n\u2022 Dvojit\u00e9 samolep\u00edc\u00ed vod\u011bodoln\u00e9 p\u0159ekryt\u00ed Preprufe\u00ae ZipLap\u2122 \u2013 snadn\u00e1 instalace po cel\u00fd rok i v n\u00e1ro\u010dn\u00fdch podm\u00ednk\u00e1ch. P\u0159esahy z\u016fst\u00e1vaj\u00ed \u010dist\u00e9 a such\u00e9, dokud nen\u00ed aplikov\u00e1no t\u011bsn\u011bn\u00ed.<br \/>\n\u2022 Sni\u017euje n\u00e1klady a \u010das \u2013 rychl\u00e1 instalace s t\u00fdmem 2 osob.<br \/>\n\u2022 \u017d\u00e1dn\u00e9 skryt\u00e9 p\u0159\u00edsady \u2013 nejsou pot\u0159eba \u017e\u00e1dn\u00e9 z\u00e1kladn\u00ed n\u00e1t\u011bry, tmely, koutov\u00e9 svary nebo speci\u00e1ln\u00ed vybaven\u00ed.<br \/>\n\u2022 Prodlou\u017een\u00e1 doba p\u016fsoben\u00ed \u2013 jedine\u010dn\u00e1 ochrann\u00e1 vrstva tvo\u0159\u00edc\u00ed bari\u00e9ru proti UV z\u00e1\u0159en\u00ed a\u017e 56 dn\u016f p\u0159ed za\u010d\u00e1tkem ukl\u00e1d\u00e1n\u00ed betonov\u00e9 sm\u011bsi. D\u00e1v\u00e1 mo\u017enost flexibiln\u00edho pl\u00e1nov\u00e1n\u00ed v\u00fdstavby v p\u0159\u00edpad\u011b zpo\u017ed\u011bn\u00ed v realizaci projektu.<br \/>\n\u2022 Lehk\u00e1, snadn\u00e1 manipulace \u2013 men\u0161\u00ed \u00falo\u017en\u00e1 plocha a v\u011bt\u0161\u00ed bezpe\u010dnost ve srovn\u00e1n\u00ed se siln\u011bj\u0161\u00edmi, t\u011b\u017e\u0161\u00edmi technologiemi s v\u011bt\u0161\u00edm objemem.<br \/>\n\u2022 Jednoduch\u00fd syst\u00e9m \u2013 instalace zateplovac\u00edho syst\u00e9mu vy\u017eaduje pouze membr\u00e1nu a jednu p\u00e1sku.<br \/>\n\u2022 Snadn\u00e9 tvarov\u00e1n\u00ed detail\u016f \u2013 celistv\u00e9 spojen\u00ed membr\u00e1ny s konstrukc\u00ed pomoc\u00ed adhezivn\u00ed vrstvy eliminuje nutnost rozd\u011blov\u00e1n\u00ed prvk\u016f do men\u0161\u00edch pol\u00ed, jako je tomu u syst\u00e9m\u016f nesouvisej\u00edc\u00edch s konstrukc\u00ed.<\/p>\n<p>\u2022 Hladk\u00fd, nenas\u00e1kav\u00fd povrch \u2013 na rozd\u00edl od membr\u00e1n pokryt\u00fdch geotextili\u00ed, membr\u00e1na odol\u00e1v\u00e1 kontaminaci na m\u00edst\u011b a snadno se \u010dist\u00ed p\u0159ed zalit\u00edm betonem, co\u017e zaji\u0161\u0165uje trvalou vazbu na konstrukci.<br \/>\n\u2022 Nen\u00ed t\u0159eba rozd\u011blovat prvky do pol\u00ed \u2013 integr\u00e1ln\u00ed adhezivn\u00ed spojen\u00ed eliminuje pot\u0159ebu slo\u017eit\u00fdch d\u011blen\u00ed pou\u017e\u00edvan\u00fdch v membr\u00e1n\u00e1ch, kter\u00e9 se aktivn\u011b nepoj\u00ed s betonem.<br \/>\n\u2022 Jednovrstv\u00fd, nan\u00e1\u0161en\u00fd za studena \u2013 Jednovrstv\u00fd syst\u00e9m, nevy\u017eaduje ochrannou vrstvu ani pr\u00e1ci s otev\u0159en\u00fdm plamenem.<br \/>\n\u2022 Odoln\u00e1 vodot\u011bsn\u00e1 HDPE geomembr\u00e1na \u2013 odoln\u00e1, pevn\u00e1, chr\u00e1n\u00ed konstrukci proti chemick\u00e9mu napaden\u00ed, p\u016fsoben\u00ed sol\u00ed a sulfid\u016f a pronik\u00e1n\u00ed plyn\u016f.<br \/>\n\u2022 25 let zku\u0161enost\u00ed \u2013 membr\u00e1ny Preprfe\u00ae se pou\u017e\u00edvaj\u00ed ji\u017e v\u00edce ne\u017e 25 let na mnoha velk\u00fdch i mal\u00fdch projektech po cel\u00e9m sv\u011bt\u011b.<br \/>\n\u2022 Pasivn\u00ed izolace \u2013 na rozd\u00edl od syst\u00e9m\u016f na b\u00e1zi bentonitu syst\u00e9m nevy\u017eaduje aktivaci, je odoln\u00fd proti zne\u010di\u0161t\u011bn\u00ed zeminou, de\u0161ti a such\u00fdm\/mokr\u00fdm cykl\u016fm b\u011bhem v\u00fdstavby a u\u017e\u00edv\u00e1n\u00ed konstrukce.<br \/>\n\u2022 Kompletn\u00ed syst\u00e9m GCP \u2013 kompletn\u00ed \u0159ada hydrofiln\u00edch a PVC p\u00e1sek GCP pro ochranu konstruk\u010dn\u00edch dilata\u010dn\u00edch sp\u00e1r, v\u010detn\u011b \u0161irok\u00fdch dilata\u010dn\u00edch sp\u00e1r (seismick\u00e9 oblasti). Lze pou\u017e\u00edt ve spojen\u00ed s \u0159adou samolepic\u00edch membr\u00e1n GCP pro instalaci na st\u00e1vaj\u00edc\u00ed konstrukce.<\/p>\n","protected":false},"excerpt":{"rendered":"<p>Nov\u00e1 generace membr\u00e1n Preprufe\u00ae s unik\u00e1tn\u00edm syst\u00e9mem Preprufe\u00ae ZipLap\u2122 pro rychlou a bezpe\u010dnou aplikaci v jak\u00e9mkoli ro\u010dn\u00edm obdob\u00ed a klimatu v podzemn\u00ed \u010d\u00e1sti budovy. Preprufe\u00ae Plus Insulation Membranes jsou kompozitn\u00ed desky skl\u00e1daj\u00edc\u00ed se z \u010dist\u00e9 HDPE membr\u00e1ny, lepic\u00ed vrstvy citliv\u00e9 na tlak a vrchn\u00ed vrstvy pochoz\u00ed ochrann\u00e9 vrstvy s lepic\u00edmi dvojit\u00fdmi p\u0159ekryvy Preprufe\u00ae ZipLap\u2122 pro [&hellip;]<\/p>\n","protected":false},"featured_media":12565,"comment_status":"open","ping_status":"closed","template":"","meta":{"_acf_changed":false},"product_cat":[15],"product_tag":[],"acf":[],"yoast_head":"<!-- This site is optimized with the Yoast SEO plugin v22.9 - https:\/\/yoast.com\/wordpress\/plugins\/seo\/ -->\n<title>Preprufe 300R Plus - Proventuss<\/title>\n<meta name=\"robots\" content=\"index, follow, max-snippet:-1, max-image-preview:large, max-video-preview:-1\" \/>\n<link rel=\"canonical\" href=\"https:\/\/proventuss.eu\/cs\/produkt\/preprufe-300r-plus\/\" \/>\n<meta property=\"og:locale\" content=\"cs_CZ\" \/>\n<meta property=\"og:type\" content=\"article\" \/>\n<meta property=\"og:title\" content=\"Preprufe 300R Plus - Proventuss\" \/>\n<meta property=\"og:description\" content=\"Nov\u00e1 generace membr\u00e1n Preprufe\u00ae s unik\u00e1tn\u00edm syst\u00e9mem Preprufe\u00ae ZipLap\u2122 pro rychlou a bezpe\u010dnou aplikaci v jak\u00e9mkoli ro\u010dn\u00edm obdob\u00ed a klimatu v podzemn\u00ed \u010d\u00e1sti budovy. Preprufe\u00ae Plus Insulation Membranes jsou kompozitn\u00ed desky skl\u00e1daj\u00edc\u00ed se z \u010dist\u00e9 HDPE membr\u00e1ny, lepic\u00ed vrstvy citliv\u00e9 na tlak a vrchn\u00ed vrstvy pochoz\u00ed ochrann\u00e9 vrstvy s lepic\u00edmi dvojit\u00fdmi p\u0159ekryvy Preprufe\u00ae ZipLap\u2122 pro [&hellip;]\" \/>\n<meta property=\"og:url\" content=\"https:\/\/proventuss.eu\/cs\/produkt\/preprufe-300r-plus\/\" \/>\n<meta property=\"og:site_name\" content=\"Proventuss\" \/>\n<meta property=\"article:modified_time\" content=\"2023-04-12T13:42:28+00:00\" \/>\n<meta name=\"twitter:card\" content=\"summary_large_image\" \/>\n<meta name=\"twitter:label1\" content=\"Odhadovan\u00e1 doba \u010dten\u00ed\" \/>\n\t<meta name=\"twitter:data1\" content=\"4 minuty\" \/>\n<script type=\"application\/ld+json\" class=\"yoast-schema-graph\">{\"@context\":\"https:\/\/schema.org\",\"@graph\":[{\"@type\":\"WebPage\",\"@id\":\"https:\/\/proventuss.eu\/cs\/produkt\/preprufe-300r-plus\/\",\"url\":\"https:\/\/proventuss.eu\/cs\/produkt\/preprufe-300r-plus\/\",\"name\":\"Preprufe 300R Plus - Proventuss\",\"isPartOf\":{\"@id\":\"https:\/\/proventuss.eu\/#website\"},\"primaryImageOfPage\":{\"@id\":\"https:\/\/proventuss.eu\/cs\/produkt\/preprufe-300r-plus\/#primaryimage\"},\"image\":{\"@id\":\"https:\/\/proventuss.eu\/cs\/produkt\/preprufe-300r-plus\/#primaryimage\"},\"thumbnailUrl\":\"https:\/\/proventuss.eu\/wp-content\/uploads\/2023\/03\/Preprufe-300Rplus.jpg\",\"datePublished\":\"2023-03-20T12:35:24+00:00\",\"dateModified\":\"2023-04-12T13:42:28+00:00\",\"breadcrumb\":{\"@id\":\"https:\/\/proventuss.eu\/cs\/produkt\/preprufe-300r-plus\/#breadcrumb\"},\"inLanguage\":\"cs\",\"potentialAction\":[{\"@type\":\"ReadAction\",\"target\":[\"https:\/\/proventuss.eu\/cs\/produkt\/preprufe-300r-plus\/\"]}]},{\"@type\":\"ImageObject\",\"inLanguage\":\"cs\",\"@id\":\"https:\/\/proventuss.eu\/cs\/produkt\/preprufe-300r-plus\/#primaryimage\",\"url\":\"https:\/\/proventuss.eu\/wp-content\/uploads\/2023\/03\/Preprufe-300Rplus.jpg\",\"contentUrl\":\"https:\/\/proventuss.eu\/wp-content\/uploads\/2023\/03\/Preprufe-300Rplus.jpg\",\"width\":2048,\"height\":1536},{\"@type\":\"BreadcrumbList\",\"@id\":\"https:\/\/proventuss.eu\/cs\/produkt\/preprufe-300r-plus\/#breadcrumb\",\"itemListElement\":[{\"@type\":\"ListItem\",\"position\":1,\"name\":\"Home\",\"item\":\"https:\/\/proventuss.eu\/\"},{\"@type\":\"ListItem\",\"position\":2,\"name\":\"Produkty\",\"item\":\"https:\/\/proventuss.eu\/produkty\/\"},{\"@type\":\"ListItem\",\"position\":3,\"name\":\"Preprufe 300R Plus\"}]},{\"@type\":\"WebSite\",\"@id\":\"https:\/\/proventuss.eu\/#website\",\"url\":\"https:\/\/proventuss.eu\/\",\"name\":\"Proventuss\",\"description\":\"\",\"potentialAction\":[{\"@type\":\"SearchAction\",\"target\":{\"@type\":\"EntryPoint\",\"urlTemplate\":\"https:\/\/proventuss.eu\/?s={search_term_string}\"},\"query-input\":\"required name=search_term_string\"}],\"inLanguage\":\"cs\"}]}<\/script>\n<!-- \/ Yoast SEO plugin. -->","yoast_head_json":{"title":"Preprufe 300R Plus - Proventuss","robots":{"index":"index","follow":"follow","max-snippet":"max-snippet:-1","max-image-preview":"max-image-preview:large","max-video-preview":"max-video-preview:-1"},"canonical":"https:\/\/proventuss.eu\/cs\/produkt\/preprufe-300r-plus\/","og_locale":"cs_CZ","og_type":"article","og_title":"Preprufe 300R Plus - Proventuss","og_description":"Nov\u00e1 generace membr\u00e1n Preprufe\u00ae s unik\u00e1tn\u00edm syst\u00e9mem Preprufe\u00ae ZipLap\u2122 pro rychlou a bezpe\u010dnou aplikaci v jak\u00e9mkoli ro\u010dn\u00edm obdob\u00ed a klimatu v podzemn\u00ed \u010d\u00e1sti budovy. Preprufe\u00ae Plus Insulation Membranes jsou kompozitn\u00ed desky skl\u00e1daj\u00edc\u00ed se z \u010dist\u00e9 HDPE membr\u00e1ny, lepic\u00ed vrstvy citliv\u00e9 na tlak a vrchn\u00ed vrstvy pochoz\u00ed ochrann\u00e9 vrstvy s lepic\u00edmi dvojit\u00fdmi p\u0159ekryvy Preprufe\u00ae ZipLap\u2122 pro [&hellip;]","og_url":"https:\/\/proventuss.eu\/cs\/produkt\/preprufe-300r-plus\/","og_site_name":"Proventuss","article_modified_time":"2023-04-12T13:42:28+00:00","twitter_card":"summary_large_image","twitter_misc":{"Odhadovan\u00e1 doba \u010dten\u00ed":"4 minuty"},"schema":{"@context":"https:\/\/schema.org","@graph":[{"@type":"WebPage","@id":"https:\/\/proventuss.eu\/cs\/produkt\/preprufe-300r-plus\/","url":"https:\/\/proventuss.eu\/cs\/produkt\/preprufe-300r-plus\/","name":"Preprufe 300R Plus - Proventuss","isPartOf":{"@id":"https:\/\/proventuss.eu\/#website"},"primaryImageOfPage":{"@id":"https:\/\/proventuss.eu\/cs\/produkt\/preprufe-300r-plus\/#primaryimage"},"image":{"@id":"https:\/\/proventuss.eu\/cs\/produkt\/preprufe-300r-plus\/#primaryimage"},"thumbnailUrl":"https:\/\/proventuss.eu\/wp-content\/uploads\/2023\/03\/Preprufe-300Rplus.jpg","datePublished":"2023-03-20T12:35:24+00:00","dateModified":"2023-04-12T13:42:28+00:00","breadcrumb":{"@id":"https:\/\/proventuss.eu\/cs\/produkt\/preprufe-300r-plus\/#breadcrumb"},"inLanguage":"cs","potentialAction":[{"@type":"ReadAction","target":["https:\/\/proventuss.eu\/cs\/produkt\/preprufe-300r-plus\/"]}]},{"@type":"ImageObject","inLanguage":"cs","@id":"https:\/\/proventuss.eu\/cs\/produkt\/preprufe-300r-plus\/#primaryimage","url":"https:\/\/proventuss.eu\/wp-content\/uploads\/2023\/03\/Preprufe-300Rplus.jpg","contentUrl":"https:\/\/proventuss.eu\/wp-content\/uploads\/2023\/03\/Preprufe-300Rplus.jpg","width":2048,"height":1536},{"@type":"BreadcrumbList","@id":"https:\/\/proventuss.eu\/cs\/produkt\/preprufe-300r-plus\/#breadcrumb","itemListElement":[{"@type":"ListItem","position":1,"name":"Home","item":"https:\/\/proventuss.eu\/"},{"@type":"ListItem","position":2,"name":"Produkty","item":"https:\/\/proventuss.eu\/produkty\/"},{"@type":"ListItem","position":3,"name":"Preprufe 300R Plus"}]},{"@type":"WebSite","@id":"https:\/\/proventuss.eu\/#website","url":"https:\/\/proventuss.eu\/","name":"Proventuss","description":"","potentialAction":[{"@type":"SearchAction","target":{"@type":"EntryPoint","urlTemplate":"https:\/\/proventuss.eu\/?s={search_term_string}"},"query-input":"required name=search_term_string"}],"inLanguage":"cs"}]}},"_links":{"self":[{"href":"https:\/\/proventuss.eu\/cs\/wp-json\/wp\/v2\/product\/12533"}],"collection":[{"href":"https:\/\/proventuss.eu\/cs\/wp-json\/wp\/v2\/product"}],"about":[{"href":"https:\/\/proventuss.eu\/cs\/wp-json\/wp\/v2\/types\/product"}],"replies":[{"embeddable":true,"href":"https:\/\/proventuss.eu\/cs\/wp-json\/wp\/v2\/comments?post=12533"}],"wp:featuredmedia":[{"embeddable":true,"href":"https:\/\/proventuss.eu\/cs\/wp-json\/wp\/v2\/media\/12565"}],"wp:attachment":[{"href":"https:\/\/proventuss.eu\/cs\/wp-json\/wp\/v2\/media?parent=12533"}],"wp:term":[{"taxonomy":"product_cat","embeddable":true,"href":"https:\/\/proventuss.eu\/cs\/wp-json\/wp\/v2\/product_cat?post=12533"},{"taxonomy":"product_tag","embeddable":true,"href":"https:\/\/proventuss.eu\/cs\/wp-json\/wp\/v2\/product_tag?post=12533"}],"curies":[{"name":"wp","href":"https:\/\/api.w.org\/{rel}","templated":true}]}}