{"id":12531,"date":"2023-03-20T12:44:06","date_gmt":"2023-03-20T12:44:06","guid":{"rendered":"https:\/\/proventuss.eu\/produkt\/preprufe-250\/"},"modified":"2023-04-12T13:36:44","modified_gmt":"2023-04-12T13:36:44","slug":"preprufe-250","status":"publish","type":"product","link":"https:\/\/proventuss.eu\/cs\/produkt\/preprufe-250\/","title":{"rendered":"Preprufe 250"},"content":{"rendered":"<p>Hydroizola\u010dn\u00ed lep\u00edc\u00ed f\u00f3lie Preprufe 250 pro lit\u00e9 betonov\u00e9 sm\u011bsi z\u00e1kladov\u00fdch desek a jednostrann\u00e9 bedn\u011bn\u00ed st\u011bn v podzemn\u00edch \u010d\u00e1stech budov.<\/p>\n<p>Preprufe 250 je kompozitn\u00ed f\u00f3liov\u00e1 membr\u00e1na skl\u00e1daj\u00edc\u00ed se z nosn\u00e9 vrstvy HDPE, aktivn\u00ed adhezivn\u00ed vrstvy a vrstvy odoln\u00e9 v\u016f\u010di pov\u011btrnostn\u00edm vliv\u016fm.<br \/>\nS vyu\u017eit\u00edm jedine\u010dn\u00e9 technologie GCP Advanced Bond Technology\u2122 vytv\u00e1\u0159\u00ed Preprfe 250 nep\u0159etr\u017eit\u00e9 a trval\u00e9 spojen\u00ed s betonem, aby se zabr\u00e1nilo migraci vody a poskytla se dlouhodob\u00e1 hydroizola\u010dn\u00ed ochrana.<\/p>\n<p><strong>Syst\u00e9m Preprufe 250 zahrnuje:<\/strong><br \/>\n\u2022 Preprufe\u00ae 250 \u2013 Vodot\u011bsn\u00e1 membr\u00e1na pro horizont\u00e1ln\u00ed pou\u017eit\u00ed pod betonov\u00e9 desky nebo pro vertik\u00e1ln\u00ed pou\u017eit\u00ed v syst\u00e9mech ztracen\u00e9ho bedn\u011bn\u00ed.<br \/>\n\u2022 P\u00e1ska Preprufe\u00ae \u2013 100 mm \u0161irok\u00e1 samolepic\u00ed p\u00e1ska pro spojov\u00e1n\u00ed konc\u016f rol\u00ed, \u0159ezan\u00fdch hran, ut\u011bs\u0148ov\u00e1n\u00ed vpich\u016f a detail\u016f. Verze s p\u00e1skou LT pro aplikace p\u0159i -4C a\u017e +30C. P\u00e1skov\u00e1 verze HC pro aplikace p\u0159i teplot\u00e1ch od +10C.<br \/>\n\u2022 Bituthene\u00ae LM \u2013 vysoce kvalitn\u00ed tekut\u00e1 izolace pro ut\u011bsn\u011bn\u00ed r\u016fzn\u00fdch typ\u016f prop\u00edchnut\u00ed membr\u00e1ny.<\/p>\n<p>Preprufe 250 se pokl\u00e1d\u00e1 vodorovn\u011b na vhodn\u011b p\u0159ipraven\u00fd beton a svisle na jednostrann\u00e9 bedn\u011bn\u00ed na m\u00edst\u011b. Betonov\u00e1 sm\u011bs je um\u00edst\u011bna p\u0159\u00edmo na aktivn\u00ed stranu membr\u00e1ny. Speci\u00e1ln\u011b vyvinut\u00e1 aktivn\u00ed adhezivn\u00ed vrstva membr\u00e1ny Preprufe vytv\u00e1\u0159\u00ed souvisl\u00e9 a celistv\u00e9 t\u011bsn\u011bn\u00ed lit\u00e9 betonov\u00e9 sm\u011bsi. F\u00f3lie Preprufe 250 je ur\u010dena pro pou\u017eit\u00ed v \u017eelezobetonov\u00fdch konstrukc\u00edch betonovan\u00fdch na m\u00edst\u011b.<\/p>\n<p><strong>V\u00fdhody produktu:<\/strong><br \/>\n\u2022 Kladen\u00ed za studena: bezpe\u010dn\u00e9, nen\u00ed pot\u0159eba \u017e\u00e1dn\u00e9 speci\u00e1ln\u00ed vybaven\u00ed<br \/>\n\u2022 Chr\u00e1n\u00ed p\u0159ed proud\u011bn\u00edm vody<br \/>\n\u2022 Rychl\u00e9 a snadn\u00e9 pokl\u00e1d\u00e1n\u00ed<br \/>\n\u2022 Pom\u00e1h\u00e1 vyhnout se zpo\u017ed\u011bn\u00edm projektu<br \/>\n\u2022 Vynikaj\u00edc\u00ed bari\u00e9ra proti plyn\u016fm a vodn\u00ed p\u00e1\u0159e<br \/>\n\u2022 P\u0159irozen\u011b vod\u011bodoln\u00fd, nen\u00ed nutn\u00e1 \u017e\u00e1dn\u00e1 aktivace<br \/>\n\u2022 Chemicky odoln\u00fd \u2013 trvanliv\u00fd<br \/>\n\u2022 Nen\u00ed nutn\u00e1 \u017e\u00e1dn\u00e1 ochrann\u00e1 vrstva: ochrann\u00e9 desky, ochrann\u00fd beton po instalaci membr\u00e1ny p\u0159ed beton\u00e1\u017e\u00ed<br \/>\n\u2022 Odolnost proti UV z\u00e1\u0159en\u00ed: lze ponechat 40 dn\u00ed<br \/>\n\u2022 Vy\u0161\u0161\u00ed pokryt\u00ed rol\u00ed: Men\u0161\u00ed po\u010det pokl\u00e1dek, jednodu\u0161\u0161\u00ed logistika<\/p>\n","protected":false},"excerpt":{"rendered":"<p>Hydroizola\u010dn\u00ed lep\u00edc\u00ed f\u00f3lie Preprufe 250 pro lit\u00e9 betonov\u00e9 sm\u011bsi z\u00e1kladov\u00fdch desek a jednostrann\u00e9 bedn\u011bn\u00ed st\u011bn v podzemn\u00edch \u010d\u00e1stech budov. Preprufe 250 je kompozitn\u00ed f\u00f3liov\u00e1 membr\u00e1na skl\u00e1daj\u00edc\u00ed se z nosn\u00e9 vrstvy HDPE, aktivn\u00ed adhezivn\u00ed vrstvy a vrstvy odoln\u00e9 v\u016f\u010di pov\u011btrnostn\u00edm vliv\u016fm. S vyu\u017eit\u00edm jedine\u010dn\u00e9 technologie GCP Advanced Bond Technology\u2122 vytv\u00e1\u0159\u00ed Preprfe 250 nep\u0159etr\u017eit\u00e9 a trval\u00e9 spojen\u00ed [&hellip;]<\/p>\n","protected":false},"featured_media":12581,"comment_status":"open","ping_status":"closed","template":"","meta":{"_acf_changed":false},"product_cat":[15],"product_tag":[],"acf":[],"yoast_head":"<!-- This site is optimized with the Yoast SEO plugin v22.9 - https:\/\/yoast.com\/wordpress\/plugins\/seo\/ -->\n<title>Preprufe 250 - Proventuss<\/title>\n<meta name=\"robots\" content=\"index, follow, max-snippet:-1, max-image-preview:large, max-video-preview:-1\" \/>\n<link rel=\"canonical\" href=\"https:\/\/proventuss.eu\/cs\/produkt\/preprufe-250\/\" \/>\n<meta property=\"og:locale\" content=\"cs_CZ\" \/>\n<meta property=\"og:type\" content=\"article\" \/>\n<meta property=\"og:title\" content=\"Preprufe 250 - Proventuss\" \/>\n<meta property=\"og:description\" content=\"Hydroizola\u010dn\u00ed lep\u00edc\u00ed f\u00f3lie Preprufe 250 pro lit\u00e9 betonov\u00e9 sm\u011bsi z\u00e1kladov\u00fdch desek a jednostrann\u00e9 bedn\u011bn\u00ed st\u011bn v podzemn\u00edch \u010d\u00e1stech budov. Preprufe 250 je kompozitn\u00ed f\u00f3liov\u00e1 membr\u00e1na skl\u00e1daj\u00edc\u00ed se z nosn\u00e9 vrstvy HDPE, aktivn\u00ed adhezivn\u00ed vrstvy a vrstvy odoln\u00e9 v\u016f\u010di pov\u011btrnostn\u00edm vliv\u016fm. S vyu\u017eit\u00edm jedine\u010dn\u00e9 technologie GCP Advanced Bond Technology\u2122 vytv\u00e1\u0159\u00ed Preprfe 250 nep\u0159etr\u017eit\u00e9 a trval\u00e9 spojen\u00ed [&hellip;]\" \/>\n<meta property=\"og:url\" content=\"https:\/\/proventuss.eu\/cs\/produkt\/preprufe-250\/\" \/>\n<meta property=\"og:site_name\" content=\"Proventuss\" \/>\n<meta property=\"article:modified_time\" content=\"2023-04-12T13:36:44+00:00\" \/>\n<meta name=\"twitter:card\" content=\"summary_large_image\" \/>\n<meta name=\"twitter:label1\" content=\"Odhadovan\u00e1 doba \u010dten\u00ed\" \/>\n\t<meta name=\"twitter:data1\" content=\"2 minuty\" \/>\n<script type=\"application\/ld+json\" class=\"yoast-schema-graph\">{\"@context\":\"https:\/\/schema.org\",\"@graph\":[{\"@type\":\"WebPage\",\"@id\":\"https:\/\/proventuss.eu\/cs\/produkt\/preprufe-250\/\",\"url\":\"https:\/\/proventuss.eu\/cs\/produkt\/preprufe-250\/\",\"name\":\"Preprufe 250 - Proventuss\",\"isPartOf\":{\"@id\":\"https:\/\/proventuss.eu\/#website\"},\"primaryImageOfPage\":{\"@id\":\"https:\/\/proventuss.eu\/cs\/produkt\/preprufe-250\/#primaryimage\"},\"image\":{\"@id\":\"https:\/\/proventuss.eu\/cs\/produkt\/preprufe-250\/#primaryimage\"},\"thumbnailUrl\":\"https:\/\/proventuss.eu\/wp-content\/uploads\/2023\/03\/shutterstock_1852800412-scaled.jpg\",\"datePublished\":\"2023-03-20T12:44:06+00:00\",\"dateModified\":\"2023-04-12T13:36:44+00:00\",\"breadcrumb\":{\"@id\":\"https:\/\/proventuss.eu\/cs\/produkt\/preprufe-250\/#breadcrumb\"},\"inLanguage\":\"cs\",\"potentialAction\":[{\"@type\":\"ReadAction\",\"target\":[\"https:\/\/proventuss.eu\/cs\/produkt\/preprufe-250\/\"]}]},{\"@type\":\"ImageObject\",\"inLanguage\":\"cs\",\"@id\":\"https:\/\/proventuss.eu\/cs\/produkt\/preprufe-250\/#primaryimage\",\"url\":\"https:\/\/proventuss.eu\/wp-content\/uploads\/2023\/03\/shutterstock_1852800412-scaled.jpg\",\"contentUrl\":\"https:\/\/proventuss.eu\/wp-content\/uploads\/2023\/03\/shutterstock_1852800412-scaled.jpg\",\"width\":2560,\"height\":1706},{\"@type\":\"BreadcrumbList\",\"@id\":\"https:\/\/proventuss.eu\/cs\/produkt\/preprufe-250\/#breadcrumb\",\"itemListElement\":[{\"@type\":\"ListItem\",\"position\":1,\"name\":\"Home\",\"item\":\"https:\/\/proventuss.eu\/\"},{\"@type\":\"ListItem\",\"position\":2,\"name\":\"Produkty\",\"item\":\"https:\/\/proventuss.eu\/produkty\/\"},{\"@type\":\"ListItem\",\"position\":3,\"name\":\"Preprufe 250\"}]},{\"@type\":\"WebSite\",\"@id\":\"https:\/\/proventuss.eu\/#website\",\"url\":\"https:\/\/proventuss.eu\/\",\"name\":\"Proventuss\",\"description\":\"\",\"potentialAction\":[{\"@type\":\"SearchAction\",\"target\":{\"@type\":\"EntryPoint\",\"urlTemplate\":\"https:\/\/proventuss.eu\/?s={search_term_string}\"},\"query-input\":\"required name=search_term_string\"}],\"inLanguage\":\"cs\"}]}<\/script>\n<!-- \/ Yoast SEO plugin. -->","yoast_head_json":{"title":"Preprufe 250 - Proventuss","robots":{"index":"index","follow":"follow","max-snippet":"max-snippet:-1","max-image-preview":"max-image-preview:large","max-video-preview":"max-video-preview:-1"},"canonical":"https:\/\/proventuss.eu\/cs\/produkt\/preprufe-250\/","og_locale":"cs_CZ","og_type":"article","og_title":"Preprufe 250 - Proventuss","og_description":"Hydroizola\u010dn\u00ed lep\u00edc\u00ed f\u00f3lie Preprufe 250 pro lit\u00e9 betonov\u00e9 sm\u011bsi z\u00e1kladov\u00fdch desek a jednostrann\u00e9 bedn\u011bn\u00ed st\u011bn v podzemn\u00edch \u010d\u00e1stech budov. Preprufe 250 je kompozitn\u00ed f\u00f3liov\u00e1 membr\u00e1na skl\u00e1daj\u00edc\u00ed se z nosn\u00e9 vrstvy HDPE, aktivn\u00ed adhezivn\u00ed vrstvy a vrstvy odoln\u00e9 v\u016f\u010di pov\u011btrnostn\u00edm vliv\u016fm. S vyu\u017eit\u00edm jedine\u010dn\u00e9 technologie GCP Advanced Bond Technology\u2122 vytv\u00e1\u0159\u00ed Preprfe 250 nep\u0159etr\u017eit\u00e9 a trval\u00e9 spojen\u00ed [&hellip;]","og_url":"https:\/\/proventuss.eu\/cs\/produkt\/preprufe-250\/","og_site_name":"Proventuss","article_modified_time":"2023-04-12T13:36:44+00:00","twitter_card":"summary_large_image","twitter_misc":{"Odhadovan\u00e1 doba \u010dten\u00ed":"2 minuty"},"schema":{"@context":"https:\/\/schema.org","@graph":[{"@type":"WebPage","@id":"https:\/\/proventuss.eu\/cs\/produkt\/preprufe-250\/","url":"https:\/\/proventuss.eu\/cs\/produkt\/preprufe-250\/","name":"Preprufe 250 - Proventuss","isPartOf":{"@id":"https:\/\/proventuss.eu\/#website"},"primaryImageOfPage":{"@id":"https:\/\/proventuss.eu\/cs\/produkt\/preprufe-250\/#primaryimage"},"image":{"@id":"https:\/\/proventuss.eu\/cs\/produkt\/preprufe-250\/#primaryimage"},"thumbnailUrl":"https:\/\/proventuss.eu\/wp-content\/uploads\/2023\/03\/shutterstock_1852800412-scaled.jpg","datePublished":"2023-03-20T12:44:06+00:00","dateModified":"2023-04-12T13:36:44+00:00","breadcrumb":{"@id":"https:\/\/proventuss.eu\/cs\/produkt\/preprufe-250\/#breadcrumb"},"inLanguage":"cs","potentialAction":[{"@type":"ReadAction","target":["https:\/\/proventuss.eu\/cs\/produkt\/preprufe-250\/"]}]},{"@type":"ImageObject","inLanguage":"cs","@id":"https:\/\/proventuss.eu\/cs\/produkt\/preprufe-250\/#primaryimage","url":"https:\/\/proventuss.eu\/wp-content\/uploads\/2023\/03\/shutterstock_1852800412-scaled.jpg","contentUrl":"https:\/\/proventuss.eu\/wp-content\/uploads\/2023\/03\/shutterstock_1852800412-scaled.jpg","width":2560,"height":1706},{"@type":"BreadcrumbList","@id":"https:\/\/proventuss.eu\/cs\/produkt\/preprufe-250\/#breadcrumb","itemListElement":[{"@type":"ListItem","position":1,"name":"Home","item":"https:\/\/proventuss.eu\/"},{"@type":"ListItem","position":2,"name":"Produkty","item":"https:\/\/proventuss.eu\/produkty\/"},{"@type":"ListItem","position":3,"name":"Preprufe 250"}]},{"@type":"WebSite","@id":"https:\/\/proventuss.eu\/#website","url":"https:\/\/proventuss.eu\/","name":"Proventuss","description":"","potentialAction":[{"@type":"SearchAction","target":{"@type":"EntryPoint","urlTemplate":"https:\/\/proventuss.eu\/?s={search_term_string}"},"query-input":"required name=search_term_string"}],"inLanguage":"cs"}]}},"_links":{"self":[{"href":"https:\/\/proventuss.eu\/cs\/wp-json\/wp\/v2\/product\/12531"}],"collection":[{"href":"https:\/\/proventuss.eu\/cs\/wp-json\/wp\/v2\/product"}],"about":[{"href":"https:\/\/proventuss.eu\/cs\/wp-json\/wp\/v2\/types\/product"}],"replies":[{"embeddable":true,"href":"https:\/\/proventuss.eu\/cs\/wp-json\/wp\/v2\/comments?post=12531"}],"wp:featuredmedia":[{"embeddable":true,"href":"https:\/\/proventuss.eu\/cs\/wp-json\/wp\/v2\/media\/12581"}],"wp:attachment":[{"href":"https:\/\/proventuss.eu\/cs\/wp-json\/wp\/v2\/media?parent=12531"}],"wp:term":[{"taxonomy":"product_cat","embeddable":true,"href":"https:\/\/proventuss.eu\/cs\/wp-json\/wp\/v2\/product_cat?post=12531"},{"taxonomy":"product_tag","embeddable":true,"href":"https:\/\/proventuss.eu\/cs\/wp-json\/wp\/v2\/product_tag?post=12531"}],"curies":[{"name":"wp","href":"https:\/\/api.w.org\/{rel}","templated":true}]}}