{"id":12525,"date":"2023-03-14T13:14:33","date_gmt":"2023-03-14T13:14:33","guid":{"rendered":"https:\/\/proventuss.eu\/produkt\/dowsil-pv-804-neutral-sealant\/"},"modified":"2023-03-14T13:14:33","modified_gmt":"2023-03-14T13:14:33","slug":"dowsil-pv-804-neutral-sealant","status":"publish","type":"product","link":"https:\/\/proventuss.eu\/cs\/produkt\/dowsil-pv-804-neutral-sealant\/","title":{"rendered":"DOWSIL\u2122 PV-804 Neutral Sealant"},"content":{"rendered":"<p>Jednoslo\u017ekov\u00fd, neutr\u00e1ln\u00ed, tvrdnouc\u00ed alkoxy silikonov\u00fd tmel pou\u017e\u00edvan\u00fd pro t\u011bsn\u011bn\u00ed r\u00e1m\u016f a jako lepidlo pro spojovac\u00ed krabice ve fotovoltaick\u00e9m pr\u016fmyslu. Tento pr\u016fmyslov\u011b ov\u011b\u0159en\u00fd, UL certifikovan\u00fd tmel bez nutnosti primeru (z\u00e1kladn\u00edho n\u00e1t\u011bru) nab\u00edz\u00ed trvalou p\u0159ilnavost bez ohledu na klimatick\u00e9 a pov\u011btrnostn\u00ed podm\u00ednky a nab\u00edz\u00ed dlouhotrvaj\u00edc\u00ed odoln\u00e9 t\u011bsn\u011bn\u00ed pro FV moduly.<\/p>\n","protected":false},"excerpt":{"rendered":"<p>Jednoslo\u017ekov\u00fd, neutr\u00e1ln\u00ed, tvrdnouc\u00ed alkoxy silikonov\u00fd tmel pou\u017e\u00edvan\u00fd pro t\u011bsn\u011bn\u00ed r\u00e1m\u016f a jako lepidlo pro spojovac\u00ed krabice ve fotovoltaick\u00e9m pr\u016fmyslu. Tento pr\u016fmyslov\u011b ov\u011b\u0159en\u00fd, UL certifikovan\u00fd tmel bez nutnosti primeru (z\u00e1kladn\u00edho n\u00e1t\u011bru) nab\u00edz\u00ed trvalou p\u0159ilnavost bez ohledu na klimatick\u00e9 a pov\u011btrnostn\u00ed podm\u00ednky a nab\u00edz\u00ed dlouhotrvaj\u00edc\u00ed odoln\u00e9 t\u011bsn\u011bn\u00ed pro FV moduly.<\/p>\n","protected":false},"featured_media":12404,"comment_status":"open","ping_status":"closed","template":"","meta":{"_acf_changed":false},"product_cat":[15],"product_tag":[],"acf":[],"yoast_head":"<!-- This site is optimized with the Yoast SEO plugin v22.9 - https:\/\/yoast.com\/wordpress\/plugins\/seo\/ -->\n<title>DOWSIL\u2122 PV-804 Neutral Sealant - Proventuss<\/title>\n<meta name=\"robots\" content=\"index, follow, max-snippet:-1, max-image-preview:large, max-video-preview:-1\" \/>\n<link rel=\"canonical\" href=\"https:\/\/proventuss.eu\/cs\/produkt\/dowsil-pv-804-neutral-sealant\/\" \/>\n<meta property=\"og:locale\" content=\"cs_CZ\" \/>\n<meta property=\"og:type\" content=\"article\" \/>\n<meta property=\"og:title\" content=\"DOWSIL\u2122 PV-804 Neutral Sealant - Proventuss\" \/>\n<meta property=\"og:description\" content=\"Jednoslo\u017ekov\u00fd, neutr\u00e1ln\u00ed, tvrdnouc\u00ed alkoxy silikonov\u00fd tmel pou\u017e\u00edvan\u00fd pro t\u011bsn\u011bn\u00ed r\u00e1m\u016f a jako lepidlo pro spojovac\u00ed krabice ve fotovoltaick\u00e9m pr\u016fmyslu. Tento pr\u016fmyslov\u011b ov\u011b\u0159en\u00fd, UL certifikovan\u00fd tmel bez nutnosti primeru (z\u00e1kladn\u00edho n\u00e1t\u011bru) nab\u00edz\u00ed trvalou p\u0159ilnavost bez ohledu na klimatick\u00e9 a pov\u011btrnostn\u00ed podm\u00ednky a nab\u00edz\u00ed dlouhotrvaj\u00edc\u00ed odoln\u00e9 t\u011bsn\u011bn\u00ed pro FV moduly.\" \/>\n<meta property=\"og:url\" content=\"https:\/\/proventuss.eu\/cs\/produkt\/dowsil-pv-804-neutral-sealant\/\" \/>\n<meta property=\"og:site_name\" content=\"Proventuss\" \/>\n<meta property=\"og:image\" content=\"https:\/\/proventuss.eu\/wp-content\/uploads\/2023\/03\/Solar-Fm.jpg\" \/>\n\t<meta property=\"og:image:width\" content=\"1320\" \/>\n\t<meta property=\"og:image:height\" content=\"893\" \/>\n\t<meta property=\"og:image:type\" content=\"image\/jpeg\" \/>\n<meta name=\"twitter:card\" content=\"summary_large_image\" \/>\n<script type=\"application\/ld+json\" class=\"yoast-schema-graph\">{\"@context\":\"https:\/\/schema.org\",\"@graph\":[{\"@type\":\"WebPage\",\"@id\":\"https:\/\/proventuss.eu\/cs\/produkt\/dowsil-pv-804-neutral-sealant\/\",\"url\":\"https:\/\/proventuss.eu\/cs\/produkt\/dowsil-pv-804-neutral-sealant\/\",\"name\":\"DOWSIL\u2122 PV-804 Neutral Sealant - Proventuss\",\"isPartOf\":{\"@id\":\"https:\/\/proventuss.eu\/#website\"},\"primaryImageOfPage\":{\"@id\":\"https:\/\/proventuss.eu\/cs\/produkt\/dowsil-pv-804-neutral-sealant\/#primaryimage\"},\"image\":{\"@id\":\"https:\/\/proventuss.eu\/cs\/produkt\/dowsil-pv-804-neutral-sealant\/#primaryimage\"},\"thumbnailUrl\":\"https:\/\/proventuss.eu\/wp-content\/uploads\/2023\/03\/Solar-Fm.jpg\",\"datePublished\":\"2023-03-14T13:14:33+00:00\",\"dateModified\":\"2023-03-14T13:14:33+00:00\",\"breadcrumb\":{\"@id\":\"https:\/\/proventuss.eu\/cs\/produkt\/dowsil-pv-804-neutral-sealant\/#breadcrumb\"},\"inLanguage\":\"cs\",\"potentialAction\":[{\"@type\":\"ReadAction\",\"target\":[\"https:\/\/proventuss.eu\/cs\/produkt\/dowsil-pv-804-neutral-sealant\/\"]}]},{\"@type\":\"ImageObject\",\"inLanguage\":\"cs\",\"@id\":\"https:\/\/proventuss.eu\/cs\/produkt\/dowsil-pv-804-neutral-sealant\/#primaryimage\",\"url\":\"https:\/\/proventuss.eu\/wp-content\/uploads\/2023\/03\/Solar-Fm.jpg\",\"contentUrl\":\"https:\/\/proventuss.eu\/wp-content\/uploads\/2023\/03\/Solar-Fm.jpg\",\"width\":1320,\"height\":893},{\"@type\":\"BreadcrumbList\",\"@id\":\"https:\/\/proventuss.eu\/cs\/produkt\/dowsil-pv-804-neutral-sealant\/#breadcrumb\",\"itemListElement\":[{\"@type\":\"ListItem\",\"position\":1,\"name\":\"Home\",\"item\":\"https:\/\/proventuss.eu\/\"},{\"@type\":\"ListItem\",\"position\":2,\"name\":\"Produkty\",\"item\":\"https:\/\/proventuss.eu\/produkty\/\"},{\"@type\":\"ListItem\",\"position\":3,\"name\":\"DOWSIL\u2122 PV-804 Neutral Sealant\"}]},{\"@type\":\"WebSite\",\"@id\":\"https:\/\/proventuss.eu\/#website\",\"url\":\"https:\/\/proventuss.eu\/\",\"name\":\"Proventuss\",\"description\":\"\",\"potentialAction\":[{\"@type\":\"SearchAction\",\"target\":{\"@type\":\"EntryPoint\",\"urlTemplate\":\"https:\/\/proventuss.eu\/?s={search_term_string}\"},\"query-input\":\"required name=search_term_string\"}],\"inLanguage\":\"cs\"}]}<\/script>\n<!-- \/ Yoast SEO plugin. -->","yoast_head_json":{"title":"DOWSIL\u2122 PV-804 Neutral Sealant - Proventuss","robots":{"index":"index","follow":"follow","max-snippet":"max-snippet:-1","max-image-preview":"max-image-preview:large","max-video-preview":"max-video-preview:-1"},"canonical":"https:\/\/proventuss.eu\/cs\/produkt\/dowsil-pv-804-neutral-sealant\/","og_locale":"cs_CZ","og_type":"article","og_title":"DOWSIL\u2122 PV-804 Neutral Sealant - Proventuss","og_description":"Jednoslo\u017ekov\u00fd, neutr\u00e1ln\u00ed, tvrdnouc\u00ed alkoxy silikonov\u00fd tmel pou\u017e\u00edvan\u00fd pro t\u011bsn\u011bn\u00ed r\u00e1m\u016f a jako lepidlo pro spojovac\u00ed krabice ve fotovoltaick\u00e9m pr\u016fmyslu. Tento pr\u016fmyslov\u011b ov\u011b\u0159en\u00fd, UL certifikovan\u00fd tmel bez nutnosti primeru (z\u00e1kladn\u00edho n\u00e1t\u011bru) nab\u00edz\u00ed trvalou p\u0159ilnavost bez ohledu na klimatick\u00e9 a pov\u011btrnostn\u00ed podm\u00ednky a nab\u00edz\u00ed dlouhotrvaj\u00edc\u00ed odoln\u00e9 t\u011bsn\u011bn\u00ed pro FV moduly.","og_url":"https:\/\/proventuss.eu\/cs\/produkt\/dowsil-pv-804-neutral-sealant\/","og_site_name":"Proventuss","og_image":[{"width":1320,"height":893,"url":"https:\/\/proventuss.eu\/wp-content\/uploads\/2023\/03\/Solar-Fm.jpg","type":"image\/jpeg"}],"twitter_card":"summary_large_image","schema":{"@context":"https:\/\/schema.org","@graph":[{"@type":"WebPage","@id":"https:\/\/proventuss.eu\/cs\/produkt\/dowsil-pv-804-neutral-sealant\/","url":"https:\/\/proventuss.eu\/cs\/produkt\/dowsil-pv-804-neutral-sealant\/","name":"DOWSIL\u2122 PV-804 Neutral Sealant - Proventuss","isPartOf":{"@id":"https:\/\/proventuss.eu\/#website"},"primaryImageOfPage":{"@id":"https:\/\/proventuss.eu\/cs\/produkt\/dowsil-pv-804-neutral-sealant\/#primaryimage"},"image":{"@id":"https:\/\/proventuss.eu\/cs\/produkt\/dowsil-pv-804-neutral-sealant\/#primaryimage"},"thumbnailUrl":"https:\/\/proventuss.eu\/wp-content\/uploads\/2023\/03\/Solar-Fm.jpg","datePublished":"2023-03-14T13:14:33+00:00","dateModified":"2023-03-14T13:14:33+00:00","breadcrumb":{"@id":"https:\/\/proventuss.eu\/cs\/produkt\/dowsil-pv-804-neutral-sealant\/#breadcrumb"},"inLanguage":"cs","potentialAction":[{"@type":"ReadAction","target":["https:\/\/proventuss.eu\/cs\/produkt\/dowsil-pv-804-neutral-sealant\/"]}]},{"@type":"ImageObject","inLanguage":"cs","@id":"https:\/\/proventuss.eu\/cs\/produkt\/dowsil-pv-804-neutral-sealant\/#primaryimage","url":"https:\/\/proventuss.eu\/wp-content\/uploads\/2023\/03\/Solar-Fm.jpg","contentUrl":"https:\/\/proventuss.eu\/wp-content\/uploads\/2023\/03\/Solar-Fm.jpg","width":1320,"height":893},{"@type":"BreadcrumbList","@id":"https:\/\/proventuss.eu\/cs\/produkt\/dowsil-pv-804-neutral-sealant\/#breadcrumb","itemListElement":[{"@type":"ListItem","position":1,"name":"Home","item":"https:\/\/proventuss.eu\/"},{"@type":"ListItem","position":2,"name":"Produkty","item":"https:\/\/proventuss.eu\/produkty\/"},{"@type":"ListItem","position":3,"name":"DOWSIL\u2122 PV-804 Neutral Sealant"}]},{"@type":"WebSite","@id":"https:\/\/proventuss.eu\/#website","url":"https:\/\/proventuss.eu\/","name":"Proventuss","description":"","potentialAction":[{"@type":"SearchAction","target":{"@type":"EntryPoint","urlTemplate":"https:\/\/proventuss.eu\/?s={search_term_string}"},"query-input":"required name=search_term_string"}],"inLanguage":"cs"}]}},"_links":{"self":[{"href":"https:\/\/proventuss.eu\/cs\/wp-json\/wp\/v2\/product\/12525"}],"collection":[{"href":"https:\/\/proventuss.eu\/cs\/wp-json\/wp\/v2\/product"}],"about":[{"href":"https:\/\/proventuss.eu\/cs\/wp-json\/wp\/v2\/types\/product"}],"replies":[{"embeddable":true,"href":"https:\/\/proventuss.eu\/cs\/wp-json\/wp\/v2\/comments?post=12525"}],"wp:featuredmedia":[{"embeddable":true,"href":"https:\/\/proventuss.eu\/cs\/wp-json\/wp\/v2\/media\/12404"}],"wp:attachment":[{"href":"https:\/\/proventuss.eu\/cs\/wp-json\/wp\/v2\/media?parent=12525"}],"wp:term":[{"taxonomy":"product_cat","embeddable":true,"href":"https:\/\/proventuss.eu\/cs\/wp-json\/wp\/v2\/product_cat?post=12525"},{"taxonomy":"product_tag","embeddable":true,"href":"https:\/\/proventuss.eu\/cs\/wp-json\/wp\/v2\/product_tag?post=12525"}],"curies":[{"name":"wp","href":"https:\/\/api.w.org\/{rel}","templated":true}]}}