{"id":12523,"date":"2023-03-24T07:52:13","date_gmt":"2023-03-24T07:52:13","guid":{"rendered":"https:\/\/proventuss.eu\/produkt\/dowsil-pv-7326-potting-agent\/"},"modified":"2023-03-24T07:52:13","modified_gmt":"2023-03-24T07:52:13","slug":"dowsil-pv-7326-potting-agent","status":"publish","type":"product","link":"https:\/\/proventuss.eu\/cs\/produkt\/dowsil-pv-7326-potting-agent\/","title":{"rendered":"DOWSIL\u2122 PV-7326 Potting Agent"},"content":{"rendered":"<p>Tento dvouslo\u017ekov\u00fd zal\u00e9vac\u00ed prost\u0159edek v pom\u011bru 6:1 je tekut\u00e1 kapalina ur\u010den\u00e1 pro zal\u00e9v\u00e1n\u00ed rozvodn\u00fdch sk\u0159\u00edn\u00ed a m\u00e1 certifikaci UL. Poskytuje ochranu p\u0159ed okoln\u00edmi vlivy prost\u0159ed\u00ed, tak aby se zabr\u00e1nilo korozi uvnit\u0159<br \/>\nrozvodn\u00e9 sk\u0159\u00edn\u011b. Zal\u00e9vac\u00ed prost\u0159edek m\u00e1 dobrou p\u0159ilnavost k b\u011b\u017en\u00fdm podklad\u016fm spojovac\u00edch krabic a je kompatibiln\u00ed s lepidly pro rozvodn\u00e9 sk\u0159\u00edn\u011b.<\/p>\n<p>V\u00fdhody:<br \/>\n\u2013 Poskytuje dobr\u00fd odvod tepla s tepelnou vodivost\u00ed &gt;0,5 W\/mk<br \/>\n\u2013 Certifikace t\u0159\u00eddy plamene UL94 V0<br \/>\n\u2013 Rychl\u00e9 vytvrzen\u00ed p\u0159i pokojov\u00e9 teplot\u011b<br \/>\n\u2013 N\u00edzk\u00e1 viskozita, aby se zabr\u00e1nilo vzniku dutin<\/p>\n","protected":false},"excerpt":{"rendered":"<p>Tento dvouslo\u017ekov\u00fd zal\u00e9vac\u00ed prost\u0159edek v pom\u011bru 6:1 je tekut\u00e1 kapalina ur\u010den\u00e1 pro zal\u00e9v\u00e1n\u00ed rozvodn\u00fdch sk\u0159\u00edn\u00ed a m\u00e1 certifikaci UL. Poskytuje ochranu p\u0159ed okoln\u00edmi vlivy prost\u0159ed\u00ed, tak aby se zabr\u00e1nilo korozi uvnit\u0159 rozvodn\u00e9 sk\u0159\u00edn\u011b. Zal\u00e9vac\u00ed prost\u0159edek m\u00e1 dobrou p\u0159ilnavost k b\u011b\u017en\u00fdm podklad\u016fm spojovac\u00edch krabic a je kompatibiln\u00ed s lepidly pro rozvodn\u00e9 sk\u0159\u00edn\u011b. V\u00fdhody: \u2013 Poskytuje dobr\u00fd [&hellip;]<\/p>\n","protected":false},"featured_media":11566,"comment_status":"open","ping_status":"closed","template":"","meta":{"_acf_changed":false},"product_cat":[15],"product_tag":[],"acf":[],"yoast_head":"<!-- This site is optimized with the Yoast SEO plugin v22.9 - https:\/\/yoast.com\/wordpress\/plugins\/seo\/ -->\n<title>DOWSIL\u2122 PV-7326 Potting Agent - Proventuss<\/title>\n<meta name=\"robots\" content=\"index, follow, max-snippet:-1, max-image-preview:large, max-video-preview:-1\" \/>\n<link rel=\"canonical\" href=\"https:\/\/proventuss.eu\/cs\/produkt\/dowsil-pv-7326-potting-agent\/\" \/>\n<meta property=\"og:locale\" content=\"cs_CZ\" \/>\n<meta property=\"og:type\" content=\"article\" \/>\n<meta property=\"og:title\" content=\"DOWSIL\u2122 PV-7326 Potting Agent - Proventuss\" \/>\n<meta property=\"og:description\" content=\"Tento dvouslo\u017ekov\u00fd zal\u00e9vac\u00ed prost\u0159edek v pom\u011bru 6:1 je tekut\u00e1 kapalina ur\u010den\u00e1 pro zal\u00e9v\u00e1n\u00ed rozvodn\u00fdch sk\u0159\u00edn\u00ed a m\u00e1 certifikaci UL. Poskytuje ochranu p\u0159ed okoln\u00edmi vlivy prost\u0159ed\u00ed, tak aby se zabr\u00e1nilo korozi uvnit\u0159 rozvodn\u00e9 sk\u0159\u00edn\u011b. Zal\u00e9vac\u00ed prost\u0159edek m\u00e1 dobrou p\u0159ilnavost k b\u011b\u017en\u00fdm podklad\u016fm spojovac\u00edch krabic a je kompatibiln\u00ed s lepidly pro rozvodn\u00e9 sk\u0159\u00edn\u011b. V\u00fdhody: \u2013 Poskytuje dobr\u00fd [&hellip;]\" \/>\n<meta property=\"og:url\" content=\"https:\/\/proventuss.eu\/cs\/produkt\/dowsil-pv-7326-potting-agent\/\" \/>\n<meta property=\"og:site_name\" content=\"Proventuss\" \/>\n<meta property=\"og:image\" content=\"https:\/\/proventuss.eu\/wp-content\/uploads\/2023\/03\/shutterstock_653095735m.jpg\" \/>\n\t<meta property=\"og:image:width\" content=\"1153\" \/>\n\t<meta property=\"og:image:height\" content=\"749\" \/>\n\t<meta property=\"og:image:type\" content=\"image\/jpeg\" \/>\n<meta name=\"twitter:card\" content=\"summary_large_image\" \/>\n<meta name=\"twitter:label1\" content=\"Odhadovan\u00e1 doba \u010dten\u00ed\" \/>\n\t<meta name=\"twitter:data1\" content=\"1 minuta\" \/>\n<script type=\"application\/ld+json\" class=\"yoast-schema-graph\">{\"@context\":\"https:\/\/schema.org\",\"@graph\":[{\"@type\":\"WebPage\",\"@id\":\"https:\/\/proventuss.eu\/cs\/produkt\/dowsil-pv-7326-potting-agent\/\",\"url\":\"https:\/\/proventuss.eu\/cs\/produkt\/dowsil-pv-7326-potting-agent\/\",\"name\":\"DOWSIL\u2122 PV-7326 Potting Agent - Proventuss\",\"isPartOf\":{\"@id\":\"https:\/\/proventuss.eu\/#website\"},\"primaryImageOfPage\":{\"@id\":\"https:\/\/proventuss.eu\/cs\/produkt\/dowsil-pv-7326-potting-agent\/#primaryimage\"},\"image\":{\"@id\":\"https:\/\/proventuss.eu\/cs\/produkt\/dowsil-pv-7326-potting-agent\/#primaryimage\"},\"thumbnailUrl\":\"https:\/\/proventuss.eu\/wp-content\/uploads\/2023\/03\/shutterstock_653095735m.jpg\",\"datePublished\":\"2023-03-24T07:52:13+00:00\",\"dateModified\":\"2023-03-24T07:52:13+00:00\",\"breadcrumb\":{\"@id\":\"https:\/\/proventuss.eu\/cs\/produkt\/dowsil-pv-7326-potting-agent\/#breadcrumb\"},\"inLanguage\":\"cs\",\"potentialAction\":[{\"@type\":\"ReadAction\",\"target\":[\"https:\/\/proventuss.eu\/cs\/produkt\/dowsil-pv-7326-potting-agent\/\"]}]},{\"@type\":\"ImageObject\",\"inLanguage\":\"cs\",\"@id\":\"https:\/\/proventuss.eu\/cs\/produkt\/dowsil-pv-7326-potting-agent\/#primaryimage\",\"url\":\"https:\/\/proventuss.eu\/wp-content\/uploads\/2023\/03\/shutterstock_653095735m.jpg\",\"contentUrl\":\"https:\/\/proventuss.eu\/wp-content\/uploads\/2023\/03\/shutterstock_653095735m.jpg\",\"width\":1153,\"height\":749,\"caption\":\"Solar panels, photovoltaic, alternative electricity source. Background\"},{\"@type\":\"BreadcrumbList\",\"@id\":\"https:\/\/proventuss.eu\/cs\/produkt\/dowsil-pv-7326-potting-agent\/#breadcrumb\",\"itemListElement\":[{\"@type\":\"ListItem\",\"position\":1,\"name\":\"Home\",\"item\":\"https:\/\/proventuss.eu\/\"},{\"@type\":\"ListItem\",\"position\":2,\"name\":\"Produkty\",\"item\":\"https:\/\/proventuss.eu\/produkty\/\"},{\"@type\":\"ListItem\",\"position\":3,\"name\":\"DOWSIL\u2122 PV-7326 Potting Agent\"}]},{\"@type\":\"WebSite\",\"@id\":\"https:\/\/proventuss.eu\/#website\",\"url\":\"https:\/\/proventuss.eu\/\",\"name\":\"Proventuss\",\"description\":\"\",\"potentialAction\":[{\"@type\":\"SearchAction\",\"target\":{\"@type\":\"EntryPoint\",\"urlTemplate\":\"https:\/\/proventuss.eu\/?s={search_term_string}\"},\"query-input\":\"required name=search_term_string\"}],\"inLanguage\":\"cs\"}]}<\/script>\n<!-- \/ Yoast SEO plugin. -->","yoast_head_json":{"title":"DOWSIL\u2122 PV-7326 Potting Agent - Proventuss","robots":{"index":"index","follow":"follow","max-snippet":"max-snippet:-1","max-image-preview":"max-image-preview:large","max-video-preview":"max-video-preview:-1"},"canonical":"https:\/\/proventuss.eu\/cs\/produkt\/dowsil-pv-7326-potting-agent\/","og_locale":"cs_CZ","og_type":"article","og_title":"DOWSIL\u2122 PV-7326 Potting Agent - Proventuss","og_description":"Tento dvouslo\u017ekov\u00fd zal\u00e9vac\u00ed prost\u0159edek v pom\u011bru 6:1 je tekut\u00e1 kapalina ur\u010den\u00e1 pro zal\u00e9v\u00e1n\u00ed rozvodn\u00fdch sk\u0159\u00edn\u00ed a m\u00e1 certifikaci UL. Poskytuje ochranu p\u0159ed okoln\u00edmi vlivy prost\u0159ed\u00ed, tak aby se zabr\u00e1nilo korozi uvnit\u0159 rozvodn\u00e9 sk\u0159\u00edn\u011b. Zal\u00e9vac\u00ed prost\u0159edek m\u00e1 dobrou p\u0159ilnavost k b\u011b\u017en\u00fdm podklad\u016fm spojovac\u00edch krabic a je kompatibiln\u00ed s lepidly pro rozvodn\u00e9 sk\u0159\u00edn\u011b. V\u00fdhody: \u2013 Poskytuje dobr\u00fd [&hellip;]","og_url":"https:\/\/proventuss.eu\/cs\/produkt\/dowsil-pv-7326-potting-agent\/","og_site_name":"Proventuss","og_image":[{"width":1153,"height":749,"url":"https:\/\/proventuss.eu\/wp-content\/uploads\/2023\/03\/shutterstock_653095735m.jpg","type":"image\/jpeg"}],"twitter_card":"summary_large_image","twitter_misc":{"Odhadovan\u00e1 doba \u010dten\u00ed":"1 minuta"},"schema":{"@context":"https:\/\/schema.org","@graph":[{"@type":"WebPage","@id":"https:\/\/proventuss.eu\/cs\/produkt\/dowsil-pv-7326-potting-agent\/","url":"https:\/\/proventuss.eu\/cs\/produkt\/dowsil-pv-7326-potting-agent\/","name":"DOWSIL\u2122 PV-7326 Potting Agent - Proventuss","isPartOf":{"@id":"https:\/\/proventuss.eu\/#website"},"primaryImageOfPage":{"@id":"https:\/\/proventuss.eu\/cs\/produkt\/dowsil-pv-7326-potting-agent\/#primaryimage"},"image":{"@id":"https:\/\/proventuss.eu\/cs\/produkt\/dowsil-pv-7326-potting-agent\/#primaryimage"},"thumbnailUrl":"https:\/\/proventuss.eu\/wp-content\/uploads\/2023\/03\/shutterstock_653095735m.jpg","datePublished":"2023-03-24T07:52:13+00:00","dateModified":"2023-03-24T07:52:13+00:00","breadcrumb":{"@id":"https:\/\/proventuss.eu\/cs\/produkt\/dowsil-pv-7326-potting-agent\/#breadcrumb"},"inLanguage":"cs","potentialAction":[{"@type":"ReadAction","target":["https:\/\/proventuss.eu\/cs\/produkt\/dowsil-pv-7326-potting-agent\/"]}]},{"@type":"ImageObject","inLanguage":"cs","@id":"https:\/\/proventuss.eu\/cs\/produkt\/dowsil-pv-7326-potting-agent\/#primaryimage","url":"https:\/\/proventuss.eu\/wp-content\/uploads\/2023\/03\/shutterstock_653095735m.jpg","contentUrl":"https:\/\/proventuss.eu\/wp-content\/uploads\/2023\/03\/shutterstock_653095735m.jpg","width":1153,"height":749,"caption":"Solar panels, photovoltaic, alternative electricity source. Background"},{"@type":"BreadcrumbList","@id":"https:\/\/proventuss.eu\/cs\/produkt\/dowsil-pv-7326-potting-agent\/#breadcrumb","itemListElement":[{"@type":"ListItem","position":1,"name":"Home","item":"https:\/\/proventuss.eu\/"},{"@type":"ListItem","position":2,"name":"Produkty","item":"https:\/\/proventuss.eu\/produkty\/"},{"@type":"ListItem","position":3,"name":"DOWSIL\u2122 PV-7326 Potting Agent"}]},{"@type":"WebSite","@id":"https:\/\/proventuss.eu\/#website","url":"https:\/\/proventuss.eu\/","name":"Proventuss","description":"","potentialAction":[{"@type":"SearchAction","target":{"@type":"EntryPoint","urlTemplate":"https:\/\/proventuss.eu\/?s={search_term_string}"},"query-input":"required name=search_term_string"}],"inLanguage":"cs"}]}},"_links":{"self":[{"href":"https:\/\/proventuss.eu\/cs\/wp-json\/wp\/v2\/product\/12523"}],"collection":[{"href":"https:\/\/proventuss.eu\/cs\/wp-json\/wp\/v2\/product"}],"about":[{"href":"https:\/\/proventuss.eu\/cs\/wp-json\/wp\/v2\/types\/product"}],"replies":[{"embeddable":true,"href":"https:\/\/proventuss.eu\/cs\/wp-json\/wp\/v2\/comments?post=12523"}],"wp:featuredmedia":[{"embeddable":true,"href":"https:\/\/proventuss.eu\/cs\/wp-json\/wp\/v2\/media\/11566"}],"wp:attachment":[{"href":"https:\/\/proventuss.eu\/cs\/wp-json\/wp\/v2\/media?parent=12523"}],"wp:term":[{"taxonomy":"product_cat","embeddable":true,"href":"https:\/\/proventuss.eu\/cs\/wp-json\/wp\/v2\/product_cat?post=12523"},{"taxonomy":"product_tag","embeddable":true,"href":"https:\/\/proventuss.eu\/cs\/wp-json\/wp\/v2\/product_tag?post=12523"}],"curies":[{"name":"wp","href":"https:\/\/api.w.org\/{rel}","templated":true}]}}