{"id":12521,"date":"2023-03-24T07:43:55","date_gmt":"2023-03-24T07:43:55","guid":{"rendered":"https:\/\/proventuss.eu\/produkt\/dowsil-pv-6326-solar-cell-encapsulant\/"},"modified":"2023-03-24T07:43:55","modified_gmt":"2023-03-24T07:43:55","slug":"dowsil-pv-6326-solar-cell-encapsulant","status":"publish","type":"product","link":"https:\/\/proventuss.eu\/cs\/produkt\/dowsil-pv-6326-solar-cell-encapsulant\/","title":{"rendered":"DOWSIL\u2122 PV-6326 Solar Cell Encapsulant"},"content":{"rendered":"<p>Dvouslo\u017ekov\u00e1, opticky \u010dir\u00e1 silinonov\u00e1 zal\u00e9vac\u00ed hmota s pom\u011brem m\u00edsen\u00ed 1:1 pro zal\u00e9v\u00e1n\u00ed sol\u00e1rn\u00edch \u010dl\u00e1nk\u016f, kde mus\u00ed b\u00fdt tolerov\u00e1ny extremn\u00ed podm\u00ednky a je cen\u011bna dlouh\u00e1 \u017eivotnost. Tento v\u00fdrobek lze pou\u017e\u00edt pro r\u016fzn\u00e9 procesy zal\u00e9v\u00e1n\u00ed sol\u00e1rn\u00edch \u010dl\u00e1nk\u016f p\u0159i pokojov\u00e9 teplot\u011b, v\u010detn\u011b odl\u00e9v\u00e1n\u00ed a vakuov\u00e9 laminace.<br \/>\nDvouslo\u017ekov\u00e1 sm\u011bs se vytvrzuje p\u0159i pokojov\u00e9 teplot\u011b nebo p\u0159i m\u00edrn\u00e9m zah\u0159\u00e1t\u00ed za tvroby ohebn\u00e9ho elastomeru. N\u00edzk\u00e1 viskozita, samonivelace a dlouh\u00e1 doba zpracov\u00e1n\u00ed z n\u00ed d\u011bl\u00e1 skv\u011blou u\u017eivatelsky p\u0159\u00edv\u011btivou volbu.<br \/>\nTento v\u00fdrobek zohled\u0148uje UL 94 a UL 746C f1.<\/p>\n<p>V\u00fdhody:<br \/>\n\u2013 N\u00edzk\u00e1 viskozita pro omezen\u00ed dutin<br \/>\n\u2013 P\u0159ilnavost bez podkladov\u00e9ho n\u00e1t\u011bru p\u0159i pokojov\u00e9 teplot\u011b<br \/>\n\u2013 Opticky \u010dir\u00fd<br \/>\n\u2013 Stabiln\u00ed p\u0159i vy\u0161\u0161\u00edch teplot\u00e1ch a v UV z\u00e1\u0159en\u00ed<br \/>\n\u2013 Odoln\u00fd v\u016f\u010di plameni \u2013 UL 94 HB<\/p>\n","protected":false},"excerpt":{"rendered":"<p>Dvouslo\u017ekov\u00e1, opticky \u010dir\u00e1 silinonov\u00e1 zal\u00e9vac\u00ed hmota s pom\u011brem m\u00edsen\u00ed 1:1 pro zal\u00e9v\u00e1n\u00ed sol\u00e1rn\u00edch \u010dl\u00e1nk\u016f, kde mus\u00ed b\u00fdt tolerov\u00e1ny extremn\u00ed podm\u00ednky a je cen\u011bna dlouh\u00e1 \u017eivotnost. Tento v\u00fdrobek lze pou\u017e\u00edt pro r\u016fzn\u00e9 procesy zal\u00e9v\u00e1n\u00ed sol\u00e1rn\u00edch \u010dl\u00e1nk\u016f p\u0159i pokojov\u00e9 teplot\u011b, v\u010detn\u011b odl\u00e9v\u00e1n\u00ed a vakuov\u00e9 laminace. Dvouslo\u017ekov\u00e1 sm\u011bs se vytvrzuje p\u0159i pokojov\u00e9 teplot\u011b nebo p\u0159i m\u00edrn\u00e9m zah\u0159\u00e1t\u00ed za [&hellip;]<\/p>\n","protected":false},"featured_media":11537,"comment_status":"open","ping_status":"closed","template":"","meta":{"_acf_changed":false},"product_cat":[15],"product_tag":[],"acf":[],"yoast_head":"<!-- This site is optimized with the Yoast SEO plugin v22.9 - https:\/\/yoast.com\/wordpress\/plugins\/seo\/ -->\n<title>DOWSIL\u2122 PV-6326 Solar Cell Encapsulant - Proventuss<\/title>\n<meta name=\"robots\" content=\"index, follow, max-snippet:-1, max-image-preview:large, max-video-preview:-1\" \/>\n<link rel=\"canonical\" href=\"https:\/\/proventuss.eu\/cs\/produkt\/dowsil-pv-6326-solar-cell-encapsulant\/\" \/>\n<meta property=\"og:locale\" content=\"cs_CZ\" \/>\n<meta property=\"og:type\" content=\"article\" \/>\n<meta property=\"og:title\" content=\"DOWSIL\u2122 PV-6326 Solar Cell Encapsulant - Proventuss\" \/>\n<meta property=\"og:description\" content=\"Dvouslo\u017ekov\u00e1, opticky \u010dir\u00e1 silinonov\u00e1 zal\u00e9vac\u00ed hmota s pom\u011brem m\u00edsen\u00ed 1:1 pro zal\u00e9v\u00e1n\u00ed sol\u00e1rn\u00edch \u010dl\u00e1nk\u016f, kde mus\u00ed b\u00fdt tolerov\u00e1ny extremn\u00ed podm\u00ednky a je cen\u011bna dlouh\u00e1 \u017eivotnost. Tento v\u00fdrobek lze pou\u017e\u00edt pro r\u016fzn\u00e9 procesy zal\u00e9v\u00e1n\u00ed sol\u00e1rn\u00edch \u010dl\u00e1nk\u016f p\u0159i pokojov\u00e9 teplot\u011b, v\u010detn\u011b odl\u00e9v\u00e1n\u00ed a vakuov\u00e9 laminace. Dvouslo\u017ekov\u00e1 sm\u011bs se vytvrzuje p\u0159i pokojov\u00e9 teplot\u011b nebo p\u0159i m\u00edrn\u00e9m zah\u0159\u00e1t\u00ed za [&hellip;]\" \/>\n<meta property=\"og:url\" content=\"https:\/\/proventuss.eu\/cs\/produkt\/dowsil-pv-6326-solar-cell-encapsulant\/\" \/>\n<meta property=\"og:site_name\" content=\"Proventuss\" \/>\n<meta property=\"og:image\" content=\"https:\/\/proventuss.eu\/wp-content\/uploads\/2023\/03\/shutterstock_521992327m.jpg\" \/>\n\t<meta property=\"og:image:width\" content=\"1198\" \/>\n\t<meta property=\"og:image:height\" content=\"799\" \/>\n\t<meta property=\"og:image:type\" content=\"image\/jpeg\" \/>\n<meta name=\"twitter:card\" content=\"summary_large_image\" \/>\n<meta name=\"twitter:label1\" content=\"Odhadovan\u00e1 doba \u010dten\u00ed\" \/>\n\t<meta name=\"twitter:data1\" content=\"1 minuta\" \/>\n<script type=\"application\/ld+json\" class=\"yoast-schema-graph\">{\"@context\":\"https:\/\/schema.org\",\"@graph\":[{\"@type\":\"WebPage\",\"@id\":\"https:\/\/proventuss.eu\/cs\/produkt\/dowsil-pv-6326-solar-cell-encapsulant\/\",\"url\":\"https:\/\/proventuss.eu\/cs\/produkt\/dowsil-pv-6326-solar-cell-encapsulant\/\",\"name\":\"DOWSIL\u2122 PV-6326 Solar Cell Encapsulant - Proventuss\",\"isPartOf\":{\"@id\":\"https:\/\/proventuss.eu\/#website\"},\"primaryImageOfPage\":{\"@id\":\"https:\/\/proventuss.eu\/cs\/produkt\/dowsil-pv-6326-solar-cell-encapsulant\/#primaryimage\"},\"image\":{\"@id\":\"https:\/\/proventuss.eu\/cs\/produkt\/dowsil-pv-6326-solar-cell-encapsulant\/#primaryimage\"},\"thumbnailUrl\":\"https:\/\/proventuss.eu\/wp-content\/uploads\/2023\/03\/shutterstock_521992327m.jpg\",\"datePublished\":\"2023-03-24T07:43:55+00:00\",\"dateModified\":\"2023-03-24T07:43:55+00:00\",\"breadcrumb\":{\"@id\":\"https:\/\/proventuss.eu\/cs\/produkt\/dowsil-pv-6326-solar-cell-encapsulant\/#breadcrumb\"},\"inLanguage\":\"cs\",\"potentialAction\":[{\"@type\":\"ReadAction\",\"target\":[\"https:\/\/proventuss.eu\/cs\/produkt\/dowsil-pv-6326-solar-cell-encapsulant\/\"]}]},{\"@type\":\"ImageObject\",\"inLanguage\":\"cs\",\"@id\":\"https:\/\/proventuss.eu\/cs\/produkt\/dowsil-pv-6326-solar-cell-encapsulant\/#primaryimage\",\"url\":\"https:\/\/proventuss.eu\/wp-content\/uploads\/2023\/03\/shutterstock_521992327m.jpg\",\"contentUrl\":\"https:\/\/proventuss.eu\/wp-content\/uploads\/2023\/03\/shutterstock_521992327m.jpg\",\"width\":1198,\"height\":799,\"caption\":\"photovoltaics in solar power station energy from natural\"},{\"@type\":\"BreadcrumbList\",\"@id\":\"https:\/\/proventuss.eu\/cs\/produkt\/dowsil-pv-6326-solar-cell-encapsulant\/#breadcrumb\",\"itemListElement\":[{\"@type\":\"ListItem\",\"position\":1,\"name\":\"Home\",\"item\":\"https:\/\/proventuss.eu\/\"},{\"@type\":\"ListItem\",\"position\":2,\"name\":\"Produkty\",\"item\":\"https:\/\/proventuss.eu\/produkty\/\"},{\"@type\":\"ListItem\",\"position\":3,\"name\":\"DOWSIL\u2122 PV-6326 Solar Cell Encapsulant\"}]},{\"@type\":\"WebSite\",\"@id\":\"https:\/\/proventuss.eu\/#website\",\"url\":\"https:\/\/proventuss.eu\/\",\"name\":\"Proventuss\",\"description\":\"\",\"potentialAction\":[{\"@type\":\"SearchAction\",\"target\":{\"@type\":\"EntryPoint\",\"urlTemplate\":\"https:\/\/proventuss.eu\/?s={search_term_string}\"},\"query-input\":\"required name=search_term_string\"}],\"inLanguage\":\"cs\"}]}<\/script>\n<!-- \/ Yoast SEO plugin. -->","yoast_head_json":{"title":"DOWSIL\u2122 PV-6326 Solar Cell Encapsulant - Proventuss","robots":{"index":"index","follow":"follow","max-snippet":"max-snippet:-1","max-image-preview":"max-image-preview:large","max-video-preview":"max-video-preview:-1"},"canonical":"https:\/\/proventuss.eu\/cs\/produkt\/dowsil-pv-6326-solar-cell-encapsulant\/","og_locale":"cs_CZ","og_type":"article","og_title":"DOWSIL\u2122 PV-6326 Solar Cell Encapsulant - Proventuss","og_description":"Dvouslo\u017ekov\u00e1, opticky \u010dir\u00e1 silinonov\u00e1 zal\u00e9vac\u00ed hmota s pom\u011brem m\u00edsen\u00ed 1:1 pro zal\u00e9v\u00e1n\u00ed sol\u00e1rn\u00edch \u010dl\u00e1nk\u016f, kde mus\u00ed b\u00fdt tolerov\u00e1ny extremn\u00ed podm\u00ednky a je cen\u011bna dlouh\u00e1 \u017eivotnost. Tento v\u00fdrobek lze pou\u017e\u00edt pro r\u016fzn\u00e9 procesy zal\u00e9v\u00e1n\u00ed sol\u00e1rn\u00edch \u010dl\u00e1nk\u016f p\u0159i pokojov\u00e9 teplot\u011b, v\u010detn\u011b odl\u00e9v\u00e1n\u00ed a vakuov\u00e9 laminace. Dvouslo\u017ekov\u00e1 sm\u011bs se vytvrzuje p\u0159i pokojov\u00e9 teplot\u011b nebo p\u0159i m\u00edrn\u00e9m zah\u0159\u00e1t\u00ed za [&hellip;]","og_url":"https:\/\/proventuss.eu\/cs\/produkt\/dowsil-pv-6326-solar-cell-encapsulant\/","og_site_name":"Proventuss","og_image":[{"width":1198,"height":799,"url":"https:\/\/proventuss.eu\/wp-content\/uploads\/2023\/03\/shutterstock_521992327m.jpg","type":"image\/jpeg"}],"twitter_card":"summary_large_image","twitter_misc":{"Odhadovan\u00e1 doba \u010dten\u00ed":"1 minuta"},"schema":{"@context":"https:\/\/schema.org","@graph":[{"@type":"WebPage","@id":"https:\/\/proventuss.eu\/cs\/produkt\/dowsil-pv-6326-solar-cell-encapsulant\/","url":"https:\/\/proventuss.eu\/cs\/produkt\/dowsil-pv-6326-solar-cell-encapsulant\/","name":"DOWSIL\u2122 PV-6326 Solar Cell Encapsulant - Proventuss","isPartOf":{"@id":"https:\/\/proventuss.eu\/#website"},"primaryImageOfPage":{"@id":"https:\/\/proventuss.eu\/cs\/produkt\/dowsil-pv-6326-solar-cell-encapsulant\/#primaryimage"},"image":{"@id":"https:\/\/proventuss.eu\/cs\/produkt\/dowsil-pv-6326-solar-cell-encapsulant\/#primaryimage"},"thumbnailUrl":"https:\/\/proventuss.eu\/wp-content\/uploads\/2023\/03\/shutterstock_521992327m.jpg","datePublished":"2023-03-24T07:43:55+00:00","dateModified":"2023-03-24T07:43:55+00:00","breadcrumb":{"@id":"https:\/\/proventuss.eu\/cs\/produkt\/dowsil-pv-6326-solar-cell-encapsulant\/#breadcrumb"},"inLanguage":"cs","potentialAction":[{"@type":"ReadAction","target":["https:\/\/proventuss.eu\/cs\/produkt\/dowsil-pv-6326-solar-cell-encapsulant\/"]}]},{"@type":"ImageObject","inLanguage":"cs","@id":"https:\/\/proventuss.eu\/cs\/produkt\/dowsil-pv-6326-solar-cell-encapsulant\/#primaryimage","url":"https:\/\/proventuss.eu\/wp-content\/uploads\/2023\/03\/shutterstock_521992327m.jpg","contentUrl":"https:\/\/proventuss.eu\/wp-content\/uploads\/2023\/03\/shutterstock_521992327m.jpg","width":1198,"height":799,"caption":"photovoltaics in solar power station energy from natural"},{"@type":"BreadcrumbList","@id":"https:\/\/proventuss.eu\/cs\/produkt\/dowsil-pv-6326-solar-cell-encapsulant\/#breadcrumb","itemListElement":[{"@type":"ListItem","position":1,"name":"Home","item":"https:\/\/proventuss.eu\/"},{"@type":"ListItem","position":2,"name":"Produkty","item":"https:\/\/proventuss.eu\/produkty\/"},{"@type":"ListItem","position":3,"name":"DOWSIL\u2122 PV-6326 Solar Cell Encapsulant"}]},{"@type":"WebSite","@id":"https:\/\/proventuss.eu\/#website","url":"https:\/\/proventuss.eu\/","name":"Proventuss","description":"","potentialAction":[{"@type":"SearchAction","target":{"@type":"EntryPoint","urlTemplate":"https:\/\/proventuss.eu\/?s={search_term_string}"},"query-input":"required name=search_term_string"}],"inLanguage":"cs"}]}},"_links":{"self":[{"href":"https:\/\/proventuss.eu\/cs\/wp-json\/wp\/v2\/product\/12521"}],"collection":[{"href":"https:\/\/proventuss.eu\/cs\/wp-json\/wp\/v2\/product"}],"about":[{"href":"https:\/\/proventuss.eu\/cs\/wp-json\/wp\/v2\/types\/product"}],"replies":[{"embeddable":true,"href":"https:\/\/proventuss.eu\/cs\/wp-json\/wp\/v2\/comments?post=12521"}],"wp:featuredmedia":[{"embeddable":true,"href":"https:\/\/proventuss.eu\/cs\/wp-json\/wp\/v2\/media\/11537"}],"wp:attachment":[{"href":"https:\/\/proventuss.eu\/cs\/wp-json\/wp\/v2\/media?parent=12521"}],"wp:term":[{"taxonomy":"product_cat","embeddable":true,"href":"https:\/\/proventuss.eu\/cs\/wp-json\/wp\/v2\/product_cat?post=12521"},{"taxonomy":"product_tag","embeddable":true,"href":"https:\/\/proventuss.eu\/cs\/wp-json\/wp\/v2\/product_tag?post=12521"}],"curies":[{"name":"wp","href":"https:\/\/api.w.org\/{rel}","templated":true}]}}