{"id":7074,"date":"2022-06-01T10:41:52","date_gmt":"2022-06-01T10:41:52","guid":{"rendered":"https:\/\/proventuss.eu\/karierav\/projektovy-manazer\/"},"modified":"2026-03-27T14:55:46","modified_gmt":"2026-03-27T14:55:46","slug":"sales-manager","status":"publish","type":"page","link":"https:\/\/proventuss.eu\/cs\/karierav\/sales-manager\/","title":{"rendered":"Sales Manager"},"content":{"rendered":"\t\t<div data-elementor-type=\"wp-page\" data-elementor-id=\"7074\" class=\"elementor elementor-7074 elementor-1863\" data-elementor-post-type=\"page\">\n\t\t\t\t\t\t<section class=\"elementor-section elementor-top-section elementor-element elementor-element-60fc409a elementor-section-height-min-height elementor-section-boxed elementor-section-height-default elementor-section-items-middle\" data-id=\"60fc409a\" data-element_type=\"section\" data-settings=\"{&quot;background_background&quot;:&quot;classic&quot;}\">\n\t\t\t\t\t\t\t<div class=\"elementor-background-overlay\"><\/div>\n\t\t\t\t\t\t\t<div class=\"elementor-container elementor-column-gap-default\">\n\t\t\t\t\t<div class=\"elementor-column elementor-col-50 elementor-top-column elementor-element elementor-element-433247ac\" data-id=\"433247ac\" data-element_type=\"column\">\n\t\t\t<div class=\"elementor-widget-wrap elementor-element-populated\">\n\t\t\t\t\t\t\t<\/div>\n\t\t<\/div>\n\t\t\t\t<div class=\"elementor-column elementor-col-50 elementor-top-column elementor-element elementor-element-60d2a8b7\" data-id=\"60d2a8b7\" data-element_type=\"column\">\n\t\t\t<div class=\"elementor-widget-wrap\">\n\t\t\t\t\t\t\t<\/div>\n\t\t<\/div>\n\t\t\t\t\t<\/div>\n\t\t<\/section>\n\t\t\t\t<section class=\"elementor-section elementor-top-section elementor-element elementor-element-faa45c2 elementor-section-boxed elementor-section-height-default elementor-section-height-default\" data-id=\"faa45c2\" data-element_type=\"section\">\n\t\t\t\t\t\t<div class=\"elementor-container elementor-column-gap-default\">\n\t\t\t\t\t<div class=\"elementor-column elementor-col-100 elementor-top-column elementor-element elementor-element-278a36e\" data-id=\"278a36e\" data-element_type=\"column\">\n\t\t\t<div class=\"elementor-widget-wrap elementor-element-populated\">\n\t\t\t\t\t\t<div class=\"elementor-element elementor-element-596965b elementor-invisible elementor-widget elementor-widget-heading\" data-id=\"596965b\" data-element_type=\"widget\" data-settings=\"{&quot;_animation&quot;:&quot;fadeInUp&quot;,&quot;_animation_delay&quot;:1000}\" data-widget_type=\"heading.default\">\n\t\t\t\t<div class=\"elementor-widget-container\">\n\t\t\t<style>\/*! elementor - v3.22.0 - 26-06-2024 *\/\n.elementor-heading-title{padding:0;margin:0;line-height:1}.elementor-widget-heading .elementor-heading-title[class*=elementor-size-]>a{color:inherit;font-size:inherit;line-height:inherit}.elementor-widget-heading .elementor-heading-title.elementor-size-small{font-size:15px}.elementor-widget-heading .elementor-heading-title.elementor-size-medium{font-size:19px}.elementor-widget-heading .elementor-heading-title.elementor-size-large{font-size:29px}.elementor-widget-heading .elementor-heading-title.elementor-size-xl{font-size:39px}.elementor-widget-heading .elementor-heading-title.elementor-size-xxl{font-size:59px}<\/style><p class=\"elementor-heading-title elementor-size-default\">region: \u010cesk\u00e1 republika a Slovensko<\/p>\t\t<\/div>\n\t\t\t\t<\/div>\n\t\t\t\t<div class=\"elementor-element elementor-element-f588e78 elementor-widget elementor-widget-image\" data-id=\"f588e78\" data-element_type=\"widget\" data-widget_type=\"image.default\">\n\t\t\t\t<div class=\"elementor-widget-container\">\n\t\t\t<style>\/*! elementor - v3.22.0 - 26-06-2024 *\/\n.elementor-widget-image{text-align:center}.elementor-widget-image a{display:inline-block}.elementor-widget-image a img[src$=\".svg\"]{width:48px}.elementor-widget-image img{vertical-align:middle;display:inline-block}<\/style>\t\t\t\t\t\t\t\t\t\t<img fetchpriority=\"high\" decoding=\"async\" width=\"1620\" height=\"1080\" src=\"https:\/\/proventuss.eu\/wp-content\/uploads\/2022\/12\/shutterstock_518303563.jpg\" class=\"attachment-full size-full wp-image-10538\" alt=\"\" srcset=\"https:\/\/proventuss.eu\/wp-content\/uploads\/2022\/12\/shutterstock_518303563.jpg 1620w, https:\/\/proventuss.eu\/wp-content\/uploads\/2022\/12\/shutterstock_518303563-300x200.jpg 300w, https:\/\/proventuss.eu\/wp-content\/uploads\/2022\/12\/shutterstock_518303563-1024x683.jpg 1024w, https:\/\/proventuss.eu\/wp-content\/uploads\/2022\/12\/shutterstock_518303563-768x512.jpg 768w, https:\/\/proventuss.eu\/wp-content\/uploads\/2022\/12\/shutterstock_518303563-1536x1024.jpg 1536w, https:\/\/proventuss.eu\/wp-content\/uploads\/2022\/12\/shutterstock_518303563-600x400.jpg 600w\" sizes=\"(max-width: 1620px) 100vw, 1620px\" \/>\t\t\t\t\t\t\t\t\t\t\t\t\t<\/div>\n\t\t\t\t<\/div>\n\t\t\t\t<div class=\"elementor-element elementor-element-983145b elementor-widget elementor-widget-text-editor\" data-id=\"983145b\" data-element_type=\"widget\" data-widget_type=\"text-editor.default\">\n\t\t\t\t<div class=\"elementor-widget-container\">\n\t\t\t<style>\/*! elementor - v3.22.0 - 26-06-2024 *\/\n.elementor-widget-text-editor.elementor-drop-cap-view-stacked .elementor-drop-cap{background-color:#69727d;color:#fff}.elementor-widget-text-editor.elementor-drop-cap-view-framed .elementor-drop-cap{color:#69727d;border:3px solid;background-color:transparent}.elementor-widget-text-editor:not(.elementor-drop-cap-view-default) .elementor-drop-cap{margin-top:8px}.elementor-widget-text-editor:not(.elementor-drop-cap-view-default) .elementor-drop-cap-letter{width:1em;height:1em}.elementor-widget-text-editor .elementor-drop-cap{float:left;text-align:center;line-height:1;font-size:50px}.elementor-widget-text-editor .elementor-drop-cap-letter{display:inline-block}<\/style>\t\t\t\t<p>Dovozce a distributor tmel\u016f a dal\u0161\u00edch stavebn\u00edch materi\u00e1l\u016f hled\u00e1 kolegu\/kolegyni na pozici:<\/p>\t\t\t\t\t\t<\/div>\n\t\t\t\t<\/div>\n\t\t\t\t<div class=\"elementor-element elementor-element-44e7143 elementor-widget elementor-widget-heading\" data-id=\"44e7143\" data-element_type=\"widget\" data-widget_type=\"heading.default\">\n\t\t\t\t<div class=\"elementor-widget-container\">\n\t\t\t<p class=\"elementor-heading-title elementor-size-default\">Sales Managera<\/p>\t\t<\/div>\n\t\t\t\t<\/div>\n\t\t\t\t<div class=\"elementor-element elementor-element-f779df1 elementor-widget elementor-widget-text-editor\" data-id=\"f779df1\" data-element_type=\"widget\" data-widget_type=\"text-editor.default\">\n\t\t\t\t<div class=\"elementor-widget-container\">\n\t\t\t\t\t\t\t<p><strong>region: \u010cesk\u00e1 republika a Slovensko<\/strong><\/p><p><i style=\"text-align: left;\">B2B | technick\u00e9 produkty | stavebnictv\u00ed<\/i><\/p>\t\t\t\t\t\t<\/div>\n\t\t\t\t<\/div>\n\t\t\t\t<div class=\"elementor-element elementor-element-76e8e8f elementor-widget elementor-widget-text-editor\" data-id=\"76e8e8f\" data-element_type=\"widget\" data-widget_type=\"text-editor.default\">\n\t\t\t\t<div class=\"elementor-widget-container\">\n\t\t\t\t\t\t\t<p><span style=\"font-size: 1rem;\">Hled\u00e1me obchodn\u00edka, kter\u00fd nechce jen \u201eprod\u00e1vat\u201c, ale b\u00fdt partnerem pro z\u00e1kazn\u00edky v r\u00e1mci re\u00e1ln\u00fdch projekt\u016f. Pokud m\u00e1\u0161 zku\u0161enosti s technick\u00fdm prodejem a orientuje\u0161 se ve stavebnictv\u00ed, tady d\u00e1v\u00e1 obchod smysl.<\/span><\/p>\n<div style=\"text-align: center;\" align=\"center\">\n<hr align=\"center\" size=\"2\" width=\"100%\">\n<\/div>\n<p style=\"margin-bottom: 6.0pt;\"><b><span lang=\"CS\" style=\"font-family: 'Segoe UI Emoji',sans-serif; mso-bidi-font-family: 'Segoe UI Emoji';\">\ud83d\udd27<\/span><span lang=\"CS\"> Co t\u011b \u010dek\u00e1<\/span><\/b><\/p>\n<ul style=\"margin-top: 0cm;\" type=\"disc\">\n<li style=\"margin-bottom: 6.0pt; mso-list: l2 level1 lfo1; tab-stops: list 36.0pt;\"><span lang=\"CS\">Obchod v prost\u0159ed\u00ed investi\u010dn\u00edch projekt\u016f (\u017e\u00e1dn\u00e9 rychl\u00e9 obraty, ale promy\u0161len\u00e9 dealy)<\/span><\/li>\n<li style=\"margin-bottom: 6.0pt; mso-list: l2 level1 lfo1; tab-stops: list 36.0pt;\"><span lang=\"CS\">Prodej technick\u00fdch \u0159e\u0161en\u00ed s p\u0159esahem do poradenstv\u00ed<\/span><\/li>\n<li style=\"margin-bottom: 6.0pt; mso-list: l2 level1 lfo1; tab-stops: list 36.0pt;\"><span lang=\"CS\">Jedn\u00e1n\u00ed s gener\u00e1ln\u00edmi dodavateli, investory i kontraktory<\/span><\/li>\n<li style=\"margin-bottom: 6.0pt; mso-list: l2 level1 lfo1; tab-stops: list 36.0pt;\"><span lang=\"CS\">P\u00e9\u010de o st\u00e1vaj\u00edc\u00ed klienty + aktivn\u00ed akvizice nov\u00fdch p\u0159\u00edle\u017eitost\u00ed<\/span><\/li>\n<li style=\"margin-bottom: 6.0pt; mso-list: l2 level1 lfo1; tab-stops: list 36.0pt;\"><span lang=\"CS\">Vlastn\u00ed \u0159\u00edzen\u00ed obchodn\u00edch p\u0159\u00edpad\u016f od A do Z<\/span><\/li>\n<li style=\"margin-bottom: 6.0pt; mso-list: l2 level1 lfo1; tab-stops: list 36.0pt;\"><span lang=\"CS\">Pravideln\u00fd pohyb v ter\u00e9nu po \u010cR a SR<\/span><\/li>\n<\/ul>\n<div style=\"margin-bottom: 6.0pt; text-align: center;\" align=\"center\">\n<hr align=\"center\" size=\"2\" width=\"100%\">\n<\/div>\n<p style=\"margin-bottom: 6.0pt;\"><b><span lang=\"CS\" style=\"font-family: 'Segoe UI Emoji',sans-serif; mso-bidi-font-family: 'Segoe UI Emoji';\">\ud83c\udfaf<\/span><span lang=\"CS\"> Koho hled\u00e1me<\/span><\/b><\/p>\n<ul style=\"margin-top: 0cm;\" type=\"disc\">\n<li style=\"margin-bottom: 6.0pt; mso-list: l1 level1 lfo2; tab-stops: list 36.0pt;\"><span lang=\"CS\">M\u00e1\u0161 za sebou min. 3 roky v B2B prodeji (ide\u00e1ln\u011b technick\u00e9 produkty)<\/span><\/li>\n<li style=\"margin-bottom: 6.0pt; mso-list: l1 level1 lfo2; tab-stops: list 36.0pt;\"><span lang=\"CS\">Um\u00ed\u0161 obchodn\u011b p\u0159em\u00fd\u0161let a dotahovat v\u011bci do v\u00fdsledku<\/span><\/li>\n<li style=\"margin-bottom: 6.0pt; mso-list: l1 level1 lfo2; tab-stops: list 36.0pt;\"><span lang=\"CS\">Neboj\u00ed\u0161 se jednat s n\u00e1ro\u010dn\u00fdmi partnery<\/span><\/li>\n<li style=\"margin-bottom: 6.0pt; mso-list: l1 level1 lfo2; tab-stops: list 36.0pt;\"><span lang=\"CS\">M\u00e1\u0161 technick\u00e9 nebo ekonomick\u00e9 vzd\u011bl\u00e1n\u00ed (nebo relevantn\u00ed praxi)<\/span><\/li>\n<li style=\"margin-bottom: 6.0pt; mso-list: l1 level1 lfo2; tab-stops: list 36.0pt;\"><span lang=\"CS\">Jsi samostatn\u00fd\/\u00e1 a zvl\u00e1d\u00e1\u0161 \u0159\u00eddit sv\u016fj region<\/span><\/li>\n<li style=\"margin-bottom: 6.0pt; mso-list: l1 level1 lfo2; tab-stops: list 36.0pt;\"><span lang=\"CS\">Cestov\u00e1n\u00ed bere\u0161 jako sou\u010d\u00e1st pr\u00e1ce, ne probl\u00e9m<\/span><\/li>\n<li style=\"margin-bottom: 6.0pt; mso-list: l1 level1 lfo2; tab-stops: list 36.0pt;\"><span lang=\"CS\">M\u00e1\u0161 \u0158P sk. B a b\u011b\u017en\u011b pracuje\u0161 s MS Office<\/span><\/li>\n<li style=\"margin-bottom: 6.0pt; mso-list: l1 level1 lfo2; tab-stops: list 36.0pt;\"><span lang=\"CS\">Angli\u010dtina na komunikativn\u00ed \u00farovni<\/span><\/li>\n<\/ul>\n<p style=\"margin-bottom: 6.0pt;\"><i><span lang=\"CS\">Plusov\u00e9 body:<\/span><\/i><span lang=\"CS\"> zku\u0161enost ze stavebnictv\u00ed a znalost aplika\u010dn\u00edho trhu<\/span><\/p>\n<div style=\"margin-bottom: 6.0pt; text-align: center;\" align=\"center\">\n<hr align=\"center\" size=\"2\" width=\"100%\">\n<\/div>\n<p style=\"margin-bottom: 6.0pt;\"><b><span lang=\"CS\" style=\"font-family: 'Segoe UI Emoji',sans-serif; mso-bidi-font-family: 'Segoe UI Emoji';\">\ud83d\udcbc<\/span><span lang=\"CS\"> Co za to<\/span><\/b><\/p>\n<ul style=\"margin-top: 0cm;\" type=\"disc\">\n<li style=\"margin-bottom: 6.0pt; mso-list: l0 level1 lfo3; tab-stops: list 36.0pt;\"><span lang=\"CS\">F\u00e9rov\u00e1 odm\u011bna nav\u00e1zan\u00e1 na v\u00fdkon (bez nesmysln\u00fdch strop\u016f)<\/span><\/li>\n<li style=\"margin-bottom: 6.0pt; mso-list: l0 level1 lfo3; tab-stops: list 36.0pt;\"><span lang=\"CS\">Flexibiln\u00ed forma spolupr\u00e1ce (HPP \/ I\u010cO)<\/span><\/li>\n<li style=\"margin-bottom: 6.0pt; mso-list: l0 level1 lfo3; tab-stops: list 36.0pt;\"><span lang=\"CS\">Slu\u017eebn\u00ed auto i pro osobn\u00ed vyu\u017eit\u00ed<\/span><\/li>\n<li style=\"margin-bottom: 6.0pt; mso-list: l0 level1 lfo3; tab-stops: list 36.0pt;\"><span lang=\"CS\">\u0160kolen\u00ed v \u010cR i zahrani\u010d\u00ed<\/span><\/li>\n<li style=\"margin-bottom: 6.0pt; mso-list: l0 level1 lfo3; tab-stops: list 36.0pt;\"><span lang=\"CS\">Re\u00e1ln\u00fd prostor ovlivnit v\u00fdsledky i sm\u011br obchodu<\/span><\/li><\/ul>\t\t\t\t\t\t<\/div>\n\t\t\t\t<\/div>\n\t\t\t\t<div class=\"elementor-element elementor-element-50516f5 elementor-widget elementor-widget-text-editor\" data-id=\"50516f5\" data-element_type=\"widget\" data-widget_type=\"text-editor.default\">\n\t\t\t\t<div class=\"elementor-widget-container\">\n\t\t\t\t\t\t\t<p><span lang=\"CS\">\ud83d\udc49<\/span><span lang=\"CS\">\u00a0Pokud chce\u0161 d\u011blat obchod, kter\u00fd m\u00e1 hlavu a patu, po\u0161li CV na e-mail\u00a0<a href=\"mailto:office.cz@proventuss.eu\">office.cz@proventuss.eu<\/a>\u00a0.<\/span><\/p>\t\t\t\t\t\t<\/div>\n\t\t\t\t<\/div>\n\t\t\t\t<div class=\"elementor-element elementor-element-f4c39ba elementor-align-center elementor-widget elementor-widget-button\" data-id=\"f4c39ba\" data-element_type=\"widget\" data-widget_type=\"button.default\">\n\t\t\t\t<div class=\"elementor-widget-container\">\n\t\t\t\t\t<div class=\"elementor-button-wrapper\">\n\t\t\t<a class=\"elementor-button elementor-button-link elementor-size-sm elementor-animation-float\" href=\"mailto:office.cz@proventuss.eu\">\n\t\t\t\t\t\t<span class=\"elementor-button-content-wrapper\">\n\t\t\t\t\t\t<span class=\"elementor-button-icon\">\n\t\t\t\t<i aria-hidden=\"true\" class=\"icon icon-right-arrow2\"><\/i>\t\t\t<\/span>\n\t\t\t\t\t\t\t\t\t<span class=\"elementor-button-text\">Aplikovat<\/span>\n\t\t\t\t\t<\/span>\n\t\t\t\t\t<\/a>\n\t\t<\/div>\n\t\t\t\t<\/div>\n\t\t\t\t<\/div>\n\t\t\t\t\t<\/div>\n\t\t<\/div>\n\t\t\t\t\t<\/div>\n\t\t<\/section>\n\t\t\t\t<\/div>\n\t\t","protected":false},"excerpt":{"rendered":"<p>region: \u010cesk\u00e1 republika a Slovensko Dovozce a distributor tmel\u016f a dal\u0161\u00edch stavebn\u00edch materi\u00e1l\u016f hled\u00e1 kolegu\/kolegyni na pozici: Sales Managera region: \u010cesk\u00e1 republika a Slovensko B2B | technick\u00e9 produkty | stavebnictv\u00ed Hled\u00e1me obchodn\u00edka, kter\u00fd nechce jen \u201eprod\u00e1vat\u201c, ale b\u00fdt partnerem pro z\u00e1kazn\u00edky v r\u00e1mci re\u00e1ln\u00fdch projekt\u016f. Pokud m\u00e1\u0161 zku\u0161enosti s technick\u00fdm prodejem a orientuje\u0161 se ve [&hellip;]<\/p>\n","protected":false},"author":1,"featured_media":0,"parent":7034,"menu_order":0,"comment_status":"closed","ping_status":"closed","template":"elementor_header_footer","meta":{"_acf_changed":false,"footnotes":""},"acf":[],"yoast_head":"<!-- This site is optimized with the Yoast SEO plugin v22.9 - https:\/\/yoast.com\/wordpress\/plugins\/seo\/ -->\n<title>Sales Manager - Proventuss<\/title>\n<meta name=\"robots\" content=\"index, follow, max-snippet:-1, max-image-preview:large, max-video-preview:-1\" \/>\n<link rel=\"canonical\" href=\"https:\/\/proventuss.eu\/kariera\/project-manager\/\" \/>\n<meta property=\"og:locale\" content=\"cs_CZ\" \/>\n<meta property=\"og:type\" content=\"article\" \/>\n<meta property=\"og:title\" content=\"Sales Manager - Proventuss\" \/>\n<meta property=\"og:description\" content=\"region: \u010cesk\u00e1 republika a Slovensko Dovozce a distributor tmel\u016f a dal\u0161\u00edch stavebn\u00edch materi\u00e1l\u016f hled\u00e1 kolegu\/kolegyni na pozici: Sales Managera region: \u010cesk\u00e1 republika a Slovensko B2B | technick\u00e9 produkty | stavebnictv\u00ed Hled\u00e1me obchodn\u00edka, kter\u00fd nechce jen \u201eprod\u00e1vat\u201c, ale b\u00fdt partnerem pro z\u00e1kazn\u00edky v r\u00e1mci re\u00e1ln\u00fdch projekt\u016f. Pokud m\u00e1\u0161 zku\u0161enosti s technick\u00fdm prodejem a orientuje\u0161 se ve [&hellip;]\" \/>\n<meta property=\"og:url\" content=\"https:\/\/proventuss.eu\/kariera\/project-manager\/\" \/>\n<meta property=\"og:site_name\" content=\"Proventuss\" \/>\n<meta property=\"article:modified_time\" content=\"2026-03-27T14:55:46+00:00\" \/>\n<meta property=\"og:image\" content=\"https:\/\/proventuss.eu\/wp-content\/uploads\/2022\/12\/shutterstock_518303563.jpg\" \/>\n<meta name=\"twitter:card\" content=\"summary_large_image\" \/>\n<meta name=\"twitter:label1\" content=\"Odhadovan\u00e1 doba \u010dten\u00ed\" \/>\n\t<meta name=\"twitter:data1\" content=\"2 minuty\" \/>\n<script type=\"application\/ld+json\" class=\"yoast-schema-graph\">{\"@context\":\"https:\/\/schema.org\",\"@graph\":[{\"@type\":\"WebPage\",\"@id\":\"https:\/\/proventuss.eu\/kariera\/project-manager\/\",\"url\":\"https:\/\/proventuss.eu\/kariera\/project-manager\/\",\"name\":\"Sales Manager - Proventuss\",\"isPartOf\":{\"@id\":\"https:\/\/proventuss.eu\/#website\"},\"primaryImageOfPage\":{\"@id\":\"https:\/\/proventuss.eu\/kariera\/project-manager\/#primaryimage\"},\"image\":{\"@id\":\"https:\/\/proventuss.eu\/kariera\/project-manager\/#primaryimage\"},\"thumbnailUrl\":\"https:\/\/proventuss.eu\/wp-content\/uploads\/2022\/12\/shutterstock_518303563.jpg\",\"datePublished\":\"2022-06-01T10:41:52+00:00\",\"dateModified\":\"2026-03-27T14:55:46+00:00\",\"breadcrumb\":{\"@id\":\"https:\/\/proventuss.eu\/kariera\/project-manager\/#breadcrumb\"},\"inLanguage\":\"cs\",\"potentialAction\":[{\"@type\":\"ReadAction\",\"target\":[\"https:\/\/proventuss.eu\/kariera\/project-manager\/\"]}]},{\"@type\":\"ImageObject\",\"inLanguage\":\"cs\",\"@id\":\"https:\/\/proventuss.eu\/kariera\/project-manager\/#primaryimage\",\"url\":\"https:\/\/proventuss.eu\/wp-content\/uploads\/2022\/12\/shutterstock_518303563.jpg\",\"contentUrl\":\"https:\/\/proventuss.eu\/wp-content\/uploads\/2022\/12\/shutterstock_518303563.jpg\"},{\"@type\":\"BreadcrumbList\",\"@id\":\"https:\/\/proventuss.eu\/kariera\/project-manager\/#breadcrumb\",\"itemListElement\":[{\"@type\":\"ListItem\",\"position\":1,\"name\":\"Home\",\"item\":\"https:\/\/proventuss.eu\/\"},{\"@type\":\"ListItem\",\"position\":2,\"name\":\"Kari\u00e9rav\",\"item\":\"https:\/\/proventuss.eu\/kariera\/\"},{\"@type\":\"ListItem\",\"position\":3,\"name\":\"Sales Manager\"}]},{\"@type\":\"WebSite\",\"@id\":\"https:\/\/proventuss.eu\/#website\",\"url\":\"https:\/\/proventuss.eu\/\",\"name\":\"Proventuss\",\"description\":\"\",\"potentialAction\":[{\"@type\":\"SearchAction\",\"target\":{\"@type\":\"EntryPoint\",\"urlTemplate\":\"https:\/\/proventuss.eu\/?s={search_term_string}\"},\"query-input\":\"required name=search_term_string\"}],\"inLanguage\":\"cs\"}]}<\/script>\n<!-- \/ Yoast SEO plugin. -->","yoast_head_json":{"title":"Sales Manager - Proventuss","robots":{"index":"index","follow":"follow","max-snippet":"max-snippet:-1","max-image-preview":"max-image-preview:large","max-video-preview":"max-video-preview:-1"},"canonical":"https:\/\/proventuss.eu\/kariera\/project-manager\/","og_locale":"cs_CZ","og_type":"article","og_title":"Sales Manager - Proventuss","og_description":"region: \u010cesk\u00e1 republika a Slovensko Dovozce a distributor tmel\u016f a dal\u0161\u00edch stavebn\u00edch materi\u00e1l\u016f hled\u00e1 kolegu\/kolegyni na pozici: Sales Managera region: \u010cesk\u00e1 republika a Slovensko B2B | technick\u00e9 produkty | stavebnictv\u00ed Hled\u00e1me obchodn\u00edka, kter\u00fd nechce jen \u201eprod\u00e1vat\u201c, ale b\u00fdt partnerem pro z\u00e1kazn\u00edky v r\u00e1mci re\u00e1ln\u00fdch projekt\u016f. Pokud m\u00e1\u0161 zku\u0161enosti s technick\u00fdm prodejem a orientuje\u0161 se ve [&hellip;]","og_url":"https:\/\/proventuss.eu\/kariera\/project-manager\/","og_site_name":"Proventuss","article_modified_time":"2026-03-27T14:55:46+00:00","og_image":[{"url":"https:\/\/proventuss.eu\/wp-content\/uploads\/2022\/12\/shutterstock_518303563.jpg"}],"twitter_card":"summary_large_image","twitter_misc":{"Odhadovan\u00e1 doba \u010dten\u00ed":"2 minuty"},"schema":{"@context":"https:\/\/schema.org","@graph":[{"@type":"WebPage","@id":"https:\/\/proventuss.eu\/kariera\/project-manager\/","url":"https:\/\/proventuss.eu\/kariera\/project-manager\/","name":"Sales Manager - Proventuss","isPartOf":{"@id":"https:\/\/proventuss.eu\/#website"},"primaryImageOfPage":{"@id":"https:\/\/proventuss.eu\/kariera\/project-manager\/#primaryimage"},"image":{"@id":"https:\/\/proventuss.eu\/kariera\/project-manager\/#primaryimage"},"thumbnailUrl":"https:\/\/proventuss.eu\/wp-content\/uploads\/2022\/12\/shutterstock_518303563.jpg","datePublished":"2022-06-01T10:41:52+00:00","dateModified":"2026-03-27T14:55:46+00:00","breadcrumb":{"@id":"https:\/\/proventuss.eu\/kariera\/project-manager\/#breadcrumb"},"inLanguage":"cs","potentialAction":[{"@type":"ReadAction","target":["https:\/\/proventuss.eu\/kariera\/project-manager\/"]}]},{"@type":"ImageObject","inLanguage":"cs","@id":"https:\/\/proventuss.eu\/kariera\/project-manager\/#primaryimage","url":"https:\/\/proventuss.eu\/wp-content\/uploads\/2022\/12\/shutterstock_518303563.jpg","contentUrl":"https:\/\/proventuss.eu\/wp-content\/uploads\/2022\/12\/shutterstock_518303563.jpg"},{"@type":"BreadcrumbList","@id":"https:\/\/proventuss.eu\/kariera\/project-manager\/#breadcrumb","itemListElement":[{"@type":"ListItem","position":1,"name":"Home","item":"https:\/\/proventuss.eu\/"},{"@type":"ListItem","position":2,"name":"Kari\u00e9rav","item":"https:\/\/proventuss.eu\/kariera\/"},{"@type":"ListItem","position":3,"name":"Sales Manager"}]},{"@type":"WebSite","@id":"https:\/\/proventuss.eu\/#website","url":"https:\/\/proventuss.eu\/","name":"Proventuss","description":"","potentialAction":[{"@type":"SearchAction","target":{"@type":"EntryPoint","urlTemplate":"https:\/\/proventuss.eu\/?s={search_term_string}"},"query-input":"required name=search_term_string"}],"inLanguage":"cs"}]}},"_links":{"self":[{"href":"https:\/\/proventuss.eu\/cs\/wp-json\/wp\/v2\/pages\/7074"}],"collection":[{"href":"https:\/\/proventuss.eu\/cs\/wp-json\/wp\/v2\/pages"}],"about":[{"href":"https:\/\/proventuss.eu\/cs\/wp-json\/wp\/v2\/types\/page"}],"author":[{"embeddable":true,"href":"https:\/\/proventuss.eu\/cs\/wp-json\/wp\/v2\/users\/1"}],"replies":[{"embeddable":true,"href":"https:\/\/proventuss.eu\/cs\/wp-json\/wp\/v2\/comments?post=7074"}],"version-history":[{"count":14,"href":"https:\/\/proventuss.eu\/cs\/wp-json\/wp\/v2\/pages\/7074\/revisions"}],"predecessor-version":[{"id":20177,"href":"https:\/\/proventuss.eu\/cs\/wp-json\/wp\/v2\/pages\/7074\/revisions\/20177"}],"up":[{"embeddable":true,"href":"https:\/\/proventuss.eu\/cs\/wp-json\/wp\/v2\/pages\/7034"}],"wp:attachment":[{"href":"https:\/\/proventuss.eu\/cs\/wp-json\/wp\/v2\/media?parent=7074"}],"curies":[{"name":"wp","href":"https:\/\/api.w.org\/{rel}","templated":true}]}}