{"id":7034,"date":"2022-05-19T12:59:48","date_gmt":"2022-05-19T12:59:48","guid":{"rendered":"https:\/\/proventuss.eu\/karierav\/"},"modified":"2026-03-27T14:50:55","modified_gmt":"2026-03-27T14:50:55","slug":"karierav","status":"publish","type":"page","link":"https:\/\/proventuss.eu\/cs\/karierav\/","title":{"rendered":"Kari\u00e9rav"},"content":{"rendered":"\t\t<div data-elementor-type=\"wp-page\" data-elementor-id=\"7034\" class=\"elementor elementor-7034 elementor-1684\" data-elementor-post-type=\"page\">\n\t\t\t\t\t\t<section class=\"elementor-section elementor-top-section elementor-element elementor-element-60fc409a elementor-section-height-min-height elementor-section-boxed elementor-section-height-default elementor-section-items-middle\" data-id=\"60fc409a\" data-element_type=\"section\" data-settings=\"{&quot;background_background&quot;:&quot;classic&quot;}\">\n\t\t\t\t\t\t\t<div class=\"elementor-background-overlay\"><\/div>\n\t\t\t\t\t\t\t<div class=\"elementor-container elementor-column-gap-default\">\n\t\t\t\t\t<div class=\"elementor-column elementor-col-50 elementor-top-column elementor-element elementor-element-433247ac\" data-id=\"433247ac\" data-element_type=\"column\">\n\t\t\t<div class=\"elementor-widget-wrap elementor-element-populated\">\n\t\t\t\t\t\t<div class=\"elementor-element elementor-element-03b2ab9 elementor-widget elementor-widget-heading\" data-id=\"03b2ab9\" data-element_type=\"widget\" data-widget_type=\"heading.default\">\n\t\t\t\t<div class=\"elementor-widget-container\">\n\t\t\t<style>\/*! elementor - v3.22.0 - 26-06-2024 *\/\n.elementor-heading-title{padding:0;margin:0;line-height:1}.elementor-widget-heading .elementor-heading-title[class*=elementor-size-]>a{color:inherit;font-size:inherit;line-height:inherit}.elementor-widget-heading .elementor-heading-title.elementor-size-small{font-size:15px}.elementor-widget-heading .elementor-heading-title.elementor-size-medium{font-size:19px}.elementor-widget-heading .elementor-heading-title.elementor-size-large{font-size:29px}.elementor-widget-heading .elementor-heading-title.elementor-size-xl{font-size:39px}.elementor-widget-heading .elementor-heading-title.elementor-size-xxl{font-size:59px}<\/style><p class=\"elementor-heading-title elementor-size-default\">KARI\u00c9RA <br>V PROVENTUSSU<\/p>\t\t<\/div>\n\t\t\t\t<\/div>\n\t\t\t\t\t<\/div>\n\t\t<\/div>\n\t\t\t\t<div class=\"elementor-column elementor-col-50 elementor-top-column elementor-element elementor-element-60d2a8b7\" data-id=\"60d2a8b7\" data-element_type=\"column\">\n\t\t\t<div class=\"elementor-widget-wrap\">\n\t\t\t\t\t\t\t<\/div>\n\t\t<\/div>\n\t\t\t\t\t<\/div>\n\t\t<\/section>\n\t\t\t\t<section class=\"elementor-section elementor-top-section elementor-element elementor-element-faa45c2 elementor-section-boxed elementor-section-height-default elementor-section-height-default\" data-id=\"faa45c2\" data-element_type=\"section\">\n\t\t\t\t\t\t<div class=\"elementor-container elementor-column-gap-default\">\n\t\t\t\t\t<div class=\"elementor-column elementor-col-100 elementor-top-column elementor-element elementor-element-278a36e\" data-id=\"278a36e\" data-element_type=\"column\">\n\t\t\t<div class=\"elementor-widget-wrap elementor-element-populated\">\n\t\t\t\t\t\t<div class=\"elementor-element elementor-element-596965b elementor-invisible elementor-widget elementor-widget-heading\" data-id=\"596965b\" data-element_type=\"widget\" data-settings=\"{&quot;_animation&quot;:&quot;fadeInUp&quot;,&quot;_animation_delay&quot;:1000}\" data-widget_type=\"heading.default\">\n\t\t\t\t<div class=\"elementor-widget-container\">\n\t\t\t<p class=\"elementor-heading-title elementor-size-default\">P\u0159ipoj se k n\u00e1m<\/p>\t\t<\/div>\n\t\t\t\t<\/div>\n\t\t\t\t<div class=\"elementor-element elementor-element-44e7143 elementor-widget elementor-widget-heading\" data-id=\"44e7143\" data-element_type=\"widget\" data-widget_type=\"heading.default\">\n\t\t\t\t<div class=\"elementor-widget-container\">\n\t\t\t<p class=\"elementor-heading-title elementor-size-default\">Pracovn\u00ed nab\u00eddky<\/p>\t\t<\/div>\n\t\t\t\t<\/div>\n\t\t\t\t<div class=\"elementor-element elementor-element-983145b elementor-widget elementor-widget-text-editor\" data-id=\"983145b\" data-element_type=\"widget\" data-widget_type=\"text-editor.default\">\n\t\t\t\t<div class=\"elementor-widget-container\">\n\t\t\t<style>\/*! elementor - v3.22.0 - 26-06-2024 *\/\n.elementor-widget-text-editor.elementor-drop-cap-view-stacked .elementor-drop-cap{background-color:#69727d;color:#fff}.elementor-widget-text-editor.elementor-drop-cap-view-framed .elementor-drop-cap{color:#69727d;border:3px solid;background-color:transparent}.elementor-widget-text-editor:not(.elementor-drop-cap-view-default) .elementor-drop-cap{margin-top:8px}.elementor-widget-text-editor:not(.elementor-drop-cap-view-default) .elementor-drop-cap-letter{width:1em;height:1em}.elementor-widget-text-editor .elementor-drop-cap{float:left;text-align:center;line-height:1;font-size:50px}.elementor-widget-text-editor .elementor-drop-cap-letter{display:inline-block}<\/style>\t\t\t\tProventuss st\u00e1le hled\u00e1 ambici\u00f3zn\u00ed a pracovit\u00e9 lidi, kte\u0159\u00ed se cht\u011bj\u00ed zapojit do profesion\u00e1ln\u00edho t\u00fdmu. V\u0161em na\u0161im kandid\u00e1t\u016fm nab\u00edz\u00edme neust\u00e1l\u00fd rozvoj a stabilitu zam\u011bstn\u00e1n\u00ed. N\u00ed\u017ee uv\u00e1d\u00edme aktu\u00e1ln\u00ed pracovn\u00ed nab\u00eddky.\r\n\r\nPokud aktu\u00e1ln\u011b nehled\u00e1me zam\u011bstnance ve va\u0161\u00ed specializaci \u2013 m\u016f\u017eete n\u00e1m tak\u00e9 zaslat sv\u016fj \u017eivotopis. Mo\u017en\u00e1 v\u00e1s budeme v bl\u00edzk\u00e9 budoucnosti kontaktovat.\t\t\t\t\t\t<\/div>\n\t\t\t\t<\/div>\n\t\t\t\t<div class=\"elementor-element elementor-element-f4c39ba elementor-widget elementor-widget-button\" data-id=\"f4c39ba\" data-element_type=\"widget\" data-widget_type=\"button.default\">\n\t\t\t\t<div class=\"elementor-widget-container\">\n\t\t\t\t\t<div class=\"elementor-button-wrapper\">\n\t\t\t<a class=\"elementor-button elementor-button-link elementor-size-sm elementor-animation-float\" href=\"mailto:office.cz@proventuss.eu\">\n\t\t\t\t\t\t<span class=\"elementor-button-content-wrapper\">\n\t\t\t\t\t\t<span class=\"elementor-button-icon\">\n\t\t\t\t<i aria-hidden=\"true\" class=\"icon icon-envelope2\"><\/i>\t\t\t<\/span>\n\t\t\t\t\t\t\t\t\t<span class=\"elementor-button-text\">office.cz@proventuss.eu<\/span>\n\t\t\t\t\t<\/span>\n\t\t\t\t\t<\/a>\n\t\t<\/div>\n\t\t\t\t<\/div>\n\t\t\t\t<\/div>\n\t\t\t\t\t<\/div>\n\t\t<\/div>\n\t\t\t\t\t<\/div>\n\t\t<\/section>\n\t\t\t\t<section class=\"elementor-section elementor-top-section elementor-element elementor-element-c8ae7a9 elementor-section-boxed elementor-section-height-default elementor-section-height-default\" data-id=\"c8ae7a9\" data-element_type=\"section\" data-settings=\"{&quot;background_background&quot;:&quot;classic&quot;}\">\n\t\t\t\t\t\t<div class=\"elementor-container elementor-column-gap-default\">\n\t\t\t\t\t<div class=\"elementor-column elementor-col-33 elementor-top-column elementor-element elementor-element-7e9a90e\" data-id=\"7e9a90e\" data-element_type=\"column\">\n\t\t\t<div class=\"elementor-widget-wrap elementor-element-populated\">\n\t\t\t\t\t\t<div class=\"elementor-element elementor-element-98b6585 ekit-equal-height-enable elementor-widget elementor-widget-elementskit-icon-box\" data-id=\"98b6585\" data-element_type=\"widget\" data-widget_type=\"elementskit-icon-box.default\">\n\t\t\t\t<div class=\"elementor-widget-container\">\n\t\t\t<div class=\"ekit-wid-con\" >        <!-- link opening -->\n                <!-- end link opening -->\n\n        <div class=\"elementskit-infobox text-left text-left icon-top-align elementor-animation-   image-active\">\n                    <div class=\"elementskit-box-header elementor-animation-\">\n                <div class=\"elementskit-info-box-icon  \">\n                    <i aria-hidden=\"true\" class=\"elementkit-infobox-icon icon icon-management\"><\/i>\n                <\/div>\n          <\/div>\n                        <div class=\"box-body\">\n                            <h3 class=\"elementskit-info-box-title\">\n                    Sales Manager                <\/h3>\n                        \t\t  <p>region: \u010cesk\u00e1 republika a Slovensko<\/p>\n                                        <div class=\"box-footer disable_hover_button\">\n                    <div class=\"btn-wraper\">\n                                                            <a href=\"https:\/\/proventuss.eu\/cs\/karierav\/sales-manager\/\"  target=\"_self\" rel=\"\" class=\"elementskit-btn whitespace--normal elementor-animation-\">\n                                        Aplikovat\n                                        <i aria-hidden=\"true\" class=\"icon icon-right-arrow\"><\/i>\n                                    <\/a>\n                                                        <\/div>\n                <\/div>\n                    <\/div>\n        \n        <div class=\"icon-hover\">\n            <i aria-hidden=\"true\" class=\"icon icon-management\"><\/i>        <\/div>\n\n        \n                            \n                <\/div>\n        <\/div>\t\t<\/div>\n\t\t\t\t<\/div>\n\t\t\t\t\t<\/div>\n\t\t<\/div>\n\t\t\t\t<div class=\"elementor-column elementor-col-33 elementor-top-column elementor-element elementor-element-18b785f\" data-id=\"18b785f\" data-element_type=\"column\">\n\t\t\t<div class=\"elementor-widget-wrap\">\n\t\t\t\t\t\t\t<\/div>\n\t\t<\/div>\n\t\t\t\t<div class=\"elementor-column elementor-col-33 elementor-top-column elementor-element elementor-element-79e553f\" data-id=\"79e553f\" data-element_type=\"column\">\n\t\t\t<div class=\"elementor-widget-wrap\">\n\t\t\t\t\t\t\t<\/div>\n\t\t<\/div>\n\t\t\t\t\t<\/div>\n\t\t<\/section>\n\t\t\t\t<\/div>\n\t\t","protected":false},"excerpt":{"rendered":"<p>KARI\u00c9RA V PROVENTUSSU P\u0159ipoj se k n\u00e1m Pracovn\u00ed nab\u00eddky Proventuss st\u00e1le hled\u00e1 ambici\u00f3zn\u00ed a pracovit\u00e9 lidi, kte\u0159\u00ed se cht\u011bj\u00ed zapojit do profesion\u00e1ln\u00edho t\u00fdmu. V\u0161em na\u0161im kandid\u00e1t\u016fm nab\u00edz\u00edme neust\u00e1l\u00fd rozvoj a stabilitu zam\u011bstn\u00e1n\u00ed. N\u00ed\u017ee uv\u00e1d\u00edme aktu\u00e1ln\u00ed pracovn\u00ed nab\u00eddky. Pokud aktu\u00e1ln\u011b nehled\u00e1me zam\u011bstnance ve va\u0161\u00ed specializaci \u2013 m\u016f\u017eete n\u00e1m tak\u00e9 zaslat sv\u016fj \u017eivotopis. Mo\u017en\u00e1 v\u00e1s budeme v [&hellip;]<\/p>\n","protected":false},"author":1,"featured_media":0,"parent":0,"menu_order":0,"comment_status":"closed","ping_status":"closed","template":"elementor_header_footer","meta":{"_acf_changed":false,"footnotes":""},"acf":[],"yoast_head":"<!-- This site is optimized with the Yoast SEO plugin v22.9 - https:\/\/yoast.com\/wordpress\/plugins\/seo\/ -->\n<title>Kari\u00e9rav - Proventuss<\/title>\n<meta name=\"robots\" content=\"index, follow, max-snippet:-1, max-image-preview:large, max-video-preview:-1\" \/>\n<link rel=\"canonical\" href=\"https:\/\/proventuss.eu\/kariera\/\" \/>\n<meta property=\"og:locale\" content=\"cs_CZ\" \/>\n<meta property=\"og:type\" content=\"article\" \/>\n<meta property=\"og:title\" content=\"Kari\u00e9rav - Proventuss\" \/>\n<meta property=\"og:description\" content=\"KARI\u00c9RA V PROVENTUSSU P\u0159ipoj se k n\u00e1m Pracovn\u00ed nab\u00eddky Proventuss st\u00e1le hled\u00e1 ambici\u00f3zn\u00ed a pracovit\u00e9 lidi, kte\u0159\u00ed se cht\u011bj\u00ed zapojit do profesion\u00e1ln\u00edho t\u00fdmu. V\u0161em na\u0161im kandid\u00e1t\u016fm nab\u00edz\u00edme neust\u00e1l\u00fd rozvoj a stabilitu zam\u011bstn\u00e1n\u00ed. N\u00ed\u017ee uv\u00e1d\u00edme aktu\u00e1ln\u00ed pracovn\u00ed nab\u00eddky. Pokud aktu\u00e1ln\u011b nehled\u00e1me zam\u011bstnance ve va\u0161\u00ed specializaci \u2013 m\u016f\u017eete n\u00e1m tak\u00e9 zaslat sv\u016fj \u017eivotopis. Mo\u017en\u00e1 v\u00e1s budeme v [&hellip;]\" \/>\n<meta property=\"og:url\" content=\"https:\/\/proventuss.eu\/kariera\/\" \/>\n<meta property=\"og:site_name\" content=\"Proventuss\" \/>\n<meta property=\"article:modified_time\" content=\"2026-03-27T14:50:55+00:00\" \/>\n<meta name=\"twitter:card\" content=\"summary_large_image\" \/>\n<meta name=\"twitter:label1\" content=\"Odhadovan\u00e1 doba \u010dten\u00ed\" \/>\n\t<meta name=\"twitter:data1\" content=\"1 minuta\" \/>\n<script type=\"application\/ld+json\" class=\"yoast-schema-graph\">{\"@context\":\"https:\/\/schema.org\",\"@graph\":[{\"@type\":\"WebPage\",\"@id\":\"https:\/\/proventuss.eu\/kariera\/\",\"url\":\"https:\/\/proventuss.eu\/kariera\/\",\"name\":\"Kari\u00e9rav - Proventuss\",\"isPartOf\":{\"@id\":\"https:\/\/proventuss.eu\/#website\"},\"datePublished\":\"2022-05-19T12:59:48+00:00\",\"dateModified\":\"2026-03-27T14:50:55+00:00\",\"breadcrumb\":{\"@id\":\"https:\/\/proventuss.eu\/kariera\/#breadcrumb\"},\"inLanguage\":\"cs\",\"potentialAction\":[{\"@type\":\"ReadAction\",\"target\":[\"https:\/\/proventuss.eu\/kariera\/\"]}]},{\"@type\":\"BreadcrumbList\",\"@id\":\"https:\/\/proventuss.eu\/kariera\/#breadcrumb\",\"itemListElement\":[{\"@type\":\"ListItem\",\"position\":1,\"name\":\"Home\",\"item\":\"https:\/\/proventuss.eu\/\"},{\"@type\":\"ListItem\",\"position\":2,\"name\":\"Kari\u00e9rav\"}]},{\"@type\":\"WebSite\",\"@id\":\"https:\/\/proventuss.eu\/#website\",\"url\":\"https:\/\/proventuss.eu\/\",\"name\":\"Proventuss\",\"description\":\"\",\"potentialAction\":[{\"@type\":\"SearchAction\",\"target\":{\"@type\":\"EntryPoint\",\"urlTemplate\":\"https:\/\/proventuss.eu\/?s={search_term_string}\"},\"query-input\":\"required name=search_term_string\"}],\"inLanguage\":\"cs\"}]}<\/script>\n<!-- \/ Yoast SEO plugin. -->","yoast_head_json":{"title":"Kari\u00e9rav - Proventuss","robots":{"index":"index","follow":"follow","max-snippet":"max-snippet:-1","max-image-preview":"max-image-preview:large","max-video-preview":"max-video-preview:-1"},"canonical":"https:\/\/proventuss.eu\/kariera\/","og_locale":"cs_CZ","og_type":"article","og_title":"Kari\u00e9rav - Proventuss","og_description":"KARI\u00c9RA V PROVENTUSSU P\u0159ipoj se k n\u00e1m Pracovn\u00ed nab\u00eddky Proventuss st\u00e1le hled\u00e1 ambici\u00f3zn\u00ed a pracovit\u00e9 lidi, kte\u0159\u00ed se cht\u011bj\u00ed zapojit do profesion\u00e1ln\u00edho t\u00fdmu. V\u0161em na\u0161im kandid\u00e1t\u016fm nab\u00edz\u00edme neust\u00e1l\u00fd rozvoj a stabilitu zam\u011bstn\u00e1n\u00ed. N\u00ed\u017ee uv\u00e1d\u00edme aktu\u00e1ln\u00ed pracovn\u00ed nab\u00eddky. Pokud aktu\u00e1ln\u011b nehled\u00e1me zam\u011bstnance ve va\u0161\u00ed specializaci \u2013 m\u016f\u017eete n\u00e1m tak\u00e9 zaslat sv\u016fj \u017eivotopis. Mo\u017en\u00e1 v\u00e1s budeme v [&hellip;]","og_url":"https:\/\/proventuss.eu\/kariera\/","og_site_name":"Proventuss","article_modified_time":"2026-03-27T14:50:55+00:00","twitter_card":"summary_large_image","twitter_misc":{"Odhadovan\u00e1 doba \u010dten\u00ed":"1 minuta"},"schema":{"@context":"https:\/\/schema.org","@graph":[{"@type":"WebPage","@id":"https:\/\/proventuss.eu\/kariera\/","url":"https:\/\/proventuss.eu\/kariera\/","name":"Kari\u00e9rav - Proventuss","isPartOf":{"@id":"https:\/\/proventuss.eu\/#website"},"datePublished":"2022-05-19T12:59:48+00:00","dateModified":"2026-03-27T14:50:55+00:00","breadcrumb":{"@id":"https:\/\/proventuss.eu\/kariera\/#breadcrumb"},"inLanguage":"cs","potentialAction":[{"@type":"ReadAction","target":["https:\/\/proventuss.eu\/kariera\/"]}]},{"@type":"BreadcrumbList","@id":"https:\/\/proventuss.eu\/kariera\/#breadcrumb","itemListElement":[{"@type":"ListItem","position":1,"name":"Home","item":"https:\/\/proventuss.eu\/"},{"@type":"ListItem","position":2,"name":"Kari\u00e9rav"}]},{"@type":"WebSite","@id":"https:\/\/proventuss.eu\/#website","url":"https:\/\/proventuss.eu\/","name":"Proventuss","description":"","potentialAction":[{"@type":"SearchAction","target":{"@type":"EntryPoint","urlTemplate":"https:\/\/proventuss.eu\/?s={search_term_string}"},"query-input":"required name=search_term_string"}],"inLanguage":"cs"}]}},"_links":{"self":[{"href":"https:\/\/proventuss.eu\/cs\/wp-json\/wp\/v2\/pages\/7034"}],"collection":[{"href":"https:\/\/proventuss.eu\/cs\/wp-json\/wp\/v2\/pages"}],"about":[{"href":"https:\/\/proventuss.eu\/cs\/wp-json\/wp\/v2\/types\/page"}],"author":[{"embeddable":true,"href":"https:\/\/proventuss.eu\/cs\/wp-json\/wp\/v2\/users\/1"}],"replies":[{"embeddable":true,"href":"https:\/\/proventuss.eu\/cs\/wp-json\/wp\/v2\/comments?post=7034"}],"version-history":[{"count":19,"href":"https:\/\/proventuss.eu\/cs\/wp-json\/wp\/v2\/pages\/7034\/revisions"}],"predecessor-version":[{"id":20168,"href":"https:\/\/proventuss.eu\/cs\/wp-json\/wp\/v2\/pages\/7034\/revisions\/20168"}],"wp:attachment":[{"href":"https:\/\/proventuss.eu\/cs\/wp-json\/wp\/v2\/media?parent=7034"}],"curies":[{"name":"wp","href":"https:\/\/api.w.org\/{rel}","templated":true}]}}