{"id":6690,"date":"2022-05-18T07:50:39","date_gmt":"2022-05-18T07:50:39","guid":{"rendered":"https:\/\/proventuss.eu\/kalkulacka-spotreby\/"},"modified":"2022-08-23T07:30:32","modified_gmt":"2022-08-23T07:30:32","slug":"kalkulacka-spotreby","status":"publish","type":"page","link":"https:\/\/proventuss.eu\/cs\/kalkulacka-tabulky-spotreby-materialu\/kalkulacka-spotreby\/","title":{"rendered":"Kalkula\u010dka spot\u0159eby"},"content":{"rendered":"\t\t<div data-elementor-type=\"wp-page\" data-elementor-id=\"6690\" class=\"elementor elementor-6690 elementor-1313\" data-elementor-post-type=\"page\">\n\t\t\t\t\t\t<section class=\"elementor-section elementor-top-section elementor-element elementor-element-16f0fd5 elementor-section-height-min-height elementor-section-boxed elementor-section-height-default elementor-section-items-middle\" data-id=\"16f0fd5\" data-element_type=\"section\" data-settings=\"{&quot;background_background&quot;:&quot;classic&quot;}\">\n\t\t\t\t\t\t\t<div class=\"elementor-background-overlay\"><\/div>\n\t\t\t\t\t\t\t<div class=\"elementor-container elementor-column-gap-default\">\n\t\t\t\t\t<div class=\"elementor-column elementor-col-50 elementor-top-column elementor-element elementor-element-fcc2505\" data-id=\"fcc2505\" data-element_type=\"column\">\n\t\t\t<div class=\"elementor-widget-wrap elementor-element-populated\">\n\t\t\t\t\t\t\t<\/div>\n\t\t<\/div>\n\t\t\t\t<div class=\"elementor-column elementor-col-50 elementor-top-column elementor-element elementor-element-24e50ee\" data-id=\"24e50ee\" data-element_type=\"column\">\n\t\t\t<div class=\"elementor-widget-wrap\">\n\t\t\t\t\t\t\t<\/div>\n\t\t<\/div>\n\t\t\t\t\t<\/div>\n\t\t<\/section>\n\t\t\t\t<section class=\"elementor-section elementor-top-section elementor-element elementor-element-0c0b20f elementor-section-boxed elementor-section-height-default elementor-section-height-default\" data-id=\"0c0b20f\" data-element_type=\"section\">\n\t\t\t\t\t\t<div class=\"elementor-container elementor-column-gap-default\">\n\t\t\t\t\t<div class=\"elementor-column elementor-col-100 elementor-top-column elementor-element elementor-element-3ba744c\" data-id=\"3ba744c\" data-element_type=\"column\">\n\t\t\t<div class=\"elementor-widget-wrap elementor-element-populated\">\n\t\t\t\t\t\t<div class=\"elementor-element elementor-element-57efc84 elementor-widget elementor-widget-text-editor\" data-id=\"57efc84\" data-element_type=\"widget\" data-widget_type=\"text-editor.default\">\n\t\t\t\t<div class=\"elementor-widget-container\">\n\t\t\t<style>\/*! elementor - v3.22.0 - 26-06-2024 *\/\n.elementor-widget-text-editor.elementor-drop-cap-view-stacked .elementor-drop-cap{background-color:#69727d;color:#fff}.elementor-widget-text-editor.elementor-drop-cap-view-framed .elementor-drop-cap{color:#69727d;border:3px solid;background-color:transparent}.elementor-widget-text-editor:not(.elementor-drop-cap-view-default) .elementor-drop-cap{margin-top:8px}.elementor-widget-text-editor:not(.elementor-drop-cap-view-default) .elementor-drop-cap-letter{width:1em;height:1em}.elementor-widget-text-editor .elementor-drop-cap{float:left;text-align:center;line-height:1;font-size:50px}.elementor-widget-text-editor .elementor-drop-cap-letter{display:inline-block}<\/style>\t\t\t\t<script src=\"https:\/\/proventuss.eu\/calc\/kalkulator.js\" type=\"text\/javascript\"><\/script><script type=\"text\/javascript\">\/\/ <![CDATA[ readyCalc(); \/\/ ]]><\/script>\r\n<table id=\"kalkulator\" style=\"background-color: #ffffff;\">\r\n<tbody>\r\n<tr>\r\n<td style=\"width: 50%;\">Hloubka spoje (mm)<\/td>\r\n<td style=\"width: 50%;\"><input name=\"gleb_do_sred_prost\" type=\"number\" value=\"10\" \/><\/td>\r\n<\/tr>\r\n<tr>\r\n<td style=\"width: 33.2226%;\">\u0160\u00ed\u0159ka spoje (mm)<\/td>\r\n<td style=\"width: 60.4651%;\"><input name=\"szer_zlacza\" type=\"number\" value=\"20\" \/><\/td>\r\n<\/tr>\r\n<tr>\r\n<td style=\"width: 33.2226%;\">D\u00e9lka spoje &#8211; b\u011b\u017en\u00e9 metry (m)<\/td>\r\n<td style=\"width: 60.4651%;\"><input name=\"dl_zlacza_prost\" type=\"number\" value=\"100\" \/><\/td>\r\n<\/tr>\r\n<tr>\r\n<td style=\"width: 33.2226%;\">Odpad -%<\/td>\r\n<td style=\"width: 60.4651%;\"><input name=\"odpad_prost\" type=\"number\" value=\"10\" \/><\/td>\r\n<\/tr>\r\n<tr>\r\n<td style=\"width: 33.2226%;\">Spot\u0159eba tmelu (litry) [dm3]<\/td>\r\n<td style=\"width: 60.4651%;\"><input style=\"font-weight: bold;\" name=\"kons_prost\" type=\"readonly\" \/><\/td>\r\n<\/tr>\r\n<tr>\r\n<td style=\"width: 33.2226%;\">Kartu\u0161e (310ml)<\/td>\r\n<td style=\"width: 60.4651%;\"><input style=\"font-weight: bold;\" name=\"kart310_prost\" type=\"readonly\" \/><\/td>\r\n<\/tr>\r\n<tr>\r\n<td style=\"width: 33.2226%;\">Kartu\u0161e (280ml)<\/td>\r\n<td style=\"width: 60.4651%;\"><input style=\"font-weight: bold;\" name=\"kart280_prost\" type=\"readonly\" \/><\/td>\r\n<\/tr>\r\n<tr>\r\n<td style=\"width: 33.2226%;\">Sal\u00e1m (600ml)<\/td>\r\n<td style=\"width: 60.4651%;\"><input style=\"font-weight: bold;\" name=\"kart600_prost\" type=\"readonly\" \/><\/td>\r\n<\/tr>\r\n<\/tbody>\r\n<\/table>\t\t\t\t\t\t<\/div>\n\t\t\t\t<\/div>\n\t\t\t\t<div class=\"elementor-element elementor-element-9d5cfd5 elementor-widget elementor-widget-text-editor\" data-id=\"9d5cfd5\" data-element_type=\"widget\" data-widget_type=\"text-editor.default\">\n\t\t\t\t<div class=\"elementor-widget-container\">\n\t\t\t\t\t\t\t<strong>Tip:<\/strong>\r\n\r\nPoskytnut\u00e9 hodnoty jsou p\u0159ibli\u017en\u00e9 a informativn\u00ed. Hodnoty se mohou m\u011bnit v z\u00e1vislosti na typu materi\u00e1lu, stavebn\u00edch podm\u00ednk\u00e1ch nebo konkr\u00e9tn\u00edch preferenc\u00edch a doporu\u010den\u00edch. V z\u00e1vislosti na techniku zpracov\u00e1n\u00ed, aplika\u010dn\u00ed metodu a podm\u00ednk\u00e1ch je t\u0159eba vz\u00edt v \u00favahu o 10 &#8211; 30% v\u011bt\u0161\u00ed po\u017eadavky.\t\t\t\t\t\t<\/div>\n\t\t\t\t<\/div>\n\t\t\t\t<div class=\"elementor-element elementor-element-63fa3cb elementor-widget elementor-widget-heading\" data-id=\"63fa3cb\" data-element_type=\"widget\" data-widget_type=\"heading.default\">\n\t\t\t\t<div class=\"elementor-widget-container\">\n\t\t\t<style>\/*! elementor - v3.22.0 - 26-06-2024 *\/\n.elementor-heading-title{padding:0;margin:0;line-height:1}.elementor-widget-heading .elementor-heading-title[class*=elementor-size-]>a{color:inherit;font-size:inherit;line-height:inherit}.elementor-widget-heading .elementor-heading-title.elementor-size-small{font-size:15px}.elementor-widget-heading .elementor-heading-title.elementor-size-medium{font-size:19px}.elementor-widget-heading .elementor-heading-title.elementor-size-large{font-size:29px}.elementor-widget-heading .elementor-heading-title.elementor-size-xl{font-size:39px}.elementor-widget-heading .elementor-heading-title.elementor-size-xxl{font-size:59px}<\/style><p class=\"elementor-heading-title elementor-size-default\">P\u0159ibli\u017en\u00e1 spot\u0159eba pro por\u00e9zn\u00ed povrch<\/p>\t\t<\/div>\n\t\t\t\t<\/div>\n\t\t\t\t<div class=\"elementor-element elementor-element-708a265 elementor-widget elementor-widget-text-editor\" data-id=\"708a265\" data-element_type=\"widget\" data-widget_type=\"text-editor.default\">\n\t\t\t\t<div class=\"elementor-widget-container\">\n\t\t\t\t\t\t\t<table id=\"kalkulator\" style=\"background-color: #ffffff;\">\r\n<tbody>\r\n<tr>\r\n<td style=\"width: 50%;\">Primer 1200 OS \u2013 balen\u00ed 500 ml<\/td>\r\n<td style=\"width: 50%;\"><strong>~400 mb\/l<\/strong><\/td>\r\n<\/tr>\r\n<tr>\r\n<td style=\"width: 33.2226%;\">Primer C \u2013 balen\u00ed 384 g<\/td>\r\n<td style=\"width: 60.4651%;\"><strong>~400 mb\/l<\/strong><\/td>\r\n<\/tr>\r\n<tr>\r\n<td style=\"width: 33.2226%;\">Primer P \u2013 balen\u00ed 500 ml<\/td>\r\n<td style=\"width: 60.4651%;\"><strong>~450 mb\/l<\/strong><\/td>\r\n<\/tr>\r\n<tr>\r\n<td style=\"width: 48.285%; text-align: center; background: #00B2AA; color: #ffffff; text-transform: uppercase;\" colspan=\"2\"><strong>\u010cIST\u00cdC\u00cd A ZAHLAZOVAC\u00cd \u010cINIDLA<\/strong><\/td>\r\n<\/tr>\r\n<tr>\r\n<td style=\"width: 33.2226%;\">Vi-Pro\u00ae Easy To Tool \u2013 zahlazovac\u00ed \u010dinidlo 1 L (koncentr\u00e1t)<\/td>\r\n<td style=\"width: 60.4651%;\"><strong>koncentrace 5 \u2013 10%<\/strong><\/td>\r\n<\/tr>\r\n<\/tbody>\r\n<\/table>\t\t\t\t\t\t<\/div>\n\t\t\t\t<\/div>\n\t\t\t\t<div class=\"elementor-element elementor-element-78743df elementor-widget elementor-widget-heading\" data-id=\"78743df\" data-element_type=\"widget\" data-widget_type=\"heading.default\">\n\t\t\t\t<div class=\"elementor-widget-container\">\n\t\t\t<p class=\"elementor-heading-title elementor-size-default\">P\u0159ibli\u017en\u00e1 spot\u0159eba pro nepor\u00e9zn\u00ed povrch<\/p>\t\t<\/div>\n\t\t\t\t<\/div>\n\t\t\t\t<div class=\"elementor-element elementor-element-3b27f5c elementor-widget elementor-widget-text-editor\" data-id=\"3b27f5c\" data-element_type=\"widget\" data-widget_type=\"text-editor.default\">\n\t\t\t\t<div class=\"elementor-widget-container\">\n\t\t\t\t\t\t\t<table id=\"kalkulator\" style=\"width: 100%; height: 216px;\">\r\n<tbody>\r\n<tr style=\"height: 24px;\">\r\n<td style=\"width: 50%; height: 24px;\">R40 \/ 41 \u010distidlo \u2013 1l<\/td>\r\n<td style=\"width: 50%; height: 24px;\"><b>~1000 mb\/l<\/b><\/td>\r\n<\/tr>\r\n<tr style=\"height: 24px;\">\r\n<td style=\"width: 48.285%; height: 24px;\">Primer 1200 OS \/ 1203 \u2013 500 ml<\/td>\r\n<td style=\"width: 49.6042%; height: 24px;\"><b>~800 mb\/l<\/b><\/td>\r\n<\/tr>\r\n<tr style=\"height: 24px;\">\r\n<td style=\"width: 48.285%; height: 24px;\">Primer C \u2013 384 g<\/td>\r\n<td style=\"width: 49.6042%; height: 24px;\"><b>~800 mb\/l<\/b><\/td>\r\n<\/tr>\r\n<tr style=\"height: 24px;\">\r\n<td style=\"width: 97.8892%; text-align: center; background: #00b2aa; color: #ffffff; text-transform: uppercase; height: 24px;\" colspan=\"2\"><strong>\u010cIST\u00cdC\u00cd A ZAHLAZOVAC\u00cd \u010cINIDLA<\/strong><\/td>\r\n<\/tr>\r\n<tr style=\"height: 24px;\">\r\n<td style=\"width: 48.285%; height: 24px;\">Vi-Pro\u00ae Easy To Clean \u2013 1 L<\/td>\r\n<td style=\"width: 49.6042%; height: 24px;\"><b>~1000 mb\/l<\/b><\/td>\r\n<\/tr>\r\n<tr style=\"height: 48px;\">\r\n<td style=\"width: 48.285%; height: 48px;\">Vi-Pro\u00ae Easy To Tool \u2013 zahlazovac\u00ed \u010dinidlo 1 L (koncentr\u00e1t)<\/td>\r\n<td style=\"width: 49.6042%; height: 48px;\"><strong>\u00a0z 10 na 20 litr\u016f<\/strong><\/td>\r\n<\/tr>\r\n<tr style=\"height: 48px;\">\r\n<td style=\"width: 48.285%; height: 48px;\">Vi-Pro\u00ae Universal Wipes \u2013 \u010dist\u00edc\u00ed ubrousky<\/td>\r\n<td style=\"width: 49.6042%; height: 48px;\"><strong>151 ks \/ balen\u00ed<\/strong><\/td>\r\n<\/tr>\r\n<\/tbody>\r\n<\/table>\t\t\t\t\t\t<\/div>\n\t\t\t\t<\/div>\n\t\t\t\t\t<\/div>\n\t\t<\/div>\n\t\t\t\t\t<\/div>\n\t\t<\/section>\n\t\t\t\t<\/div>\n\t\t","protected":false},"excerpt":{"rendered":"<p>Hloubka spoje (mm) \u0160\u00ed\u0159ka spoje (mm) D\u00e9lka spoje &#8211; b\u011b\u017en\u00e9 metry (m) Odpad -% Spot\u0159eba tmelu (litry) [dm3] Kartu\u0161e (310ml) Kartu\u0161e (280ml) Sal\u00e1m (600ml) Tip: Poskytnut\u00e9 hodnoty jsou p\u0159ibli\u017en\u00e9 a informativn\u00ed. Hodnoty se mohou m\u011bnit v z\u00e1vislosti na typu materi\u00e1lu, stavebn\u00edch podm\u00ednk\u00e1ch nebo konkr\u00e9tn\u00edch preferenc\u00edch a doporu\u010den\u00edch. V z\u00e1vislosti na techniku zpracov\u00e1n\u00ed, aplika\u010dn\u00ed metodu a [&hellip;]<\/p>\n","protected":false},"author":1,"featured_media":0,"parent":7028,"menu_order":0,"comment_status":"closed","ping_status":"closed","template":"elementor_header_footer","meta":{"_acf_changed":false,"footnotes":""},"acf":[],"yoast_head":"<!-- This site is optimized with the Yoast SEO plugin v22.9 - https:\/\/yoast.com\/wordpress\/plugins\/seo\/ -->\n<title>Kalkula\u010dka spot\u0159eby - Proventuss<\/title>\n<meta name=\"robots\" content=\"index, follow, max-snippet:-1, max-image-preview:large, max-video-preview:-1\" \/>\n<link rel=\"canonical\" href=\"https:\/\/proventuss.eu\/kalkulator-tabele-zuzycia-materialow\/kalkulator-zuzycia\/\" \/>\n<meta property=\"og:locale\" content=\"cs_CZ\" \/>\n<meta property=\"og:type\" content=\"article\" \/>\n<meta property=\"og:title\" content=\"Kalkula\u010dka spot\u0159eby - Proventuss\" \/>\n<meta property=\"og:description\" content=\"Hloubka spoje (mm) \u0160\u00ed\u0159ka spoje (mm) D\u00e9lka spoje &#8211; b\u011b\u017en\u00e9 metry (m) Odpad -% Spot\u0159eba tmelu (litry) [dm3] Kartu\u0161e (310ml) Kartu\u0161e (280ml) Sal\u00e1m (600ml) Tip: Poskytnut\u00e9 hodnoty jsou p\u0159ibli\u017en\u00e9 a informativn\u00ed. Hodnoty se mohou m\u011bnit v z\u00e1vislosti na typu materi\u00e1lu, stavebn\u00edch podm\u00ednk\u00e1ch nebo konkr\u00e9tn\u00edch preferenc\u00edch a doporu\u010den\u00edch. V z\u00e1vislosti na techniku zpracov\u00e1n\u00ed, aplika\u010dn\u00ed metodu a [&hellip;]\" \/>\n<meta property=\"og:url\" content=\"https:\/\/proventuss.eu\/kalkulator-tabele-zuzycia-materialow\/kalkulator-zuzycia\/\" \/>\n<meta property=\"og:site_name\" content=\"Proventuss\" \/>\n<meta property=\"article:modified_time\" content=\"2022-08-23T07:30:32+00:00\" \/>\n<meta name=\"twitter:card\" content=\"summary_large_image\" \/>\n<meta name=\"twitter:label1\" content=\"Odhadovan\u00e1 doba \u010dten\u00ed\" \/>\n\t<meta name=\"twitter:data1\" content=\"1 minuta\" \/>\n<script type=\"application\/ld+json\" class=\"yoast-schema-graph\">{\"@context\":\"https:\/\/schema.org\",\"@graph\":[{\"@type\":\"WebPage\",\"@id\":\"https:\/\/proventuss.eu\/kalkulator-tabele-zuzycia-materialow\/kalkulator-zuzycia\/\",\"url\":\"https:\/\/proventuss.eu\/kalkulator-tabele-zuzycia-materialow\/kalkulator-zuzycia\/\",\"name\":\"Kalkula\u010dka spot\u0159eby - Proventuss\",\"isPartOf\":{\"@id\":\"https:\/\/proventuss.eu\/#website\"},\"datePublished\":\"2022-05-18T07:50:39+00:00\",\"dateModified\":\"2022-08-23T07:30:32+00:00\",\"breadcrumb\":{\"@id\":\"https:\/\/proventuss.eu\/kalkulator-tabele-zuzycia-materialow\/kalkulator-zuzycia\/#breadcrumb\"},\"inLanguage\":\"cs\",\"potentialAction\":[{\"@type\":\"ReadAction\",\"target\":[\"https:\/\/proventuss.eu\/kalkulator-tabele-zuzycia-materialow\/kalkulator-zuzycia\/\"]}]},{\"@type\":\"BreadcrumbList\",\"@id\":\"https:\/\/proventuss.eu\/kalkulator-tabele-zuzycia-materialow\/kalkulator-zuzycia\/#breadcrumb\",\"itemListElement\":[{\"@type\":\"ListItem\",\"position\":1,\"name\":\"Home\",\"item\":\"https:\/\/proventuss.eu\/\"},{\"@type\":\"ListItem\",\"position\":2,\"name\":\"Kalkula\u010dka spot\u0159eby\"}]},{\"@type\":\"WebSite\",\"@id\":\"https:\/\/proventuss.eu\/#website\",\"url\":\"https:\/\/proventuss.eu\/\",\"name\":\"Proventuss\",\"description\":\"\",\"potentialAction\":[{\"@type\":\"SearchAction\",\"target\":{\"@type\":\"EntryPoint\",\"urlTemplate\":\"https:\/\/proventuss.eu\/?s={search_term_string}\"},\"query-input\":\"required name=search_term_string\"}],\"inLanguage\":\"cs\"}]}<\/script>\n<!-- \/ Yoast SEO plugin. -->","yoast_head_json":{"title":"Kalkula\u010dka spot\u0159eby - Proventuss","robots":{"index":"index","follow":"follow","max-snippet":"max-snippet:-1","max-image-preview":"max-image-preview:large","max-video-preview":"max-video-preview:-1"},"canonical":"https:\/\/proventuss.eu\/kalkulator-tabele-zuzycia-materialow\/kalkulator-zuzycia\/","og_locale":"cs_CZ","og_type":"article","og_title":"Kalkula\u010dka spot\u0159eby - Proventuss","og_description":"Hloubka spoje (mm) \u0160\u00ed\u0159ka spoje (mm) D\u00e9lka spoje &#8211; b\u011b\u017en\u00e9 metry (m) Odpad -% Spot\u0159eba tmelu (litry) [dm3] Kartu\u0161e (310ml) Kartu\u0161e (280ml) Sal\u00e1m (600ml) Tip: Poskytnut\u00e9 hodnoty jsou p\u0159ibli\u017en\u00e9 a informativn\u00ed. Hodnoty se mohou m\u011bnit v z\u00e1vislosti na typu materi\u00e1lu, stavebn\u00edch podm\u00ednk\u00e1ch nebo konkr\u00e9tn\u00edch preferenc\u00edch a doporu\u010den\u00edch. V z\u00e1vislosti na techniku zpracov\u00e1n\u00ed, aplika\u010dn\u00ed metodu a [&hellip;]","og_url":"https:\/\/proventuss.eu\/kalkulator-tabele-zuzycia-materialow\/kalkulator-zuzycia\/","og_site_name":"Proventuss","article_modified_time":"2022-08-23T07:30:32+00:00","twitter_card":"summary_large_image","twitter_misc":{"Odhadovan\u00e1 doba \u010dten\u00ed":"1 minuta"},"schema":{"@context":"https:\/\/schema.org","@graph":[{"@type":"WebPage","@id":"https:\/\/proventuss.eu\/kalkulator-tabele-zuzycia-materialow\/kalkulator-zuzycia\/","url":"https:\/\/proventuss.eu\/kalkulator-tabele-zuzycia-materialow\/kalkulator-zuzycia\/","name":"Kalkula\u010dka spot\u0159eby - Proventuss","isPartOf":{"@id":"https:\/\/proventuss.eu\/#website"},"datePublished":"2022-05-18T07:50:39+00:00","dateModified":"2022-08-23T07:30:32+00:00","breadcrumb":{"@id":"https:\/\/proventuss.eu\/kalkulator-tabele-zuzycia-materialow\/kalkulator-zuzycia\/#breadcrumb"},"inLanguage":"cs","potentialAction":[{"@type":"ReadAction","target":["https:\/\/proventuss.eu\/kalkulator-tabele-zuzycia-materialow\/kalkulator-zuzycia\/"]}]},{"@type":"BreadcrumbList","@id":"https:\/\/proventuss.eu\/kalkulator-tabele-zuzycia-materialow\/kalkulator-zuzycia\/#breadcrumb","itemListElement":[{"@type":"ListItem","position":1,"name":"Home","item":"https:\/\/proventuss.eu\/"},{"@type":"ListItem","position":2,"name":"Kalkula\u010dka spot\u0159eby"}]},{"@type":"WebSite","@id":"https:\/\/proventuss.eu\/#website","url":"https:\/\/proventuss.eu\/","name":"Proventuss","description":"","potentialAction":[{"@type":"SearchAction","target":{"@type":"EntryPoint","urlTemplate":"https:\/\/proventuss.eu\/?s={search_term_string}"},"query-input":"required name=search_term_string"}],"inLanguage":"cs"}]}},"_links":{"self":[{"href":"https:\/\/proventuss.eu\/cs\/wp-json\/wp\/v2\/pages\/6690"}],"collection":[{"href":"https:\/\/proventuss.eu\/cs\/wp-json\/wp\/v2\/pages"}],"about":[{"href":"https:\/\/proventuss.eu\/cs\/wp-json\/wp\/v2\/types\/page"}],"author":[{"embeddable":true,"href":"https:\/\/proventuss.eu\/cs\/wp-json\/wp\/v2\/users\/1"}],"replies":[{"embeddable":true,"href":"https:\/\/proventuss.eu\/cs\/wp-json\/wp\/v2\/comments?post=6690"}],"version-history":[{"count":1,"href":"https:\/\/proventuss.eu\/cs\/wp-json\/wp\/v2\/pages\/6690\/revisions"}],"predecessor-version":[{"id":6691,"href":"https:\/\/proventuss.eu\/cs\/wp-json\/wp\/v2\/pages\/6690\/revisions\/6691"}],"up":[{"embeddable":true,"href":"https:\/\/proventuss.eu\/cs\/wp-json\/wp\/v2\/pages\/7028"}],"wp:attachment":[{"href":"https:\/\/proventuss.eu\/cs\/wp-json\/wp\/v2\/media?parent=6690"}],"curies":[{"name":"wp","href":"https:\/\/api.w.org\/{rel}","templated":true}]}}